{"id":648,"date":"2017-05-04T13:56:51","date_gmt":"2017-05-04T13:56:51","guid":{"rendered":"http:\/\/elkunoviz.org\/spiritual-realignment\/what-people-have-reported\/"},"modified":"2023-08-16T08:16:27","modified_gmt":"2023-08-16T06:16:27","slug":"what-people-have-reported","status":"publish","type":"page","link":"https:\/\/elkunoviz.org\/en\/what-people-have-reported\/","title":{"rendered":"What people have reported"},"content":{"rendered":"<p>[et_pb_section fb_built=&#8221;1&#8243; admin_label=&#8221;section&#8221; _builder_version=&#8221;4.16&#8243; global_colors_info=&#8221;{}&#8221;][et_pb_row admin_label=&#8221;row&#8221; _builder_version=&#8221;4.21.0&#8243; background_size=&#8221;initial&#8221; background_position=&#8221;top_left&#8221; background_repeat=&#8221;repeat&#8221; max_width=&#8221;900px&#8221; module_alignment=&#8221;center&#8221; global_colors_info=&#8221;{}&#8221;][et_pb_column type=&#8221;4_4&#8243; _builder_version=&#8221;4.16&#8243; custom_padding=&#8221;|||&#8221; global_colors_info=&#8221;{}&#8221; custom_padding__hover=&#8221;|||&#8221;][et_pb_text admin_label=&#8221;Title&#8221; _builder_version=&#8221;4.16&#8243; background_size=&#8221;initial&#8221; background_position=&#8221;top_left&#8221; background_repeat=&#8221;repeat&#8221; use_border_color=&#8221;off&#8221; border_color=&#8221;#ffffff&#8221; border_style=&#8221;solid&#8221; global_colors_info=&#8221;{}&#8221;]<\/p>\n<h1>What people have reported<\/h1>\n<p>&nbsp;<\/p>\n<p>[\/et_pb_text][et_pb_image src=&#8221;https:\/\/elkunoviz.org\/wp-content\/uploads\/2023\/07\/elk_erfahrungsberichte1.jpg&#8221; alt=&#8221;Geistheiler Erfahrungsberichte Dankesch\u00f6n&#8221; title_text=&#8221;elk_erfahrungsberichte1&#8243; align_tablet=&#8221;center&#8221; align_phone=&#8221;center&#8221; align_last_edited=&#8221;on|desktop&#8221; admin_label=&#8221;Image&#8221; _builder_version=&#8221;4.21.0&#8243; module_alignment=&#8221;center&#8221; use_border_color=&#8221;off&#8221; border_color=&#8221;#ffffff&#8221; border_style=&#8221;solid&#8221; animation=&#8221;off&#8221; sticky=&#8221;off&#8221; always_center_on_mobile=&#8221;on&#8221; global_colors_info=&#8221;{}&#8221;][\/et_pb_image][\/et_pb_column][\/et_pb_row][\/et_pb_section][et_pb_section fb_built=&#8221;1&#8243; admin_label=&#8221;Section&#8221; _builder_version=&#8221;4.16&#8243; custom_padding=&#8221;0px|||&#8221; transparent_background=&#8221;off&#8221; make_fullwidth=&#8221;off&#8221; use_custom_width=&#8221;off&#8221; width_unit=&#8221;on&#8221; global_colors_info=&#8221;{}&#8221;][et_pb_row admin_label=&#8221;Row&#8221; _builder_version=&#8221;4.21.0&#8243; background_size=&#8221;initial&#8221; background_position=&#8221;top_left&#8221; background_repeat=&#8221;repeat&#8221; max_width=&#8221;780px&#8221; module_alignment=&#8221;center&#8221; custom_padding=&#8221;0px|||&#8221; make_fullwidth=&#8221;off&#8221; use_custom_width=&#8221;off&#8221; width_unit=&#8221;on&#8221; global_colors_info=&#8221;{}&#8221;][et_pb_column type=&#8221;4_4&#8243; _builder_version=&#8221;4.16&#8243; custom_padding=&#8221;|||&#8221; global_colors_info=&#8221;{}&#8221; custom_padding__hover=&#8221;|||&#8221;][et_pb_text admin_label=&#8221;Erfahrungen zur Geistigen Aufrichtung&#8221; _builder_version=&#8221;4.16&#8243; background_size=&#8221;initial&#8221; background_position=&#8221;top_left&#8221; background_repeat=&#8221;repeat&#8221; use_border_color=&#8221;off&#8221; border_color=&#8221;#ffffff&#8221; border_style=&#8221;solid&#8221; global_colors_info=&#8221;{}&#8221;]<\/p>\n<h2>Experiences with Spiritual Realignment<\/h2>\n<p><strong>This is what people have noted after their treatment during our healing days:<\/strong><\/p>\n<p>[\/et_pb_text][et_pb_text admin_label=&#8221;Testimonials 1&#8243; _builder_version=&#8221;4.21.0&#8243; background_size=&#8221;initial&#8221; background_position=&#8221;top_left&#8221; background_repeat=&#8221;repeat&#8221; use_border_color=&#8221;off&#8221; border_color=&#8221;#ffffff&#8221; border_style=&#8221;solid&#8221; global_colors_info=&#8221;{}&#8221;]<\/p>\n<p>&#8220;<em>Wonderful, the sensation I indescribable.<\/em>&#8221; &#8211; <span style=\"color: #ab4db2;\">TATJANA<\/span><\/p>\n<p>&#8220;<em>I feel light and liberated, free of pain.<\/em>&#8221; &#8211; <span style=\"color: #ab4db2;\">SUSANN<\/span><\/p>\n<p>&#8220;<em>Very good, energized. Thank you!<\/em>&#8221; &#8211; <span style=\"color: #ab4db2;\">TUNDE<\/span><\/p>\n<p>&#8220;<em>Namaste, dear ones! We visited you on Sunday and first of all we would like to thank you from the bottom of our hearts. It was a wonderful experience and enriching for what lies ahead. Since our Divine Straightening my mum and I are no longer in pain, and also our minds are quieter. It really is the best to be in one\u2019s own centre. With Love, Light and Gratitude.<\/em>&#8221; &#8211; <span style=\"color: #ab4db2;\">ELISABETH UND SEBASTIAN <\/span><\/p>\n<p>&#8220;<em>A light, expanded feeling, as if the energy in and around the body is flowing.<\/em>&#8221; &#8211; <span style=\"color: #ab4db2;\">ANKE<\/span><\/p>\n<p>&#8220;<em>I feel calm and balanced. The lecture was interesting and thought-provoking. Many thanks.<\/em>&#8221; &#8211; <span style=\"color: #ab4db2;\">WOLFGANG<\/span><\/p>\n<p>&#8220;<em>I am unable to explain at this point what exactly happened to me during the healing day. My mind is still unable to comprehend any of it, even though I would like to. Already as I entered the room I could feel the high vibration and the energetic setting. You were so very attentive, devoted and forthcoming, thank you!! Next to the inexplicable skeletal alignment, I feel the effect mostly on a mental level. There is a peace and equanimity in my body that I did not know before. I am suddenly able to meet people without restraints and be very present, and I see everything with new eyes. Many thanks for all the interesting information, and that you took so much time! I thank you with all my heart for all your untiring work, may God bless you.<\/em>&#8221; &#8211; <span style=\"color: #ab4db2;\">ANDREA<\/span><\/p>\n<p>&#8220;<em>I feel so very good!!! Thank you\u2026<\/em>&#8221; &#8211; <span style=\"color: #ab4db2;\">THORSTEN<\/span><\/p>\n<p>&#8220;<em>To be conscious, light. Love, I am!<\/em>&#8221; &#8211; <span style=\"color: #ab4db2;\">LIANE<\/span><\/p>\n<p>&#8220;<em>A major cleansing took place \u2013 an unburdening of the past. Lightness \u2013 Clarity \u2013 Thank you!<\/em>&#8221; &#8211; <span style=\"color: #ab4db2;\">MANUELA<\/span><\/p>\n<p>&#8220;<em>Calm, with an inner smile.<\/em>&#8221; &#8211; <span style=\"color: #ab4db2;\">DETLEF<\/span><\/p>\n<p>&#8220;<em>Very Good. I feel myself lighter and more free.<\/em>&#8221; &#8211; <span style=\"color: #ab4db2;\">ALETTE<\/span><\/p>\n<p>&#8220;<em>Very calm, very strong and content. I feel close to myself. Thank you for the devotion, love and energy!<\/em>&#8221; &#8211; <span style=\"color: #ab4db2;\">MARLIES<\/span><\/p>\n<p>&#8220;<em>Thank you for the treatment of my mother. I never heard her say before, \u201cI feel like I am on a cloud.<\/em><em>&#8216;<\/em>&#8221; &#8211; <span style=\"color: #ab4db2;\">ANDREAS<\/span><\/p>\n<p>[\/et_pb_text][et_pb_image src=&#8221;https:\/\/elkunoviz.org\/wp-content\/uploads\/2023\/07\/elk_erfahrungsberichte2.jpg&#8221; alt=&#8221;Geistheiler Erfahrungsberichte Baum&#8221; title_text=&#8221;elk_erfahrungsberichte2&#8243; align_tablet=&#8221;center&#8221; align_phone=&#8221;center&#8221; align_last_edited=&#8221;on|desktop&#8221; admin_label=&#8221;Image&#8221; _builder_version=&#8221;4.21.0&#8243; use_border_color=&#8221;off&#8221; border_color=&#8221;#ffffff&#8221; border_style=&#8221;solid&#8221; animation=&#8221;off&#8221; sticky=&#8221;off&#8221; always_center_on_mobile=&#8221;on&#8221; global_colors_info=&#8221;{}&#8221;][\/et_pb_image][et_pb_text admin_label=&#8221;Testimonials 2&#8243; _builder_version=&#8221;4.21.0&#8243; background_size=&#8221;initial&#8221; background_position=&#8221;top_left&#8221; background_repeat=&#8221;repeat&#8221; use_border_color=&#8221;off&#8221; border_color=&#8221;#ffffff&#8221; border_style=&#8221;solid&#8221; global_colors_info=&#8221;{}&#8221;]<\/p>\n<p>\u201c<em>It is like being reborn. A new body feeling. I am curious to see how it will unfold from here. It was a very interesting day with you. Many heartfelt thanks. Until soon again!<\/em>\u201d &#8211; <span style=\"color: #ab4db2;\">HANS<\/span><\/p>\n<p>\u201c<em>Good. It was a wonderful experience.<\/em>\u201d &#8211; <span style=\"color: #ab4db2;\">J\u00d6RG<\/span><\/p>\n<p>&#8220;<em>Totale Entspannung, Gl\u00fccksgef\u00fchl, Erleichterung, Lockerheit im rechten Arm. Vielen Dank f\u00fcr Alles.<\/em>&#8221; &#8211; <span style=\"color: #ab4db2;\">KERSTIN<\/span><\/p>\n<p><em>\u201cI take away many positive things and feel very good.<\/em>\u201d &#8211; <span style=\"color: #ab4db2;\">IRENE<\/span><\/p>\n<p>\u201c<em>I am free of pain, I feel liberated and moved. The spiritual knowledge I received is groundbreaking. A very big thanks!<\/em>\u201d &#8211; <span style=\"color: #ab4db2;\">THOMAS<\/span><\/p>\n<p>\u201c<em>I feel very good, all the pain is gone. I feel refreshed, content and enthusiastic. Many, many thanks. I wish you all the best in your work.<\/em>\u201d &#8211; <span style=\"color: #ab4db2;\">KATARINA<\/span><\/p>\n<p>\u201c<em>What a joyful awakening this morning, [\u2026], old thought patterns made space for new strength. I have entered a field where only the consciousness of light and love are felt.<br \/>Everything is what it is. It is like arriving home. The source of who we are and have always been. At the same time I feel humbled, incredibly grateful to the creator, to all of creation and to myself as part of this grand totality. My love and gratitude at this moment goes to you Charlene and Pjotr. Your kind acceptance, unending patience and merciful Divine Straightening. From heart to heart in love.<\/em>\u201d &#8211; <span style=\"color: #ab4db2;\">KARIN<\/span><\/p>\n<p>[\/et_pb_text][et_pb_image src=&#8221;https:\/\/elkunoviz.org\/wp-content\/uploads\/2023\/07\/elk_erfahrungsberichte3.jpg&#8221; title_text=&#8221;elk_erfahrungsberichte3&#8243; _builder_version=&#8221;4.21.0&#8243; _module_preset=&#8221;default&#8221; global_colors_info=&#8221;{}&#8221;][\/et_pb_image][\/et_pb_column][\/et_pb_row][\/et_pb_section][et_pb_section fb_built=&#8221;1&#8243; _builder_version=&#8221;4.21.0&#8243; _module_preset=&#8221;73e3f740-8efa-4583-b8bd-c2faeea8dfca&#8221; transparent_background=&#8221;off&#8221; make_fullwidth=&#8221;off&#8221; use_custom_width=&#8221;off&#8221; width_unit=&#8221;on&#8221; global_module=&#8221;11582&#8243; saved_tabs=&#8221;all&#8221; global_colors_info=&#8221;{}&#8221;][et_pb_row column_structure=&#8221;2_3,1_3&#8243; _builder_version=&#8221;4.21.0&#8243; background_size=&#8221;initial&#8221; background_position=&#8221;top_left&#8221; background_repeat=&#8221;repeat&#8221; min_height=&#8221;64.2px&#8221; custom_padding=&#8221;0px|||||&#8221; global_colors_info=&#8221;{}&#8221;][et_pb_column type=&#8221;2_3&#8243; _builder_version=&#8221;4.21.0&#8243; custom_padding=&#8221;|||&#8221; global_colors_info=&#8221;{}&#8221; custom_padding__hover=&#8221;|||&#8221;][et_pb_text _builder_version=&#8221;4.21.0&#8243; _module_preset=&#8221;default&#8221; text_text_color=&#8221;#FFFFFF&#8221; header_4_text_color=&#8221;#f4e2f5&#8243; background_layout=&#8221;dark&#8221; global_colors_info=&#8221;{}&#8221;]<\/p>\n<h2>Our newsletter for mindful everyday life<\/h2>\n<p><span style=\"font-weight: 400;\">The newsletter for healing impulses for everyday life, inspirations on spiritual topics and reminders for dates for healing days &amp; events will inform you about news about ours at irregular intervals. Please subscribe to our newsletter, you can unsubscribe at any time, e.g. via a link in the newsletter.<\/span><\/p>\n<p>[\/et_pb_text][\/et_pb_column][et_pb_column type=&#8221;1_3&#8243; _builder_version=&#8221;4.16&#8243; custom_padding=&#8221;|||&#8221; global_colors_info=&#8221;{}&#8221; custom_padding__hover=&#8221;|||&#8221;][et_pb_code module_class=&#8221;newsletter-form&#8221; _builder_version=&#8221;4.21.0&#8243; global_colors_info=&#8221;{}&#8221;]<script>(function() {\n\twindow.mc4wp = window.mc4wp || {\n\t\tlisteners: [],\n\t\tforms: {\n\t\t\ton: function(evt, cb) {\n\t\t\t\twindow.mc4wp.listeners.push(\n\t\t\t\t\t{\n\t\t\t\t\t\tevent   : evt,\n\t\t\t\t\t\tcallback: cb\n\t\t\t\t\t}\n\t\t\t\t);\n\t\t\t}\n\t\t}\n\t}\n})();\n<\/script><!-- Mailchimp for WordPress v4.12.1 - https:\/\/wordpress.org\/plugins\/mailchimp-for-wp\/ --><form id=\"mc4wp-form-1\" class=\"mc4wp-form mc4wp-form-377 mc4wp-ajax\" method=\"post\" data-id=\"377\" data-name=\"Elkunoviz Newsletter DE\" ><div class=\"mc4wp-form-fields\"><div><input type=\"text\" name=\"FNAME\" placeholder=\"Name\"><\/div>\r\n<div><input type=\"email\" name=\"email\" placeholder=\"E-Mail Adresse\" required \/><\/div>\r\n\r\n<div class=\"mc4wp-dropdown-wrapper\">\r\n  <label for=\"language-select\">Sprache:<\/label>\r\n  <select name=\"INTERESTS[00ce8103c5]\" id=\"language-select\" required=\"\">\r\n    <option value=\"bb411d99f7\" selected=\"true\">Deutsch<\/option>\r\n    <option value=\"0b2ad157c6\">English<\/option>\r\n    <option value=\"5f9c1fe271\">\u0420\u0443\u0441\u0441\u043a\u0438\u0439<\/option>\r\n    <option value=\"7fdafb1d82\">Italiano<\/option>\r\n    <option value=\"87669c16a0\">Espa\u00f1ol<\/option>\r\n    <option value=\"aa3889186a\">Latvie\u0161u<\/option>\r\n    <option value=\"d0c9f01167\">Lietuvos<\/option>\r\n  <\/select>\r\n<\/div>\r\n\r\n<fieldset>\r\n    <legend class=\"mc4wp-legend\">Interessen:<\/legend>\r\n    <label>\r\n        <input type=\"checkbox\" name=\"INTERESTS[c247eb75b8][]\" value=\"cb344cfb20\"> <span>Impulse f\u00fcr den Tag<\/span>\r\n    <\/label>\r\n    <label>\r\n        <input type=\"checkbox\" name=\"INTERESTS[c247eb75b8][]\" value=\"1ee1f1c268\"> <span>News<\/span>\r\n    <\/label>\r\n    <label>\r\n        <input type=\"checkbox\" name=\"INTERESTS[c247eb75b8][]\" value=\"68c933c223\"> <span>Seminare<\/span>\r\n    <\/label>\r\n    <label>\r\n        <input type=\"checkbox\" name=\"INTERESTS[c247eb75b8][]\" value=\"d71259545e\"> <span>Behandlungen<\/span>\r\n    <\/label>\r\n    <label>\r\n        <input type=\"checkbox\" name=\"INTERESTS[c247eb75b8][]\" value=\"5110647ad5\"> <span>Tierbehandlung<\/span>\r\n    <\/label>\r\n<\/fieldset>\r\n\r\n<input type=\"submit\" class=\"newsletter__submit\" value=\"Newsletter abonnieren\" \/>\r\n<\/div><label style=\"display: none !important;\">Leave this field empty if you're human: <input type=\"text\" name=\"_mc4wp_honeypot\" value=\"\" tabindex=\"-1\" autocomplete=\"off\" \/><\/label><input type=\"hidden\" name=\"_mc4wp_timestamp\" value=\"1776940102\" \/><input type=\"hidden\" name=\"_mc4wp_form_id\" value=\"377\" \/><input type=\"hidden\" name=\"_mc4wp_form_element_id\" value=\"mc4wp-form-1\" \/><div class=\"mc4wp-response\"><\/div><\/form><!-- \/ Mailchimp for WordPress Plugin -->[\/et_pb_code][\/et_pb_column][\/et_pb_row][\/et_pb_section]<\/p>\n","protected":false},"excerpt":{"rendered":"<p>What people have reported &nbsp; Experiences with Spiritual Realignment This is what people have noted after their treatment during our healing days: &#8220;Wonderful, the sensation I indescribable.&#8221; &#8211; TATJANA &#8220;I feel light and liberated, free of pain.&#8221; &#8211; SUSANN &#8220;Very good, energized. Thank you!&#8221; &#8211; TUNDE &#8220;Namaste, dear ones! We visited you on Sunday and [&hellip;]<\/p>\n","protected":false},"author":8,"featured_media":0,"parent":0,"menu_order":0,"comment_status":"closed","ping_status":"closed","template":"","meta":{"_et_pb_use_builder":"on","_et_pb_old_content":"","_et_gb_content_width":"","inline_featured_image":false,"footnotes":""},"class_list":["post-648","page","type-page","status-publish","hentry"],"yoast_head":"<!-- This site is optimized with the Yoast SEO plugin v27.4 - https:\/\/yoast.com\/product\/yoast-seo-wordpress\/ -->\n<title>Geistheiler Erfahrungsberichte \u2022 Charlene &amp; Pjotr Elkunoviz<\/title>\n<meta name=\"description\" content=\"Geistheiler Erfahrungsberichte zu Charlene und Pjotr Elkunoviz finden Sie hier. Wir danken allen Menschen, die uns weiterempfehlen!\" \/>\n<meta name=\"robots\" content=\"index, follow, max-snippet:-1, max-image-preview:large, max-video-preview:-1\" \/>\n<link rel=\"canonical\" href=\"https:\/\/elkunoviz.org\/en\/what-people-have-reported\/\" \/>\n<meta property=\"og:locale\" content=\"en_US\" \/>\n<meta property=\"og:type\" content=\"article\" \/>\n<meta property=\"og:title\" content=\"Geistheiler Erfahrungsberichte \u2022 Charlene &amp; Pjotr Elkunoviz\" \/>\n<meta property=\"og:description\" content=\"Geistheiler Erfahrungsberichte zu Charlene und Pjotr Elkunoviz finden Sie hier. Wir danken allen Menschen, die uns weiterempfehlen!\" \/>\n<meta property=\"og:url\" content=\"https:\/\/elkunoviz.org\/en\/what-people-have-reported\/\" \/>\n<meta property=\"og:site_name\" content=\"Elkunoviz\" \/>\n<meta property=\"article:publisher\" content=\"https:\/\/www.facebook.com\/Elkunoviz\/\" \/>\n<meta property=\"article:modified_time\" content=\"2023-08-16T06:16:27+00:00\" \/>\n<meta name=\"twitter:card\" content=\"summary_large_image\" \/>\n<meta name=\"twitter:label1\" content=\"Est. reading time\" \/>\n\t<meta name=\"twitter:data1\" content=\"6 minutes\" \/>\n<script type=\"application\/ld+json\" class=\"yoast-schema-graph\">{\"@context\":\"https:\\\/\\\/schema.org\",\"@graph\":[{\"@type\":\"WebPage\",\"@id\":\"https:\\\/\\\/elkunoviz.org\\\/en\\\/what-people-have-reported\\\/\",\"url\":\"https:\\\/\\\/elkunoviz.org\\\/en\\\/what-people-have-reported\\\/\",\"name\":\"Geistheiler Erfahrungsberichte \u2022 Charlene & Pjotr Elkunoviz\",\"isPartOf\":{\"@id\":\"https:\\\/\\\/elkunoviz.org\\\/en\\\/#website\"},\"datePublished\":\"2017-05-04T13:56:51+00:00\",\"dateModified\":\"2023-08-16T06:16:27+00:00\",\"description\":\"Geistheiler Erfahrungsberichte zu Charlene und Pjotr Elkunoviz finden Sie hier. Wir danken allen Menschen, die uns weiterempfehlen!\",\"breadcrumb\":{\"@id\":\"https:\\\/\\\/elkunoviz.org\\\/en\\\/what-people-have-reported\\\/#breadcrumb\"},\"inLanguage\":\"en-US\",\"potentialAction\":[{\"@type\":\"ReadAction\",\"target\":[\"https:\\\/\\\/elkunoviz.org\\\/en\\\/what-people-have-reported\\\/\"]}]},{\"@type\":\"BreadcrumbList\",\"@id\":\"https:\\\/\\\/elkunoviz.org\\\/en\\\/what-people-have-reported\\\/#breadcrumb\",\"itemListElement\":[{\"@type\":\"ListItem\",\"position\":1,\"name\":\"Home\",\"item\":\"https:\\\/\\\/elkunoviz.org\\\/en\\\/\"},{\"@type\":\"ListItem\",\"position\":2,\"name\":\"What people have reported\"}]},{\"@type\":\"WebSite\",\"@id\":\"https:\\\/\\\/elkunoviz.org\\\/en\\\/#website\",\"url\":\"https:\\\/\\\/elkunoviz.org\\\/en\\\/\",\"name\":\"Elkunoviz\",\"description\":\"Allumfassende Heilung\",\"publisher\":{\"@id\":\"https:\\\/\\\/elkunoviz.org\\\/en\\\/#organization\"},\"potentialAction\":[{\"@type\":\"SearchAction\",\"target\":{\"@type\":\"EntryPoint\",\"urlTemplate\":\"https:\\\/\\\/elkunoviz.org\\\/en\\\/?s={search_term_string}\"},\"query-input\":{\"@type\":\"PropertyValueSpecification\",\"valueRequired\":true,\"valueName\":\"search_term_string\"}}],\"inLanguage\":\"en-US\"},{\"@type\":\"Organization\",\"@id\":\"https:\\\/\\\/elkunoviz.org\\\/en\\\/#organization\",\"name\":\"Pjotr Elkunoviz \u2013 Allumfassende Heilung durch den Geist\",\"url\":\"https:\\\/\\\/elkunoviz.org\\\/en\\\/\",\"logo\":{\"@type\":\"ImageObject\",\"inLanguage\":\"en-US\",\"@id\":\"https:\\\/\\\/elkunoviz.org\\\/en\\\/#\\\/schema\\\/logo\\\/image\\\/\",\"url\":\"https:\\\/\\\/elkunoviz.org\\\/wp-content\\\/uploads\\\/2023\\\/07\\\/logo.png\",\"contentUrl\":\"https:\\\/\\\/elkunoviz.org\\\/wp-content\\\/uploads\\\/2023\\\/07\\\/logo.png\",\"width\":192,\"height\":194,\"caption\":\"Pjotr Elkunoviz \u2013 Allumfassende Heilung durch den Geist\"},\"image\":{\"@id\":\"https:\\\/\\\/elkunoviz.org\\\/en\\\/#\\\/schema\\\/logo\\\/image\\\/\"},\"sameAs\":[\"https:\\\/\\\/www.facebook.com\\\/Elkunoviz\\\/\",\"https:\\\/\\\/www.youtube.com\\\/channel\\\/UCrSjEuxgm3q8hGCVX3CG5vg\"]}]}<\/script>\n<!-- \/ Yoast SEO plugin. -->","yoast_head_json":{"title":"Geistheiler Erfahrungsberichte \u2022 Charlene & Pjotr Elkunoviz","description":"Geistheiler Erfahrungsberichte zu Charlene und Pjotr Elkunoviz finden Sie hier. Wir danken allen Menschen, die uns weiterempfehlen!","robots":{"index":"index","follow":"follow","max-snippet":"max-snippet:-1","max-image-preview":"max-image-preview:large","max-video-preview":"max-video-preview:-1"},"canonical":"https:\/\/elkunoviz.org\/en\/what-people-have-reported\/","og_locale":"en_US","og_type":"article","og_title":"Geistheiler Erfahrungsberichte \u2022 Charlene & Pjotr Elkunoviz","og_description":"Geistheiler Erfahrungsberichte zu Charlene und Pjotr Elkunoviz finden Sie hier. Wir danken allen Menschen, die uns weiterempfehlen!","og_url":"https:\/\/elkunoviz.org\/en\/what-people-have-reported\/","og_site_name":"Elkunoviz","article_publisher":"https:\/\/www.facebook.com\/Elkunoviz\/","article_modified_time":"2023-08-16T06:16:27+00:00","twitter_card":"summary_large_image","twitter_misc":{"Est. reading time":"6 minutes"},"schema":{"@context":"https:\/\/schema.org","@graph":[{"@type":"WebPage","@id":"https:\/\/elkunoviz.org\/en\/what-people-have-reported\/","url":"https:\/\/elkunoviz.org\/en\/what-people-have-reported\/","name":"Geistheiler Erfahrungsberichte \u2022 Charlene & Pjotr Elkunoviz","isPartOf":{"@id":"https:\/\/elkunoviz.org\/en\/#website"},"datePublished":"2017-05-04T13:56:51+00:00","dateModified":"2023-08-16T06:16:27+00:00","description":"Geistheiler Erfahrungsberichte zu Charlene und Pjotr Elkunoviz finden Sie hier. Wir danken allen Menschen, die uns weiterempfehlen!","breadcrumb":{"@id":"https:\/\/elkunoviz.org\/en\/what-people-have-reported\/#breadcrumb"},"inLanguage":"en-US","potentialAction":[{"@type":"ReadAction","target":["https:\/\/elkunoviz.org\/en\/what-people-have-reported\/"]}]},{"@type":"BreadcrumbList","@id":"https:\/\/elkunoviz.org\/en\/what-people-have-reported\/#breadcrumb","itemListElement":[{"@type":"ListItem","position":1,"name":"Home","item":"https:\/\/elkunoviz.org\/en\/"},{"@type":"ListItem","position":2,"name":"What people have reported"}]},{"@type":"WebSite","@id":"https:\/\/elkunoviz.org\/en\/#website","url":"https:\/\/elkunoviz.org\/en\/","name":"Elkunoviz","description":"Allumfassende Heilung","publisher":{"@id":"https:\/\/elkunoviz.org\/en\/#organization"},"potentialAction":[{"@type":"SearchAction","target":{"@type":"EntryPoint","urlTemplate":"https:\/\/elkunoviz.org\/en\/?s={search_term_string}"},"query-input":{"@type":"PropertyValueSpecification","valueRequired":true,"valueName":"search_term_string"}}],"inLanguage":"en-US"},{"@type":"Organization","@id":"https:\/\/elkunoviz.org\/en\/#organization","name":"Pjotr Elkunoviz \u2013 Allumfassende Heilung durch den Geist","url":"https:\/\/elkunoviz.org\/en\/","logo":{"@type":"ImageObject","inLanguage":"en-US","@id":"https:\/\/elkunoviz.org\/en\/#\/schema\/logo\/image\/","url":"https:\/\/elkunoviz.org\/wp-content\/uploads\/2023\/07\/logo.png","contentUrl":"https:\/\/elkunoviz.org\/wp-content\/uploads\/2023\/07\/logo.png","width":192,"height":194,"caption":"Pjotr Elkunoviz \u2013 Allumfassende Heilung durch den Geist"},"image":{"@id":"https:\/\/elkunoviz.org\/en\/#\/schema\/logo\/image\/"},"sameAs":["https:\/\/www.facebook.com\/Elkunoviz\/","https:\/\/www.youtube.com\/channel\/UCrSjEuxgm3q8hGCVX3CG5vg"]}]}},"_links":{"self":[{"href":"https:\/\/elkunoviz.org\/en\/wp-json\/wp\/v2\/pages\/648","targetHints":{"allow":["GET"]}}],"collection":[{"href":"https:\/\/elkunoviz.org\/en\/wp-json\/wp\/v2\/pages"}],"about":[{"href":"https:\/\/elkunoviz.org\/en\/wp-json\/wp\/v2\/types\/page"}],"author":[{"embeddable":true,"href":"https:\/\/elkunoviz.org\/en\/wp-json\/wp\/v2\/users\/8"}],"replies":[{"embeddable":true,"href":"https:\/\/elkunoviz.org\/en\/wp-json\/wp\/v2\/comments?post=648"}],"version-history":[{"count":13,"href":"https:\/\/elkunoviz.org\/en\/wp-json\/wp\/v2\/pages\/648\/revisions"}],"predecessor-version":[{"id":12867,"href":"https:\/\/elkunoviz.org\/en\/wp-json\/wp\/v2\/pages\/648\/revisions\/12867"}],"wp:attachment":[{"href":"https:\/\/elkunoviz.org\/en\/wp-json\/wp\/v2\/media?parent=648"}],"curies":[{"name":"wp","href":"https:\/\/api.w.org\/{rel}","templated":true}]}}