{"id":1673,"date":"2017-05-04T10:29:56","date_gmt":"2017-05-04T10:29:56","guid":{"rendered":"http:\/\/elkunoviz.org\/kontakt-anfahrt\/"},"modified":"2023-08-16T12:34:06","modified_gmt":"2023-08-16T10:34:06","slug":"trayecto-contacto","status":"publish","type":"page","link":"https:\/\/elkunoviz.org\/es\/trayecto-contacto\/","title":{"rendered":"Contacto y Trayecto de ida"},"content":{"rendered":"<p>[et_pb_section fb_built=\u00bb1&#8243; _builder_version=\u00bb4.21.0&#8243; _module_preset=\u00bbdefault\u00bb global_colors_info=\u00bb{}\u00bb][et_pb_row use_custom_gutter=\u00bbon\u00bb gutter_width=\u00bb1&#8243; _builder_version=\u00bb4.21.0&#8243; _module_preset=\u00bbdefault\u00bb background_color=\u00bb#f4e2f5&#8243; use_background_color_gradient=\u00bbon\u00bb background_color_gradient_type=\u00bbcircular\u00bb background_color_gradient_stops=\u00bb#ffffff 14%|#efefd2 28%|#f4e2f5 80%\u00bb background_image=\u00bbhttps:\/\/elkunoviz.org\/wp-content\/uploads\/2023\/07\/elk_heiltag_header.jpg\u00bb width=\u00bb100%\u00bb custom_padding=\u00bb0px|0px|70px|0px|false|false\u00bb global_colors_info=\u00bb{}\u00bb][et_pb_column type=\u00bb4_4&#8243; _builder_version=\u00bb4.21.0&#8243; _module_preset=\u00bbdefault\u00bb global_colors_info=\u00bb{}\u00bb][et_pb_text _builder_version=\u00bb4.21.0&#8243; _module_preset=\u00bbdefault\u00bb background_color=\u00bbRGBA(255,255,255,0)\u00bb custom_margin=\u00bb72px|72px|30px|72px|false|true\u00bb global_colors_info=\u00bb{}\u00bb]<\/p>\n<h1>Realineamiento Espiritual y Formaci\u00f3n de Sanadores en <span class=\"Y2IQFc\" lang=\"es\">Potsdam:<\/span> As\u00ed nos encuentra<\/h1>\n<div id=\"tw-target-text-container\" class=\"tw-ta-container F0azHf tw-nfl\" tabindex=\"0\">\n<h1 id=\"tw-target-text\" class=\"tw-data-text tw-text-large tw-ta\" dir=\"ltr\" data-placeholder=\"\u00dcbersetzung\">\u00a0<\/h1>\n<\/div>\n<div id=\"tw-target-rmn-container\" class=\"tw-target-rmn tw-ta-container F0azHf tw-nfl\">\n<pre id=\"tw-target-rmn\" class=\"tw-data-placeholder tw-text-small tw-ta\" dir=\"ltr\" data-placeholder=\"\">\u00a0<\/pre>\n<\/div>\n<p>[\/et_pb_text][\/et_pb_column][\/et_pb_row][\/et_pb_section][et_pb_section fb_built=\u00bb1&#8243; specialty=\u00bbon\u00bb parallax_method_1=\u00bboff\u00bb parallax_method_2=\u00bboff\u00bb module_class_2=\u00bbcontact-right-panel\u00bb _builder_version=\u00bb4.21.0&#8243; custom_padding=\u00bb4px||47px|||\u00bb transparent_background=\u00bboff\u00bb make_fullwidth=\u00bboff\u00bb use_custom_width=\u00bboff\u00bb width_unit=\u00bbon\u00bb global_colors_info=\u00bb{}\u00bb][et_pb_column type=\u00bb2_3&#8243; specialty_columns=\u00bb2&#8243; _builder_version=\u00bb4.16&#8243; custom_padding=\u00bb|||\u00bb global_colors_info=\u00bb{}\u00bb custom_padding__hover=\u00bb|||\u00bb][et_pb_row_inner admin_label=\u00bbRow\u00bb _builder_version=\u00bb4.16&#8243; global_colors_info=\u00bb{}\u00bb][et_pb_column_inner saved_specialty_column_type=\u00bb2_3&#8243; _builder_version=\u00bb4.16&#8243; custom_padding=\u00bb|||\u00bb global_colors_info=\u00bb{}\u00bb custom_padding__hover=\u00bb|||\u00bb][et_pb_text _builder_version=\u00bb4.21.0&#8243; module_alignment=\u00bbleft\u00bb border_color_all=\u00bb#ffffff\u00bb border_style_all=\u00bbsolid\u00bb use_border_color=\u00bboff\u00bb border_color=\u00bb#ffffff\u00bb border_style=\u00bbsolid\u00bb global_colors_info=\u00bb{}\u00bb]<\/p>\n<p>\u00a1Por favor, no dude en ponerse en contacto con nosotros para una fecha de tratamiento, para preguntas, peticiones o sugerencias, estaremos encantados de ayudarle!<\/p>\n<p><strong>Actual:\u00a0Por el momento, de acuerdo con la situaci\u00f3n general, solo ofrecemos tratamientos en l\u00ednea. Haga una cita en l\u00ednea.<\/strong><\/p>\n<p><strong><a href=\"https:\/\/elkunoviz.org\/es\/behandlung-buchen\/\">Book online \u2013 quickly and easily<\/a><\/strong><\/p>\n<p><span class=\"thank-you-msg\">Saludos llenos de Luz,<br \/><em><span style=\"color: #b942b7;\">Pjotr y Charlene Elkunoviz<\/span><\/em><\/span><\/p>\n<p>&nbsp;<\/p>\n<p>[\/et_pb_text][\/et_pb_column_inner][\/et_pb_row_inner][et_pb_row_inner _builder_version=\u00bb4.21.0&#8243; _module_preset=\u00bbdefault\u00bb global_colors_info=\u00bb{}\u00bb][et_pb_column_inner saved_specialty_column_type=\u00bb2_3&#8243; _builder_version=\u00bb4.21.0&#8243; _module_preset=\u00bbdefault\u00bb global_colors_info=\u00bb{}\u00bb][et_pb_divider show_divider=\u00bboff\u00bb _builder_version=\u00bb4.21.0&#8243; _module_preset=\u00bbdefault\u00bb global_colors_info=\u00bb{}\u00bb][\/et_pb_divider][\/et_pb_column_inner][\/et_pb_row_inner][et_pb_row_inner column_structure=\u00bb1_2,1_2&#8243; admin_label=\u00bbRow\u00bb module_class=\u00bbcontact-box\u00bb _builder_version=\u00bb4.21.0&#8243; custom_padding=\u00bb|1rem||1rem|false|true\u00bb global_colors_info=\u00bb{}\u00bb][et_pb_column_inner type=\u00bb1_2&#8243; saved_specialty_column_type=\u00bb2_3&#8243; _builder_version=\u00bb4.16&#8243; custom_padding=\u00bb|||\u00bb global_colors_info=\u00bb{}\u00bb custom_padding__hover=\u00bb|||\u00bb][et_pb_text _builder_version=\u00bb4.16&#8243; module_alignment=\u00bbleft\u00bb border_color_all=\u00bb#ffffff\u00bb border_style_all=\u00bbsolid\u00bb use_border_color=\u00bboff\u00bb border_color=\u00bb#ffffff\u00bb border_style=\u00bbsolid\u00bb global_colors_info=\u00bb{}\u00bb]<\/p>\n<p><span class=\"orange-sub-head\"><strong>Pjotr Elkunoviz \u2013 Allumfassende<br \/>Heilung durch den Geist UG<\/strong><\/span><\/p>\n<p>Jochen-Klepper-Stra\u00dfe 7b,<br \/>14469 Potsdam<\/p>\n<p>[\/et_pb_text][\/et_pb_column_inner][et_pb_column_inner type=\u00bb1_2&#8243; saved_specialty_column_type=\u00bb2_3&#8243; _builder_version=\u00bb4.16&#8243; custom_padding=\u00bb|||\u00bb global_colors_info=\u00bb{}\u00bb custom_padding__hover=\u00bb|||\u00bb][et_pb_text admin_label=\u00bbBehandlungen nur mitVoranmeldungTermine sind hier &#x62;&#x75;&#x63;&#x68;&#x62;&#x61;&#x72;&#x2e;&#x69;&#x6e;&#x66;&#111;&#64;&#101;&#108;&#107;&#117;&#110;oviz&#46;o&#x72;&#x67;\u00bb _builder_version=\u00bb4.21.0&#8243; module_alignment=\u00bbleft\u00bb border_color_all=\u00bb#ffffff\u00bb use_border_color=\u00bboff\u00bb border_color=\u00bb#ffffff\u00bb border_style=\u00bbsolid\u00bb global_colors_info=\u00bb{}\u00bb]<\/p>\n<p><strong>Tratamientos solo <\/strong><strong>con cita previa.<\/strong><br \/>Appointments\u00a0<a href=\"https:\/\/elkunoviz.org\/es\/behandlung-buchen\/\">can be booked here<\/a><\/p>\n<p>[\/et_pb_text][\/et_pb_column_inner][\/et_pb_row_inner][et_pb_row_inner admin_label=\u00bbRow\u00bb _builder_version=\u00bb4.16&#8243; custom_padding=\u00bb2px|||||\u00bb global_colors_info=\u00bb{}\u00bb][et_pb_column_inner saved_specialty_column_type=\u00bb2_3&#8243; _builder_version=\u00bb4.16&#8243; custom_padding=\u00bb|||\u00bb global_colors_info=\u00bb{}\u00bb custom_padding__hover=\u00bb|||\u00bb][et_pb_code _builder_version=\u00bb4.22.0&#8243; hover_enabled=\u00bb0&#8243; global_colors_info=\u00bb{}\u00bb sticky_enabled=\u00bb0&#8243;]\n<div class=\"wpcf7 no-js\" id=\"wpcf7-f7608-o1\" lang=\"en-US\" dir=\"ltr\" data-wpcf7-id=\"7608\">\n<div class=\"screen-reader-response\"><p role=\"status\" aria-live=\"polite\" aria-atomic=\"true\"><\/p> <ul><\/ul><\/div>\n<form action=\"\/es\/wp-json\/wp\/v2\/pages\/1673#wpcf7-f7608-o1\" method=\"post\" class=\"wpcf7-form init\" aria-label=\"Contact form\" novalidate=\"novalidate\" data-status=\"init\">\n<fieldset class=\"hidden-fields-container\"><input type=\"hidden\" name=\"_wpcf7\" value=\"7608\" \/><input type=\"hidden\" name=\"_wpcf7_version\" value=\"6.1.5\" \/><input type=\"hidden\" name=\"_wpcf7_locale\" value=\"en_US\" \/><input type=\"hidden\" name=\"_wpcf7_unit_tag\" value=\"wpcf7-f7608-o1\" \/><input type=\"hidden\" name=\"_wpcf7_container_post\" value=\"0\" \/><input type=\"hidden\" name=\"_wpcf7_posted_data_hash\" value=\"\" \/>\n<\/fieldset>\n<div class=\"form-flex\">\n\t<p><span class=\"wpcf7-form-control-wrap\" data-name=\"contact-name\"><input size=\"40\" maxlength=\"400\" class=\"wpcf7-form-control wpcf7-text wpcf7-validates-as-required\" aria-required=\"true\" aria-invalid=\"false\" placeholder=\"Nombre*\" value=\"\" type=\"text\" name=\"contact-name\" \/><\/span><br \/>\n<span class=\"wpcf7-form-control-wrap\" data-name=\"contact-email\"><input size=\"40\" maxlength=\"400\" class=\"wpcf7-form-control wpcf7-email wpcf7-validates-as-required wpcf7-text wpcf7-validates-as-email\" aria-required=\"true\" aria-invalid=\"false\" placeholder=\"Direcci\u00f3n de correo electr\u00f3nico*\" value=\"\" type=\"email\" name=\"contact-email\" \/><\/span>\n\t<\/p>\n<\/div>\n<p><span class=\"wpcf7-form-control-wrap\" data-name=\"contact-message\"><textarea cols=\"40\" rows=\"10\" maxlength=\"2000\" class=\"wpcf7-form-control wpcf7-textarea\" aria-invalid=\"false\" placeholder=\"Mensaje\" name=\"contact-message\"><\/textarea><\/span>\n<\/p>\n<div class=\"form-message\">\n\t<p>When you fill out a contact form you declare your consent, that the informations, you provided, will be stored according to our <a href=\"https:\/\/elkunoviz.org\/en\/privacypolicy\/\">privacy policy<\/a> for the processing of the request, for possible follow-up questions or for other related questions and will only be used to follow up with the request. You may revoke this consent at any time, you just need to contact us without any particular formal requirement (for example in the contact form or by e-mail). This withdrawal has no effect on the legality of the data processing that has occurred up to that point.\n\t<\/p>\n<\/div>\n<p><span id=\"wpcf7-69eb30e24c405-wrapper\" class=\"wpcf7-form-control-wrap website-wrap\" ><input type=\"hidden\" name=\"website-time-start\" value=\"1777021154\"><input type=\"hidden\" name=\"website-time-check\" value=\"3\"><label for=\"website\" class=\"hp-message\">Please leave this field empty.<\/label><input id=\"website\"  class=\"wpcf7-form-control wpcf7-text\" type=\"text\" name=\"website\" value=\"\" size=\"40\" tabindex=\"-1\" autocomplete=\"new-password\" \/><\/span><br \/>\n<span id=\"wpcf7-69eb30e24c480-wrapper\" class=\"wpcf7-form-control-wrap phone-wrap\" ><input type=\"hidden\" name=\"phone-time-start\" value=\"1777021154\"><input type=\"hidden\" name=\"phone-time-check\" value=\"3\"><label for=\"phone\" class=\"hp-message\">Please leave this field empty.<\/label><input id=\"phone\"  class=\"wpcf7-form-control wpcf7-text\" type=\"text\" name=\"phone\" value=\"\" size=\"40\" tabindex=\"-1\" autocomplete=\"new-password\" \/><\/span><br \/>\n<input class=\"wpcf7-form-control wpcf7-submit has-spinner et_pb_button et_pb_button_4 et_pb_bg_layout_dark\" type=\"submit\" value=\"Enviar mensaje\" \/>\n<\/p><div class=\"wpcf7-response-output\" aria-hidden=\"true\"><\/div>\n<\/form>\n<\/div>\n[\/et_pb_code][\/et_pb_column_inner][\/et_pb_row_inner][\/et_pb_column][et_pb_column type=\u00bb1_3&#8243; _builder_version=\u00bb4.16&#8243; custom_padding=\u00bb|||\u00bb global_colors_info=\u00bb{}\u00bb custom_padding__hover=\u00bb|||\u00bb][et_pb_image src=\u00bbhttps:\/\/elkunoviz.org\/wp-content\/uploads\/2023\/07\/elk_kontakt.jpeg\u00bb alt=\u00bbHeilerausbildung Berlin Charlene und Pjotr Elkunoviz\u00bb title_text=\u00bbelk_kontakt\u00bb align_tablet=\u00bbcenter\u00bb align_phone=\u00bb\u00bb align_last_edited=\u00bbon|desktop\u00bb _builder_version=\u00bb4.21.0&#8243; use_border_color=\u00bboff\u00bb border_color=\u00bb#ffffff\u00bb border_style=\u00bbsolid\u00bb animation=\u00bboff\u00bb sticky=\u00bboff\u00bb always_center_on_mobile=\u00bbon\u00bb global_colors_info=\u00bb{}\u00bb][\/et_pb_image][et_pb_text _builder_version=\u00bb4.21.0&#8243; background_size=\u00bbinitial\u00bb background_position=\u00bbtop_left\u00bb background_repeat=\u00bbrepeat\u00bb module_alignment=\u00bbleft\u00bb use_border_color=\u00bboff\u00bb border_color=\u00bb#ffffff\u00bb border_style=\u00bbsolid\u00bb global_colors_info=\u00bb{}\u00bb]<\/p>\n<p><strong>Indicaci\u00f3n:<\/strong>\u00a0El Sanador no es ni m\u00e9dico ni natur\u00f3pata. La Sanaci\u00f3n Espiritual, el Realineamiento Espiritual no es un tratamiento m\u00e9dico, sino un proceso espiritual. Por parte del Sanador Espiritual no se har\u00e1n promesas de curaci\u00f3n ni diagn\u00f3sticos. Por lo tanto, la Sanaci\u00f3n espiritual \/ el Realineamiento Espiritual no sustituyen al tratamiento m\u00e9dico en caso de enfermedad mental o f\u00edsica o la sospecha de tal. La participaci\u00f3n es voluntaria.<\/p>\n<p><strong>Indicaci\u00f3n para todos los que buscan ayuda:<\/strong><\/p>\n<p>Pjotr Elkunoviz es el creador \u00fanico del Realineamiento Espiritual. \u00a1Cuidado! El Realineamiento Espiritual\u00ae de Pjotr Elkunoviz es \u00fanico e inconfundible. El gran poder efectivo y la alta vibraci\u00f3n de la Sanaci\u00f3n Espiritual.<\/p>\n<p>El\u00a0<a href=\"https:\/\/elkunoviz.org\/es\/metodo-pjotr-elkunoviz\/\"><strong>Realineamiento Espiritual<\/strong><\/a>\u00a0va m\u00e1s all\u00e1 del erguimiento corporal, m\u00e1s all\u00e1 del erguimiento energ\u00e9tico de la columna vertebral, del Realineamiento de la columna vertebral y del Realineamiento energ\u00e9tico.<br \/>S\u00f3lo en nuestra Heiler-Lichtnetzwerk Red de Luz de sanadores encuentra en su regi\u00f3n Sanadores de Realineamiento, que fueron iniciados y capacitados por Pjotr Elkunoviz a trabajar en su esp\u00edritu, para lograr el Realineamiento Espiritual.<\/p>\n<p><a href=\"https:\/\/elkunoviz.org\/es\/la-red-de-luz-de-los-sanadores\/\"><strong>El Realineamiento Espiritual\u00ae La Red De Luz De Los Sanadores<\/strong><\/a><\/p>\n<p>[\/et_pb_text][\/et_pb_column][\/et_pb_section][et_pb_section fb_built=\u00bb1&#8243; _builder_version=\u00bb4.21.0&#8243; _module_preset=\u00bb73e3f740-8efa-4583-b8bd-c2faeea8dfca\u00bb transparent_background=\u00bboff\u00bb make_fullwidth=\u00bboff\u00bb use_custom_width=\u00bboff\u00bb width_unit=\u00bbon\u00bb global_module=\u00bb11582&#8243; saved_tabs=\u00bball\u00bb global_colors_info=\u00bb{}\u00bb][et_pb_row column_structure=\u00bb2_3,1_3&#8243; _builder_version=\u00bb4.21.0&#8243; background_size=\u00bbinitial\u00bb background_position=\u00bbtop_left\u00bb background_repeat=\u00bbrepeat\u00bb min_height=\u00bb64.2px\u00bb custom_padding=\u00bb0px|||||\u00bb global_colors_info=\u00bb{}\u00bb][et_pb_column type=\u00bb2_3&#8243; _builder_version=\u00bb4.21.0&#8243; custom_padding=\u00bb|||\u00bb global_colors_info=\u00bb{}\u00bb custom_padding__hover=\u00bb|||\u00bb][et_pb_text _builder_version=\u00bb4.21.0&#8243; _module_preset=\u00bbdefault\u00bb text_text_color=\u00bb#FFFFFF\u00bb header_4_text_color=\u00bb#f4e2f5&#8243; background_layout=\u00bbdark\u00bb global_colors_info=\u00bb{}\u00bb]<\/p>\n<h2>Our newsletter for mindful everyday life<\/h2>\n<p><span style=\"font-weight: 400;\">The newsletter for healing impulses for everyday life, inspirations on spiritual topics and reminders for dates for healing days &amp; events will inform you about news about ours at irregular intervals. Please subscribe to our newsletter, you can unsubscribe at any time, e.g. via a link in the newsletter.<\/span><\/p>\n<p>[\/et_pb_text][\/et_pb_column][et_pb_column type=\u00bb1_3&#8243; _builder_version=\u00bb4.16&#8243; custom_padding=\u00bb|||\u00bb global_colors_info=\u00bb{}\u00bb custom_padding__hover=\u00bb|||\u00bb][et_pb_code module_class=\u00bbnewsletter-form\u00bb _builder_version=\u00bb4.21.0&#8243; global_colors_info=\u00bb{}\u00bb]<script>(function() {\n\twindow.mc4wp = window.mc4wp || {\n\t\tlisteners: [],\n\t\tforms: {\n\t\t\ton: function(evt, cb) {\n\t\t\t\twindow.mc4wp.listeners.push(\n\t\t\t\t\t{\n\t\t\t\t\t\tevent   : evt,\n\t\t\t\t\t\tcallback: cb\n\t\t\t\t\t}\n\t\t\t\t);\n\t\t\t}\n\t\t}\n\t}\n})();\n<\/script><!-- Mailchimp for WordPress v4.12.1 - https:\/\/wordpress.org\/plugins\/mailchimp-for-wp\/ --><form id=\"mc4wp-form-1\" class=\"mc4wp-form mc4wp-form-377 mc4wp-ajax\" method=\"post\" data-id=\"377\" data-name=\"Elkunoviz Newsletter DE\" ><div class=\"mc4wp-form-fields\"><div><input type=\"text\" name=\"FNAME\" placeholder=\"Name\"><\/div>\r\n<div><input type=\"email\" name=\"email\" placeholder=\"E-Mail Adresse\" required \/><\/div>\r\n\r\n<div class=\"mc4wp-dropdown-wrapper\">\r\n  <label for=\"language-select\">Sprache:<\/label>\r\n  <select name=\"INTERESTS[00ce8103c5]\" id=\"language-select\" required=\"\">\r\n    <option value=\"bb411d99f7\" selected=\"true\">Deutsch<\/option>\r\n    <option value=\"0b2ad157c6\">English<\/option>\r\n    <option value=\"5f9c1fe271\">\u0420\u0443\u0441\u0441\u043a\u0438\u0439<\/option>\r\n    <option value=\"7fdafb1d82\">Italiano<\/option>\r\n    <option value=\"87669c16a0\">Espa\u00f1ol<\/option>\r\n    <option value=\"aa3889186a\">Latvie\u0161u<\/option>\r\n    <option value=\"d0c9f01167\">Lietuvos<\/option>\r\n  <\/select>\r\n<\/div>\r\n\r\n<fieldset>\r\n    <legend class=\"mc4wp-legend\">Interessen:<\/legend>\r\n    <label>\r\n        <input type=\"checkbox\" name=\"INTERESTS[c247eb75b8][]\" value=\"cb344cfb20\"> <span>Impulse f\u00fcr den Tag<\/span>\r\n    <\/label>\r\n    <label>\r\n        <input type=\"checkbox\" name=\"INTERESTS[c247eb75b8][]\" value=\"1ee1f1c268\"> <span>News<\/span>\r\n    <\/label>\r\n    <label>\r\n        <input type=\"checkbox\" name=\"INTERESTS[c247eb75b8][]\" value=\"68c933c223\"> <span>Seminare<\/span>\r\n    <\/label>\r\n    <label>\r\n        <input type=\"checkbox\" name=\"INTERESTS[c247eb75b8][]\" value=\"d71259545e\"> <span>Behandlungen<\/span>\r\n    <\/label>\r\n    <label>\r\n        <input type=\"checkbox\" name=\"INTERESTS[c247eb75b8][]\" value=\"5110647ad5\"> <span>Tierbehandlung<\/span>\r\n    <\/label>\r\n<\/fieldset>\r\n\r\n<input type=\"submit\" class=\"newsletter__submit\" value=\"Newsletter abonnieren\" \/>\r\n<\/div><label style=\"display: none !important;\">Deja vac\u00edo este campo si eres humano: <input type=\"text\" name=\"_mc4wp_honeypot\" value=\"\" tabindex=\"-1\" autocomplete=\"off\" \/><\/label><input type=\"hidden\" name=\"_mc4wp_timestamp\" value=\"1777021154\" \/><input type=\"hidden\" name=\"_mc4wp_form_id\" value=\"377\" \/><input type=\"hidden\" name=\"_mc4wp_form_element_id\" value=\"mc4wp-form-1\" \/><div class=\"mc4wp-response\"><\/div><\/form><!-- \/ Mailchimp for WordPress Plugin -->[\/et_pb_code][\/et_pb_column][\/et_pb_row][\/et_pb_section]<\/p>\n","protected":false},"excerpt":{"rendered":"<p>Realineamiento Espiritual y Formaci\u00f3n de Sanadores en Potsdam: As\u00ed nos encuentra \u00a0 \u00a0 \u00a1Por favor, no dude en ponerse en contacto con nosotros para una fecha de tratamiento, para preguntas, peticiones o sugerencias, estaremos encantados de ayudarle! Actual:\u00a0Por el momento, de acuerdo con la situaci\u00f3n general, solo ofrecemos tratamientos en l\u00ednea. Haga una cita en [&hellip;]<\/p>\n","protected":false},"author":8,"featured_media":0,"parent":0,"menu_order":0,"comment_status":"closed","ping_status":"closed","template":"","meta":{"_et_pb_use_builder":"on","_et_pb_old_content":"","_et_gb_content_width":"","inline_featured_image":false,"footnotes":""},"class_list":["post-1673","page","type-page","status-publish","hentry"],"yoast_head":"<!-- This site is optimized with the Yoast SEO plugin v27.4 - https:\/\/yoast.com\/product\/yoast-seo-wordpress\/ -->\n<title>Kontakt \u2022 Heilerausbildung Berlin \u2022 Die Geistige Aufrichtung\u00ae<\/title>\n<meta name=\"description\" content=\"Sie sind interessiert an Heilerausbildung Berlin oder Die Geistige Aufrichtung? Kontaktieren Sie Charlene und Pjotr Elkunoviz.\" \/>\n<meta name=\"robots\" content=\"index, follow, max-snippet:-1, max-image-preview:large, max-video-preview:-1\" \/>\n<link rel=\"canonical\" href=\"https:\/\/elkunoviz.org\/es\/trayecto-contacto\/\" \/>\n<meta property=\"og:locale\" content=\"es_ES\" \/>\n<meta property=\"og:type\" content=\"article\" \/>\n<meta property=\"og:title\" content=\"Kontakt \u2022 Heilerausbildung Berlin \u2022 Die Geistige Aufrichtung\u00ae\" \/>\n<meta property=\"og:description\" content=\"Sie sind interessiert an Heilerausbildung Berlin oder Die Geistige Aufrichtung? Kontaktieren Sie Charlene und Pjotr Elkunoviz.\" \/>\n<meta property=\"og:url\" content=\"https:\/\/elkunoviz.org\/es\/trayecto-contacto\/\" \/>\n<meta property=\"og:site_name\" content=\"Elkunoviz\" \/>\n<meta property=\"article:publisher\" content=\"https:\/\/www.facebook.com\/Elkunoviz\/\" \/>\n<meta property=\"article:modified_time\" content=\"2023-08-16T10:34:06+00:00\" \/>\n<meta name=\"twitter:card\" content=\"summary_large_image\" \/>\n<meta name=\"twitter:label1\" content=\"Tiempo de lectura\" \/>\n\t<meta name=\"twitter:data1\" content=\"6 minutos\" \/>\n<script type=\"application\/ld+json\" class=\"yoast-schema-graph\">{\"@context\":\"https:\\\/\\\/schema.org\",\"@graph\":[{\"@type\":\"WebPage\",\"@id\":\"https:\\\/\\\/elkunoviz.org\\\/es\\\/trayecto-contacto\\\/\",\"url\":\"https:\\\/\\\/elkunoviz.org\\\/es\\\/trayecto-contacto\\\/\",\"name\":\"Kontakt \u2022 Heilerausbildung Berlin \u2022 Die Geistige Aufrichtung\u00ae\",\"isPartOf\":{\"@id\":\"https:\\\/\\\/elkunoviz.org\\\/es\\\/#website\"},\"datePublished\":\"2017-05-04T10:29:56+00:00\",\"dateModified\":\"2023-08-16T10:34:06+00:00\",\"description\":\"Sie sind interessiert an Heilerausbildung Berlin oder Die Geistige Aufrichtung? Kontaktieren Sie Charlene und Pjotr Elkunoviz.\",\"breadcrumb\":{\"@id\":\"https:\\\/\\\/elkunoviz.org\\\/es\\\/trayecto-contacto\\\/#breadcrumb\"},\"inLanguage\":\"es\",\"potentialAction\":[{\"@type\":\"ReadAction\",\"target\":[\"https:\\\/\\\/elkunoviz.org\\\/es\\\/trayecto-contacto\\\/\"]}]},{\"@type\":\"BreadcrumbList\",\"@id\":\"https:\\\/\\\/elkunoviz.org\\\/es\\\/trayecto-contacto\\\/#breadcrumb\",\"itemListElement\":[{\"@type\":\"ListItem\",\"position\":1,\"name\":\"Home\",\"item\":\"https:\\\/\\\/elkunoviz.org\\\/es\\\/\"},{\"@type\":\"ListItem\",\"position\":2,\"name\":\"Contacto y Trayecto de ida\"}]},{\"@type\":\"WebSite\",\"@id\":\"https:\\\/\\\/elkunoviz.org\\\/es\\\/#website\",\"url\":\"https:\\\/\\\/elkunoviz.org\\\/es\\\/\",\"name\":\"Elkunoviz\",\"description\":\"Allumfassende Heilung\",\"publisher\":{\"@id\":\"https:\\\/\\\/elkunoviz.org\\\/es\\\/#organization\"},\"potentialAction\":[{\"@type\":\"SearchAction\",\"target\":{\"@type\":\"EntryPoint\",\"urlTemplate\":\"https:\\\/\\\/elkunoviz.org\\\/es\\\/?s={search_term_string}\"},\"query-input\":{\"@type\":\"PropertyValueSpecification\",\"valueRequired\":true,\"valueName\":\"search_term_string\"}}],\"inLanguage\":\"es\"},{\"@type\":\"Organization\",\"@id\":\"https:\\\/\\\/elkunoviz.org\\\/es\\\/#organization\",\"name\":\"Pjotr Elkunoviz \u2013 Allumfassende Heilung durch den Geist\",\"url\":\"https:\\\/\\\/elkunoviz.org\\\/es\\\/\",\"logo\":{\"@type\":\"ImageObject\",\"inLanguage\":\"es\",\"@id\":\"https:\\\/\\\/elkunoviz.org\\\/es\\\/#\\\/schema\\\/logo\\\/image\\\/\",\"url\":\"https:\\\/\\\/elkunoviz.org\\\/wp-content\\\/uploads\\\/2023\\\/07\\\/logo.png\",\"contentUrl\":\"https:\\\/\\\/elkunoviz.org\\\/wp-content\\\/uploads\\\/2023\\\/07\\\/logo.png\",\"width\":192,\"height\":194,\"caption\":\"Pjotr Elkunoviz \u2013 Allumfassende Heilung durch den Geist\"},\"image\":{\"@id\":\"https:\\\/\\\/elkunoviz.org\\\/es\\\/#\\\/schema\\\/logo\\\/image\\\/\"},\"sameAs\":[\"https:\\\/\\\/www.facebook.com\\\/Elkunoviz\\\/\",\"https:\\\/\\\/www.youtube.com\\\/channel\\\/UCrSjEuxgm3q8hGCVX3CG5vg\"]}]}<\/script>\n<!-- \/ Yoast SEO plugin. -->","yoast_head_json":{"title":"Kontakt \u2022 Heilerausbildung Berlin \u2022 Die Geistige Aufrichtung\u00ae","description":"Sie sind interessiert an Heilerausbildung Berlin oder Die Geistige Aufrichtung? Kontaktieren Sie Charlene und Pjotr Elkunoviz.","robots":{"index":"index","follow":"follow","max-snippet":"max-snippet:-1","max-image-preview":"max-image-preview:large","max-video-preview":"max-video-preview:-1"},"canonical":"https:\/\/elkunoviz.org\/es\/trayecto-contacto\/","og_locale":"es_ES","og_type":"article","og_title":"Kontakt \u2022 Heilerausbildung Berlin \u2022 Die Geistige Aufrichtung\u00ae","og_description":"Sie sind interessiert an Heilerausbildung Berlin oder Die Geistige Aufrichtung? Kontaktieren Sie Charlene und Pjotr Elkunoviz.","og_url":"https:\/\/elkunoviz.org\/es\/trayecto-contacto\/","og_site_name":"Elkunoviz","article_publisher":"https:\/\/www.facebook.com\/Elkunoviz\/","article_modified_time":"2023-08-16T10:34:06+00:00","twitter_card":"summary_large_image","twitter_misc":{"Tiempo de lectura":"6 minutos"},"schema":{"@context":"https:\/\/schema.org","@graph":[{"@type":"WebPage","@id":"https:\/\/elkunoviz.org\/es\/trayecto-contacto\/","url":"https:\/\/elkunoviz.org\/es\/trayecto-contacto\/","name":"Kontakt \u2022 Heilerausbildung Berlin \u2022 Die Geistige Aufrichtung\u00ae","isPartOf":{"@id":"https:\/\/elkunoviz.org\/es\/#website"},"datePublished":"2017-05-04T10:29:56+00:00","dateModified":"2023-08-16T10:34:06+00:00","description":"Sie sind interessiert an Heilerausbildung Berlin oder Die Geistige Aufrichtung? Kontaktieren Sie Charlene und Pjotr Elkunoviz.","breadcrumb":{"@id":"https:\/\/elkunoviz.org\/es\/trayecto-contacto\/#breadcrumb"},"inLanguage":"es","potentialAction":[{"@type":"ReadAction","target":["https:\/\/elkunoviz.org\/es\/trayecto-contacto\/"]}]},{"@type":"BreadcrumbList","@id":"https:\/\/elkunoviz.org\/es\/trayecto-contacto\/#breadcrumb","itemListElement":[{"@type":"ListItem","position":1,"name":"Home","item":"https:\/\/elkunoviz.org\/es\/"},{"@type":"ListItem","position":2,"name":"Contacto y Trayecto de ida"}]},{"@type":"WebSite","@id":"https:\/\/elkunoviz.org\/es\/#website","url":"https:\/\/elkunoviz.org\/es\/","name":"Elkunoviz","description":"Allumfassende Heilung","publisher":{"@id":"https:\/\/elkunoviz.org\/es\/#organization"},"potentialAction":[{"@type":"SearchAction","target":{"@type":"EntryPoint","urlTemplate":"https:\/\/elkunoviz.org\/es\/?s={search_term_string}"},"query-input":{"@type":"PropertyValueSpecification","valueRequired":true,"valueName":"search_term_string"}}],"inLanguage":"es"},{"@type":"Organization","@id":"https:\/\/elkunoviz.org\/es\/#organization","name":"Pjotr Elkunoviz \u2013 Allumfassende Heilung durch den Geist","url":"https:\/\/elkunoviz.org\/es\/","logo":{"@type":"ImageObject","inLanguage":"es","@id":"https:\/\/elkunoviz.org\/es\/#\/schema\/logo\/image\/","url":"https:\/\/elkunoviz.org\/wp-content\/uploads\/2023\/07\/logo.png","contentUrl":"https:\/\/elkunoviz.org\/wp-content\/uploads\/2023\/07\/logo.png","width":192,"height":194,"caption":"Pjotr Elkunoviz \u2013 Allumfassende Heilung durch den Geist"},"image":{"@id":"https:\/\/elkunoviz.org\/es\/#\/schema\/logo\/image\/"},"sameAs":["https:\/\/www.facebook.com\/Elkunoviz\/","https:\/\/www.youtube.com\/channel\/UCrSjEuxgm3q8hGCVX3CG5vg"]}]}},"_links":{"self":[{"href":"https:\/\/elkunoviz.org\/es\/wp-json\/wp\/v2\/pages\/1673","targetHints":{"allow":["GET"]}}],"collection":[{"href":"https:\/\/elkunoviz.org\/es\/wp-json\/wp\/v2\/pages"}],"about":[{"href":"https:\/\/elkunoviz.org\/es\/wp-json\/wp\/v2\/types\/page"}],"author":[{"embeddable":true,"href":"https:\/\/elkunoviz.org\/es\/wp-json\/wp\/v2\/users\/8"}],"replies":[{"embeddable":true,"href":"https:\/\/elkunoviz.org\/es\/wp-json\/wp\/v2\/comments?post=1673"}],"version-history":[{"count":8,"href":"https:\/\/elkunoviz.org\/es\/wp-json\/wp\/v2\/pages\/1673\/revisions"}],"predecessor-version":[{"id":12945,"href":"https:\/\/elkunoviz.org\/es\/wp-json\/wp\/v2\/pages\/1673\/revisions\/12945"}],"wp:attachment":[{"href":"https:\/\/elkunoviz.org\/es\/wp-json\/wp\/v2\/media?parent=1673"}],"curies":[{"name":"wp","href":"https:\/\/api.w.org\/{rel}","templated":true}]}}