{"id":1674,"date":"2017-05-04T13:50:39","date_gmt":"2017-05-04T11:50:39","guid":{"rendered":"http:\/\/elkunoviz.org\/lebensraumharmonisierung\/"},"modified":"2023-08-16T09:47:02","modified_gmt":"2023-08-16T07:47:02","slug":"armonizacion-del-habitat-old","status":"publish","type":"page","link":"https:\/\/elkunoviz.org\/es\/armonizacion-del-habitat-old\/","title":{"rendered":"Armonizaci\u00f3n del h\u00e1bitat OLD"},"content":{"rendered":"<p>[et_pb_section fb_built=\u00bb1&#8243; admin_label=\u00bbsection\u00bb _builder_version=\u00bb3.22&#8243;][et_pb_row admin_label=\u00bbrow\u00bb _builder_version=\u00bb3.25&#8243; background_size=\u00bbinitial\u00bb background_position=\u00bbtop_left\u00bb background_repeat=\u00bbrepeat\u00bb][et_pb_column type=\u00bb4_4&#8243; _builder_version=\u00bb3.25&#8243; custom_padding=\u00bb|||\u00bb custom_padding__hover=\u00bb|||\u00bb][et_pb_text admin_label=\u00bbLebensraumharmonisierung\u00bb _builder_version=\u00bb3.27.4&#8243; background_size=\u00bbinitial\u00bb background_position=\u00bbtop_left\u00bb background_repeat=\u00bbrepeat\u00bb use_border_color=\u00bboff\u00bb border_color=\u00bb#ffffff\u00bb border_style=\u00bbsolid\u00bb]<\/p>\n<h1>Armonizaci\u00f3n del h\u00e1bitat<\/h1>\n<p>[\/et_pb_text][et_pb_image src=\u00bbhttps:\/\/elkunoviz.org\/wp-content\/uploads\/2017\/05\/elkunoviz-lebensraumharmonisierung.jpg\u00bb alt=\u00bbSchutz vor Elektrosmog durch Hausentst\u00f6rung\u00bb title_text=\u00bbSchutz vor Elektrosmog durch Hausentst\u00f6rung\u00bb align_tablet=\u00bbcenter\u00bb align_last_edited=\u00bbon|desktop\u00bb admin_label=\u00bbImage\u00bb _builder_version=\u00bb3.23&#8243; use_border_color=\u00bboff\u00bb border_color=\u00bb#ffffff\u00bb border_style=\u00bbsolid\u00bb animation=\u00bboff\u00bb sticky=\u00bboff\u00bb always_center_on_mobile=\u00bbon\u00bb][\/et_pb_image][\/et_pb_column][\/et_pb_row][\/et_pb_section][et_pb_section fb_built=\u00bb1&#8243; admin_label=\u00bbSection\u00bb _builder_version=\u00bb3.22&#8243; custom_padding=\u00bb0px|||\u00bb transparent_background=\u00bboff\u00bb make_fullwidth=\u00bboff\u00bb use_custom_width=\u00bboff\u00bb width_unit=\u00bbon\u00bb][et_pb_row admin_label=\u00bbRow\u00bb _builder_version=\u00bb3.25&#8243; background_size=\u00bbinitial\u00bb background_position=\u00bbtop_left\u00bb background_repeat=\u00bbrepeat\u00bb custom_padding=\u00bb0px|||\u00bb make_fullwidth=\u00bboff\u00bb use_custom_width=\u00bboff\u00bb width_unit=\u00bbon\u00bb][et_pb_column type=\u00bb4_4&#8243; _builder_version=\u00bb3.25&#8243; custom_padding=\u00bb|||\u00bb custom_padding__hover=\u00bb|||\u00bb][et_pb_text admin_label=\u00bbText\u00bb _builder_version=\u00bb4.5.1&#8243; background_size=\u00bbinitial\u00bb background_position=\u00bbtop_left\u00bb background_repeat=\u00bbrepeat\u00bb hover_enabled=\u00bb0&#8243; use_border_color=\u00bboff\u00bb border_color=\u00bb#ffffff\u00bb border_style=\u00bbsolid\u00bb]<\/p>\n<h2>Armonizaci\u00f3n y clarificaci\u00f3n de los espacios de vida y de trabajo, recomendables luego del Realineamiento Espiritual.<\/h2>\n<p>A menudo, la gente nos pregunta qu\u00e9 pueden hacer adicionalmente despu\u00e9s de la alineaci\u00f3n espiritual. Se sienten a gusto y comienzan a ser m\u00e1s selectivos en todas las \u00e1reas de sus vidas, es decir, tambi\u00e9n estar\u00e1n m\u00e1s atentos a su entorno, o sentir\u00e1n lo que realmente les est\u00e1 haciendo bien en la vida cotidiana. Buscan posibilidades de sumar m\u00e1s placer de vivir y espiritualidad en su vida cotidiana.<\/p>\n<p>Uno de los aspectos m\u00e1s importantes para sentirse mejor es la Armonizaci\u00f3n y la Clarificaci\u00f3n de los espacios de vida y de trabajo. Gracias a nuestro Tratamiento a Distancia de sus habitaciones se transforma la energ\u00eda de su h\u00e1bitat. La vibraci\u00f3n aumenta, las energ\u00edas manifestadas en pensamientos y vivencias adheridos a los espacios son clarificadas y armonizadas. Tambi\u00e9n se transforman los elementos constituyentes, as\u00ed como influencias ambientales, contaminaci\u00f3n electromagn\u00e9tica, venas de agua y radiaciones.<\/p>\n<p><strong>Este tratamiento se hace una sola vez y no necesita ser repetido.<\/strong><\/p>\n<p>Por favor, env\u00edenos por correo electr\u00f3nico una foto del exterior de su vivienda o de su lugar de trabajo (no tiene por qu\u00e9 ser una foto actual), direcci\u00f3n, n\u00famero de tel\u00e9fono as\u00ed como el n\u00famero de m\u00f3vil y la matr\u00edcula del auto. Adem\u00e1s se eliminan radiaciones e interferencias de los veh\u00edculos y m\u00f3viles. Una vez que recibamos los datos, nos pondremos en contacto con usted y concertaremos una cita. Los Tratamientos a Distancia son en su mayor\u00eda a partir de las 20:00 horas.<\/p>\n<p><strong>Preferentemente por correo electr\u00f3nico:<\/strong><br \/> <a href=\"m&#97;&#x69;&#x6c;t&#111;&#x3a;&#x69;n&#102;&#111;&#x40;&#x65;l&#107;&#x75;&#x6e;o&#118;&#x69;&#x7a;&#46;&#111;&#114;&#x67;\">&#105;&#x6e;&#x66;o&#64;&#x65;&#x6c;k&#117;&#x6e;o&#118;&#x69;&#x7a;&#46;&#111;&#x72;g<\/a><\/p>\n<p><strong>Eliminaci\u00f3n de interferencias en la vivienda:<\/strong> 1,- \u20ac \/ por m\u00b2 de superficie de la vivienda + 20,- \u20ac Precio b\u00e1sico (incl. autos y m\u00f3viles)<\/p>\n<p><strong>Eliminaci\u00f3n de interferencias de una casa:<\/strong> 1,- \u20ac \/ por m\u00b2 de superficie de la vivienda + 40,- \u20ac Precio b\u00e1sico (incl. jard\u00edn \/ terreno, autos y m\u00f3viles)<\/p>\n<p>Para la eliminaci\u00f3n de interferencias del lugar de trabajo \/ edificio de la empresa \/ instalaciones de hotel \/ escuelas \/ hospitales \/ granjas, etc. le hacemos una oferta individual.<\/p>\n<p>[\/et_pb_text][\/et_pb_column][\/et_pb_row][\/et_pb_section]<\/p>\n","protected":false},"excerpt":{"rendered":"<p>Armonizaci\u00f3n del h\u00e1bitat Armonizaci\u00f3n y clarificaci\u00f3n de los espacios de vida y de trabajo, recomendables luego del Realineamiento Espiritual. A menudo, la gente nos pregunta qu\u00e9 pueden hacer adicionalmente despu\u00e9s de la alineaci\u00f3n espiritual. Se sienten a gusto y comienzan a ser m\u00e1s selectivos en todas las \u00e1reas de sus vidas, es decir, tambi\u00e9n estar\u00e1n [&hellip;]<\/p>\n","protected":false},"author":8,"featured_media":0,"parent":0,"menu_order":0,"comment_status":"closed","ping_status":"closed","template":"","meta":{"_et_pb_use_builder":"on","_et_pb_old_content":"","_et_gb_content_width":"","inline_featured_image":false,"footnotes":""},"class_list":["post-1674","page","type-page","status-publish","hentry"],"yoast_head":"<!-- This site is optimized with the Yoast SEO plugin v27.4 - https:\/\/yoast.com\/product\/yoast-seo-wordpress\/ -->\n<title>Armonizaci\u00f3n del h\u00e1bitat \u2022 Charlene &amp; Pjotr Elkunoviz<\/title>\n<meta name=\"description\" content=\"Armonizaci\u00f3n y clarificaci\u00f3n de los espacios de vida y de trabajo, recomendables luego del Realineamiento Espiritual.\" \/>\n<meta name=\"robots\" content=\"index, follow, max-snippet:-1, max-image-preview:large, max-video-preview:-1\" \/>\n<link rel=\"canonical\" href=\"https:\/\/elkunoviz.org\/es\/armonizacion-del-habitat-old\/\" \/>\n<meta property=\"og:locale\" content=\"es_ES\" \/>\n<meta property=\"og:type\" content=\"article\" \/>\n<meta property=\"og:title\" content=\"Armonizaci\u00f3n del h\u00e1bitat \u2022 Charlene &amp; Pjotr Elkunoviz\" \/>\n<meta property=\"og:description\" content=\"Armonizaci\u00f3n y clarificaci\u00f3n de los espacios de vida y de trabajo, recomendables luego del Realineamiento Espiritual.\" \/>\n<meta property=\"og:url\" content=\"https:\/\/elkunoviz.org\/es\/armonizacion-del-habitat-old\/\" \/>\n<meta property=\"og:site_name\" content=\"Elkunoviz\" \/>\n<meta property=\"article:publisher\" content=\"https:\/\/www.facebook.com\/Elkunoviz\/\" \/>\n<meta property=\"article:modified_time\" content=\"2023-08-16T07:47:02+00:00\" \/>\n<meta name=\"twitter:card\" content=\"summary_large_image\" \/>\n<meta name=\"twitter:label1\" content=\"Tiempo de lectura\" \/>\n\t<meta name=\"twitter:data1\" content=\"3 minutos\" \/>\n<script type=\"application\/ld+json\" class=\"yoast-schema-graph\">{\"@context\":\"https:\\\/\\\/schema.org\",\"@graph\":[{\"@type\":\"WebPage\",\"@id\":\"https:\\\/\\\/elkunoviz.org\\\/es\\\/armonizacion-del-habitat-old\\\/\",\"url\":\"https:\\\/\\\/elkunoviz.org\\\/es\\\/armonizacion-del-habitat-old\\\/\",\"name\":\"Armonizaci\u00f3n del h\u00e1bitat \u2022 Charlene & Pjotr Elkunoviz\",\"isPartOf\":{\"@id\":\"https:\\\/\\\/elkunoviz.org\\\/es\\\/#website\"},\"datePublished\":\"2017-05-04T11:50:39+00:00\",\"dateModified\":\"2023-08-16T07:47:02+00:00\",\"description\":\"Armonizaci\u00f3n y clarificaci\u00f3n de los espacios de vida y de trabajo, recomendables luego del Realineamiento Espiritual.\",\"breadcrumb\":{\"@id\":\"https:\\\/\\\/elkunoviz.org\\\/es\\\/armonizacion-del-habitat-old\\\/#breadcrumb\"},\"inLanguage\":\"es\",\"potentialAction\":[{\"@type\":\"ReadAction\",\"target\":[\"https:\\\/\\\/elkunoviz.org\\\/es\\\/armonizacion-del-habitat-old\\\/\"]}]},{\"@type\":\"BreadcrumbList\",\"@id\":\"https:\\\/\\\/elkunoviz.org\\\/es\\\/armonizacion-del-habitat-old\\\/#breadcrumb\",\"itemListElement\":[{\"@type\":\"ListItem\",\"position\":1,\"name\":\"Home\",\"item\":\"https:\\\/\\\/elkunoviz.org\\\/es\\\/\"},{\"@type\":\"ListItem\",\"position\":2,\"name\":\"Armonizaci\u00f3n del h\u00e1bitat OLD\"}]},{\"@type\":\"WebSite\",\"@id\":\"https:\\\/\\\/elkunoviz.org\\\/es\\\/#website\",\"url\":\"https:\\\/\\\/elkunoviz.org\\\/es\\\/\",\"name\":\"Elkunoviz\",\"description\":\"Allumfassende Heilung\",\"publisher\":{\"@id\":\"https:\\\/\\\/elkunoviz.org\\\/es\\\/#organization\"},\"potentialAction\":[{\"@type\":\"SearchAction\",\"target\":{\"@type\":\"EntryPoint\",\"urlTemplate\":\"https:\\\/\\\/elkunoviz.org\\\/es\\\/?s={search_term_string}\"},\"query-input\":{\"@type\":\"PropertyValueSpecification\",\"valueRequired\":true,\"valueName\":\"search_term_string\"}}],\"inLanguage\":\"es\"},{\"@type\":\"Organization\",\"@id\":\"https:\\\/\\\/elkunoviz.org\\\/es\\\/#organization\",\"name\":\"Pjotr Elkunoviz \u2013 Allumfassende Heilung durch den Geist\",\"url\":\"https:\\\/\\\/elkunoviz.org\\\/es\\\/\",\"logo\":{\"@type\":\"ImageObject\",\"inLanguage\":\"es\",\"@id\":\"https:\\\/\\\/elkunoviz.org\\\/es\\\/#\\\/schema\\\/logo\\\/image\\\/\",\"url\":\"https:\\\/\\\/elkunoviz.org\\\/wp-content\\\/uploads\\\/2023\\\/07\\\/logo.png\",\"contentUrl\":\"https:\\\/\\\/elkunoviz.org\\\/wp-content\\\/uploads\\\/2023\\\/07\\\/logo.png\",\"width\":192,\"height\":194,\"caption\":\"Pjotr Elkunoviz \u2013 Allumfassende Heilung durch den Geist\"},\"image\":{\"@id\":\"https:\\\/\\\/elkunoviz.org\\\/es\\\/#\\\/schema\\\/logo\\\/image\\\/\"},\"sameAs\":[\"https:\\\/\\\/www.facebook.com\\\/Elkunoviz\\\/\",\"https:\\\/\\\/www.youtube.com\\\/channel\\\/UCrSjEuxgm3q8hGCVX3CG5vg\"]}]}<\/script>\n<!-- \/ Yoast SEO plugin. -->","yoast_head_json":{"title":"Armonizaci\u00f3n del h\u00e1bitat \u2022 Charlene & Pjotr Elkunoviz","description":"Armonizaci\u00f3n y clarificaci\u00f3n de los espacios de vida y de trabajo, recomendables luego del Realineamiento Espiritual.","robots":{"index":"index","follow":"follow","max-snippet":"max-snippet:-1","max-image-preview":"max-image-preview:large","max-video-preview":"max-video-preview:-1"},"canonical":"https:\/\/elkunoviz.org\/es\/armonizacion-del-habitat-old\/","og_locale":"es_ES","og_type":"article","og_title":"Armonizaci\u00f3n del h\u00e1bitat \u2022 Charlene & Pjotr Elkunoviz","og_description":"Armonizaci\u00f3n y clarificaci\u00f3n de los espacios de vida y de trabajo, recomendables luego del Realineamiento Espiritual.","og_url":"https:\/\/elkunoviz.org\/es\/armonizacion-del-habitat-old\/","og_site_name":"Elkunoviz","article_publisher":"https:\/\/www.facebook.com\/Elkunoviz\/","article_modified_time":"2023-08-16T07:47:02+00:00","twitter_card":"summary_large_image","twitter_misc":{"Tiempo de lectura":"3 minutos"},"schema":{"@context":"https:\/\/schema.org","@graph":[{"@type":"WebPage","@id":"https:\/\/elkunoviz.org\/es\/armonizacion-del-habitat-old\/","url":"https:\/\/elkunoviz.org\/es\/armonizacion-del-habitat-old\/","name":"Armonizaci\u00f3n del h\u00e1bitat \u2022 Charlene & Pjotr Elkunoviz","isPartOf":{"@id":"https:\/\/elkunoviz.org\/es\/#website"},"datePublished":"2017-05-04T11:50:39+00:00","dateModified":"2023-08-16T07:47:02+00:00","description":"Armonizaci\u00f3n y clarificaci\u00f3n de los espacios de vida y de trabajo, recomendables luego del Realineamiento Espiritual.","breadcrumb":{"@id":"https:\/\/elkunoviz.org\/es\/armonizacion-del-habitat-old\/#breadcrumb"},"inLanguage":"es","potentialAction":[{"@type":"ReadAction","target":["https:\/\/elkunoviz.org\/es\/armonizacion-del-habitat-old\/"]}]},{"@type":"BreadcrumbList","@id":"https:\/\/elkunoviz.org\/es\/armonizacion-del-habitat-old\/#breadcrumb","itemListElement":[{"@type":"ListItem","position":1,"name":"Home","item":"https:\/\/elkunoviz.org\/es\/"},{"@type":"ListItem","position":2,"name":"Armonizaci\u00f3n del h\u00e1bitat OLD"}]},{"@type":"WebSite","@id":"https:\/\/elkunoviz.org\/es\/#website","url":"https:\/\/elkunoviz.org\/es\/","name":"Elkunoviz","description":"Allumfassende Heilung","publisher":{"@id":"https:\/\/elkunoviz.org\/es\/#organization"},"potentialAction":[{"@type":"SearchAction","target":{"@type":"EntryPoint","urlTemplate":"https:\/\/elkunoviz.org\/es\/?s={search_term_string}"},"query-input":{"@type":"PropertyValueSpecification","valueRequired":true,"valueName":"search_term_string"}}],"inLanguage":"es"},{"@type":"Organization","@id":"https:\/\/elkunoviz.org\/es\/#organization","name":"Pjotr Elkunoviz \u2013 Allumfassende Heilung durch den Geist","url":"https:\/\/elkunoviz.org\/es\/","logo":{"@type":"ImageObject","inLanguage":"es","@id":"https:\/\/elkunoviz.org\/es\/#\/schema\/logo\/image\/","url":"https:\/\/elkunoviz.org\/wp-content\/uploads\/2023\/07\/logo.png","contentUrl":"https:\/\/elkunoviz.org\/wp-content\/uploads\/2023\/07\/logo.png","width":192,"height":194,"caption":"Pjotr Elkunoviz \u2013 Allumfassende Heilung durch den Geist"},"image":{"@id":"https:\/\/elkunoviz.org\/es\/#\/schema\/logo\/image\/"},"sameAs":["https:\/\/www.facebook.com\/Elkunoviz\/","https:\/\/www.youtube.com\/channel\/UCrSjEuxgm3q8hGCVX3CG5vg"]}]}},"_links":{"self":[{"href":"https:\/\/elkunoviz.org\/es\/wp-json\/wp\/v2\/pages\/1674","targetHints":{"allow":["GET"]}}],"collection":[{"href":"https:\/\/elkunoviz.org\/es\/wp-json\/wp\/v2\/pages"}],"about":[{"href":"https:\/\/elkunoviz.org\/es\/wp-json\/wp\/v2\/types\/page"}],"author":[{"embeddable":true,"href":"https:\/\/elkunoviz.org\/es\/wp-json\/wp\/v2\/users\/8"}],"replies":[{"embeddable":true,"href":"https:\/\/elkunoviz.org\/es\/wp-json\/wp\/v2\/comments?post=1674"}],"version-history":[{"count":2,"href":"https:\/\/elkunoviz.org\/es\/wp-json\/wp\/v2\/pages\/1674\/revisions"}],"predecessor-version":[{"id":12911,"href":"https:\/\/elkunoviz.org\/es\/wp-json\/wp\/v2\/pages\/1674\/revisions\/12911"}],"wp:attachment":[{"href":"https:\/\/elkunoviz.org\/es\/wp-json\/wp\/v2\/media?parent=1674"}],"curies":[{"name":"wp","href":"https:\/\/api.w.org\/{rel}","templated":true}]}}