{"id":1716,"date":"2017-05-04T13:59:04","date_gmt":"2017-05-04T13:59:04","guid":{"rendered":"http:\/\/elkunoviz.org\/unsere-mission\/"},"modified":"2025-12-05T16:55:14","modified_gmt":"2025-12-05T15:55:14","slug":"nuestra-mision","status":"publish","type":"page","link":"https:\/\/elkunoviz.org\/es\/nuestra-mision\/","title":{"rendered":"Nuestra misi\u00f3n"},"content":{"rendered":"<p>[et_pb_section fb_built=\u00bb1&#8243; admin_label=\u00bbsection\u00bb _builder_version=\u00bb4.16&#8243; global_colors_info=\u00bb{}\u00bb][et_pb_row admin_label=\u00bbrow\u00bb _builder_version=\u00bb4.16&#8243; background_size=\u00bbinitial\u00bb background_position=\u00bbtop_left\u00bb background_repeat=\u00bbrepeat\u00bb global_colors_info=\u00bb{}\u00bb][et_pb_column type=\u00bb4_4&#8243; _builder_version=\u00bb4.16&#8243; custom_padding=\u00bb|||\u00bb global_colors_info=\u00bb{}\u00bb custom_padding__hover=\u00bb|||\u00bb][et_pb_text admin_label=\u00bbTitle\u00bb _builder_version=\u00bb4.16&#8243; background_size=\u00bbinitial\u00bb background_position=\u00bbtop_left\u00bb background_repeat=\u00bbrepeat\u00bb use_border_color=\u00bboff\u00bb border_color=\u00bb#ffffff\u00bb border_style=\u00bbsolid\u00bb global_colors_info=\u00bb{}\u00bb]<\/p>\n<h1>Nuestra misi\u00f3n<\/h1>\n<p>[\/et_pb_text][et_pb_image src=\u00bbhttps:\/\/elkunoviz.org\/wp-content\/uploads\/2023\/07\/elk_mission1.jpg\u00bb alt=\u00bbgeistiges Heilen global\u00bb title_text=\u00bbelk_mission1&#8243; align_tablet=\u00bbcenter\u00bb align_phone=\u00bbcenter\u00bb align_last_edited=\u00bbon|desktop\u00bb admin_label=\u00bbImage\u00bb _builder_version=\u00bb4.21.0&#8243; use_border_color=\u00bboff\u00bb border_color=\u00bb#ffffff\u00bb border_style=\u00bbsolid\u00bb animation=\u00bboff\u00bb sticky=\u00bboff\u00bb always_center_on_mobile=\u00bbon\u00bb global_colors_info=\u00bb{}\u00bb][\/et_pb_image][\/et_pb_column][\/et_pb_row][\/et_pb_section][et_pb_section fb_built=\u00bb1&#8243; admin_label=\u00bbSection\u00bb _builder_version=\u00bb4.16&#8243; custom_padding=\u00bb0px|||\u00bb transparent_background=\u00bboff\u00bb make_fullwidth=\u00bboff\u00bb use_custom_width=\u00bboff\u00bb width_unit=\u00bbon\u00bb global_colors_info=\u00bb{}\u00bb][et_pb_row admin_label=\u00bbRow\u00bb _builder_version=\u00bb4.21.0&#8243; background_size=\u00bbinitial\u00bb background_position=\u00bbtop_left\u00bb background_repeat=\u00bbrepeat\u00bb width=\u00bb50%\u00bb custom_padding=\u00bb0px|||\u00bb make_fullwidth=\u00bboff\u00bb use_custom_width=\u00bboff\u00bb width_unit=\u00bbon\u00bb global_colors_info=\u00bb{}\u00bb][et_pb_column type=\u00bb4_4&#8243; _builder_version=\u00bb4.16&#8243; custom_padding=\u00bb|||\u00bb global_colors_info=\u00bb{}\u00bb custom_padding__hover=\u00bb|||\u00bb][et_pb_text admin_label=\u00bbText\u00bb _builder_version=\u00bb4.16&#8243; background_size=\u00bbinitial\u00bb background_position=\u00bbtop_left\u00bb background_repeat=\u00bbrepeat\u00bb use_border_color=\u00bboff\u00bb border_color=\u00bb#ffffff\u00bb border_style=\u00bbsolid\u00bb global_colors_info=\u00bb{}\u00bb]<\/p>\n<p>El\u00a0<strong>Realineamiento Espiritual\u00ae\u00a0<\/strong>es de suma importancia. Tambi\u00e9n es un Realineamiento Divino y contiene un mensaje esencial para todos los pueblos de esta tierra. Precisamente porque el mundo parece inseguro y disonante en nuestros tiempos actuales de transici\u00f3n, es importante captar esta maravillosa visi\u00f3n de una fuerza transformadora que inunda nuestro planeta con la luz y la energ\u00eda armonizadora del amor.<\/p>\n<p>Vivimos en una \u00e9poca de grandes iniciaciones para todos los que est\u00e1n en camino hacia Dimensiones Superiores. Tome este mensaje con alegr\u00eda y coraje. Se\u00f1ala el camino hacia una\u00a0<strong>nueva era\u00a0<\/strong>y demuestra que todos tenemos que contribuir a la verdadera historia del desarrollo humano. Tan pronto como todo vuelva al camino correcto, llegar\u00e1 el d\u00eda en que todos los hombres podr\u00e1n disfrutar juntos de los milagros del Realineamiento Espiritual en la Creaci\u00f3n.<\/p>\n<p>[\/et_pb_text][et_pb_text admin_label=\u00bbText\u00bb _builder_version=\u00bb4.16&#8243; background_size=\u00bbinitial\u00bb background_position=\u00bbtop_left\u00bb background_repeat=\u00bbrepeat\u00bb use_border_color=\u00bboff\u00bb border_color=\u00bb#ffffff\u00bb border_style=\u00bbsolid\u00bb global_colors_info=\u00bb{}\u00bb]<\/p>\n<p><strong>El Realineamiento Espiritual es la Divina Misericordia, es un medio para liberar al hombre de todas las causas negativas autoimpuestas de guerras, enfermedades, dolor y sufrimiento.<\/strong>\u00a0Los seres humanos no son capaces por si solos de eliminar sus desgracias. Solo la Gracia de Dios es capaz de acelerar la evoluci\u00f3n de los seres humanos. \u00a1El\u00a0<em>Realineamiento Espiritual<\/em>\u00a0nos hace ver, reconocer y cambiar la conciencia del individuo y, por lo tanto, del mundo!<\/p>\n<p>Nuestra misi\u00f3n es ayudar a todas las personas, independientemente de su diversidad y de su origen, a crear un nuevo estado de conciencia. Con este fin, nosotros, Pjotr y Charlene, les hablamos a todos de tal manera que nos puedan entender. Aquellas personas aprender\u00e1n a traducir esta conciencia al lenguaje de sus respectivas culturas. Debemos forjar herramientas de comprensi\u00f3n,\u00a0<strong>que liberar\u00e1n al mundo de las cadenas del pasado<\/strong>. Todav\u00eda hay mucho por hacer. La humanidad recibir\u00e1 gracias al Realineamiento Espiritual nuevas energ\u00edas, la bendici\u00f3n y los nutrientes contenidos en la perfecci\u00f3n del ser divino, del espacio y del estado intemporal, de lo absoluto.<\/p>\n<p>[\/et_pb_text][et_pb_text admin_label=\u00bbDas Bewusste Sein des Menschen\u00bb _builder_version=\u00bb4.21.0&#8243; background_size=\u00bbinitial\u00bb background_position=\u00bbtop_left\u00bb background_repeat=\u00bbrepeat\u00bb use_border_color=\u00bboff\u00bb border_color=\u00bb#ffffff\u00bb border_style=\u00bbsolid\u00bb global_colors_info=\u00bb{}\u00bb]<\/p>\n<h2>El estado consciente del ser humano<\/h2>\n<p>Nuestra misi\u00f3n es acompa\u00f1ar a los seres humanos en su camino de sanaci\u00f3n hacia el SER consciente. Todos deber\u00edan reconocer su fuerza creadora y utilizarla conscientemente para el bien de todos. Esto sucede s\u00f3lo cuando los pensamientos, sentimientos y acciones est\u00e1n en armon\u00eda y se respetan las leyes espirituales.<\/p>\n<p>\u00a1Usted tambi\u00e9n puede aportar mucho!<\/p>\n<p>[\/et_pb_text][et_pb_image src=\u00bbhttps:\/\/elkunoviz.org\/wp-content\/uploads\/2023\/07\/elk_mission3.jpg\u00bb alt=\u00bbGeistiges Heilen Landschaft\u00bb title_text=\u00bbelk_mission3&#8243; align_tablet=\u00bbcenter\u00bb align_phone=\u00bbcenter\u00bb align_last_edited=\u00bbon|desktop\u00bb admin_label=\u00bbImage\u00bb _builder_version=\u00bb4.21.0&#8243; use_border_color=\u00bboff\u00bb border_color=\u00bb#ffffff\u00bb border_style=\u00bbsolid\u00bb animation=\u00bboff\u00bb sticky=\u00bboff\u00bb always_center_on_mobile=\u00bbon\u00bb global_colors_info=\u00bb{}\u00bb][\/et_pb_image][et_pb_text admin_label=\u00bbText\u00bb _builder_version=\u00bb4.21.0&#8243; background_size=\u00bbinitial\u00bb background_position=\u00bbtop_left\u00bb background_repeat=\u00bbrepeat\u00bb use_border_color=\u00bboff\u00bb border_color=\u00bb#ffffff\u00bb border_style=\u00bbsolid\u00bb global_colors_info=\u00bb{}\u00bb]<\/p>\n<p>Esto significa,<\/p>\n<ul>\n<li><strong>que usted pueda crear la paz en su propia familia.<\/strong>\u00a0Esto no siempre es f\u00e1cil, pero es posible porque all\u00ed donde hay una voluntad hay un camino. Armon\u00eda en la familia es un paso esencial hacia la armon\u00eda en el mundo.<\/li>\n<li><strong>que usted se nutra saludablemente,<\/strong>\u00a0pues un ser humano es lo que come.\u00a1No todo es saludable!<br \/>El cuerpo humano est\u00e1 dise\u00f1ado para alimentarse de plantas y frutos de la tierra. Muchas personas ya lo han percibido y estamos seguros de que este proceso continuar\u00e1 imparablemente. Ya Leonardo da Vinci, que prefer\u00eda la dieta vegetariana, lo expres\u00f3 as\u00ed: \u201cMientras sigan habiendo mataderos en la tierra seguir\u00e1n habiendo campos de batalla.\u201d<\/li>\n<li><strong>\u00a1no desperdicie nada!<\/strong>\u00a0No tire comida, no desperdicie agua, aunque tenga suficiente, no deje la luz prendida innecesariamente en su casa, oficina, etc. Cada vez m\u00e1s fabricantes y empresas del sector de servicios est\u00e1n abordando este tema. Usted tambi\u00e9n puede contribuir a ello.<\/li>\n<li><strong>sea cuidadoso con la naturaleza<\/strong>, cada ecosistema es tambi\u00e9n un h\u00e1bitat para muchas especies de animales y plantas. Cuando el hombre interfiere en la naturaleza con contaminaci\u00f3n, ruido o destrucci\u00f3n, el ciclo natural se interrumpe, lo que tarde o temprano tiene consecuencias para la humanidad. Deber\u00eda pensar en esto antes de actuar imprudentemente.<\/li>\n<li><strong>dese cuenta de que todos somos co-creadores.<\/strong>\u00a0La creatividad de cada individuo se requiere para abandonar viejos componentes y maneras de proceder para crear algo NUEVO, que proteja eficazmente nuestra madre tierra.<\/li>\n<\/ul>\n<h4>Ese es nuestro mensaje y es parte de nuestra misi\u00f3n y forma de vivir.<\/h4>\n<p>Las personas y las familias con sus diversos estilos de vida en el cuidado de la salud, empresas en el campo econ\u00f3mico y cient\u00edfico, los pol\u00edticos, los deportistas, etc., conf\u00edan en nuestra sanidad bendita y estaremos contentos si usted alg\u00fan d\u00eda nos encuentra.<\/p>\n<p>Hasta entonces nos despedimos con saludos llenos de Luz.<\/p>\n<p><em><span style=\"color: #b942b7;\">Pjotr y Charlene Elkunoviz<\/span><\/em><\/p>\n<p>[\/et_pb_text][\/et_pb_column][\/et_pb_row][\/et_pb_section][et_pb_section fb_built=\u00bb1&#8243; _builder_version=\u00bb4.21.0&#8243; _module_preset=\u00bb73e3f740-8efa-4583-b8bd-c2faeea8dfca\u00bb transparent_background=\u00bboff\u00bb make_fullwidth=\u00bboff\u00bb use_custom_width=\u00bboff\u00bb width_unit=\u00bbon\u00bb global_module=\u00bb11582&#8243; saved_tabs=\u00bball\u00bb global_colors_info=\u00bb{}\u00bb][et_pb_row column_structure=\u00bb2_3,1_3&#8243; _builder_version=\u00bb4.21.0&#8243; background_size=\u00bbinitial\u00bb background_position=\u00bbtop_left\u00bb background_repeat=\u00bbrepeat\u00bb min_height=\u00bb64.2px\u00bb custom_padding=\u00bb0px|||||\u00bb global_colors_info=\u00bb{}\u00bb][et_pb_column type=\u00bb2_3&#8243; _builder_version=\u00bb4.21.0&#8243; custom_padding=\u00bb|||\u00bb global_colors_info=\u00bb{}\u00bb custom_padding__hover=\u00bb|||\u00bb][et_pb_text _builder_version=\u00bb4.21.0&#8243; _module_preset=\u00bbdefault\u00bb text_text_color=\u00bb#FFFFFF\u00bb header_4_text_color=\u00bb#f4e2f5&#8243; background_layout=\u00bbdark\u00bb global_colors_info=\u00bb{}\u00bb]<\/p>\n<h2 class=\"h2--newsletter\">Suscr\u00edbete a Nuestro Bolet\u00edn de Vida Consciente<\/h2>\n<p>Nuestro bolet\u00edn ofrece ideas curativas para la vida cotidiana, inspiraci\u00f3n en temas espirituales y recordatorios de eventos y actividades de sanaci\u00f3n. Recibir\u00e1s actualizaciones de nosotros en intervalos irregulares. Por favor, suscr\u00edbete a nuestro bolet\u00edn y puedes darte de baja en cualquier momento, por ejemplo, a trav\u00e9s de un enlace en el bolet\u00edn.<\/p>\n<p>[\/et_pb_text][\/et_pb_column][et_pb_column type=\u00bb1_3&#8243; _builder_version=\u00bb4.16&#8243; custom_padding=\u00bb|||\u00bb global_colors_info=\u00bb{}\u00bb custom_padding__hover=\u00bb|||\u00bb][et_pb_code module_class=\u00bbnewsletter-form\u00bb _builder_version=\u00bb4.21.0&#8243; global_colors_info=\u00bb{}\u00bb]<script>(function() {\n\twindow.mc4wp = window.mc4wp || {\n\t\tlisteners: [],\n\t\tforms: {\n\t\t\ton: function(evt, cb) {\n\t\t\t\twindow.mc4wp.listeners.push(\n\t\t\t\t\t{\n\t\t\t\t\t\tevent   : evt,\n\t\t\t\t\t\tcallback: cb\n\t\t\t\t\t}\n\t\t\t\t);\n\t\t\t}\n\t\t}\n\t}\n})();\n<\/script><!-- Mailchimp for WordPress v4.12.1 - https:\/\/wordpress.org\/plugins\/mailchimp-for-wp\/ --><form id=\"mc4wp-form-1\" class=\"mc4wp-form mc4wp-form-13204 mc4wp-ajax\" method=\"post\" data-id=\"13204\" data-name=\"Mailchimp Newsletter ES\" ><div class=\"mc4wp-form-fields\"><div><input type=\"text\" name=\"FNAME\" placeholder=\"Nombre\"><\/div>\r\n<div><input type=\"email\" name=\"email\" placeholder=\"Direcci\u00f3n de correo electr\u00f3nico\" required=\"\"><\/div>\r\n<div class=\"mc4wp-dropdown-wrapper\">\r\n  <label for=\"language-select\">Idioma:<\/label>\r\n  <select name=\"INTERESTS[00ce8103c5]\" id=\"language-select\" required=\"\">\r\n        <option value=\"87669c16a0\" selected=\"true\">Espa\u00f1ol<\/option>\r\n    <option value=\"bb411d99f7\">Deutsch<\/option>\r\n        <option value=\"0b2ad157c6\">English<\/option>\r\n        <option value=\"5f9c1fe271\">\u0420\u0443\u0441\u0441\u043a\u0438\u0439<\/option>\r\n        <option value=\"7fdafb1d82\">Italiano<\/option>\r\n        <option value=\"aa3889186a\">Latvie\u0161u<\/option>\r\n        <option value=\"d0c9f01167\">Lietuvos<\/option>\r\n  <\/select>\r\n<\/div>\r\n<fieldset>\r\n  <legend class=\"mc4wp-legend\">Intereses:<\/legend>\r\n  <label>\r\n    <input type=\"checkbox\" name=\"INTERESTS[c247eb75b8][]\" value=\"cb344cfb20\">\r\n    <span> Impulsos del d\u00eda<\/span>\r\n  <\/label>\r\n  <label>\r\n    <input type=\"checkbox\" name=\"INTERESTS[c247eb75b8][]\" value=\"1ee1f1c268\">\r\n    <span> Noticias<\/span>\r\n  <\/label>\r\n  <label>\r\n    <input type=\"checkbox\" name=\"INTERESTS[c247eb75b8][]\" value=\"68c933c223\">\r\n    <span> Seminarios<\/span>\r\n  <\/label>\r\n  <label>\r\n    <input type=\"checkbox\" name=\"INTERESTS[c247eb75b8][]\" value=\"d71259545e\">\r\n    <span> Ofertas de Sanaci\u00f3n<\/span><\/label>\r\n  <label>\r\n    <input type=\"checkbox\" name=\"INTERESTS[c247eb75b8][]\" value=\"5110647ad5\">\r\n    <span> Tratamiento para mascotas<\/span>\r\n  <\/label>\r\n<\/fieldset>\r\n<input class=\"newsletter__submit\" type=\"submit\" value=\"Suscribirse\"><\/div><label style=\"display: none !important;\">Deja vac\u00edo este campo si eres humano: <input type=\"text\" name=\"_mc4wp_honeypot\" value=\"\" tabindex=\"-1\" autocomplete=\"off\" \/><\/label><input type=\"hidden\" name=\"_mc4wp_timestamp\" value=\"1776676257\" \/><input type=\"hidden\" name=\"_mc4wp_form_id\" value=\"13204\" \/><input type=\"hidden\" name=\"_mc4wp_form_element_id\" value=\"mc4wp-form-1\" \/><div class=\"mc4wp-response\"><\/div><\/form><!-- \/ Mailchimp for WordPress Plugin -->[\/et_pb_code][\/et_pb_column][\/et_pb_row][\/et_pb_section]<\/p>\n","protected":false},"excerpt":{"rendered":"<p>Nuestra misi\u00f3n El\u00a0Realineamiento Espiritual\u00ae\u00a0es de suma importancia. Tambi\u00e9n es un Realineamiento Divino y contiene un mensaje esencial para todos los pueblos de esta tierra. Precisamente porque el mundo parece inseguro y disonante en nuestros tiempos actuales de transici\u00f3n, es importante captar esta maravillosa visi\u00f3n de una fuerza transformadora que inunda nuestro planeta con la luz [&hellip;]<\/p>\n","protected":false},"author":8,"featured_media":0,"parent":0,"menu_order":0,"comment_status":"closed","ping_status":"closed","template":"","meta":{"_et_pb_use_builder":"on","_et_pb_old_content":"","_et_gb_content_width":"","inline_featured_image":false,"footnotes":""},"class_list":["post-1716","page","type-page","status-publish","hentry"],"yoast_head":"<!-- This site is optimized with the Yoast SEO plugin v27.4 - https:\/\/yoast.com\/product\/yoast-seo-wordpress\/ -->\n<title>Geistiges Heilen \u2022 Die Mission von Charlene und Pjotr Elkunoviz<\/title>\n<meta name=\"description\" content=\"Geistiges Heilen durch die Geistige Aufrichtung\u00ae ist die Mission von Charlene und Pjotr Elkunoviz. Erfahren Sie hier mehr \u00fcber ihre Beweggr\u00fcnde!\" \/>\n<meta name=\"robots\" content=\"index, follow, max-snippet:-1, max-image-preview:large, max-video-preview:-1\" \/>\n<link rel=\"canonical\" href=\"https:\/\/elkunoviz.org\/es\/nuestra-mision\/\" \/>\n<meta property=\"og:locale\" content=\"es_ES\" \/>\n<meta property=\"og:type\" content=\"article\" \/>\n<meta property=\"og:title\" content=\"Geistiges Heilen \u2022 Die Mission von Charlene und Pjotr Elkunoviz\" \/>\n<meta property=\"og:description\" content=\"Geistiges Heilen durch die Geistige Aufrichtung\u00ae ist die Mission von Charlene und Pjotr Elkunoviz. Erfahren Sie hier mehr \u00fcber ihre Beweggr\u00fcnde!\" \/>\n<meta property=\"og:url\" content=\"https:\/\/elkunoviz.org\/es\/nuestra-mision\/\" \/>\n<meta property=\"og:site_name\" content=\"Elkunoviz\" \/>\n<meta property=\"article:publisher\" content=\"https:\/\/www.facebook.com\/Elkunoviz\/\" \/>\n<meta property=\"article:modified_time\" content=\"2025-12-05T15:55:14+00:00\" \/>\n<meta name=\"twitter:card\" content=\"summary_large_image\" \/>\n<meta name=\"twitter:label1\" content=\"Tiempo de lectura\" \/>\n\t<meta name=\"twitter:data1\" content=\"7 minutos\" \/>\n<script type=\"application\/ld+json\" class=\"yoast-schema-graph\">{\"@context\":\"https:\\\/\\\/schema.org\",\"@graph\":[{\"@type\":\"WebPage\",\"@id\":\"https:\\\/\\\/elkunoviz.org\\\/es\\\/nuestra-mision\\\/\",\"url\":\"https:\\\/\\\/elkunoviz.org\\\/es\\\/nuestra-mision\\\/\",\"name\":\"Geistiges Heilen \u2022 Die Mission von Charlene und Pjotr Elkunoviz\",\"isPartOf\":{\"@id\":\"https:\\\/\\\/elkunoviz.org\\\/es\\\/#website\"},\"datePublished\":\"2017-05-04T13:59:04+00:00\",\"dateModified\":\"2025-12-05T15:55:14+00:00\",\"description\":\"Geistiges Heilen durch die Geistige Aufrichtung\u00ae ist die Mission von Charlene und Pjotr Elkunoviz. Erfahren Sie hier mehr \u00fcber ihre Beweggr\u00fcnde!\",\"breadcrumb\":{\"@id\":\"https:\\\/\\\/elkunoviz.org\\\/es\\\/nuestra-mision\\\/#breadcrumb\"},\"inLanguage\":\"es\",\"potentialAction\":[{\"@type\":\"ReadAction\",\"target\":[\"https:\\\/\\\/elkunoviz.org\\\/es\\\/nuestra-mision\\\/\"]}]},{\"@type\":\"BreadcrumbList\",\"@id\":\"https:\\\/\\\/elkunoviz.org\\\/es\\\/nuestra-mision\\\/#breadcrumb\",\"itemListElement\":[{\"@type\":\"ListItem\",\"position\":1,\"name\":\"Home\",\"item\":\"https:\\\/\\\/elkunoviz.org\\\/es\\\/\"},{\"@type\":\"ListItem\",\"position\":2,\"name\":\"Nuestra misi\u00f3n\"}]},{\"@type\":\"WebSite\",\"@id\":\"https:\\\/\\\/elkunoviz.org\\\/es\\\/#website\",\"url\":\"https:\\\/\\\/elkunoviz.org\\\/es\\\/\",\"name\":\"Elkunoviz\",\"description\":\"Allumfassende Heilung\",\"publisher\":{\"@id\":\"https:\\\/\\\/elkunoviz.org\\\/es\\\/#organization\"},\"potentialAction\":[{\"@type\":\"SearchAction\",\"target\":{\"@type\":\"EntryPoint\",\"urlTemplate\":\"https:\\\/\\\/elkunoviz.org\\\/es\\\/?s={search_term_string}\"},\"query-input\":{\"@type\":\"PropertyValueSpecification\",\"valueRequired\":true,\"valueName\":\"search_term_string\"}}],\"inLanguage\":\"es\"},{\"@type\":\"Organization\",\"@id\":\"https:\\\/\\\/elkunoviz.org\\\/es\\\/#organization\",\"name\":\"Pjotr Elkunoviz \u2013 Allumfassende Heilung durch den Geist\",\"url\":\"https:\\\/\\\/elkunoviz.org\\\/es\\\/\",\"logo\":{\"@type\":\"ImageObject\",\"inLanguage\":\"es\",\"@id\":\"https:\\\/\\\/elkunoviz.org\\\/es\\\/#\\\/schema\\\/logo\\\/image\\\/\",\"url\":\"https:\\\/\\\/elkunoviz.org\\\/wp-content\\\/uploads\\\/2023\\\/07\\\/logo.png\",\"contentUrl\":\"https:\\\/\\\/elkunoviz.org\\\/wp-content\\\/uploads\\\/2023\\\/07\\\/logo.png\",\"width\":192,\"height\":194,\"caption\":\"Pjotr Elkunoviz \u2013 Allumfassende Heilung durch den Geist\"},\"image\":{\"@id\":\"https:\\\/\\\/elkunoviz.org\\\/es\\\/#\\\/schema\\\/logo\\\/image\\\/\"},\"sameAs\":[\"https:\\\/\\\/www.facebook.com\\\/Elkunoviz\\\/\",\"https:\\\/\\\/www.youtube.com\\\/channel\\\/UCrSjEuxgm3q8hGCVX3CG5vg\"]}]}<\/script>\n<!-- \/ Yoast SEO plugin. -->","yoast_head_json":{"title":"Geistiges Heilen \u2022 Die Mission von Charlene und Pjotr Elkunoviz","description":"Geistiges Heilen durch die Geistige Aufrichtung\u00ae ist die Mission von Charlene und Pjotr Elkunoviz. Erfahren Sie hier mehr \u00fcber ihre Beweggr\u00fcnde!","robots":{"index":"index","follow":"follow","max-snippet":"max-snippet:-1","max-image-preview":"max-image-preview:large","max-video-preview":"max-video-preview:-1"},"canonical":"https:\/\/elkunoviz.org\/es\/nuestra-mision\/","og_locale":"es_ES","og_type":"article","og_title":"Geistiges Heilen \u2022 Die Mission von Charlene und Pjotr Elkunoviz","og_description":"Geistiges Heilen durch die Geistige Aufrichtung\u00ae ist die Mission von Charlene und Pjotr Elkunoviz. Erfahren Sie hier mehr \u00fcber ihre Beweggr\u00fcnde!","og_url":"https:\/\/elkunoviz.org\/es\/nuestra-mision\/","og_site_name":"Elkunoviz","article_publisher":"https:\/\/www.facebook.com\/Elkunoviz\/","article_modified_time":"2025-12-05T15:55:14+00:00","twitter_card":"summary_large_image","twitter_misc":{"Tiempo de lectura":"7 minutos"},"schema":{"@context":"https:\/\/schema.org","@graph":[{"@type":"WebPage","@id":"https:\/\/elkunoviz.org\/es\/nuestra-mision\/","url":"https:\/\/elkunoviz.org\/es\/nuestra-mision\/","name":"Geistiges Heilen \u2022 Die Mission von Charlene und Pjotr Elkunoviz","isPartOf":{"@id":"https:\/\/elkunoviz.org\/es\/#website"},"datePublished":"2017-05-04T13:59:04+00:00","dateModified":"2025-12-05T15:55:14+00:00","description":"Geistiges Heilen durch die Geistige Aufrichtung\u00ae ist die Mission von Charlene und Pjotr Elkunoviz. Erfahren Sie hier mehr \u00fcber ihre Beweggr\u00fcnde!","breadcrumb":{"@id":"https:\/\/elkunoviz.org\/es\/nuestra-mision\/#breadcrumb"},"inLanguage":"es","potentialAction":[{"@type":"ReadAction","target":["https:\/\/elkunoviz.org\/es\/nuestra-mision\/"]}]},{"@type":"BreadcrumbList","@id":"https:\/\/elkunoviz.org\/es\/nuestra-mision\/#breadcrumb","itemListElement":[{"@type":"ListItem","position":1,"name":"Home","item":"https:\/\/elkunoviz.org\/es\/"},{"@type":"ListItem","position":2,"name":"Nuestra misi\u00f3n"}]},{"@type":"WebSite","@id":"https:\/\/elkunoviz.org\/es\/#website","url":"https:\/\/elkunoviz.org\/es\/","name":"Elkunoviz","description":"Allumfassende Heilung","publisher":{"@id":"https:\/\/elkunoviz.org\/es\/#organization"},"potentialAction":[{"@type":"SearchAction","target":{"@type":"EntryPoint","urlTemplate":"https:\/\/elkunoviz.org\/es\/?s={search_term_string}"},"query-input":{"@type":"PropertyValueSpecification","valueRequired":true,"valueName":"search_term_string"}}],"inLanguage":"es"},{"@type":"Organization","@id":"https:\/\/elkunoviz.org\/es\/#organization","name":"Pjotr Elkunoviz \u2013 Allumfassende Heilung durch den Geist","url":"https:\/\/elkunoviz.org\/es\/","logo":{"@type":"ImageObject","inLanguage":"es","@id":"https:\/\/elkunoviz.org\/es\/#\/schema\/logo\/image\/","url":"https:\/\/elkunoviz.org\/wp-content\/uploads\/2023\/07\/logo.png","contentUrl":"https:\/\/elkunoviz.org\/wp-content\/uploads\/2023\/07\/logo.png","width":192,"height":194,"caption":"Pjotr Elkunoviz \u2013 Allumfassende Heilung durch den Geist"},"image":{"@id":"https:\/\/elkunoviz.org\/es\/#\/schema\/logo\/image\/"},"sameAs":["https:\/\/www.facebook.com\/Elkunoviz\/","https:\/\/www.youtube.com\/channel\/UCrSjEuxgm3q8hGCVX3CG5vg"]}]}},"_links":{"self":[{"href":"https:\/\/elkunoviz.org\/es\/wp-json\/wp\/v2\/pages\/1716","targetHints":{"allow":["GET"]}}],"collection":[{"href":"https:\/\/elkunoviz.org\/es\/wp-json\/wp\/v2\/pages"}],"about":[{"href":"https:\/\/elkunoviz.org\/es\/wp-json\/wp\/v2\/types\/page"}],"author":[{"embeddable":true,"href":"https:\/\/elkunoviz.org\/es\/wp-json\/wp\/v2\/users\/8"}],"replies":[{"embeddable":true,"href":"https:\/\/elkunoviz.org\/es\/wp-json\/wp\/v2\/comments?post=1716"}],"version-history":[{"count":4,"href":"https:\/\/elkunoviz.org\/es\/wp-json\/wp\/v2\/pages\/1716\/revisions"}],"predecessor-version":[{"id":13629,"href":"https:\/\/elkunoviz.org\/es\/wp-json\/wp\/v2\/pages\/1716\/revisions\/13629"}],"wp:attachment":[{"href":"https:\/\/elkunoviz.org\/es\/wp-json\/wp\/v2\/media?parent=1716"}],"curies":[{"name":"wp","href":"https:\/\/api.w.org\/{rel}","templated":true}]}}