{"id":1720,"date":"2017-05-04T13:56:51","date_gmt":"2017-05-04T13:56:51","guid":{"rendered":"http:\/\/elkunoviz.org\/berichte\/"},"modified":"2023-08-15T12:31:31","modified_gmt":"2023-08-15T10:31:31","slug":"lo-que-la-gente-relata","status":"publish","type":"page","link":"https:\/\/elkunoviz.org\/es\/lo-que-la-gente-relata\/","title":{"rendered":"Lo que la gente relata"},"content":{"rendered":"<p>[et_pb_section fb_built=\u00bb1&#8243; admin_label=\u00bbsection\u00bb _builder_version=\u00bb4.16&#8243; global_colors_info=\u00bb{}\u00bb][et_pb_row admin_label=\u00bbrow\u00bb _builder_version=\u00bb4.21.0&#8243; background_size=\u00bbinitial\u00bb background_position=\u00bbtop_left\u00bb background_repeat=\u00bbrepeat\u00bb max_width=\u00bb900px\u00bb module_alignment=\u00bbcenter\u00bb global_colors_info=\u00bb{}\u00bb][et_pb_column type=\u00bb4_4&#8243; _builder_version=\u00bb4.16&#8243; custom_padding=\u00bb|||\u00bb global_colors_info=\u00bb{}\u00bb custom_padding__hover=\u00bb|||\u00bb][et_pb_text admin_label=\u00bbTitle\u00bb _builder_version=\u00bb4.16&#8243; background_size=\u00bbinitial\u00bb background_position=\u00bbtop_left\u00bb background_repeat=\u00bbrepeat\u00bb use_border_color=\u00bboff\u00bb border_color=\u00bb#ffffff\u00bb border_style=\u00bbsolid\u00bb global_colors_info=\u00bb{}\u00bb]<\/p>\n<div class=\"et_pb_module et_pb_text et_pb_text_0  et_pb_text_align_left et_pb_bg_layout_light\">\n<div class=\"et_pb_text_inner\">\n<h1>Lo que la gente relata<\/h1>\n<\/div>\n<\/div>\n<p>[\/et_pb_text][et_pb_image src=\u00bbhttps:\/\/elkunoviz.org\/wp-content\/uploads\/2023\/07\/elk_erfahrungsberichte1.jpg\u00bb alt=\u00bbGeistheiler Erfahrungsberichte Dankesch\u00f6n\u00bb title_text=\u00bbelk_erfahrungsberichte1&#8243; align_tablet=\u00bbcenter\u00bb align_phone=\u00bbcenter\u00bb align_last_edited=\u00bbon|desktop\u00bb admin_label=\u00bbImage\u00bb _builder_version=\u00bb4.21.0&#8243; module_alignment=\u00bbcenter\u00bb use_border_color=\u00bboff\u00bb border_color=\u00bb#ffffff\u00bb border_style=\u00bbsolid\u00bb animation=\u00bboff\u00bb sticky=\u00bboff\u00bb always_center_on_mobile=\u00bbon\u00bb global_colors_info=\u00bb{}\u00bb][\/et_pb_image][\/et_pb_column][\/et_pb_row][\/et_pb_section][et_pb_section fb_built=\u00bb1&#8243; admin_label=\u00bbSection\u00bb _builder_version=\u00bb4.16&#8243; custom_padding=\u00bb0px|||\u00bb transparent_background=\u00bboff\u00bb make_fullwidth=\u00bboff\u00bb use_custom_width=\u00bboff\u00bb width_unit=\u00bbon\u00bb global_colors_info=\u00bb{}\u00bb][et_pb_row admin_label=\u00bbRow\u00bb _builder_version=\u00bb4.21.0&#8243; background_size=\u00bbinitial\u00bb background_position=\u00bbtop_left\u00bb background_repeat=\u00bbrepeat\u00bb max_width=\u00bb780px\u00bb module_alignment=\u00bbcenter\u00bb custom_padding=\u00bb0px|||\u00bb make_fullwidth=\u00bboff\u00bb use_custom_width=\u00bboff\u00bb width_unit=\u00bbon\u00bb global_colors_info=\u00bb{}\u00bb][et_pb_column type=\u00bb4_4&#8243; _builder_version=\u00bb4.16&#8243; custom_padding=\u00bb|||\u00bb global_colors_info=\u00bb{}\u00bb custom_padding__hover=\u00bb|||\u00bb][et_pb_text admin_label=\u00bbErfahrungen zur Geistigen Aufrichtung\u00bb _builder_version=\u00bb4.16&#8243; background_size=\u00bbinitial\u00bb background_position=\u00bbtop_left\u00bb background_repeat=\u00bbrepeat\u00bb use_border_color=\u00bboff\u00bb border_color=\u00bb#ffffff\u00bb border_style=\u00bbsolid\u00bb global_colors_info=\u00bb{}\u00bb]<\/p>\n<h2>Experiencias con el Realineamiento Espiritual<\/h2>\n<div class=\"et_pb_module et_pb_text et_pb_text_1  et_pb_text_align_left et_pb_bg_layout_light\">\n<div class=\"et_pb_text_inner\">\n<p><strong>En nuestros D\u00edas de Sanaci\u00f3n despu\u00e9s de los tratamientos la gente nos relata:<\/strong><\/p>\n<\/div>\n<\/div>\n<div class=\"et_pb_module et_pb_text et_pb_text_2  et_pb_text_align_left et_pb_bg_layout_light\">\n<div class=\"et_pb_text_inner\">\u00a0<\/div>\n<\/div>\n<p>[\/et_pb_text][et_pb_text admin_label=\u00bbTestimonials 1&#8243; _builder_version=\u00bb4.21.0&#8243; background_size=\u00bbinitial\u00bb background_position=\u00bbtop_left\u00bb background_repeat=\u00bbrepeat\u00bb use_border_color=\u00bboff\u00bb border_color=\u00bb#ffffff\u00bb border_style=\u00bbsolid\u00bb global_colors_info=\u00bb{}\u00bb]<\/p>\n<p>\u201c<em>Bueno, no puedo describir lo que sent\u00ed.<\/em>\u201d &#8211; <span style=\"color: #ab4db2;\">TATJANA<\/span><\/p>\n<p>\u201c<em>Me siento liviana y libre, sin dolores.<\/em>\u201d &#8211; <span style=\"color: #ab4db2;\">SUSANN<\/span><\/p>\n<p>\u201c<em>\u00a1Muy bien, lleno de energ\u00eda! \u00a1Gracias!<\/em>\u201d &#8211; <span style=\"color: #ab4db2;\">TUNDE<\/span><\/p>\n<p>\u201c<em>\u00a1N\u00e1maste mis queridos! Estuvimos el domingo con ustedes y en primer lugar nos gustar\u00eda agradecerles de todo coraz\u00f3n. Fue una gran experiencia y enriquecimiento de nuestra existencia y vida futura. Despu\u00e9s del Realineamiento Espiritual mi mam\u00e1 y yo quedamos libres de dolor, el esp\u00edritu tambi\u00e9n se tranquiliz\u00f3. En el centro interior es simplemente lo m\u00e1s hermoso ????<br \/>Afecto y Luz<br \/>Con agradecimiento<\/em>\u00bb &#8211; <span style=\"color: #ab4db2;\">ELISABETH UND SEBASTIAN<\/span><\/p>\n<p>\u201c<em>Sensaci\u00f3n de levedad y de amplitud, como si la energ\u00eda fluyera en y alrededor del cuerpo.<\/em>\u201d &#8211; <span style=\"color: #ab4db2;\">ANKE<\/span><\/p>\n<p>\u201c<em>Me siento tranquilo y equilibrado. \u201cLa conferencia fue muy interesante y me hizo reflexionar mucho. \u00a1Muchas gracias!<\/em>\u201d &#8211; <span style=\"color: #ab4db2;\">WOLFGANG<\/span><\/p>\n<p>\u201c<em>No puedo me explicar realmente lo que pas\u00f3 conmigo el D\u00eda de la Sanaci\u00f3n, y no puedo ni siquiera comprenderlo con mi mente, aunque me gustar\u00eda. Ya al entrar percib\u00ed una vibraci\u00f3n alta y un estado energ\u00e9tico. \u00a1Se esforzaron tanto, estaban tan serios y comunicativos, muchas gracias!<br \/>Adem\u00e1s de la inexplicable estabilizaci\u00f3n de mi esqueleto, siento el efecto sobre todo mentalmente. Una paz y ecuanimidad fluyen a trav\u00e9s de mi cuerpo como nunca antes conoc\u00ed. Puedo encarar a otras personas a la vez libre y presente y ver las cosas con una mirada diferente.<br \/>\u00a1Muchas gracias por las informaciones tan interesantes y por haberse tomado tanto tiempo!<br \/>Les agradezco de todo coraz\u00f3n por su trabajo incansable, qu\u00e9 Dios los bendiga.<\/em>\u00bb &#8211; <span style=\"color: #ab4db2;\">ANDREA<\/span><\/p>\n<p>\u201c<em>\u00a1Me siento de maravilla!!! Gracias\u2026\u00a0<\/em>\u201d &#8211; <span style=\"color: #ab4db2;\">THORSTEN<\/span><\/p>\n<p>\u201c<em>Ser consciente, Luz. Amor, \u00a1yo soy!<\/em>\u201d &#8211; <span style=\"color: #ab4db2;\">LIANE<\/span><\/p>\n<p>\u201c<em>Ha tenido lugar una gran limpieza, la liberaci\u00f3n de las cargas del pasado. Ligereza, claridad, \u00a1Gracias!<\/em>\u201d &#8211; <span style=\"color: #ab4db2;\">MANUELA<\/span><\/p>\n<p>\u201c<em>Tranquilo, con una sonrisa interior.<\/em>\u201d &#8211; <span style=\"color: #ab4db2;\">DETLEF<\/span><\/p>\n<p>\u00ab<em>Very Good. I feel myself lighter and more free.<\/em>\u00bb &#8211; <span style=\"color: #ab4db2;\">ALETTE<\/span><\/p>\n<p>\u201c<em>Muy tranquilo, muy fuerte y contento; muy cerca de m\u00ed\u2026 \u00a1Gracias por todo el recogimiento, amor y energ\u00eda!<\/em>\u201d &#8211; <span style=\"color: #ab4db2;\">MARLIES<\/span><\/p>\n<p>\u201c<em>Gracias por el tratamiento de mi madre. Nunca la hab\u00eda sentido decir algo as\u00ed:Me siento como en una nube.<\/em>\u201d &#8211; <span style=\"color: #ab4db2;\">ANDREAS<\/span><\/p>\n<p>[\/et_pb_text][et_pb_image src=\u00bbhttps:\/\/elkunoviz.org\/wp-content\/uploads\/2023\/07\/elk_erfahrungsberichte2.jpg\u00bb alt=\u00bbGeistheiler Erfahrungsberichte Baum\u00bb title_text=\u00bbelk_erfahrungsberichte2&#8243; align_tablet=\u00bbcenter\u00bb align_phone=\u00bbcenter\u00bb align_last_edited=\u00bbon|desktop\u00bb admin_label=\u00bbImage\u00bb _builder_version=\u00bb4.21.0&#8243; use_border_color=\u00bboff\u00bb border_color=\u00bb#ffffff\u00bb border_style=\u00bbsolid\u00bb animation=\u00bboff\u00bb sticky=\u00bboff\u00bb always_center_on_mobile=\u00bbon\u00bb global_colors_info=\u00bb{}\u00bb][\/et_pb_image][et_pb_text admin_label=\u00bbTestimonials 2&#8243; _builder_version=\u00bb4.21.0&#8243; background_size=\u00bbinitial\u00bb background_position=\u00bbtop_left\u00bb background_repeat=\u00bbrepeat\u00bb use_border_color=\u00bboff\u00bb border_color=\u00bb#ffffff\u00bb border_style=\u00bbsolid\u00bb global_colors_info=\u00bb{}\u00bb]<\/p>\n<p>\u201c<em>Es como ser reci\u00e9n nacido. Una sensaci\u00f3n corporal nueva. Quisiera saber c\u00f3mo va a ser en el futuro. Fue un d\u00eda muy interesante con ustedes. \u00a1Much\u00edsimas gracias! \u00a1Hasta pronto!<\/em>\u201d &#8211; <span style=\"color: #ab4db2;\">HANS<\/span><\/p>\n<p>\u201c<em>Bien. Fue una experiencia fant\u00e1stica.<\/em>\u201d &#8211; <span style=\"color: #ab4db2;\">J\u00d6RG<\/span><\/p>\n<p>\u201c<em>Relajamiento total, sensaci\u00f3n de felicidad, alivio, relajamiento en el brazo derecho. \u00a1Muchas gracias por todo!<\/em>\u201d &#8211; <span style=\"color: #ab4db2;\">KERSTIN<\/span><\/p>\n<p>\u201c<em>Me llevo muchas cosas positivas y me siento muy bien.<\/em>\u201d &#8211; <span style=\"color: #ab4db2;\">IRENE<\/span><\/p>\n<p>\u201c<em>Estoy libre de dolor y me siento libre y conmovido. El conocimiento espiritual que he obtenido me abre nuevos horizontes. \u00a1Much\u00edsimas gracias!<\/em>\u201d &#8211; <span style=\"color: #ab4db2;\">THOMAS<\/span><\/p>\n<p>\u201c<em>Me siento muy bien y sin dolores, estoy con nuevos \u00e1nimos, feliz y entusiasmado Much\u00edsimas gracias. Les deseo lo mejor en esa actividad<\/em>\u201d &#8211; <span style=\"color: #ab4db2;\">KATARINA<\/span><\/p>\n<p>\u201c<em>Qu\u00e9 alegre despertar el de esta ma\u00f1ana,\u2026 viejas pautas de pensamiento dieron paso a una nueva fuerza. He entrado en un campo, donde s\u00f3lo se sienten la conciencia de la luz y el amor. Todo es como es.<br \/>Es como llegar a casa. La fuente de lo que somos y siempre fuimos. Al mismo tiempo, estoy lleno de humildad, infinitamente agradecido al Creador, a la Creaci\u00f3n, y a m\u00ed mismo como parte de este gran todo.<br \/>Mi afecto y gratitud se dirige en este momento principalmente a vosotros, Charlene y Pjotr. A vuestra afectuosa aceptaci\u00f3n, paciencia infinita, y bendito Realineamiento Espiritual.<br \/>Con afecto, de coraz\u00f3n a coraz\u00f3n.<\/em>\u201d &#8211; <span style=\"color: #ab4db2;\">KARIN<\/span><\/p>\n<p>[\/et_pb_text][et_pb_image src=\u00bbhttps:\/\/elkunoviz.org\/wp-content\/uploads\/2023\/07\/elk_erfahrungsberichte3.jpg\u00bb title_text=\u00bbelk_erfahrungsberichte3&#8243; _builder_version=\u00bb4.21.0&#8243; _module_preset=\u00bbdefault\u00bb global_colors_info=\u00bb{}\u00bb][\/et_pb_image][\/et_pb_column][\/et_pb_row][\/et_pb_section][et_pb_section fb_built=\u00bb1&#8243; _builder_version=\u00bb4.21.0&#8243; _module_preset=\u00bb73e3f740-8efa-4583-b8bd-c2faeea8dfca\u00bb transparent_background=\u00bboff\u00bb make_fullwidth=\u00bboff\u00bb use_custom_width=\u00bboff\u00bb width_unit=\u00bbon\u00bb saved_tabs=\u00bball\u00bb global_colors_info=\u00bb{}\u00bb global_module=\u00bb11582&#8243; theme_builder_area=\u00bbpost_content\u00bb][et_pb_row column_structure=\u00bb2_3,1_3&#8243; _builder_version=\u00bb4.21.0&#8243; background_size=\u00bbinitial\u00bb background_position=\u00bbtop_left\u00bb background_repeat=\u00bbrepeat\u00bb min_height=\u00bb64.2px\u00bb custom_padding=\u00bb0px|||||\u00bb global_colors_info=\u00bb{}\u00bb theme_builder_area=\u00bbpost_content\u00bb][et_pb_column type=\u00bb2_3&#8243; _builder_version=\u00bb4.21.0&#8243; custom_padding=\u00bb|||\u00bb global_colors_info=\u00bb{}\u00bb custom_padding__hover=\u00bb|||\u00bb theme_builder_area=\u00bbpost_content\u00bb][et_pb_text _builder_version=\u00bb4.21.0&#8243; _module_preset=\u00bbdefault\u00bb text_text_color=\u00bb#FFFFFF\u00bb header_4_text_color=\u00bb#f4e2f5&#8243; background_layout=\u00bbdark\u00bb global_colors_info=\u00bb{}\u00bb theme_builder_area=\u00bbpost_content\u00bb]<\/p>\n<h2 class=\"h2--newsletter\">Unser Newsletter f\u00fcr den achtsamen Alltag<\/h2>\n<p>Der Newsletter f\u00fcr heilsame Impulse f\u00fcr den Alltag, Inspirationen zu spirituellen Themen und Erinnerungen f\u00fcr Termine f\u00fcr Heiltage &amp; Veranstaltungen wird Dich in unregelm\u00e4\u00dfigen Abst\u00e4nden \u00fcber Neuigkeiten zu unserem berichten. Bitte trag Dich in unseren Newsletter ein, Du kannst Dich jederzeit formlos, z.B. \u00fcber einen Link in dem Newsletter, wieder abmelden.<\/p>\n<p>[\/et_pb_text][\/et_pb_column][et_pb_column type=\u00bb1_3&#8243; _builder_version=\u00bb4.16&#8243; custom_padding=\u00bb|||\u00bb global_colors_info=\u00bb{}\u00bb custom_padding__hover=\u00bb|||\u00bb theme_builder_area=\u00bbpost_content\u00bb][et_pb_code module_class=\u00bbnewsletter-form\u00bb _builder_version=\u00bb4.21.0&#8243; global_colors_info=\u00bb{}\u00bb theme_builder_area=\u00bbpost_content\u00bb]<pee><script>(function() {\n\twindow.mc4wp = window.mc4wp || {\n\t\tlisteners: [],\n\t\tforms: {\n\t\t\ton: function(evt, cb) {\n\t\t\t\twindow.mc4wp.listeners.push(\n\t\t\t\t\t{\n\t\t\t\t\t\tevent   : evt,\n\t\t\t\t\t\tcallback: cb\n\t\t\t\t\t}\n\t\t\t\t);\n\t\t\t}\n\t\t}\n\t}\n})();\n<\/script><!-- Mailchimp for WordPress v4.12.1 - https:\/\/wordpress.org\/plugins\/mailchimp-for-wp\/ --><form id=\"mc4wp-form-1\" class=\"mc4wp-form mc4wp-form-377 mc4wp-ajax\" method=\"post\" data-id=\"377\" data-name=\"Elkunoviz Newsletter DE\" ><div class=\"mc4wp-form-fields\"><div><input type=\"text\" name=\"FNAME\" placeholder=\"Name\"><\/div>\r\n<div><input type=\"email\" name=\"email\" placeholder=\"E-Mail Adresse\" required \/><\/div>\r\n\r\n<div class=\"mc4wp-dropdown-wrapper\">\r\n  <label for=\"language-select\">Sprache:<\/label>\r\n  <select name=\"INTERESTS[00ce8103c5]\" id=\"language-select\" required=\"\">\r\n    <option value=\"bb411d99f7\" selected=\"true\">Deutsch<\/option>\r\n    <option value=\"0b2ad157c6\">English<\/option>\r\n    <option value=\"5f9c1fe271\">\u0420\u0443\u0441\u0441\u043a\u0438\u0439<\/option>\r\n    <option value=\"7fdafb1d82\">Italiano<\/option>\r\n    <option value=\"87669c16a0\">Espa\u00f1ol<\/option>\r\n    <option value=\"aa3889186a\">Latvie\u0161u<\/option>\r\n    <option value=\"d0c9f01167\">Lietuvos<\/option>\r\n  <\/select>\r\n<\/div>\r\n\r\n<fieldset>\r\n    <legend class=\"mc4wp-legend\">Interessen:<\/legend>\r\n    <label>\r\n        <input type=\"checkbox\" name=\"INTERESTS[c247eb75b8][]\" value=\"cb344cfb20\"> <span>Impulse f\u00fcr den Tag<\/span>\r\n    <\/label>\r\n    <label>\r\n        <input type=\"checkbox\" name=\"INTERESTS[c247eb75b8][]\" value=\"1ee1f1c268\"> <span>News<\/span>\r\n    <\/label>\r\n    <label>\r\n        <input type=\"checkbox\" name=\"INTERESTS[c247eb75b8][]\" value=\"68c933c223\"> <span>Seminare<\/span>\r\n    <\/label>\r\n    <label>\r\n        <input type=\"checkbox\" name=\"INTERESTS[c247eb75b8][]\" value=\"d71259545e\"> <span>Behandlungen<\/span>\r\n    <\/label>\r\n    <label>\r\n        <input type=\"checkbox\" name=\"INTERESTS[c247eb75b8][]\" value=\"5110647ad5\"> <span>Tierbehandlung<\/span>\r\n    <\/label>\r\n<\/fieldset>\r\n\r\n<input type=\"submit\" class=\"newsletter__submit\" value=\"Newsletter abonnieren\" \/>\r\n<\/div><label style=\"display: none !important;\">Deja vac\u00edo este campo si eres humano: <input type=\"text\" name=\"_mc4wp_honeypot\" value=\"\" tabindex=\"-1\" autocomplete=\"off\" \/><\/label><input type=\"hidden\" name=\"_mc4wp_timestamp\" value=\"1776676217\" \/><input type=\"hidden\" name=\"_mc4wp_form_id\" value=\"377\" \/><input type=\"hidden\" name=\"_mc4wp_form_element_id\" value=\"mc4wp-form-1\" \/><div class=\"mc4wp-response\"><\/div><\/form><!-- \/ Mailchimp for WordPress Plugin --><\/pee>[\/et_pb_code][\/et_pb_column][\/et_pb_row][\/et_pb_section]<\/p>\n","protected":false},"excerpt":{"rendered":"<p>Lo que la gente relata Experiencias con el Realineamiento Espiritual En nuestros D\u00edas de Sanaci\u00f3n despu\u00e9s de los tratamientos la gente nos relata: \u00a0 \u201cBueno, no puedo describir lo que sent\u00ed.\u201d &#8211; TATJANA \u201cMe siento liviana y libre, sin dolores.\u201d &#8211; SUSANN \u201c\u00a1Muy bien, lleno de energ\u00eda! \u00a1Gracias!\u201d &#8211; TUNDE \u201c\u00a1N\u00e1maste mis queridos! Estuvimos el [&hellip;]<\/p>\n","protected":false},"author":8,"featured_media":0,"parent":0,"menu_order":0,"comment_status":"closed","ping_status":"closed","template":"","meta":{"_et_pb_use_builder":"on","_et_pb_old_content":"","_et_gb_content_width":"","inline_featured_image":false,"footnotes":""},"class_list":["post-1720","page","type-page","status-publish","hentry"],"yoast_head":"<!-- This site is optimized with the Yoast SEO plugin v27.4 - https:\/\/yoast.com\/product\/yoast-seo-wordpress\/ -->\n<title>Geistheiler Erfahrungsberichte \u2022 Charlene &amp; Pjotr Elkunoviz<\/title>\n<meta name=\"description\" content=\"Geistheiler Erfahrungsberichte zu Charlene und Pjotr Elkunoviz finden Sie hier. Wir danken allen Menschen, die uns weiterempfehlen!\" \/>\n<meta name=\"robots\" content=\"index, follow, max-snippet:-1, max-image-preview:large, max-video-preview:-1\" \/>\n<link rel=\"canonical\" href=\"https:\/\/elkunoviz.org\/es\/lo-que-la-gente-relata\/\" \/>\n<meta property=\"og:locale\" content=\"es_ES\" \/>\n<meta property=\"og:type\" content=\"article\" \/>\n<meta property=\"og:title\" content=\"Geistheiler Erfahrungsberichte \u2022 Charlene &amp; Pjotr Elkunoviz\" \/>\n<meta property=\"og:description\" content=\"Geistheiler Erfahrungsberichte zu Charlene und Pjotr Elkunoviz finden Sie hier. Wir danken allen Menschen, die uns weiterempfehlen!\" \/>\n<meta property=\"og:url\" content=\"https:\/\/elkunoviz.org\/es\/lo-que-la-gente-relata\/\" \/>\n<meta property=\"og:site_name\" content=\"Elkunoviz\" \/>\n<meta property=\"article:publisher\" content=\"https:\/\/www.facebook.com\/Elkunoviz\/\" \/>\n<meta property=\"article:modified_time\" content=\"2023-08-15T10:31:31+00:00\" \/>\n<meta name=\"twitter:card\" content=\"summary_large_image\" \/>\n<meta name=\"twitter:label1\" content=\"Tiempo de lectura\" \/>\n\t<meta name=\"twitter:data1\" content=\"7 minutos\" \/>\n<script type=\"application\/ld+json\" class=\"yoast-schema-graph\">{\"@context\":\"https:\\\/\\\/schema.org\",\"@graph\":[{\"@type\":\"WebPage\",\"@id\":\"https:\\\/\\\/elkunoviz.org\\\/es\\\/lo-que-la-gente-relata\\\/\",\"url\":\"https:\\\/\\\/elkunoviz.org\\\/es\\\/lo-que-la-gente-relata\\\/\",\"name\":\"Geistheiler Erfahrungsberichte \u2022 Charlene & Pjotr Elkunoviz\",\"isPartOf\":{\"@id\":\"https:\\\/\\\/elkunoviz.org\\\/es\\\/#website\"},\"datePublished\":\"2017-05-04T13:56:51+00:00\",\"dateModified\":\"2023-08-15T10:31:31+00:00\",\"description\":\"Geistheiler Erfahrungsberichte zu Charlene und Pjotr Elkunoviz finden Sie hier. Wir danken allen Menschen, die uns weiterempfehlen!\",\"breadcrumb\":{\"@id\":\"https:\\\/\\\/elkunoviz.org\\\/es\\\/lo-que-la-gente-relata\\\/#breadcrumb\"},\"inLanguage\":\"es\",\"potentialAction\":[{\"@type\":\"ReadAction\",\"target\":[\"https:\\\/\\\/elkunoviz.org\\\/es\\\/lo-que-la-gente-relata\\\/\"]}]},{\"@type\":\"BreadcrumbList\",\"@id\":\"https:\\\/\\\/elkunoviz.org\\\/es\\\/lo-que-la-gente-relata\\\/#breadcrumb\",\"itemListElement\":[{\"@type\":\"ListItem\",\"position\":1,\"name\":\"Home\",\"item\":\"https:\\\/\\\/elkunoviz.org\\\/es\\\/\"},{\"@type\":\"ListItem\",\"position\":2,\"name\":\"Lo que la gente relata\"}]},{\"@type\":\"WebSite\",\"@id\":\"https:\\\/\\\/elkunoviz.org\\\/es\\\/#website\",\"url\":\"https:\\\/\\\/elkunoviz.org\\\/es\\\/\",\"name\":\"Elkunoviz\",\"description\":\"Allumfassende Heilung\",\"publisher\":{\"@id\":\"https:\\\/\\\/elkunoviz.org\\\/es\\\/#organization\"},\"potentialAction\":[{\"@type\":\"SearchAction\",\"target\":{\"@type\":\"EntryPoint\",\"urlTemplate\":\"https:\\\/\\\/elkunoviz.org\\\/es\\\/?s={search_term_string}\"},\"query-input\":{\"@type\":\"PropertyValueSpecification\",\"valueRequired\":true,\"valueName\":\"search_term_string\"}}],\"inLanguage\":\"es\"},{\"@type\":\"Organization\",\"@id\":\"https:\\\/\\\/elkunoviz.org\\\/es\\\/#organization\",\"name\":\"Pjotr Elkunoviz \u2013 Allumfassende Heilung durch den Geist\",\"url\":\"https:\\\/\\\/elkunoviz.org\\\/es\\\/\",\"logo\":{\"@type\":\"ImageObject\",\"inLanguage\":\"es\",\"@id\":\"https:\\\/\\\/elkunoviz.org\\\/es\\\/#\\\/schema\\\/logo\\\/image\\\/\",\"url\":\"https:\\\/\\\/elkunoviz.org\\\/wp-content\\\/uploads\\\/2023\\\/07\\\/logo.png\",\"contentUrl\":\"https:\\\/\\\/elkunoviz.org\\\/wp-content\\\/uploads\\\/2023\\\/07\\\/logo.png\",\"width\":192,\"height\":194,\"caption\":\"Pjotr Elkunoviz \u2013 Allumfassende Heilung durch den Geist\"},\"image\":{\"@id\":\"https:\\\/\\\/elkunoviz.org\\\/es\\\/#\\\/schema\\\/logo\\\/image\\\/\"},\"sameAs\":[\"https:\\\/\\\/www.facebook.com\\\/Elkunoviz\\\/\",\"https:\\\/\\\/www.youtube.com\\\/channel\\\/UCrSjEuxgm3q8hGCVX3CG5vg\"]}]}<\/script>\n<!-- \/ Yoast SEO plugin. -->","yoast_head_json":{"title":"Geistheiler Erfahrungsberichte \u2022 Charlene & Pjotr Elkunoviz","description":"Geistheiler Erfahrungsberichte zu Charlene und Pjotr Elkunoviz finden Sie hier. Wir danken allen Menschen, die uns weiterempfehlen!","robots":{"index":"index","follow":"follow","max-snippet":"max-snippet:-1","max-image-preview":"max-image-preview:large","max-video-preview":"max-video-preview:-1"},"canonical":"https:\/\/elkunoviz.org\/es\/lo-que-la-gente-relata\/","og_locale":"es_ES","og_type":"article","og_title":"Geistheiler Erfahrungsberichte \u2022 Charlene & Pjotr Elkunoviz","og_description":"Geistheiler Erfahrungsberichte zu Charlene und Pjotr Elkunoviz finden Sie hier. Wir danken allen Menschen, die uns weiterempfehlen!","og_url":"https:\/\/elkunoviz.org\/es\/lo-que-la-gente-relata\/","og_site_name":"Elkunoviz","article_publisher":"https:\/\/www.facebook.com\/Elkunoviz\/","article_modified_time":"2023-08-15T10:31:31+00:00","twitter_card":"summary_large_image","twitter_misc":{"Tiempo de lectura":"7 minutos"},"schema":{"@context":"https:\/\/schema.org","@graph":[{"@type":"WebPage","@id":"https:\/\/elkunoviz.org\/es\/lo-que-la-gente-relata\/","url":"https:\/\/elkunoviz.org\/es\/lo-que-la-gente-relata\/","name":"Geistheiler Erfahrungsberichte \u2022 Charlene & Pjotr Elkunoviz","isPartOf":{"@id":"https:\/\/elkunoviz.org\/es\/#website"},"datePublished":"2017-05-04T13:56:51+00:00","dateModified":"2023-08-15T10:31:31+00:00","description":"Geistheiler Erfahrungsberichte zu Charlene und Pjotr Elkunoviz finden Sie hier. Wir danken allen Menschen, die uns weiterempfehlen!","breadcrumb":{"@id":"https:\/\/elkunoviz.org\/es\/lo-que-la-gente-relata\/#breadcrumb"},"inLanguage":"es","potentialAction":[{"@type":"ReadAction","target":["https:\/\/elkunoviz.org\/es\/lo-que-la-gente-relata\/"]}]},{"@type":"BreadcrumbList","@id":"https:\/\/elkunoviz.org\/es\/lo-que-la-gente-relata\/#breadcrumb","itemListElement":[{"@type":"ListItem","position":1,"name":"Home","item":"https:\/\/elkunoviz.org\/es\/"},{"@type":"ListItem","position":2,"name":"Lo que la gente relata"}]},{"@type":"WebSite","@id":"https:\/\/elkunoviz.org\/es\/#website","url":"https:\/\/elkunoviz.org\/es\/","name":"Elkunoviz","description":"Allumfassende Heilung","publisher":{"@id":"https:\/\/elkunoviz.org\/es\/#organization"},"potentialAction":[{"@type":"SearchAction","target":{"@type":"EntryPoint","urlTemplate":"https:\/\/elkunoviz.org\/es\/?s={search_term_string}"},"query-input":{"@type":"PropertyValueSpecification","valueRequired":true,"valueName":"search_term_string"}}],"inLanguage":"es"},{"@type":"Organization","@id":"https:\/\/elkunoviz.org\/es\/#organization","name":"Pjotr Elkunoviz \u2013 Allumfassende Heilung durch den Geist","url":"https:\/\/elkunoviz.org\/es\/","logo":{"@type":"ImageObject","inLanguage":"es","@id":"https:\/\/elkunoviz.org\/es\/#\/schema\/logo\/image\/","url":"https:\/\/elkunoviz.org\/wp-content\/uploads\/2023\/07\/logo.png","contentUrl":"https:\/\/elkunoviz.org\/wp-content\/uploads\/2023\/07\/logo.png","width":192,"height":194,"caption":"Pjotr Elkunoviz \u2013 Allumfassende Heilung durch den Geist"},"image":{"@id":"https:\/\/elkunoviz.org\/es\/#\/schema\/logo\/image\/"},"sameAs":["https:\/\/www.facebook.com\/Elkunoviz\/","https:\/\/www.youtube.com\/channel\/UCrSjEuxgm3q8hGCVX3CG5vg"]}]}},"_links":{"self":[{"href":"https:\/\/elkunoviz.org\/es\/wp-json\/wp\/v2\/pages\/1720","targetHints":{"allow":["GET"]}}],"collection":[{"href":"https:\/\/elkunoviz.org\/es\/wp-json\/wp\/v2\/pages"}],"about":[{"href":"https:\/\/elkunoviz.org\/es\/wp-json\/wp\/v2\/types\/page"}],"author":[{"embeddable":true,"href":"https:\/\/elkunoviz.org\/es\/wp-json\/wp\/v2\/users\/8"}],"replies":[{"embeddable":true,"href":"https:\/\/elkunoviz.org\/es\/wp-json\/wp\/v2\/comments?post=1720"}],"version-history":[{"count":3,"href":"https:\/\/elkunoviz.org\/es\/wp-json\/wp\/v2\/pages\/1720\/revisions"}],"predecessor-version":[{"id":12506,"href":"https:\/\/elkunoviz.org\/es\/wp-json\/wp\/v2\/pages\/1720\/revisions\/12506"}],"wp:attachment":[{"href":"https:\/\/elkunoviz.org\/es\/wp-json\/wp\/v2\/media?parent=1720"}],"curies":[{"name":"wp","href":"https:\/\/api.w.org\/{rel}","templated":true}]}}