{"id":1009,"date":"2017-05-04T14:04:26","date_gmt":"2017-05-04T14:04:26","guid":{"rendered":"http:\/\/elkunoviz.org\/impressum\/"},"modified":"2024-12-13T15:50:33","modified_gmt":"2024-12-13T14:50:33","slug":"note-legali","status":"publish","type":"page","link":"https:\/\/elkunoviz.org\/it\/note-legali\/","title":{"rendered":"Note legali"},"content":{"rendered":"<p>[et_pb_section fb_built=&#8221;1&#8243; admin_label=&#8221;section&#8221; _builder_version=&#8221;4.16&#8243; global_colors_info=&#8221;{}&#8221; custom_padding=&#8221;||0px|||&#8221;][et_pb_row admin_label=&#8221;row&#8221; _builder_version=&#8221;4.16&#8243; background_size=&#8221;initial&#8221; background_position=&#8221;top_left&#8221; background_repeat=&#8221;repeat&#8221; global_colors_info=&#8221;{}&#8221;][et_pb_column type=&#8221;4_4&#8243; _builder_version=&#8221;4.16&#8243; custom_padding=&#8221;|||&#8221; global_colors_info=&#8221;{}&#8221; custom_padding__hover=&#8221;|||&#8221;][et_pb_text admin_label=&#8221;Text&#8221; _builder_version=&#8221;4.16&#8243; background_size=&#8221;initial&#8221; background_position=&#8221;top_left&#8221; background_repeat=&#8221;repeat&#8221; use_border_color=&#8221;off&#8221; border_color=&#8221;#ffffff&#8221; border_style=&#8221;solid&#8221; global_colors_info=&#8221;{}&#8221;]<\/p>\n<h1>Note legali<\/h1>\n<p>[\/et_pb_text][\/et_pb_column][\/et_pb_row][et_pb_row admin_label=&#8221;Row&#8221; _builder_version=&#8221;4.16&#8243; background_size=&#8221;initial&#8221; background_position=&#8221;top_left&#8221; background_repeat=&#8221;repeat&#8221; global_colors_info=&#8221;{}&#8221;][et_pb_column type=&#8221;4_4&#8243; _builder_version=&#8221;4.16&#8243; custom_padding=&#8221;|||&#8221; global_colors_info=&#8221;{}&#8221; custom_padding__hover=&#8221;|||&#8221;][et_pb_text admin_label=&#8221;Text&#8221; _builder_version=&#8221;4.19.2&#8243; background_size=&#8221;initial&#8221; background_position=&#8221;top_left&#8221; background_repeat=&#8221;repeat&#8221; use_border_color=&#8221;off&#8221; border_color=&#8221;#ffffff&#8221; border_style=&#8221;solid&#8221; global_colors_info=&#8221;{}&#8221;]<\/p>\n<h2>Sede amministrativa:<\/h2>\n<p>Pjotr Elkunoviz \u2013 Allumfassende Heilung durch den Geist (haftungsbeschr\u00e4nkt)<br \/>Jochen-Klepper-Str. 7B<br \/>14469 Potsdam<\/p>\n<p>E-Mail: <a href=\"&#x6d;a&#x69;&#108;&#x74;&#111;:&#x69;&#110;&#x66;&#111;&#64;&#x65;&#108;&#x6b;&#117;n&#x6f;v&#x69;&#122;&#x2e;&#x6f;r&#x67;\">&#x69;n&#x66;&#111;&#64;&#x65;&#108;&#x6b;&#117;n&#x6f;&#118;&#x69;&#122;&#46;&#x6f;&#114;&#x67;<\/a><br \/>Tel: <a href=\"tel: 030120 244 78\">0331-9791 8947<\/a><\/p>\n<h2>Responsabili dei contenuti:<\/h2>\n<p>Charlene Elkunoviz<br \/>Jochen-Klepper-Stra\u00dfe 7B<br \/>14469 Potsdam<\/p>\n<p>Tel: <a href=\"tel: 030120 244 78\">0331-9791 8947<\/a><\/p>\n<h2>Contatti:<\/h2>\n<p>E-Mail: <a href=\"&#x6d;a&#x69;&#108;t&#x6f;&#58;&#x69;&#x6e;f&#x6f;&#64;e&#x6c;&#107;&#x75;&#110;o&#x76;&#105;z&#x2e;&#111;&#x72;&#103;\">i&#110;&#102;&#x6f;&#x40;&#x65;l&#107;&#117;&#x6e;&#x6f;&#x76;iz&#46;&#x6f;&#x72;&#x67;<\/a><br \/>Tel: <a href=\"tel: 030120 244 78\">0331-9791 8947<\/a><\/p>\n<h2>Iscrizione registro imprese<\/h2>\n<p>Nr. Registro Imprese: HRB 157064 B<br \/>Handelsregister Abteilung B<br \/>Partita IVA: DE280093589<br \/>Codice fiscale: 30\/472\/31665<br \/>Foro: Tribunale distrettuale Charlottenburg<\/p>\n<p>Amministratore sito web: Charlene Elkunoviz<\/p>\n<h2>Abusi, Hacking.<\/h2>\n<p>In caso di abusi (violazioni dei diritti d\u2019autore, attachi IP, hacking, contenuti illegali SMS e web) rivolgetevi all\u2019indirizzo &#x69;&#x6e;&#x66;&#111;&#64;el&#x6b;&#x75;&#x6e;&#111;&#118;iz&#x2e;&#x6f;&#x72;&#103;<\/p>\n<h2>Esclusione della responsabilit\u00e0<\/h2>\n<p>Le informazioni presenti in questo sito web vengono accuratamente controllate e attualizzate regolarmente. Non pu\u00f2 essere comunque data alcuna garanzia sul fatto che in ogni momento tutte le indicazioni siano complete, corrette e attuali. Questo vale particolarmente per tutti i link diretti o indiretti ad altri indirizzi di siti web.<br \/>Espressamente ci distanziamo da tutti i contenuti e grafiche di tutti i siti web linkati e non li facciamo nostri. Inoltre tutte le indicazioni di questo sito web possono essere completate, rimosse o modificate senza preavviso.<\/p>\n<h2>Copyright<\/h2>\n<p>Tutti i contenuti di questo sito web, quali testi, logo, immagini, grafici, documenti sonori e sequenze video godono della protezione del diritto di autore. Il diritto d\u2019autore delle immagini di persone appartiene ai legittimi proprietari. Senza autorizzazione scritta da parte di Pjotr Elkunoviz \u2013 Allumfassende Heilung durch den Geist UG (haftungsbeschr\u00e4nkt) non possono essere copiati alcuni testi o parte di essi in qualsiasi forma. TUTTI I DIRITTI RISERVATI.<\/p>\n<p>E\u2019 vietato copiare o riprodurre l\u2019intero sito web (compresa la stampa su carta) o parti di essa, ogni altro utilizzo dei materiali disponibili in questo sito web \u2013 compresa la riproduzione, distribuzione, modifica e pubblicazione. Eccezioni sono consentite previa autorizzazione scritta da parte della ditta Pjotr Elkunoviz \u2013 Allumfassende Heilung durch den Geist UG (haftungsbeschr\u00e4nkt).<br \/>Vi preghiamo di contattarci in caso di domande su questo sito web. Tutti gli altri marchi, nomi aziendali, marchi di imprese di servizi e logo citati in questo sito web appartengono ai legittimi proprietari.<br \/>\u00aeIl riallineamento Spirituale \u00e8 un marchio registrato da Ginger up.<\/p>\n<h2>Per conoscenza<\/h2>\n<p>Il guaritore spirituale non \u00e8 n\u00e9 medico, n\u00e9 naturopata. La Guarigione spirituale \/ il Riallineamento Spirituale non \u00e8 lavoro in senso medico, bens\u00ec un processo spirituale. Da parte dei Guaritori spirituali non vengono fatte promesse di guarigione e non vengono fatte diagnosi. Perci\u00f2 la guarigione spirituale non sostituisce un trattamento medico in casi di malattie mentali o fisiche o in caso si sospetti siano presenti tali malattie. La partecipazione \u00e8 volontaria e libera.<\/p>\n<h4>Note legali tedesco: <a href=\"https:\/\/elkunoviz.org\/impressum\/\">qui<\/a><\/h4>\n<p>Nota bene: per le note legali rimandiamo al sito in tedesco che contiene il testo giuridicamente vincolante.<\/p>\n<p>[\/et_pb_text][\/et_pb_column][\/et_pb_row][et_pb_row admin_label=&#8221;Row&#8221; _builder_version=&#8221;4.16&#8243; background_size=&#8221;initial&#8221; background_position=&#8221;top_left&#8221; background_repeat=&#8221;repeat&#8221; global_colors_info=&#8221;{}&#8221; custom_padding=&#8221;||0px|||&#8221;][et_pb_column type=&#8221;4_4&#8243; _builder_version=&#8221;4.16&#8243; custom_padding=&#8221;|||&#8221; global_colors_info=&#8221;{}&#8221; custom_padding__hover=&#8221;|||&#8221;][et_pb_text admin_label=&#8221;Text&#8221; _builder_version=&#8221;4.16&#8243; background_size=&#8221;initial&#8221; background_position=&#8221;top_left&#8221; background_repeat=&#8221;repeat&#8221; use_border_color=&#8221;off&#8221; border_color=&#8221;#ffffff&#8221; border_style=&#8221;solid&#8221; global_colors_info=&#8221;{}&#8221;]<\/p>\n<h2>Immagini<\/h2>\n<p>[\/et_pb_text][\/et_pb_column][\/et_pb_row][\/et_pb_section][et_pb_section fb_built=&#8221;1&#8243; _builder_version=&#8221;4.27.4&#8243; _module_preset=&#8221;default&#8221; custom_padding=&#8221;0px||0px|||&#8221; saved_tabs=&#8221;all&#8221; global_colors_info=&#8221;{}&#8221; global_module=&#8221;13403&#8243; theme_builder_area=&#8221;post_content&#8221; locked=&#8221;off&#8221;][et_pb_row column_structure=&#8221;1_4,1_4,1_4,1_4&#8243; _builder_version=&#8221;4.16&#8243; background_size=&#8221;initial&#8221; background_position=&#8221;top_left&#8221; background_repeat=&#8221;repeat&#8221; global_colors_info=&#8221;{}&#8221; theme_builder_area=&#8221;post_content&#8221;][et_pb_column type=&#8221;1_4&#8243; _builder_version=&#8221;4.16&#8243; custom_padding=&#8221;|||&#8221; global_colors_info=&#8221;{}&#8221; custom_padding__hover=&#8221;|||&#8221; theme_builder_area=&#8221;post_content&#8221;][et_pb_image src=&#8221;https:\/\/elkunoviz.org\/wp-content\/uploads\/2023\/07\/elk-start1.jpg&#8221; title_text=&#8221;elk-start1&#8243; align_tablet=&#8221;center&#8221; align_phone=&#8221;&#8221; align_last_edited=&#8221;on|desktop&#8221; _builder_version=&#8221;4.22.0&#8243; animation_style=&#8221;slide&#8221; animation_direction=&#8221;left&#8221; animation_duration=&#8221;500ms&#8221; animation_intensity_slide=&#8221;10%&#8221; use_border_color=&#8221;off&#8221; border_color=&#8221;#ffffff&#8221; border_style=&#8221;solid&#8221; animation=&#8221;left&#8221; sticky=&#8221;off&#8221; always_center_on_mobile=&#8221;on&#8221; global_colors_info=&#8221;{}&#8221; theme_builder_area=&#8221;post_content&#8221;][\/et_pb_image][et_pb_text _builder_version=&#8221;4.22.0&#8243; background_size=&#8221;initial&#8221; background_position=&#8221;top_left&#8221; background_repeat=&#8221;repeat&#8221; use_border_color=&#8221;off&#8221; border_color=&#8221;#ffffff&#8221; border_style=&#8221;solid&#8221; global_colors_info=&#8221;{}&#8221; theme_builder_area=&#8221;post_content&#8221;]<\/p>\n<p>Fotos:<\/p>\n<p><a href=\"https:\/\/www.lindasart.de\/galerie\">Linda K\u00f6hler-Sandring<\/a><\/p>\n<p>[\/et_pb_text][\/et_pb_column][et_pb_column type=&#8221;1_4&#8243; _builder_version=&#8221;4.16&#8243; custom_padding=&#8221;|||&#8221; global_colors_info=&#8221;{}&#8221; custom_padding__hover=&#8221;|||&#8221; theme_builder_area=&#8221;post_content&#8221;][et_pb_image src=&#8221;https:\/\/elkunoviz.org\/wp-content\/uploads\/2023\/07\/elk_heiltag_potsdam1.jpg&#8221; title_text=&#8221;elk_heiltag_potsdam1&#8243; align_tablet=&#8221;center&#8221; align_phone=&#8221;&#8221; align_last_edited=&#8221;on|desktop&#8221; _builder_version=&#8221;4.21.0&#8243; animation_style=&#8221;slide&#8221; animation_direction=&#8221;left&#8221; animation_duration=&#8221;500ms&#8221; animation_intensity_slide=&#8221;10%&#8221; use_border_color=&#8221;off&#8221; border_color=&#8221;#ffffff&#8221; border_style=&#8221;solid&#8221; animation=&#8221;left&#8221; sticky=&#8221;off&#8221; always_center_on_mobile=&#8221;on&#8221; global_colors_info=&#8221;{}&#8221; theme_builder_area=&#8221;post_content&#8221;][\/et_pb_image][et_pb_text _builder_version=&#8221;4.22.0&#8243; background_size=&#8221;initial&#8221; background_position=&#8221;top_left&#8221; background_repeat=&#8221;repeat&#8221; use_border_color=&#8221;off&#8221; border_color=&#8221;#ffffff&#8221; border_style=&#8221;solid&#8221; global_colors_info=&#8221;{}&#8221; theme_builder_area=&#8221;post_content&#8221;]<\/p>\n<p>Fotos:<\/p>\n<p><a href=\"https:\/\/www.lindasart.de\/galerie\">Linda K\u00f6hler-Sandring<\/a><\/p>\n<p>[\/et_pb_text][\/et_pb_column][et_pb_column type=&#8221;1_4&#8243; _builder_version=&#8221;4.16&#8243; custom_padding=&#8221;|||&#8221; global_colors_info=&#8221;{}&#8221; custom_padding__hover=&#8221;|||&#8221; theme_builder_area=&#8221;post_content&#8221;][et_pb_image src=&#8221;https:\/\/elkunoviz.org\/wp-content\/uploads\/2023\/07\/elk_heiltag_potsdam2.jpg&#8221; title_text=&#8221;elk_heiltag_potsdam2&#8243; align_tablet=&#8221;center&#8221; align_phone=&#8221;&#8221; align_last_edited=&#8221;on|desktop&#8221; _builder_version=&#8221;4.21.0&#8243; animation_style=&#8221;slide&#8221; animation_direction=&#8221;left&#8221; animation_duration=&#8221;500ms&#8221; animation_intensity_slide=&#8221;10%&#8221; use_border_color=&#8221;off&#8221; border_color=&#8221;#ffffff&#8221; border_style=&#8221;solid&#8221; animation=&#8221;left&#8221; sticky=&#8221;off&#8221; always_center_on_mobile=&#8221;on&#8221; global_colors_info=&#8221;{}&#8221; theme_builder_area=&#8221;post_content&#8221;][\/et_pb_image][et_pb_text _builder_version=&#8221;4.22.0&#8243; background_size=&#8221;initial&#8221; background_position=&#8221;top_left&#8221; background_repeat=&#8221;repeat&#8221; use_border_color=&#8221;off&#8221; border_color=&#8221;#ffffff&#8221; border_style=&#8221;solid&#8221; global_colors_info=&#8221;{}&#8221; theme_builder_area=&#8221;post_content&#8221;]<\/p>\n<p>Fotos:<\/p>\n<p><a href=\"https:\/\/www.lindasart.de\/galerie\">Linda K\u00f6hler-Sandring<\/a><\/p>\n<p>[\/et_pb_text][\/et_pb_column][et_pb_column type=&#8221;1_4&#8243; _builder_version=&#8221;4.16&#8243; custom_padding=&#8221;|||&#8221; global_colors_info=&#8221;{}&#8221; custom_padding__hover=&#8221;|||&#8221; theme_builder_area=&#8221;post_content&#8221;][\/et_pb_column][\/et_pb_row][et_pb_row column_structure=&#8221;1_4,1_4,1_4,1_4&#8243; _builder_version=&#8221;4.16&#8243; background_size=&#8221;initial&#8221; background_position=&#8221;top_left&#8221; background_repeat=&#8221;repeat&#8221; global_colors_info=&#8221;{}&#8221; theme_builder_area=&#8221;post_content&#8221;][et_pb_column type=&#8221;1_4&#8243; _builder_version=&#8221;4.16&#8243; custom_padding=&#8221;|||&#8221; global_colors_info=&#8221;{}&#8221; custom_padding__hover=&#8221;|||&#8221; theme_builder_area=&#8221;post_content&#8221;][et_pb_image src=&#8221;https:\/\/elkunoviz.org\/wp-content\/uploads\/2023\/06\/platzhalter2.png&#8221; title_text=&#8221;platzhalter2&#8243; align_tablet=&#8221;center&#8221; align_phone=&#8221;&#8221; align_last_edited=&#8221;on|desktop&#8221; _builder_version=&#8221;4.21.0&#8243; animation_style=&#8221;slide&#8221; animation_direction=&#8221;left&#8221; animation_duration=&#8221;500ms&#8221; animation_intensity_slide=&#8221;10%&#8221; use_border_color=&#8221;off&#8221; border_color=&#8221;#ffffff&#8221; border_style=&#8221;solid&#8221; animation=&#8221;left&#8221; sticky=&#8221;off&#8221; always_center_on_mobile=&#8221;on&#8221; global_colors_info=&#8221;{}&#8221; theme_builder_area=&#8221;post_content&#8221;][\/et_pb_image][et_pb_text _builder_version=&#8221;4.22.0&#8243; background_size=&#8221;initial&#8221; background_position=&#8221;top_left&#8221; background_repeat=&#8221;repeat&#8221; use_border_color=&#8221;off&#8221; border_color=&#8221;#ffffff&#8221; border_style=&#8221;solid&#8221; global_colors_info=&#8221;{}&#8221; theme_builder_area=&#8221;post_content&#8221;]<\/p>\n<p><a href=\"https:\/\/www.pexels.com\/de-de\/foto\/stadt-strasse-gebaude-haus-190407\/\" target=\"_blank\" rel=\"noopener noreferrer\">Pexels<\/a><\/p>\n<p>[\/et_pb_text][\/et_pb_column][et_pb_column type=&#8221;1_4&#8243; _builder_version=&#8221;4.16&#8243; custom_padding=&#8221;|||&#8221; global_colors_info=&#8221;{}&#8221; custom_padding__hover=&#8221;|||&#8221; theme_builder_area=&#8221;post_content&#8221;][\/et_pb_column][et_pb_column type=&#8221;1_4&#8243; _builder_version=&#8221;4.16&#8243; custom_padding=&#8221;|||&#8221; global_colors_info=&#8221;{}&#8221; custom_padding__hover=&#8221;|||&#8221; theme_builder_area=&#8221;post_content&#8221;][\/et_pb_column][et_pb_column type=&#8221;1_4&#8243; _builder_version=&#8221;4.16&#8243; custom_padding=&#8221;|||&#8221; global_colors_info=&#8221;{}&#8221; custom_padding__hover=&#8221;|||&#8221; theme_builder_area=&#8221;post_content&#8221;][\/et_pb_column][\/et_pb_row][\/et_pb_section][et_pb_section fb_built=&#8221;1&#8243; theme_builder_area=&#8221;post_content&#8221; _builder_version=&#8221;4.27.4&#8243; _module_preset=&#8221;default&#8221; custom_padding=&#8221;0px|||||&#8221;][et_pb_row admin_label=&#8221;Row&#8221; _builder_version=&#8221;4.16&#8243; background_size=&#8221;initial&#8221; background_position=&#8221;top_left&#8221; background_repeat=&#8221;repeat&#8221; global_colors_info=&#8221;{}&#8221; theme_builder_area=&#8221;post_content&#8221;][et_pb_column type=&#8221;4_4&#8243; _builder_version=&#8221;4.16&#8243; custom_padding=&#8221;|||&#8221; global_colors_info=&#8221;{}&#8221; custom_padding__hover=&#8221;|||&#8221; theme_builder_area=&#8221;post_content&#8221;][et_pb_text admin_label=&#8221;Text&#8221; _builder_version=&#8221;4.16&#8243; background_size=&#8221;initial&#8221; background_position=&#8221;top_left&#8221; background_repeat=&#8221;repeat&#8221; use_border_color=&#8221;off&#8221; border_color=&#8221;#ffffff&#8221; border_style=&#8221;solid&#8221; global_colors_info=&#8221;{}&#8221; theme_builder_area=&#8221;post_content&#8221;]<\/p>\n<h2>Realizzazione sito web: <\/h2>\n<p><a href=\"https:\/\/allcodesarebeautiful.com\/\">ACB Webdesign-Agentur Berlin<\/a><br \/>\n[\/et_pb_text][\/et_pb_column][\/et_pb_row][\/et_pb_section]<\/p>\n","protected":false},"excerpt":{"rendered":"<p>Note legali Sede amministrativa: Pjotr Elkunoviz \u2013 Allumfassende Heilung durch den Geist (haftungsbeschr\u00e4nkt)Jochen-Klepper-Str. 7B14469 Potsdam E-Mail: &#105;n&#102;o&#64;e&#x6c;k&#x75;n&#x6f;v&#x69;z&#x2e;o&#x72;g&#x54;e&#x6c;: 0331-9791 8947 Responsabili dei contenuti: Charlene ElkunovizJochen-Klepper-Stra\u00dfe 7B14469 Potsdam Tel: 0331-9791 8947 Contatti: E-Mail: &#105;&#x6e;f&#111;&#x40;e&#x6c;&#x6b;&#117;&#x6e;o&#118;&#x69;z&#46;&#x6f;&#114;&#x67;T&#101;&#x6c;: 0331-9791 8947 Iscrizione registro imprese Nr. Registro Imprese: HRB 157064 BHandelsregister Abteilung BPartita IVA: DE280093589Codice fiscale: 30\/472\/31665Foro: Tribunale distrettuale Charlottenburg Amministratore sito web: [&hellip;]<\/p>\n","protected":false},"author":8,"featured_media":0,"parent":0,"menu_order":0,"comment_status":"closed","ping_status":"closed","template":"","meta":{"_et_pb_use_builder":"on","_et_pb_old_content":"","_et_gb_content_width":"","inline_featured_image":false,"footnotes":""},"class_list":["post-1009","page","type-page","status-publish","hentry"],"yoast_head":"<!-- This site is optimized with the Yoast SEO plugin v27.4 - https:\/\/yoast.com\/product\/yoast-seo-wordpress\/ -->\n<title>Note legali \u2022 Charlene &amp; Pjotr Elkunoviz<\/title>\n<meta name=\"description\" content=\"Pjotr Elkunoviz \u2013 Allumfassende Heilung durch den Geist UG Charlottenstr. 35\/36 10117 Berlin\" \/>\n<meta name=\"robots\" content=\"index, follow, max-snippet:-1, max-image-preview:large, max-video-preview:-1\" \/>\n<link rel=\"canonical\" href=\"https:\/\/elkunoviz.org\/it\/note-legali\/\" \/>\n<meta property=\"og:locale\" content=\"it_IT\" \/>\n<meta property=\"og:type\" content=\"article\" \/>\n<meta property=\"og:title\" content=\"Note legali \u2022 Charlene &amp; Pjotr Elkunoviz\" \/>\n<meta property=\"og:description\" content=\"Pjotr Elkunoviz \u2013 Allumfassende Heilung durch den Geist UG Charlottenstr. 35\/36 10117 Berlin\" \/>\n<meta property=\"og:url\" content=\"https:\/\/elkunoviz.org\/it\/note-legali\/\" \/>\n<meta property=\"og:site_name\" content=\"Elkunoviz\" \/>\n<meta property=\"article:publisher\" content=\"https:\/\/www.facebook.com\/Elkunoviz\/\" \/>\n<meta property=\"article:modified_time\" content=\"2024-12-13T14:50:33+00:00\" \/>\n<meta name=\"twitter:card\" content=\"summary_large_image\" \/>\n<meta name=\"twitter:label1\" content=\"Tempo di lettura stimato\" \/>\n\t<meta name=\"twitter:data1\" content=\"8 minuti\" \/>\n<script type=\"application\/ld+json\" class=\"yoast-schema-graph\">{\"@context\":\"https:\\\/\\\/schema.org\",\"@graph\":[{\"@type\":\"WebPage\",\"@id\":\"https:\\\/\\\/elkunoviz.org\\\/it\\\/note-legali\\\/\",\"url\":\"https:\\\/\\\/elkunoviz.org\\\/it\\\/note-legali\\\/\",\"name\":\"Note legali \u2022 Charlene & Pjotr Elkunoviz\",\"isPartOf\":{\"@id\":\"https:\\\/\\\/elkunoviz.org\\\/it\\\/#website\"},\"datePublished\":\"2017-05-04T14:04:26+00:00\",\"dateModified\":\"2024-12-13T14:50:33+00:00\",\"description\":\"Pjotr Elkunoviz \u2013 Allumfassende Heilung durch den Geist UG Charlottenstr. 35\\\/36 10117 Berlin\",\"breadcrumb\":{\"@id\":\"https:\\\/\\\/elkunoviz.org\\\/it\\\/note-legali\\\/#breadcrumb\"},\"inLanguage\":\"it-IT\",\"potentialAction\":[{\"@type\":\"ReadAction\",\"target\":[\"https:\\\/\\\/elkunoviz.org\\\/it\\\/note-legali\\\/\"]}]},{\"@type\":\"BreadcrumbList\",\"@id\":\"https:\\\/\\\/elkunoviz.org\\\/it\\\/note-legali\\\/#breadcrumb\",\"itemListElement\":[{\"@type\":\"ListItem\",\"position\":1,\"name\":\"Home\",\"item\":\"https:\\\/\\\/elkunoviz.org\\\/it\\\/\"},{\"@type\":\"ListItem\",\"position\":2,\"name\":\"Note legali\"}]},{\"@type\":\"WebSite\",\"@id\":\"https:\\\/\\\/elkunoviz.org\\\/it\\\/#website\",\"url\":\"https:\\\/\\\/elkunoviz.org\\\/it\\\/\",\"name\":\"Elkunoviz\",\"description\":\"Allumfassende Heilung\",\"publisher\":{\"@id\":\"https:\\\/\\\/elkunoviz.org\\\/it\\\/#organization\"},\"potentialAction\":[{\"@type\":\"SearchAction\",\"target\":{\"@type\":\"EntryPoint\",\"urlTemplate\":\"https:\\\/\\\/elkunoviz.org\\\/it\\\/?s={search_term_string}\"},\"query-input\":{\"@type\":\"PropertyValueSpecification\",\"valueRequired\":true,\"valueName\":\"search_term_string\"}}],\"inLanguage\":\"it-IT\"},{\"@type\":\"Organization\",\"@id\":\"https:\\\/\\\/elkunoviz.org\\\/it\\\/#organization\",\"name\":\"Pjotr Elkunoviz \u2013 Allumfassende Heilung durch den Geist\",\"url\":\"https:\\\/\\\/elkunoviz.org\\\/it\\\/\",\"logo\":{\"@type\":\"ImageObject\",\"inLanguage\":\"it-IT\",\"@id\":\"https:\\\/\\\/elkunoviz.org\\\/it\\\/#\\\/schema\\\/logo\\\/image\\\/\",\"url\":\"https:\\\/\\\/elkunoviz.org\\\/wp-content\\\/uploads\\\/2023\\\/07\\\/logo.png\",\"contentUrl\":\"https:\\\/\\\/elkunoviz.org\\\/wp-content\\\/uploads\\\/2023\\\/07\\\/logo.png\",\"width\":192,\"height\":194,\"caption\":\"Pjotr Elkunoviz \u2013 Allumfassende Heilung durch den Geist\"},\"image\":{\"@id\":\"https:\\\/\\\/elkunoviz.org\\\/it\\\/#\\\/schema\\\/logo\\\/image\\\/\"},\"sameAs\":[\"https:\\\/\\\/www.facebook.com\\\/Elkunoviz\\\/\",\"https:\\\/\\\/www.youtube.com\\\/channel\\\/UCrSjEuxgm3q8hGCVX3CG5vg\"]}]}<\/script>\n<!-- \/ Yoast SEO plugin. -->","yoast_head_json":{"title":"Note legali \u2022 Charlene & Pjotr Elkunoviz","description":"Pjotr Elkunoviz \u2013 Allumfassende Heilung durch den Geist UG Charlottenstr. 35\/36 10117 Berlin","robots":{"index":"index","follow":"follow","max-snippet":"max-snippet:-1","max-image-preview":"max-image-preview:large","max-video-preview":"max-video-preview:-1"},"canonical":"https:\/\/elkunoviz.org\/it\/note-legali\/","og_locale":"it_IT","og_type":"article","og_title":"Note legali \u2022 Charlene & Pjotr Elkunoviz","og_description":"Pjotr Elkunoviz \u2013 Allumfassende Heilung durch den Geist UG Charlottenstr. 35\/36 10117 Berlin","og_url":"https:\/\/elkunoviz.org\/it\/note-legali\/","og_site_name":"Elkunoviz","article_publisher":"https:\/\/www.facebook.com\/Elkunoviz\/","article_modified_time":"2024-12-13T14:50:33+00:00","twitter_card":"summary_large_image","twitter_misc":{"Tempo di lettura stimato":"8 minuti"},"schema":{"@context":"https:\/\/schema.org","@graph":[{"@type":"WebPage","@id":"https:\/\/elkunoviz.org\/it\/note-legali\/","url":"https:\/\/elkunoviz.org\/it\/note-legali\/","name":"Note legali \u2022 Charlene & Pjotr Elkunoviz","isPartOf":{"@id":"https:\/\/elkunoviz.org\/it\/#website"},"datePublished":"2017-05-04T14:04:26+00:00","dateModified":"2024-12-13T14:50:33+00:00","description":"Pjotr Elkunoviz \u2013 Allumfassende Heilung durch den Geist UG Charlottenstr. 35\/36 10117 Berlin","breadcrumb":{"@id":"https:\/\/elkunoviz.org\/it\/note-legali\/#breadcrumb"},"inLanguage":"it-IT","potentialAction":[{"@type":"ReadAction","target":["https:\/\/elkunoviz.org\/it\/note-legali\/"]}]},{"@type":"BreadcrumbList","@id":"https:\/\/elkunoviz.org\/it\/note-legali\/#breadcrumb","itemListElement":[{"@type":"ListItem","position":1,"name":"Home","item":"https:\/\/elkunoviz.org\/it\/"},{"@type":"ListItem","position":2,"name":"Note legali"}]},{"@type":"WebSite","@id":"https:\/\/elkunoviz.org\/it\/#website","url":"https:\/\/elkunoviz.org\/it\/","name":"Elkunoviz","description":"Allumfassende Heilung","publisher":{"@id":"https:\/\/elkunoviz.org\/it\/#organization"},"potentialAction":[{"@type":"SearchAction","target":{"@type":"EntryPoint","urlTemplate":"https:\/\/elkunoviz.org\/it\/?s={search_term_string}"},"query-input":{"@type":"PropertyValueSpecification","valueRequired":true,"valueName":"search_term_string"}}],"inLanguage":"it-IT"},{"@type":"Organization","@id":"https:\/\/elkunoviz.org\/it\/#organization","name":"Pjotr Elkunoviz \u2013 Allumfassende Heilung durch den Geist","url":"https:\/\/elkunoviz.org\/it\/","logo":{"@type":"ImageObject","inLanguage":"it-IT","@id":"https:\/\/elkunoviz.org\/it\/#\/schema\/logo\/image\/","url":"https:\/\/elkunoviz.org\/wp-content\/uploads\/2023\/07\/logo.png","contentUrl":"https:\/\/elkunoviz.org\/wp-content\/uploads\/2023\/07\/logo.png","width":192,"height":194,"caption":"Pjotr Elkunoviz \u2013 Allumfassende Heilung durch den Geist"},"image":{"@id":"https:\/\/elkunoviz.org\/it\/#\/schema\/logo\/image\/"},"sameAs":["https:\/\/www.facebook.com\/Elkunoviz\/","https:\/\/www.youtube.com\/channel\/UCrSjEuxgm3q8hGCVX3CG5vg"]}]}},"_links":{"self":[{"href":"https:\/\/elkunoviz.org\/it\/wp-json\/wp\/v2\/pages\/1009","targetHints":{"allow":["GET"]}}],"collection":[{"href":"https:\/\/elkunoviz.org\/it\/wp-json\/wp\/v2\/pages"}],"about":[{"href":"https:\/\/elkunoviz.org\/it\/wp-json\/wp\/v2\/types\/page"}],"author":[{"embeddable":true,"href":"https:\/\/elkunoviz.org\/it\/wp-json\/wp\/v2\/users\/8"}],"replies":[{"embeddable":true,"href":"https:\/\/elkunoviz.org\/it\/wp-json\/wp\/v2\/comments?post=1009"}],"version-history":[{"count":2,"href":"https:\/\/elkunoviz.org\/it\/wp-json\/wp\/v2\/pages\/1009\/revisions"}],"predecessor-version":[{"id":13432,"href":"https:\/\/elkunoviz.org\/it\/wp-json\/wp\/v2\/pages\/1009\/revisions\/13432"}],"wp:attachment":[{"href":"https:\/\/elkunoviz.org\/it\/wp-json\/wp\/v2\/media?parent=1009"}],"curies":[{"name":"wp","href":"https:\/\/api.w.org\/{rel}","templated":true}]}}