{"id":1015,"date":"2017-05-04T14:04:39","date_gmt":"2017-05-04T14:04:39","guid":{"rendered":"http:\/\/elkunoviz.org\/datenschutz\/"},"modified":"2017-09-26T13:04:55","modified_gmt":"2017-09-26T13:04:55","slug":"vita-privata","status":"publish","type":"page","link":"https:\/\/elkunoviz.org\/it\/vita-privata\/","title":{"rendered":"Vita privata"},"content":{"rendered":"<p>[et_pb_section bb_built=&#8221;1&#8243; admin_label=&#8221;section&#8221;][et_pb_row admin_label=&#8221;row&#8221;][et_pb_column type=&#8221;4_4&#8243;][et_pb_text admin_label=&#8221;Text&#8221; background_layout=&#8221;light&#8221; text_orientation=&#8221;left&#8221; use_border_color=&#8221;off&#8221; border_color=&#8221;#ffffff&#8221; border_style=&#8221;solid&#8221;]<\/p>\n<h1>Datenschutzerkl\u00e4rung<\/h1>\n<h2>1. Allgemeines<\/h2>\n<p>Die Pjotr Elkunoviz &#8211; Allumfassende Heilung durch den Geist UG (nachfolgend \u201eElkunoviz\u201c) misst dem Schutz Ihrer Privatsph\u00e4re als Nutzer der Angebote von https:\/\/elkunoviz.org\/, einschlie\u00dflich s\u00e4mtlicher Unterseiten, (nachfolgend \u201eWebsite\u201c) h\u00f6chste Bedeutung zu. Dies gilt insbesondere f\u00fcr die Erhebung und Verarbeitung Ihrer personenbezogenen Daten. Nachfolgend m\u00f6chten wir Ihnen kurz die wichtigsten Aspekte unserer Datenspeicherung erl\u00e4utern.<br \/>\nIm Regelfall ist es nicht erforderlich, dass Sie f\u00fcr die Nutzung unserer Dienste, insbesondere unserer Webseiten, personenbezogene Daten preisgeben. In Einzelf\u00e4llen werden jedoch Ihr Name und Ihre Adresse sowie ggf. weitere Angaben ben\u00f6tigt, damit wir die gew\u00fcnschte Dienstleistung erbringen k\u00f6nnen. Wird dies erforderlich, werden wir Sie zur Mitteilung auffordern.<br \/>\nEine Weitergabe, Verarbeitung oder Nutzung der mitgeteilten Daten Ihrer Daten f\u00fcr Werbe- und Markterhebungszwecke \u00fcber den gesetzlich zul\u00e4ssigen Rahmen hinaus wird von Elkunoviz nur vorgenommen, wenn Sie dem ausdr\u00fccklich zustimmen. Diese Zustimmung k\u00f6nnen Sie jederzeit widerrufen. Am einfachsten geht dies per E-Mail an &#x69;&#110;&#102;o&#x40;&#x65;&#108;k&#x75;&#x6e;&#111;v&#x69;&#x7a;&#46;o&#x72;&#x67;.<\/p>\n<h2>2. Welche Daten speichern wir?<\/h2>\n<p>Wir speichern die Informationen, die wir von Ihnen erhalten, wenn Sie z.B. einen Newsletter abonnieren oder sonstig mit uns in Kontakt treten.<\/p>\n<p>Um unsere Kommunikation mit Ihnen als Nutzer und unsere Leistungen f\u00fcr Sie optimal abstimmen zu k\u00f6nnen, erfassen und speichern wir Daten, die von Ihnen bei Anmeldung f\u00fcr den Newsletter, bei der Nutzung unserer Website oder bei der Kommunikation mit uns erzeugt oder eingeben werden oder die Sie in anderer Weise, wie etwa per E-Mail oder Telefon, \u00fcbermitteln. Hierzu z\u00e4hlen ggfs.<br \/>\n\u2013 Ihre pers\u00f6nlichen Kontaktdaten wie Name, E-Mail-Adresse, Telefonnummer;<br \/>\n\u2013 Angaben zu Ihren Interessen;<br \/>\n\u2013 Ihre Angaben dar\u00fcber, ob und welche Informationen Sie per E-Mail von uns erhalten m\u00f6chten, einschlie\u00dflich Newsletter;<\/p>\n<p>Dies umfasst auch Informationen, die Sie uns zu einem sp\u00e4teren Zeitpunkt \u00fcbermitteln. Je mehr Informationen wir von Ihnen bekommen, umso individuellere und interessantere Angebote k\u00f6nnen wir Ihnen in Zukunft unterbreiten. Wenn Sie keine Zusendung von individuellen Angeboten w\u00fcnschen, k\u00f6nnen Sie dem jederzeit widersprechen.<\/p>\n<h2>3. Wof\u00fcr verwenden wir diese Daten?<\/h2>\n<p>Wir verwenden Ihre Daten zu dem von Ihnen vorgegebenen vertraglichen Zweck, wie z.B. die Zusendung von Newslettern und Informationsschreiben, die aktuelle Informationen rund um unsere Dienstleistungen, Sonderangebote und Aktionen enthalten, per Post und\/oder E-Mail oder die Beantwortung einer Anfrage und f\u00fcr interne Kundenanalysen.<\/p>\n<h2>4. Wie lange werden die Daten gespeichert?<\/h2>\n<p>Grunds\u00e4tzlich speichern wir alle Informationen, die Sie uns \u00fcbermitteln, bis der vertragliche Zweck erf\u00fcllt ist , bei Newslettern z.B., bis Sie den Newsletter wieder abbestellen. Ist eine l\u00e4ngere Speicherung gesetzlich vorgesehen, erfolgt die Speicherung in diesem Rahmen.<\/p>\n<p>Sollten Sie nicht mehr w\u00fcnschen, dass wir Ihre Daten nutzen, so kommen wir dieser Bitte nat\u00fcrlich umgehend nach (lesen Sie dazu bitte auch Ziffer 6).<\/p>\n<h2>5. K\u00f6nnen Sie in Erfahrung bringen, welche Daten wir \u00fcber Sie gespeichert haben?<\/h2>\n<p>Ja. Sie k\u00f6nnen auf Wunsch jederzeit Auskunft \u00fcber Ihre gespeicherten Daten erhalten. Am einfachsten geht dies per E-Mail an &#105;&#x6e;&#102;&#x6f;&#64;&#x65;&#108;&#x6b;u&#x6e;o&#x76;i&#x7a;&#46;&#111;&#x72;&#103;.<\/p>\n<h2>6. K\u00f6nnen Sie die L\u00f6schung Ihrer gespeicherten Daten veranlassen?<\/h2>\n<p>Ja. Selbstverst\u00e4ndlich haben Sie jederzeit die M\u00f6glichkeit, eine teilweise oder komplette L\u00f6schung Ihrer Daten zu veranlassen. Am einfachsten geht dies per E-Mail an &#105;&#x6e;&#102;&#x6f;&#64;&#x65;l&#x6b;u&#x6e;o&#118;&#x69;&#122;&#x2e;&#111;&#x72;&#103;. Soweit wir gesetzlich zur Aufbewahrung der Daten verpflichtet sein sollten, werden die Daten nicht gel\u00f6scht, aber gesperrt.<\/p>\n<h2>7. Was sind Cookies und verwenden wir welche?<\/h2>\n<p>Es ist unsere ausdr\u00fcckliche Firmenphilosophie, sog. Cookies nur dann zu verwenden, wenn es Ihnen die Nutzung der Website angenehmer macht, z.B. durch Anpassung der Internetseiten an Ihre individuellen Anspr\u00fcche.<\/p>\n<p>Cookies sind kleine Textdateien, die auf der Festplatte von Website-Besuchern abgelegt werden k\u00f6nnen. Die in Cookies enthaltenen Informationen erleichtern Ihnen die Navigation und erm\u00f6glichen die korrekte Anzeige unserer Internetseiten. Unsere Cookies sind \u00fcbrigens nicht dazu geeignet, Sie als Person zu identifizieren.<\/p>\n<p>Sie k\u00f6nnen das Speichern von Cookies verhindern, indem Sie Ihre Browser-Einstellungen entsprechend darauf abstimmen. Wie das funktioniert, entnehmen Sie bitte der Bedienungsanleitung Ihres Browser-Herstellers.<\/p>\n<h2>8. Sammlung, Analyse und Nutzung von sonstigen Informationen<\/h2>\n<p>Zu den Informationen, die wir anl\u00e4sslich Ihrer Nutzung unserer Seiten sammeln und analysieren, geh\u00f6ren die Internetprotokolladresse (IP), die Ihren Computer mit dem Internet verbindet, sofern von Ihrem System gesendet, Empfangs- und Lesebest\u00e4tigungen von E-Mails, Logins, E-Mail-Adressen, Passw\u00f6rter, Informationen \u00fcber die genutzten Browser, Betriebssysteme und Plattformen sowie der Uniform Resource Locators (URL), Clickstream und auf unserer Website, Cookie oder Flash-Cookies-Nummern der Produkte, die Sie angeschaut oder nach denen Sie gesucht haben.<\/p>\n<p>Diese Webseite benutzt Google Analytics, einen Webanalysedienst der Google Inc. (\u201eGoogle\u201c). Google Analytics verwendet sog. \u201eCookies\u201c, Textdateien, die auf Ihrem Computer gespeichert werden und die eine Analyse der Benutzung der Webseiten durch Sie erm\u00f6glichen. Die durch den Cookie erzeugten Informationen \u00fcber Ihre Benutzung dieser Webseiten werden in der Regel an einen Server von Google in den USA \u00fcbertragen und dort gespeichert. Aufgrund der Aktivierung der IP-Anonymisierung auf diesen Webseiten, wird Ihre IP-Adresse von Google jedoch innerhalb von Mitgliedstaaten der Europ\u00e4ischen Union oder in anderen Vertragsstaaten des Abkommens \u00fcber den Europ\u00e4ischen Wirtschaftsraum zuvor gek\u00fcrzt. Nur in Ausnahmef\u00e4llen wird die volle IP-Adresse an einen Server von Google in den USA \u00fcbertragen und dort gek\u00fcrzt. Im Auftrag von Elkunoviz wird Google diese Informationen benutzen, um Ihre Nutzung der Webseiten auszuwerten, um Reports \u00fcber die Webseitenaktivit\u00e4ten zusammenzustellen und um weitere mit der Webseitenutzung und der Internetnutzung verbundene Dienstleistungen gegen\u00fcber Elkunoviz zu erbringen. Die im Rahmen von Google Analytics von Ihrem Browser \u00fcbermittelte IP-Adresse wird nicht mit anderen Daten von Google zusammengef\u00fchrt. Sie k\u00f6nnen die Speicherung der Cookies durch eine entsprechende Einstellung Ihrer Browser-Software verhindern; wir weisen Sie jedoch darauf hin, dass Sie in diesem Fall gegebenenfalls nicht s\u00e4mtliche Funktionen dieser Webseiten vollumf\u00e4nglich werden nutzen k\u00f6nnen. Sie k\u00f6nnen dar\u00fcber hinaus die Erfassung der durch das Cookie erzeugten und auf Ihre Nutzung der Webseiten bezogenen Daten (inkl. Ihrer IP-Adresse) an Google sowie die Verarbeitung dieser Daten durch Google verhindern. Hierzu k\u00f6nnen Sie entweder das von Google angebotene Browser-Plugin (Download unter <a href=\"http:\/\/tools.google.com\/dlpage\/gaoptout?hl=de\">http:\/\/tools.google.com\/dlpage\/gaoptout?hl=de<\/a>) nutzen oder Ihre Browser-Einstellungen manuell anpassen. Wie das funktioniert, entnehmen Sie bitte der Bedienungsanleitung Ihres Browser-Herstellers. Angesichts der Diskussion um den Einsatz von Analysetools mit vollst\u00e4ndigen IP-Adressen m\u00f6chten wir darauf hinweisen, dass diese Webseiten GoogleAnalytics mit der Erweiterung \u201e_anonymizeIp()\u201c verwenden und daher IP-Adressen nur gek\u00fcrzt weiterverarbeitet werden, um eine direkte Personenbeziehbarkeit auszuschlie\u00dfen.<\/p>\n<h2>9. Newsletter<\/h2>\n<p>Nur um Sie beim Versand unseres Newsletters pers\u00f6nlich ansprechen zu k\u00f6nnen, erfragen wir Ihren Namen und Vornamen. Selbstverst\u00e4ndlich k\u00f6nnen Sie sich auch unter pseudonymen Angaben, z.B. \u201eHans Mustermann\u201c registrieren lassen.<\/p>\n<p>Ein Newsletter-Abonnement wird ausschlie\u00dflich nach zweifacher Einwilligung (siehe unten Ziffer 16) Ihrerseits wirksam (sog. Double Opt-in Prinzip). Dieses Prinzip wird Ihnen ausf\u00fchrlich erl\u00e4utert, sobald Sie den Newsletter bestellen.<\/p>\n<h2>10. K\u00f6nnen Sie anonym oder unter einem Pseudonym auftreten?<\/h2>\n<p>Selbstverst\u00e4ndlich. Bitte beachten Sie aber, dass wir bestimmte Leistungen, wie etwa die Durchf\u00fchrung von Seminaren nicht erf\u00fcllen k\u00f6nnen, wenn wir Ihren Namen und Ihre Adresse nicht kennen.<\/p>\n<h2>11. Geben wir Ihre Daten an Dritte weiter?<\/h2>\n<p>Ihre Daten werden nicht verkauft oder sonstig an Dritte f\u00fcr au\u00dfervertragliche Zwecke weitergegeben, es sei denn, dies ist gesetzlich zul\u00e4ssig oder wir sind gesetzlich dazu verpflichtet.<\/p>\n<p>Eine Datenweitergabe an Dritte erfolgt insbesondere nur, soweit wir diese mit der Erf\u00fcllung unserer vertraglichen Pflichten Ihnen gegen\u00fcber beauftragen oder soweit es uns gesetzlich vorgeschrieben ist, wie z.B. die Weitergabe von Daten an Ermittlungsbeh\u00f6rden. Soweit wir andere Unternehmen mit der Erf\u00fcllung von Aufgaben beauftragen, werden selbstverst\u00e4ndlich auch diese verpflichtet, Ihre Daten zu sch\u00fctzen und sie nur f\u00fcr den genau vorgegebenen Zweck zu nutzen. Dar\u00fcber hinaus sind sie verpflichtet, die Daten gem\u00e4\u00df dieser Datenschutzerkl\u00e4rung und der geltenden Gesetzeslage zu behandeln.<\/p>\n<h2>12. Datensicherheit<\/h2>\n<p>Alle von uns nach Ma\u00dfgabe dieser Datenschutzerkl\u00e4rung erhobenen Daten werden auf Servern gespeichert, die mit einem hohen Sicherheitsstandard betrieben und so vor dem Zugriff unberechtigter Personen und Missbrauch gesch\u00fctzt werden.<\/p>\n<p>Auf allen Seiten unserer Website auf denen Sie pers\u00f6nliche Daten eingeben, verwenden wir den Sicherheitsstandard 256bit Secure Socket Layers (SSL). Ihre Daten werden direkt bei der \u00dcbertragung verschl\u00fcsselt. Alle datenschutzrelevanten Informationen (wie z.B. Name und Adresse) werden in verschl\u00fcsselter Form in einer gesch\u00fctzten Datenbank abgelegt.<\/p>\n<h2>13. \u00c4nderung der Datenschutzhinweise<\/h2>\n<p>Neue Datenschutzhinweise gelten dann f\u00fcr zuk\u00fcnftige Kontakte mit uns. F\u00fcr bereits gespeicherte Daten gelten die bisherigen Datenschutzhinweise weiter, es sei denn, dies ist gesetzlich nicht zul\u00e4ssig.<\/p>\n<h2>14. Erkl\u00e4rungen<\/h2>\n<p>Im Folgenden finden Sie den genauen Wortlaut Ihrer datenschutzrechtlichen Einwilligung in den Erhalt des Newsletters, soweit Sie eine solche erteilt haben sollten:<\/p>\n<p>\u201eIch willige hiermit ein, dass meine oben angegebenen Daten zur regelm\u00e4\u00dfigen Zusendung von Newslettern der Pjotr Elkunoviz &#8211; Allumfassende Heilung durch den Geist UG, die im Wesentlichen Werbeinformationen enthalten, verwendet werden d\u00fcrfen. Diese Einwilligung ist freiwillig und kann jederzeit mit Wirkung f\u00fcr die Zukunft widerrufen werden.\u201c<\/p>\n<h2>15. Unsere Tipps \u2013 das k\u00f6nnen Sie f\u00fcr Ihre Datensicherheit tun!<\/h2>\n<p>\u2013 Stellen Sie sicher, dass Sie einen sicheren, SSL &#8211; f\u00e4higen Browser zum Surfen im Internet verwenden.<br \/>\n\u2013 Sollten Sie Ihren Computer mit mehreren Personen teilen (z. B. im B\u00fcro oder in einem Internet Cafe), dann empfehlen wir Ihnen, sich nach Beendigung Ihrer Internet-Sitzung von unserer Seite abzumelden, damit keine Unbefugten in Ihrem Namen die Funktionen der Webseite nutzen k\u00f6nnen.<\/p>\n<h2>16. Sie haben noch Fragen?<\/h2>\n<p>Sollten bei Ihnen Fragen zur Sicherheit bei der Verwendung Ihrer personenbezogenen Daten offen geblieben sein, k\u00f6nnen Sie sich jederzeit gerne an in&#102;&#111;&#64;&#x65;&#x6c;&#x6b;&#x75;&#x6e;ov&#105;&#122;&#46;&#x6f;&#x72;&#x67;.<\/p>\n<p>[\/et_pb_text][\/et_pb_column][\/et_pb_row][\/et_pb_section]<\/p>\n","protected":false},"excerpt":{"rendered":"<p>Datenschutzerkl\u00e4rung 1. Allgemeines Die Pjotr Elkunoviz &#8211; Allumfassende Heilung durch den Geist UG (nachfolgend \u201eElkunoviz\u201c) misst dem Schutz Ihrer Privatsph\u00e4re als Nutzer der Angebote von https:\/\/elkunoviz.org\/, einschlie\u00dflich s\u00e4mtlicher Unterseiten, (nachfolgend \u201eWebsite\u201c) h\u00f6chste Bedeutung zu. Dies gilt insbesondere f\u00fcr die Erhebung und Verarbeitung Ihrer personenbezogenen Daten. Nachfolgend m\u00f6chten wir Ihnen kurz die wichtigsten Aspekte unserer Datenspeicherung [&hellip;]<\/p>\n","protected":false},"author":8,"featured_media":0,"parent":0,"menu_order":0,"comment_status":"closed","ping_status":"closed","template":"","meta":{"_et_pb_use_builder":"on","_et_pb_old_content":"","_et_gb_content_width":"","inline_featured_image":false,"footnotes":""},"class_list":["post-1015","page","type-page","status-publish","hentry"],"yoast_head":"<!-- This site is optimized with the Yoast SEO plugin v27.4 - https:\/\/yoast.com\/product\/yoast-seo-wordpress\/ -->\n<title>Vita privata \u2022 Charlene &amp; Pjotr Elkunoviz<\/title>\n<meta name=\"description\" content=\"Vita privata \u2022 Charlene &amp; Pjotr Elkunoviz\" \/>\n<meta name=\"robots\" content=\"index, follow, max-snippet:-1, max-image-preview:large, max-video-preview:-1\" \/>\n<link rel=\"canonical\" href=\"https:\/\/elkunoviz.org\/it\/vita-privata\/\" \/>\n<meta property=\"og:locale\" content=\"it_IT\" \/>\n<meta property=\"og:type\" content=\"article\" \/>\n<meta property=\"og:title\" content=\"Vita privata \u2022 Charlene &amp; Pjotr Elkunoviz\" \/>\n<meta property=\"og:description\" content=\"Vita privata \u2022 Charlene &amp; Pjotr Elkunoviz\" \/>\n<meta property=\"og:url\" content=\"https:\/\/elkunoviz.org\/it\/vita-privata\/\" \/>\n<meta property=\"og:site_name\" content=\"Elkunoviz\" \/>\n<meta property=\"article:publisher\" content=\"https:\/\/www.facebook.com\/Elkunoviz\/\" \/>\n<meta property=\"article:modified_time\" content=\"2017-09-26T13:04:55+00:00\" \/>\n<meta name=\"twitter:card\" content=\"summary_large_image\" \/>\n<meta name=\"twitter:label1\" content=\"Tempo di lettura stimato\" \/>\n\t<meta name=\"twitter:data1\" content=\"8 minuti\" \/>\n<script type=\"application\/ld+json\" class=\"yoast-schema-graph\">{\"@context\":\"https:\\\/\\\/schema.org\",\"@graph\":[{\"@type\":\"WebPage\",\"@id\":\"https:\\\/\\\/elkunoviz.org\\\/it\\\/vita-privata\\\/\",\"url\":\"https:\\\/\\\/elkunoviz.org\\\/it\\\/vita-privata\\\/\",\"name\":\"Vita privata \u2022 Charlene & Pjotr Elkunoviz\",\"isPartOf\":{\"@id\":\"https:\\\/\\\/elkunoviz.org\\\/it\\\/#website\"},\"datePublished\":\"2017-05-04T14:04:39+00:00\",\"dateModified\":\"2017-09-26T13:04:55+00:00\",\"description\":\"Vita privata \u2022 Charlene & Pjotr Elkunoviz\",\"breadcrumb\":{\"@id\":\"https:\\\/\\\/elkunoviz.org\\\/it\\\/vita-privata\\\/#breadcrumb\"},\"inLanguage\":\"it-IT\",\"potentialAction\":[{\"@type\":\"ReadAction\",\"target\":[\"https:\\\/\\\/elkunoviz.org\\\/it\\\/vita-privata\\\/\"]}]},{\"@type\":\"BreadcrumbList\",\"@id\":\"https:\\\/\\\/elkunoviz.org\\\/it\\\/vita-privata\\\/#breadcrumb\",\"itemListElement\":[{\"@type\":\"ListItem\",\"position\":1,\"name\":\"Home\",\"item\":\"https:\\\/\\\/elkunoviz.org\\\/it\\\/\"},{\"@type\":\"ListItem\",\"position\":2,\"name\":\"Vita privata\"}]},{\"@type\":\"WebSite\",\"@id\":\"https:\\\/\\\/elkunoviz.org\\\/it\\\/#website\",\"url\":\"https:\\\/\\\/elkunoviz.org\\\/it\\\/\",\"name\":\"Elkunoviz\",\"description\":\"Allumfassende Heilung\",\"publisher\":{\"@id\":\"https:\\\/\\\/elkunoviz.org\\\/it\\\/#organization\"},\"potentialAction\":[{\"@type\":\"SearchAction\",\"target\":{\"@type\":\"EntryPoint\",\"urlTemplate\":\"https:\\\/\\\/elkunoviz.org\\\/it\\\/?s={search_term_string}\"},\"query-input\":{\"@type\":\"PropertyValueSpecification\",\"valueRequired\":true,\"valueName\":\"search_term_string\"}}],\"inLanguage\":\"it-IT\"},{\"@type\":\"Organization\",\"@id\":\"https:\\\/\\\/elkunoviz.org\\\/it\\\/#organization\",\"name\":\"Pjotr Elkunoviz \u2013 Allumfassende Heilung durch den Geist\",\"url\":\"https:\\\/\\\/elkunoviz.org\\\/it\\\/\",\"logo\":{\"@type\":\"ImageObject\",\"inLanguage\":\"it-IT\",\"@id\":\"https:\\\/\\\/elkunoviz.org\\\/it\\\/#\\\/schema\\\/logo\\\/image\\\/\",\"url\":\"https:\\\/\\\/elkunoviz.org\\\/wp-content\\\/uploads\\\/2023\\\/07\\\/logo.png\",\"contentUrl\":\"https:\\\/\\\/elkunoviz.org\\\/wp-content\\\/uploads\\\/2023\\\/07\\\/logo.png\",\"width\":192,\"height\":194,\"caption\":\"Pjotr Elkunoviz \u2013 Allumfassende Heilung durch den Geist\"},\"image\":{\"@id\":\"https:\\\/\\\/elkunoviz.org\\\/it\\\/#\\\/schema\\\/logo\\\/image\\\/\"},\"sameAs\":[\"https:\\\/\\\/www.facebook.com\\\/Elkunoviz\\\/\",\"https:\\\/\\\/www.youtube.com\\\/channel\\\/UCrSjEuxgm3q8hGCVX3CG5vg\"]}]}<\/script>\n<!-- \/ Yoast SEO plugin. -->","yoast_head_json":{"title":"Vita privata \u2022 Charlene & Pjotr Elkunoviz","description":"Vita privata \u2022 Charlene & Pjotr Elkunoviz","robots":{"index":"index","follow":"follow","max-snippet":"max-snippet:-1","max-image-preview":"max-image-preview:large","max-video-preview":"max-video-preview:-1"},"canonical":"https:\/\/elkunoviz.org\/it\/vita-privata\/","og_locale":"it_IT","og_type":"article","og_title":"Vita privata \u2022 Charlene & Pjotr Elkunoviz","og_description":"Vita privata \u2022 Charlene & Pjotr Elkunoviz","og_url":"https:\/\/elkunoviz.org\/it\/vita-privata\/","og_site_name":"Elkunoviz","article_publisher":"https:\/\/www.facebook.com\/Elkunoviz\/","article_modified_time":"2017-09-26T13:04:55+00:00","twitter_card":"summary_large_image","twitter_misc":{"Tempo di lettura stimato":"8 minuti"},"schema":{"@context":"https:\/\/schema.org","@graph":[{"@type":"WebPage","@id":"https:\/\/elkunoviz.org\/it\/vita-privata\/","url":"https:\/\/elkunoviz.org\/it\/vita-privata\/","name":"Vita privata \u2022 Charlene & Pjotr Elkunoviz","isPartOf":{"@id":"https:\/\/elkunoviz.org\/it\/#website"},"datePublished":"2017-05-04T14:04:39+00:00","dateModified":"2017-09-26T13:04:55+00:00","description":"Vita privata \u2022 Charlene & Pjotr Elkunoviz","breadcrumb":{"@id":"https:\/\/elkunoviz.org\/it\/vita-privata\/#breadcrumb"},"inLanguage":"it-IT","potentialAction":[{"@type":"ReadAction","target":["https:\/\/elkunoviz.org\/it\/vita-privata\/"]}]},{"@type":"BreadcrumbList","@id":"https:\/\/elkunoviz.org\/it\/vita-privata\/#breadcrumb","itemListElement":[{"@type":"ListItem","position":1,"name":"Home","item":"https:\/\/elkunoviz.org\/it\/"},{"@type":"ListItem","position":2,"name":"Vita privata"}]},{"@type":"WebSite","@id":"https:\/\/elkunoviz.org\/it\/#website","url":"https:\/\/elkunoviz.org\/it\/","name":"Elkunoviz","description":"Allumfassende Heilung","publisher":{"@id":"https:\/\/elkunoviz.org\/it\/#organization"},"potentialAction":[{"@type":"SearchAction","target":{"@type":"EntryPoint","urlTemplate":"https:\/\/elkunoviz.org\/it\/?s={search_term_string}"},"query-input":{"@type":"PropertyValueSpecification","valueRequired":true,"valueName":"search_term_string"}}],"inLanguage":"it-IT"},{"@type":"Organization","@id":"https:\/\/elkunoviz.org\/it\/#organization","name":"Pjotr Elkunoviz \u2013 Allumfassende Heilung durch den Geist","url":"https:\/\/elkunoviz.org\/it\/","logo":{"@type":"ImageObject","inLanguage":"it-IT","@id":"https:\/\/elkunoviz.org\/it\/#\/schema\/logo\/image\/","url":"https:\/\/elkunoviz.org\/wp-content\/uploads\/2023\/07\/logo.png","contentUrl":"https:\/\/elkunoviz.org\/wp-content\/uploads\/2023\/07\/logo.png","width":192,"height":194,"caption":"Pjotr Elkunoviz \u2013 Allumfassende Heilung durch den Geist"},"image":{"@id":"https:\/\/elkunoviz.org\/it\/#\/schema\/logo\/image\/"},"sameAs":["https:\/\/www.facebook.com\/Elkunoviz\/","https:\/\/www.youtube.com\/channel\/UCrSjEuxgm3q8hGCVX3CG5vg"]}]}},"_links":{"self":[{"href":"https:\/\/elkunoviz.org\/it\/wp-json\/wp\/v2\/pages\/1015","targetHints":{"allow":["GET"]}}],"collection":[{"href":"https:\/\/elkunoviz.org\/it\/wp-json\/wp\/v2\/pages"}],"about":[{"href":"https:\/\/elkunoviz.org\/it\/wp-json\/wp\/v2\/types\/page"}],"author":[{"embeddable":true,"href":"https:\/\/elkunoviz.org\/it\/wp-json\/wp\/v2\/users\/8"}],"replies":[{"embeddable":true,"href":"https:\/\/elkunoviz.org\/it\/wp-json\/wp\/v2\/comments?post=1015"}],"version-history":[{"count":0,"href":"https:\/\/elkunoviz.org\/it\/wp-json\/wp\/v2\/pages\/1015\/revisions"}],"wp:attachment":[{"href":"https:\/\/elkunoviz.org\/it\/wp-json\/wp\/v2\/media?parent=1015"}],"curies":[{"name":"wp","href":"https:\/\/api.w.org\/{rel}","templated":true}]}}