{"id":1431,"date":"2017-05-04T13:56:51","date_gmt":"2017-05-04T13:56:51","guid":{"rendered":"http:\/\/elkunoviz.org\/berichte\/"},"modified":"2023-08-16T08:42:52","modified_gmt":"2023-08-16T06:42:52","slug":"testimonianze","status":"publish","type":"page","link":"https:\/\/elkunoviz.org\/it\/testimonianze\/","title":{"rendered":"Testimonianze"},"content":{"rendered":"<p>[et_pb_section fb_built=&#8221;1&#8243; admin_label=&#8221;section&#8221; _builder_version=&#8221;4.16&#8243; global_colors_info=&#8221;{}&#8221;][et_pb_row admin_label=&#8221;row&#8221; _builder_version=&#8221;4.21.0&#8243; background_size=&#8221;initial&#8221; background_position=&#8221;top_left&#8221; background_repeat=&#8221;repeat&#8221; max_width=&#8221;900px&#8221; module_alignment=&#8221;center&#8221; global_colors_info=&#8221;{}&#8221;][et_pb_column type=&#8221;4_4&#8243; _builder_version=&#8221;4.16&#8243; custom_padding=&#8221;|||&#8221; global_colors_info=&#8221;{}&#8221; custom_padding__hover=&#8221;|||&#8221;][et_pb_text admin_label=&#8221;Title&#8221; _builder_version=&#8221;4.16&#8243; background_size=&#8221;initial&#8221; background_position=&#8221;top_left&#8221; background_repeat=&#8221;repeat&#8221; use_border_color=&#8221;off&#8221; border_color=&#8221;#ffffff&#8221; border_style=&#8221;solid&#8221; global_colors_info=&#8221;{}&#8221;]<\/p>\n<h1>Testimonianze<\/h1>\n<p>[\/et_pb_text][et_pb_image src=&#8221;https:\/\/elkunoviz.org\/wp-content\/uploads\/2023\/07\/elk_erfahrungsberichte1.jpg&#8221; alt=&#8221;Geistheiler Erfahrungsberichte Dankesch\u00f6n&#8221; title_text=&#8221;elk_erfahrungsberichte1&#8243; align_tablet=&#8221;center&#8221; align_phone=&#8221;center&#8221; align_last_edited=&#8221;on|desktop&#8221; admin_label=&#8221;Image&#8221; _builder_version=&#8221;4.21.0&#8243; module_alignment=&#8221;center&#8221; use_border_color=&#8221;off&#8221; border_color=&#8221;#ffffff&#8221; border_style=&#8221;solid&#8221; animation=&#8221;off&#8221; sticky=&#8221;off&#8221; always_center_on_mobile=&#8221;on&#8221; global_colors_info=&#8221;{}&#8221;][\/et_pb_image][\/et_pb_column][\/et_pb_row][\/et_pb_section][et_pb_section fb_built=&#8221;1&#8243; admin_label=&#8221;Section&#8221; _builder_version=&#8221;4.16&#8243; custom_padding=&#8221;0px|||&#8221; transparent_background=&#8221;off&#8221; make_fullwidth=&#8221;off&#8221; use_custom_width=&#8221;off&#8221; width_unit=&#8221;on&#8221; global_colors_info=&#8221;{}&#8221;][et_pb_row admin_label=&#8221;Row&#8221; _builder_version=&#8221;4.21.0&#8243; background_size=&#8221;initial&#8221; background_position=&#8221;top_left&#8221; background_repeat=&#8221;repeat&#8221; max_width=&#8221;780px&#8221; module_alignment=&#8221;center&#8221; custom_padding=&#8221;0px|||&#8221; make_fullwidth=&#8221;off&#8221; use_custom_width=&#8221;off&#8221; width_unit=&#8221;on&#8221; global_colors_info=&#8221;{}&#8221;][et_pb_column type=&#8221;4_4&#8243; _builder_version=&#8221;4.16&#8243; custom_padding=&#8221;|||&#8221; global_colors_info=&#8221;{}&#8221; custom_padding__hover=&#8221;|||&#8221;][et_pb_text admin_label=&#8221;Erfahrungen zur Geistigen Aufrichtung&#8221; _builder_version=&#8221;4.16&#8243; background_size=&#8221;initial&#8221; background_position=&#8221;top_left&#8221; background_repeat=&#8221;repeat&#8221; use_border_color=&#8221;off&#8221; border_color=&#8221;#ffffff&#8221; border_style=&#8221;solid&#8221; global_colors_info=&#8221;{}&#8221;]<\/p>\n<h2>Esperienze Riallineamento Spirituale<\/h2>\n<p><strong>Durante le nostre giornate di guarigione, dopo aver ricevuto il trattamento, le persone ci hanno riferito:<\/strong><\/p>\n<p>[\/et_pb_text][et_pb_text admin_label=&#8221;Testimonials 1&#8243; _builder_version=&#8221;4.21.0&#8243; background_size=&#8221;initial&#8221; background_position=&#8221;top_left&#8221; background_repeat=&#8221;repeat&#8221; use_border_color=&#8221;off&#8221; border_color=&#8221;#ffffff&#8221; border_style=&#8221;solid&#8221; global_colors_info=&#8221;{}&#8221;]<\/p>\n<p>\u201c<em>Bene, non riesco a descrivere la sensazione.<\/em>\u201d &#8211; <span style=\"color: #ab4db2;\">TATJANA<\/span><\/p>\n<p>\u201c<em>Mi sento leggera e libera, senza dolori.<\/em>\u201d &#8211; <span style=\"color: #ab4db2;\">SUSANN<\/span><\/p>\n<p>\u201c<em>Molto bene, energizzata. Grazie!<\/em>\u201d &#8211; <span style=\"color: #ab4db2;\">TUNDE<\/span><\/p>\n<p>\u201c<em>Namaste, cari miei! Domenica siamo stati da voi e come prima cosa vogliamo ringraziarvi di cuore. \u00c8 stata un\u2019esperienza fantastica e un arricchimento per la nostra esistenza e il prosieguo della nostra vita. Da quando siamo stati riallineati, mia madre ed io siamo liberi da dolori e anche lo spirito si \u00e8 quietato. Il centro interiore \u00e8 veramente il posto pi\u00f9 bello ???? Amore e Luce. In gratitudine<\/em>\u201d &#8211; <span style=\"color: #ab4db2;\">ELISABETH UND SEBASTIAN<\/span><\/p>\n<p>\u201c<em>Leggera, sensazione di ampiezza, come se l\u2019energia nel corpo e tutto attorno stesse scorrendo.<\/em>\u201d &#8211; <span style=\"color: #ab4db2;\">ANKE<\/span><\/p>\n<p>\u201c<em>Mi sento calmo e equilibrato. La conferenza era molto interessante e mi ha dato molti spunti di riflessione. Per questo vi ringrazio.\u201d\u00a0<\/em> &#8211; <span style=\"color: #ab4db2;\">WOLFGANG<\/span><\/p>\n<p>\u201c<em>Non riesco ancora a spiegarmi veramente cosa mi sia successo durante quel giorno di guarigione, e non penso di riuscire a comprenderlo con la ragione, anche se lo vorrei tanto. Entrando nella stanza ho percepito una alta oscillazione e uno stato energetico. Vi siete dati da fare con seriet\u00e0 e siete cos\u00ec espansivi, molte grazie!!<br \/>A parte l\u2019inspiegabile \u2018aggiustamento\u2019 della mia struttura scheletrica, sento gli effetti soprattutto mentalmente. Una tale pace e imperturbabilit\u00e0 pervade il mio corpo, mai conosciuta prima. D\u2019un tratto riesco ad avvicinare le persone liberamente e consapevole. Ora vedo tutto con occhi diversi. Molte grazie anche per le informazioni veramente interessanti e di esservi presi tutto questo tempo! Vi ringrazio di tutto cuore, per il vostro instancabile lavoro, che Dio vi benedica.<\/em>\u201d\u00a0 &#8211; <span style=\"color: #ab4db2;\">ANDREA<\/span><\/p>\n<p>\u201c<em>Mi sento benissimo!!! Grazie\u2026<\/em>\u201d &#8211; <span style=\"color: #ab4db2;\">THORSTEN<\/span><\/p>\n<p>\u201c<em>Essere consapevole, Luce. Amore, io sono!!<\/em>\u201d &#8211; <span style=\"color: #ab4db2;\">LIANE<\/span><\/p>\n<p>\u201c<em>Ha avuto luogo una purificazione importante \u2013 scioglimento di pesi del passato. Leggerezza \u2013 chiarezza \u2013 Grazie!<\/em>\u201d\u00a0 &#8211; <span style=\"color: #ab4db2;\">MANUELA<\/span><\/p>\n<p>\u201c<em>Calmo, con un sorriso interiore.<\/em>\u201d\u00a0 &#8211; <span style=\"color: #ab4db2;\">DETLEF<\/span><\/p>\n<p>\u201c<em>Molto bene. Mi sento pi\u00f9 leggera e pi\u00f9 libera.<\/em>\u201d &#8211; <span style=\"color: #ab4db2;\">ALETTE<\/span><\/p>\n<p>\u201c<em>Molto calma, molto forte e soddisfatta; molto vicina a me stessa\u2026Grazie per la vostra devozione, l\u2019Amore e l\u2019Energia!<\/em>\u201d\u00a0&#8211; <span style=\"color: #ab4db2;\">MARLIES<\/span><\/p>\n<p>\u201c<em>Grazie per il trattamento fatto a mia madre. Non l\u2019ho ma sentita dire: mi sento come su una nuvola,<\/em>\u201d &#8211; <span style=\"color: #ab4db2;\">ANDREAS<\/span><\/p>\n<p>[\/et_pb_text][et_pb_image src=&#8221;https:\/\/elkunoviz.org\/wp-content\/uploads\/2023\/07\/elk_erfahrungsberichte2.jpg&#8221; alt=&#8221;Geistheiler Erfahrungsberichte Baum&#8221; title_text=&#8221;elk_erfahrungsberichte2&#8243; align_tablet=&#8221;center&#8221; align_phone=&#8221;center&#8221; align_last_edited=&#8221;on|desktop&#8221; admin_label=&#8221;Image&#8221; _builder_version=&#8221;4.21.0&#8243; use_border_color=&#8221;off&#8221; border_color=&#8221;#ffffff&#8221; border_style=&#8221;solid&#8221; animation=&#8221;off&#8221; sticky=&#8221;off&#8221; always_center_on_mobile=&#8221;on&#8221; global_colors_info=&#8221;{}&#8221;][\/et_pb_image][et_pb_text admin_label=&#8221;Testimonials 2&#8243; _builder_version=&#8221;4.21.0&#8243; background_size=&#8221;initial&#8221; background_position=&#8221;top_left&#8221; background_repeat=&#8221;repeat&#8221; use_border_color=&#8221;off&#8221; border_color=&#8221;#ffffff&#8221; border_style=&#8221;solid&#8221; global_colors_info=&#8221;{}&#8221;]<\/p>\n<p>\u201c<em>\u00c8 come rinascere. Una nuova sensazione corporea. Sono curiosa di vedere come sar\u00e0 in futuro. \u00c8 molto interessante passare un giorno insieme a voi. Grazie di cuore! A presto!<\/em>\u201d &#8211; <span style=\"color: #ab4db2;\">HANS<\/span><\/p>\n<p>\u201c<em>Bene. \u00c8 stata una fantastica esperienza.<\/em>\u201d &#8211; <span style=\"color: #ab4db2;\">J\u00d6RG<\/span><\/p>\n<p>\u201c<em>Rilassamento totale, senso di felicit\u00e0, sollievo, leggerezza nel braccio destro. Grazie di tutto.<\/em>\u201d &#8211; <span style=\"color: #ab4db2;\">KERSTIN<\/span><\/p>\n<p>\u201c<em>Porto a casa tante cose positive e mi sento molto bene.<\/em>\u201d &#8211; <span style=\"color: #ab4db2;\">IRENE<\/span><\/p>\n<p>\u201c<em>Sono senza dolori e mi sento liberata e commossa. Le nozioni spirituali per me sono innovative. Un caro ringraziamento!<\/em>\u201d &#8211; <span style=\"color: #ab4db2;\">THOMAS<\/span><\/p>\n<p>\u201c<em>Mi sento molto bene, i dolori sono spariti, mi sento molto rinfrescata, soddisfatta e entusiasta. Tante tante grazie! Vi auguro ogni bene per questa attivit\u00e0.<\/em>\u201d &#8211; <span style=\"color: #ab4db2;\">KATARINA<\/span><\/p>\n<p>\u201c<em>Che risveglio gioioso stamattina.., i vecchi condizionamenti hanno ceduto il passo a una forza nuova. Sono entrato in un campo dove \u00e8 percepibile solo la consapevolezza di luce e amore. Tutto \u00e8 cos\u00ec com\u2019\u00e8..<br \/>\u00c8 come essere giunti a casa. La fonte di ci\u00f2 che siamo e sempre siamo stati. Contemporaneamente sono colmo di gratitudine, infinitamente grato al Creatore, alla Creato e a me stesso in quanto parte di questa grande interezza.<br \/>In questo momento il mio amore e la mia gratitudine si rivolgono soprattutto a voi, Charlene e Pjotr. La vostra amorevole accoglienza, infinita pazienza e il Riallineamento Spirituale pieno di grazia.<br \/>Con affetto, da cuore a cuore.<\/em>\u201d &#8211; <span style=\"color: #ab4db2;\">KARIN<\/span><\/p>\n<p>[\/et_pb_text][et_pb_image src=&#8221;https:\/\/elkunoviz.org\/wp-content\/uploads\/2023\/07\/elk_erfahrungsberichte3.jpg&#8221; title_text=&#8221;elk_erfahrungsberichte3&#8243; _builder_version=&#8221;4.21.0&#8243; _module_preset=&#8221;default&#8221; global_colors_info=&#8221;{}&#8221;][\/et_pb_image][\/et_pb_column][\/et_pb_row][\/et_pb_section][et_pb_section fb_built=&#8221;1&#8243; _builder_version=&#8221;4.21.0&#8243; _module_preset=&#8221;73e3f740-8efa-4583-b8bd-c2faeea8dfca&#8221; transparent_background=&#8221;off&#8221; make_fullwidth=&#8221;off&#8221; use_custom_width=&#8221;off&#8221; width_unit=&#8221;on&#8221; global_module=&#8221;11582&#8243; saved_tabs=&#8221;all&#8221; global_colors_info=&#8221;{}&#8221;][et_pb_row column_structure=&#8221;2_3,1_3&#8243; _builder_version=&#8221;4.21.0&#8243; background_size=&#8221;initial&#8221; background_position=&#8221;top_left&#8221; background_repeat=&#8221;repeat&#8221; min_height=&#8221;64.2px&#8221; custom_padding=&#8221;0px|||||&#8221; global_colors_info=&#8221;{}&#8221;][et_pb_column type=&#8221;2_3&#8243; _builder_version=&#8221;4.21.0&#8243; custom_padding=&#8221;|||&#8221; global_colors_info=&#8221;{}&#8221; custom_padding__hover=&#8221;|||&#8221;][et_pb_text _builder_version=&#8221;4.21.0&#8243; _module_preset=&#8221;default&#8221; text_text_color=&#8221;#FFFFFF&#8221; header_4_text_color=&#8221;#f4e2f5&#8243; background_layout=&#8221;dark&#8221; global_colors_info=&#8221;{}&#8221;]<\/p>\n<h2>La nostra newsletter per una vita quotidiana consapevole<\/h2>\n<p>La newsletter che contiene impulsi di guarigione per la vita quotidiana, ispirazioni su argomenti spirituali e promemoria per le date delle Giornate di guarigione e degli eventi ti informer\u00e0 sulle nostre novit\u00e0 a intervalli irregolari. Iscriviti alla nostra newsletter e potrai cancellarti in qualsiasi momento, ad esempio tramite un link nella newsletter.<\/p>\n<p>[\/et_pb_text][\/et_pb_column][et_pb_column type=&#8221;1_3&#8243; _builder_version=&#8221;4.16&#8243; custom_padding=&#8221;|||&#8221; global_colors_info=&#8221;{}&#8221; custom_padding__hover=&#8221;|||&#8221;][et_pb_code module_class=&#8221;newsletter-form&#8221; _builder_version=&#8221;4.21.0&#8243; global_colors_info=&#8221;{}&#8221;]<script>(function() {\n\twindow.mc4wp = window.mc4wp || {\n\t\tlisteners: [],\n\t\tforms: {\n\t\t\ton: function(evt, cb) {\n\t\t\t\twindow.mc4wp.listeners.push(\n\t\t\t\t\t{\n\t\t\t\t\t\tevent   : evt,\n\t\t\t\t\t\tcallback: cb\n\t\t\t\t\t}\n\t\t\t\t);\n\t\t\t}\n\t\t}\n\t}\n})();\n<\/script><!-- Mailchimp for WordPress v4.12.1 - https:\/\/wordpress.org\/plugins\/mailchimp-for-wp\/ --><form id=\"mc4wp-form-1\" class=\"mc4wp-form mc4wp-form-377 mc4wp-ajax\" method=\"post\" data-id=\"377\" data-name=\"Elkunoviz Newsletter DE\" ><div class=\"mc4wp-form-fields\"><div><input type=\"text\" name=\"FNAME\" placeholder=\"Name\"><\/div>\r\n<div><input type=\"email\" name=\"email\" placeholder=\"E-Mail Adresse\" required \/><\/div>\r\n\r\n<div class=\"mc4wp-dropdown-wrapper\">\r\n  <label for=\"language-select\">Sprache:<\/label>\r\n  <select name=\"INTERESTS[00ce8103c5]\" id=\"language-select\" required=\"\">\r\n    <option value=\"bb411d99f7\" selected=\"true\">Deutsch<\/option>\r\n    <option value=\"0b2ad157c6\">English<\/option>\r\n    <option value=\"5f9c1fe271\">\u0420\u0443\u0441\u0441\u043a\u0438\u0439<\/option>\r\n    <option value=\"7fdafb1d82\">Italiano<\/option>\r\n    <option value=\"87669c16a0\">Espa\u00f1ol<\/option>\r\n    <option value=\"aa3889186a\">Latvie\u0161u<\/option>\r\n    <option value=\"d0c9f01167\">Lietuvos<\/option>\r\n  <\/select>\r\n<\/div>\r\n\r\n<fieldset>\r\n    <legend class=\"mc4wp-legend\">Interessen:<\/legend>\r\n    <label>\r\n        <input type=\"checkbox\" name=\"INTERESTS[c247eb75b8][]\" value=\"cb344cfb20\"> <span>Impulse f\u00fcr den Tag<\/span>\r\n    <\/label>\r\n    <label>\r\n        <input type=\"checkbox\" name=\"INTERESTS[c247eb75b8][]\" value=\"1ee1f1c268\"> <span>News<\/span>\r\n    <\/label>\r\n    <label>\r\n        <input type=\"checkbox\" name=\"INTERESTS[c247eb75b8][]\" value=\"68c933c223\"> <span>Seminare<\/span>\r\n    <\/label>\r\n    <label>\r\n        <input type=\"checkbox\" name=\"INTERESTS[c247eb75b8][]\" value=\"d71259545e\"> <span>Behandlungen<\/span>\r\n    <\/label>\r\n    <label>\r\n        <input type=\"checkbox\" name=\"INTERESTS[c247eb75b8][]\" value=\"5110647ad5\"> <span>Tierbehandlung<\/span>\r\n    <\/label>\r\n<\/fieldset>\r\n\r\n<input type=\"submit\" class=\"newsletter__submit\" value=\"Newsletter abonnieren\" \/>\r\n<\/div><label style=\"display: none !important;\">Lascia questo campo vuoto se sei umano: <input type=\"text\" name=\"_mc4wp_honeypot\" value=\"\" tabindex=\"-1\" autocomplete=\"off\" \/><\/label><input type=\"hidden\" name=\"_mc4wp_timestamp\" value=\"1777021064\" \/><input type=\"hidden\" name=\"_mc4wp_form_id\" value=\"377\" \/><input type=\"hidden\" name=\"_mc4wp_form_element_id\" value=\"mc4wp-form-1\" \/><div class=\"mc4wp-response\"><\/div><\/form><!-- \/ Mailchimp for WordPress Plugin -->[\/et_pb_code][\/et_pb_column][\/et_pb_row][\/et_pb_section]<\/p>\n","protected":false},"excerpt":{"rendered":"<p>Testimonianze Esperienze Riallineamento Spirituale Durante le nostre giornate di guarigione, dopo aver ricevuto il trattamento, le persone ci hanno riferito: \u201cBene, non riesco a descrivere la sensazione.\u201d &#8211; TATJANA \u201cMi sento leggera e libera, senza dolori.\u201d &#8211; SUSANN \u201cMolto bene, energizzata. Grazie!\u201d &#8211; TUNDE \u201cNamaste, cari miei! Domenica siamo stati da voi e come prima [&hellip;]<\/p>\n","protected":false},"author":8,"featured_media":0,"parent":0,"menu_order":0,"comment_status":"closed","ping_status":"closed","template":"","meta":{"_et_pb_use_builder":"on","_et_pb_old_content":"","_et_gb_content_width":"","inline_featured_image":false,"footnotes":""},"class_list":["post-1431","page","type-page","status-publish","hentry"],"yoast_head":"<!-- This site is optimized with the Yoast SEO plugin v27.4 - https:\/\/yoast.com\/product\/yoast-seo-wordpress\/ -->\n<title>Testimonianze \u2022 Charlene &amp; Pjotr Elkunoviz<\/title>\n<meta name=\"description\" content=\"Durante le nostre giornate di guarigione, dopo aver ricevuto il trattamento, le persone ci hanno riferito:\" \/>\n<meta name=\"robots\" content=\"index, follow, max-snippet:-1, max-image-preview:large, max-video-preview:-1\" \/>\n<link rel=\"canonical\" href=\"https:\/\/elkunoviz.org\/it\/testimonianze\/\" \/>\n<meta property=\"og:locale\" content=\"it_IT\" \/>\n<meta property=\"og:type\" content=\"article\" \/>\n<meta property=\"og:title\" content=\"Testimonianze \u2022 Charlene &amp; Pjotr Elkunoviz\" \/>\n<meta property=\"og:description\" content=\"Durante le nostre giornate di guarigione, dopo aver ricevuto il trattamento, le persone ci hanno riferito:\" \/>\n<meta property=\"og:url\" content=\"https:\/\/elkunoviz.org\/it\/testimonianze\/\" \/>\n<meta property=\"og:site_name\" content=\"Elkunoviz\" \/>\n<meta property=\"article:publisher\" content=\"https:\/\/www.facebook.com\/Elkunoviz\/\" \/>\n<meta property=\"article:modified_time\" content=\"2023-08-16T06:42:52+00:00\" \/>\n<meta name=\"twitter:card\" content=\"summary_large_image\" \/>\n<meta name=\"twitter:label1\" content=\"Tempo di lettura stimato\" \/>\n\t<meta name=\"twitter:data1\" content=\"6 minuti\" \/>\n<script type=\"application\/ld+json\" class=\"yoast-schema-graph\">{\"@context\":\"https:\\\/\\\/schema.org\",\"@graph\":[{\"@type\":\"WebPage\",\"@id\":\"https:\\\/\\\/elkunoviz.org\\\/it\\\/testimonianze\\\/\",\"url\":\"https:\\\/\\\/elkunoviz.org\\\/it\\\/testimonianze\\\/\",\"name\":\"Testimonianze \u2022 Charlene & Pjotr Elkunoviz\",\"isPartOf\":{\"@id\":\"https:\\\/\\\/elkunoviz.org\\\/it\\\/#website\"},\"datePublished\":\"2017-05-04T13:56:51+00:00\",\"dateModified\":\"2023-08-16T06:42:52+00:00\",\"description\":\"Durante le nostre giornate di guarigione, dopo aver ricevuto il trattamento, le persone ci hanno riferito:\",\"breadcrumb\":{\"@id\":\"https:\\\/\\\/elkunoviz.org\\\/it\\\/testimonianze\\\/#breadcrumb\"},\"inLanguage\":\"it-IT\",\"potentialAction\":[{\"@type\":\"ReadAction\",\"target\":[\"https:\\\/\\\/elkunoviz.org\\\/it\\\/testimonianze\\\/\"]}]},{\"@type\":\"BreadcrumbList\",\"@id\":\"https:\\\/\\\/elkunoviz.org\\\/it\\\/testimonianze\\\/#breadcrumb\",\"itemListElement\":[{\"@type\":\"ListItem\",\"position\":1,\"name\":\"Home\",\"item\":\"https:\\\/\\\/elkunoviz.org\\\/it\\\/\"},{\"@type\":\"ListItem\",\"position\":2,\"name\":\"Testimonianze\"}]},{\"@type\":\"WebSite\",\"@id\":\"https:\\\/\\\/elkunoviz.org\\\/it\\\/#website\",\"url\":\"https:\\\/\\\/elkunoviz.org\\\/it\\\/\",\"name\":\"Elkunoviz\",\"description\":\"Allumfassende Heilung\",\"publisher\":{\"@id\":\"https:\\\/\\\/elkunoviz.org\\\/it\\\/#organization\"},\"potentialAction\":[{\"@type\":\"SearchAction\",\"target\":{\"@type\":\"EntryPoint\",\"urlTemplate\":\"https:\\\/\\\/elkunoviz.org\\\/it\\\/?s={search_term_string}\"},\"query-input\":{\"@type\":\"PropertyValueSpecification\",\"valueRequired\":true,\"valueName\":\"search_term_string\"}}],\"inLanguage\":\"it-IT\"},{\"@type\":\"Organization\",\"@id\":\"https:\\\/\\\/elkunoviz.org\\\/it\\\/#organization\",\"name\":\"Pjotr Elkunoviz \u2013 Allumfassende Heilung durch den Geist\",\"url\":\"https:\\\/\\\/elkunoviz.org\\\/it\\\/\",\"logo\":{\"@type\":\"ImageObject\",\"inLanguage\":\"it-IT\",\"@id\":\"https:\\\/\\\/elkunoviz.org\\\/it\\\/#\\\/schema\\\/logo\\\/image\\\/\",\"url\":\"https:\\\/\\\/elkunoviz.org\\\/wp-content\\\/uploads\\\/2023\\\/07\\\/logo.png\",\"contentUrl\":\"https:\\\/\\\/elkunoviz.org\\\/wp-content\\\/uploads\\\/2023\\\/07\\\/logo.png\",\"width\":192,\"height\":194,\"caption\":\"Pjotr Elkunoviz \u2013 Allumfassende Heilung durch den Geist\"},\"image\":{\"@id\":\"https:\\\/\\\/elkunoviz.org\\\/it\\\/#\\\/schema\\\/logo\\\/image\\\/\"},\"sameAs\":[\"https:\\\/\\\/www.facebook.com\\\/Elkunoviz\\\/\",\"https:\\\/\\\/www.youtube.com\\\/channel\\\/UCrSjEuxgm3q8hGCVX3CG5vg\"]}]}<\/script>\n<!-- \/ Yoast SEO plugin. -->","yoast_head_json":{"title":"Testimonianze \u2022 Charlene & Pjotr Elkunoviz","description":"Durante le nostre giornate di guarigione, dopo aver ricevuto il trattamento, le persone ci hanno riferito:","robots":{"index":"index","follow":"follow","max-snippet":"max-snippet:-1","max-image-preview":"max-image-preview:large","max-video-preview":"max-video-preview:-1"},"canonical":"https:\/\/elkunoviz.org\/it\/testimonianze\/","og_locale":"it_IT","og_type":"article","og_title":"Testimonianze \u2022 Charlene & Pjotr Elkunoviz","og_description":"Durante le nostre giornate di guarigione, dopo aver ricevuto il trattamento, le persone ci hanno riferito:","og_url":"https:\/\/elkunoviz.org\/it\/testimonianze\/","og_site_name":"Elkunoviz","article_publisher":"https:\/\/www.facebook.com\/Elkunoviz\/","article_modified_time":"2023-08-16T06:42:52+00:00","twitter_card":"summary_large_image","twitter_misc":{"Tempo di lettura stimato":"6 minuti"},"schema":{"@context":"https:\/\/schema.org","@graph":[{"@type":"WebPage","@id":"https:\/\/elkunoviz.org\/it\/testimonianze\/","url":"https:\/\/elkunoviz.org\/it\/testimonianze\/","name":"Testimonianze \u2022 Charlene & Pjotr Elkunoviz","isPartOf":{"@id":"https:\/\/elkunoviz.org\/it\/#website"},"datePublished":"2017-05-04T13:56:51+00:00","dateModified":"2023-08-16T06:42:52+00:00","description":"Durante le nostre giornate di guarigione, dopo aver ricevuto il trattamento, le persone ci hanno riferito:","breadcrumb":{"@id":"https:\/\/elkunoviz.org\/it\/testimonianze\/#breadcrumb"},"inLanguage":"it-IT","potentialAction":[{"@type":"ReadAction","target":["https:\/\/elkunoviz.org\/it\/testimonianze\/"]}]},{"@type":"BreadcrumbList","@id":"https:\/\/elkunoviz.org\/it\/testimonianze\/#breadcrumb","itemListElement":[{"@type":"ListItem","position":1,"name":"Home","item":"https:\/\/elkunoviz.org\/it\/"},{"@type":"ListItem","position":2,"name":"Testimonianze"}]},{"@type":"WebSite","@id":"https:\/\/elkunoviz.org\/it\/#website","url":"https:\/\/elkunoviz.org\/it\/","name":"Elkunoviz","description":"Allumfassende Heilung","publisher":{"@id":"https:\/\/elkunoviz.org\/it\/#organization"},"potentialAction":[{"@type":"SearchAction","target":{"@type":"EntryPoint","urlTemplate":"https:\/\/elkunoviz.org\/it\/?s={search_term_string}"},"query-input":{"@type":"PropertyValueSpecification","valueRequired":true,"valueName":"search_term_string"}}],"inLanguage":"it-IT"},{"@type":"Organization","@id":"https:\/\/elkunoviz.org\/it\/#organization","name":"Pjotr Elkunoviz \u2013 Allumfassende Heilung durch den Geist","url":"https:\/\/elkunoviz.org\/it\/","logo":{"@type":"ImageObject","inLanguage":"it-IT","@id":"https:\/\/elkunoviz.org\/it\/#\/schema\/logo\/image\/","url":"https:\/\/elkunoviz.org\/wp-content\/uploads\/2023\/07\/logo.png","contentUrl":"https:\/\/elkunoviz.org\/wp-content\/uploads\/2023\/07\/logo.png","width":192,"height":194,"caption":"Pjotr Elkunoviz \u2013 Allumfassende Heilung durch den Geist"},"image":{"@id":"https:\/\/elkunoviz.org\/it\/#\/schema\/logo\/image\/"},"sameAs":["https:\/\/www.facebook.com\/Elkunoviz\/","https:\/\/www.youtube.com\/channel\/UCrSjEuxgm3q8hGCVX3CG5vg"]}]}},"_links":{"self":[{"href":"https:\/\/elkunoviz.org\/it\/wp-json\/wp\/v2\/pages\/1431","targetHints":{"allow":["GET"]}}],"collection":[{"href":"https:\/\/elkunoviz.org\/it\/wp-json\/wp\/v2\/pages"}],"about":[{"href":"https:\/\/elkunoviz.org\/it\/wp-json\/wp\/v2\/types\/page"}],"author":[{"embeddable":true,"href":"https:\/\/elkunoviz.org\/it\/wp-json\/wp\/v2\/users\/8"}],"replies":[{"embeddable":true,"href":"https:\/\/elkunoviz.org\/it\/wp-json\/wp\/v2\/comments?post=1431"}],"version-history":[{"count":5,"href":"https:\/\/elkunoviz.org\/it\/wp-json\/wp\/v2\/pages\/1431\/revisions"}],"predecessor-version":[{"id":12880,"href":"https:\/\/elkunoviz.org\/it\/wp-json\/wp\/v2\/pages\/1431\/revisions\/12880"}],"wp:attachment":[{"href":"https:\/\/elkunoviz.org\/it\/wp-json\/wp\/v2\/media?parent=1431"}],"curies":[{"name":"wp","href":"https:\/\/api.w.org\/{rel}","templated":true}]}}