{"id":1461,"date":"2017-05-04T10:29:56","date_gmt":"2017-05-04T10:29:56","guid":{"rendered":"http:\/\/elkunoviz.org\/kontakt-anfahrt\/"},"modified":"2023-08-31T12:27:39","modified_gmt":"2023-08-31T10:27:39","slug":"contatti-come-raggiungerci","status":"publish","type":"page","link":"https:\/\/elkunoviz.org\/it\/contatti-come-raggiungerci\/","title":{"rendered":"Kontakt &#038; Anfahrt"},"content":{"rendered":"<p>[et_pb_section fb_built=&#8221;1&#8243; _builder_version=&#8221;4.21.0&#8243; _module_preset=&#8221;default&#8221; global_colors_info=&#8221;{}&#8221;][et_pb_row use_custom_gutter=&#8221;on&#8221; gutter_width=&#8221;1&#8243; _builder_version=&#8221;4.21.0&#8243; _module_preset=&#8221;default&#8221; background_color=&#8221;#f4e2f5&#8243; use_background_color_gradient=&#8221;on&#8221; background_color_gradient_type=&#8221;circular&#8221; background_color_gradient_stops=&#8221;#ffffff 14%|#efefd2 28%|#f4e2f5 80%&#8221; background_image=&#8221;https:\/\/elkunoviz.org\/wp-content\/uploads\/2023\/07\/elk_heiltag_header.jpg&#8221; width=&#8221;100%&#8221; custom_padding=&#8221;0px|0px|70px|0px|false|false&#8221; global_colors_info=&#8221;{}&#8221;][et_pb_column type=&#8221;4_4&#8243; _builder_version=&#8221;4.21.0&#8243; _module_preset=&#8221;default&#8221; global_colors_info=&#8221;{}&#8221;][et_pb_text _builder_version=&#8221;4.21.0&#8243; _module_preset=&#8221;default&#8221; background_color=&#8221;RGBA(255,255,255,0)&#8221; custom_margin=&#8221;72px|72px|30px|72px|false|true&#8221; global_colors_info=&#8221;{}&#8221;]<\/p>\n<h1>Riallineamento Spirituale e formazione di guaritore a Potsdam: come raggiungerci<\/h1>\n<p>[\/et_pb_text][\/et_pb_column][\/et_pb_row][\/et_pb_section][et_pb_section fb_built=&#8221;1&#8243; specialty=&#8221;on&#8221; parallax_method_1=&#8221;off&#8221; parallax_method_2=&#8221;off&#8221; module_class_2=&#8221;contact-right-panel&#8221; _builder_version=&#8221;4.21.0&#8243; custom_padding=&#8221;4px||47px|||&#8221; transparent_background=&#8221;off&#8221; make_fullwidth=&#8221;off&#8221; use_custom_width=&#8221;off&#8221; width_unit=&#8221;on&#8221; global_colors_info=&#8221;{}&#8221;][et_pb_column type=&#8221;2_3&#8243; specialty_columns=&#8221;2&#8243; _builder_version=&#8221;4.16&#8243; custom_padding=&#8221;|||&#8221; global_colors_info=&#8221;{}&#8221; custom_padding__hover=&#8221;|||&#8221;][et_pb_row_inner admin_label=&#8221;Row&#8221; _builder_version=&#8221;4.16&#8243; global_colors_info=&#8221;{}&#8221;][et_pb_column_inner saved_specialty_column_type=&#8221;2_3&#8243; _builder_version=&#8221;4.16&#8243; custom_padding=&#8221;|||&#8221; global_colors_info=&#8221;{}&#8221; custom_padding__hover=&#8221;|||&#8221;][et_pb_text _builder_version=&#8221;4.21.0&#8243; module_alignment=&#8221;left&#8221; border_color_all=&#8221;#ffffff&#8221; border_style_all=&#8221;solid&#8221; use_border_color=&#8221;off&#8221; border_color=&#8221;#ffffff&#8221; border_style=&#8221;solid&#8221; global_colors_info=&#8221;{}&#8221;]<\/p>\n<p>Contattateci domande, desideri o suggerimenti, saremo lieti di aiutarvi!<\/p>\n<p><strong>Novit\u00e0:<\/strong> d\u2019ora in poi puoi prenotare un <strong>trattamento online<\/strong> o un <strong>trattamento in<\/strong> <strong>loco<\/strong> nel nostro studio a Potsdam.<\/p>\n<p>Entrambi gli approcci terapeutici sono efficaci e di successo.<\/p>\n<p><a href=\"https:\/\/elkunoviz.org\/it\/behandlung-buchen\/\"><strong>Prenota online \u2013 rapidamente e facilmente.<\/strong><\/a><\/p>\n<p>Ti aspettiamo.<\/p>\n<p><span class=\"thank-you-msg\">Saluti di Luce<\/span><\/p>\n<p><span class=\"thank-you-msg\"><em><span style=\"color: #b942b7;\">Pjotr und Charlene Elkunoviz<\/span><\/em><\/span><\/p>\n<p>&nbsp;<\/p>\n<p>[\/et_pb_text][\/et_pb_column_inner][\/et_pb_row_inner][et_pb_row_inner _builder_version=&#8221;4.21.0&#8243; _module_preset=&#8221;default&#8221; global_colors_info=&#8221;{}&#8221;][et_pb_column_inner saved_specialty_column_type=&#8221;2_3&#8243; _builder_version=&#8221;4.21.0&#8243; _module_preset=&#8221;default&#8221; global_colors_info=&#8221;{}&#8221;][et_pb_divider show_divider=&#8221;off&#8221; _builder_version=&#8221;4.21.0&#8243; _module_preset=&#8221;default&#8221; global_colors_info=&#8221;{}&#8221;][\/et_pb_divider][\/et_pb_column_inner][\/et_pb_row_inner][et_pb_row_inner column_structure=&#8221;1_2,1_2&#8243; admin_label=&#8221;Row&#8221; module_class=&#8221;contact-box&#8221; _builder_version=&#8221;4.21.0&#8243; custom_padding=&#8221;|1rem||1rem|false|true&#8221; global_colors_info=&#8221;{}&#8221;][et_pb_column_inner type=&#8221;1_2&#8243; saved_specialty_column_type=&#8221;2_3&#8243; _builder_version=&#8221;4.16&#8243; custom_padding=&#8221;|||&#8221; global_colors_info=&#8221;{}&#8221; custom_padding__hover=&#8221;|||&#8221;][et_pb_text _builder_version=&#8221;4.16&#8243; module_alignment=&#8221;left&#8221; border_color_all=&#8221;#ffffff&#8221; border_style_all=&#8221;solid&#8221; use_border_color=&#8221;off&#8221; border_color=&#8221;#ffffff&#8221; border_style=&#8221;solid&#8221; global_colors_info=&#8221;{}&#8221;]<\/p>\n<p><span class=\"orange-sub-head\"><strong>Pjotr Elkunoviz \u2013 Allumfassende<br \/>Heilung durch den Geist UG<\/strong><\/span><\/p>\n<p>Jochen-Klepper-Stra\u00dfe 7b,<br \/>14469 Potsdam<\/p>\n<p>[\/et_pb_text][\/et_pb_column_inner][et_pb_column_inner type=&#8221;1_2&#8243; saved_specialty_column_type=&#8221;2_3&#8243; _builder_version=&#8221;4.16&#8243; custom_padding=&#8221;|||&#8221; global_colors_info=&#8221;{}&#8221; custom_padding__hover=&#8221;|||&#8221;][et_pb_text admin_label=&#8221;Behandlungen nur mitVoranmeldungTermine sind hier bu&#99;&#104;&#x62;&#x61;&#x72;&#x2e;in&#102;&#111;&#x40;&#x65;&#x6c;&#x6b;un&#111;&#118;&#105;&#x7a;&#x2e;&#x6f;&#x72;g&#8221; _builder_version=&#8221;4.22.1&#8243; module_alignment=&#8221;left&#8221; hover_enabled=&#8221;0&#8243; border_color_all=&#8221;#ffffff&#8221; use_border_color=&#8221;off&#8221; border_color=&#8221;#ffffff&#8221; border_style=&#8221;solid&#8221; global_colors_info=&#8221;{}&#8221; sticky_enabled=&#8221;0&#8243;]<\/p>\n<div class=\"et_pb_text_inner\">\n<strong>Trattamenti solo con<\/strong><br \/>\n<a href=\"https:\/\/elkunoviz.org\/it\/behandlung-buchen\/\"><strong>Pre-registrazione<\/strong><\/a>\n<\/div>\n<p>[\/et_pb_text][\/et_pb_column_inner][\/et_pb_row_inner][et_pb_row_inner admin_label=&#8221;Row&#8221; _builder_version=&#8221;4.16&#8243; custom_padding=&#8221;2px|||||&#8221; global_colors_info=&#8221;{}&#8221;][et_pb_column_inner saved_specialty_column_type=&#8221;2_3&#8243; _builder_version=&#8221;4.16&#8243; custom_padding=&#8221;|||&#8221; global_colors_info=&#8221;{}&#8221; custom_padding__hover=&#8221;|||&#8221;][et_pb_code _builder_version=&#8221;4.22.0&#8243; global_colors_info=&#8221;{}&#8221;]\n<div class=\"wpcf7 no-js\" id=\"wpcf7-f7601-o1\" lang=\"en-US\" dir=\"ltr\" data-wpcf7-id=\"7601\">\n<div class=\"screen-reader-response\"><p role=\"status\" aria-live=\"polite\" aria-atomic=\"true\"><\/p> <ul><\/ul><\/div>\n<form action=\"\/it\/wp-json\/wp\/v2\/pages\/1461#wpcf7-f7601-o1\" method=\"post\" class=\"wpcf7-form init\" aria-label=\"Contact form\" novalidate=\"novalidate\" data-status=\"init\">\n<fieldset class=\"hidden-fields-container\"><input type=\"hidden\" name=\"_wpcf7\" value=\"7601\" \/><input type=\"hidden\" name=\"_wpcf7_version\" value=\"6.1.5\" \/><input type=\"hidden\" name=\"_wpcf7_locale\" value=\"en_US\" \/><input type=\"hidden\" name=\"_wpcf7_unit_tag\" value=\"wpcf7-f7601-o1\" \/><input type=\"hidden\" name=\"_wpcf7_container_post\" value=\"0\" \/><input type=\"hidden\" name=\"_wpcf7_posted_data_hash\" value=\"\" \/>\n<\/fieldset>\n<div class=\"form-flex\">\n\t<p><span class=\"wpcf7-form-control-wrap\" data-name=\"contact-name\"><input size=\"40\" maxlength=\"400\" class=\"wpcf7-form-control wpcf7-text wpcf7-validates-as-required\" aria-required=\"true\" aria-invalid=\"false\" placeholder=\"Nome*\" value=\"\" type=\"text\" name=\"contact-name\" \/><\/span><br \/>\n<span class=\"wpcf7-form-control-wrap\" data-name=\"contact-email\"><input size=\"40\" maxlength=\"400\" class=\"wpcf7-form-control wpcf7-email wpcf7-validates-as-required wpcf7-text wpcf7-validates-as-email\" aria-required=\"true\" aria-invalid=\"false\" placeholder=\"Indirizzo e-mail*\" value=\"\" type=\"email\" name=\"contact-email\" \/><\/span>\n\t<\/p>\n<\/div>\n<p><span class=\"wpcf7-form-control-wrap\" data-name=\"contact-message\"><textarea cols=\"40\" rows=\"10\" maxlength=\"2000\" class=\"wpcf7-form-control wpcf7-textarea\" aria-invalid=\"false\" placeholder=\"Messaggio\" name=\"contact-message\"><\/textarea><\/span>\n<\/p>\n<div class=\"form-message\">\n\t<p>When you fill out a contact form you declare your consent, that the informations, you provided, will be stored according to our <a href=\"https:\/\/elkunoviz.org\/en\/privacypolicy\/\">privacy policy<\/a> for the processing of the request, for possible follow-up questions or for other related questions and will only be used to follow up with the request. You may revoke this consent at any time, you just need to contact us without any particular formal requirement (for example in the contact form or by e-mail). This withdrawal has no effect on the legality of the data processing that has occurred up to that point.\n\t<\/p>\n<\/div>\n<p><span id=\"wpcf7-69eb307f7ccaa-wrapper\" class=\"wpcf7-form-control-wrap website-wrap\" ><input type=\"hidden\" name=\"website-time-start\" value=\"1777021055\"><input type=\"hidden\" name=\"website-time-check\" value=\"3\"><label for=\"website\" class=\"hp-message\">Please leave this field empty.<\/label><input id=\"website\"  class=\"wpcf7-form-control wpcf7-text\" type=\"text\" name=\"website\" value=\"\" size=\"40\" tabindex=\"-1\" autocomplete=\"new-password\" \/><\/span><br \/>\n<span id=\"wpcf7-69eb307f7cd2a-wrapper\" class=\"wpcf7-form-control-wrap phone-wrap\" ><input type=\"hidden\" name=\"phone-time-start\" value=\"1777021055\"><input type=\"hidden\" name=\"phone-time-check\" value=\"3\"><label for=\"phone\" class=\"hp-message\">Please leave this field empty.<\/label><input id=\"phone\"  class=\"wpcf7-form-control wpcf7-text\" type=\"text\" name=\"phone\" value=\"\" size=\"40\" tabindex=\"-1\" autocomplete=\"new-password\" \/><\/span><br \/>\n<input class=\"wpcf7-form-control wpcf7-submit has-spinner et_pb_button et_pb_button_4 et_pb_bg_layout_dark\" type=\"submit\" value=\"Invia messaggio\" \/>\n<\/p><div class=\"wpcf7-response-output\" aria-hidden=\"true\"><\/div>\n<\/form>\n<\/div>\n[\/et_pb_code][\/et_pb_column_inner][\/et_pb_row_inner][\/et_pb_column][et_pb_column type=&#8221;1_3&#8243; _builder_version=&#8221;4.16&#8243; custom_padding=&#8221;|||&#8221; global_colors_info=&#8221;{}&#8221; custom_padding__hover=&#8221;|||&#8221;][et_pb_image src=&#8221;https:\/\/elkunoviz.org\/wp-content\/uploads\/2023\/07\/elk_kontakt.jpeg&#8221; alt=&#8221;Heilerausbildung Berlin Charlene und Pjotr Elkunoviz&#8221; title_text=&#8221;elk_kontakt&#8221; align_tablet=&#8221;center&#8221; align_phone=&#8221;&#8221; align_last_edited=&#8221;on|desktop&#8221; _builder_version=&#8221;4.21.0&#8243; use_border_color=&#8221;off&#8221; border_color=&#8221;#ffffff&#8221; border_style=&#8221;solid&#8221; animation=&#8221;off&#8221; sticky=&#8221;off&#8221; always_center_on_mobile=&#8221;on&#8221; global_colors_info=&#8221;{}&#8221;][\/et_pb_image][et_pb_text _builder_version=&#8221;4.21.0&#8243; background_size=&#8221;initial&#8221; background_position=&#8221;top_left&#8221; background_repeat=&#8221;repeat&#8221; module_alignment=&#8221;left&#8221; use_border_color=&#8221;off&#8221; border_color=&#8221;#ffffff&#8221; border_style=&#8221;solid&#8221; global_colors_info=&#8221;{}&#8221;]<\/p>\n<p><strong>Per conoscenza:<\/strong> Il guaritore spirituale non \u00e8 n\u00e9 medico, n\u00e9 naturopata. La Guarigione spirituale \/ il Riallineamento Spirituale non \u00e8 lavoro in senso medico, bens\u00ec un processo spirituale. Da parte dei guaritori spirituali non vengono fatte promesse di guarigione e non vengono fatte diagnosi. Perci\u00f2 la guarigione spirituale non sostituisce un trattamento medico in casi di malattie mentali o fisiche o in caso si sospetti siano presenti tali malattie. La partecipazione \u00e8 volontaria e libera.<\/p>\n<p><strong>Per conoscenza a tutti coloro che cercano aiuto:<\/strong><\/p>\n<p>Unicamente Pjotr Elkunoviz \u00e8 l\u2019iniziatore del Riallineamento Spirituale\u00ae. Per favore fate attenzione! Il Riallineamento di Pjotr Elkunoviz \u00e8 unico e inconfondibile. La grande efficacia e alta oscillazione del modo di guarigione spirituale.<\/p>\n<p>Il <a href=\"https:\/\/elkunoviz.org\/it\/modo-guarire-pjotr-elkunoviz\/\"><strong>Riallineamento Spirituale<\/strong><\/a> va ben oltre l\u2019allineamento fisico, l\u2019allineamento energetico della colonna vertebrale, l\u2019allineamento della colonna vertebrale e l\u2019allineamento energetico.<\/p>\n<p>Solo qui nella nostra rete di luce dei guaritori trovate il guaritore del riallineamento nella vostra regione, iniziato da Pjotr Elkunoviz e abilitato allo svolgimento del Riallineamento Spirituale come lui stesso lo farebbe.<\/p>\n<p><a href=\"https:\/\/elkunoviz.org\/it\/heiler-lichtnetzwerk\/\"><strong>Il Riallineamento Spirituale\u00ae La rete di luce dei guaritori<\/strong><\/a><\/p>\n<p>[\/et_pb_text][\/et_pb_column][\/et_pb_section][et_pb_section fb_built=&#8221;1&#8243; _builder_version=&#8221;4.21.0&#8243; _module_preset=&#8221;73e3f740-8efa-4583-b8bd-c2faeea8dfca&#8221; transparent_background=&#8221;off&#8221; make_fullwidth=&#8221;off&#8221; use_custom_width=&#8221;off&#8221; width_unit=&#8221;on&#8221; global_module=&#8221;11582&#8243; saved_tabs=&#8221;all&#8221; global_colors_info=&#8221;{}&#8221;][et_pb_row column_structure=&#8221;2_3,1_3&#8243; _builder_version=&#8221;4.21.0&#8243; background_size=&#8221;initial&#8221; background_position=&#8221;top_left&#8221; background_repeat=&#8221;repeat&#8221; min_height=&#8221;64.2px&#8221; custom_padding=&#8221;0px|||||&#8221; global_colors_info=&#8221;{}&#8221;][et_pb_column type=&#8221;2_3&#8243; _builder_version=&#8221;4.21.0&#8243; custom_padding=&#8221;|||&#8221; global_colors_info=&#8221;{}&#8221; custom_padding__hover=&#8221;|||&#8221;][et_pb_text _builder_version=&#8221;4.21.0&#8243; _module_preset=&#8221;default&#8221; text_text_color=&#8221;#FFFFFF&#8221; header_4_text_color=&#8221;#f4e2f5&#8243; background_layout=&#8221;dark&#8221; global_colors_info=&#8221;{}&#8221;]<\/p>\n<h2>La nostra newsletter per una vita quotidiana consapevole<\/h2>\n<p>La newsletter che contiene impulsi di guarigione per la vita quotidiana, ispirazioni su argomenti spirituali e promemoria per le date delle Giornate di guarigione e degli eventi ti informer\u00e0 sulle nostre novit\u00e0 a intervalli irregolari. Iscriviti alla nostra newsletter e potrai cancellarti in qualsiasi momento, ad esempio tramite un link nella newsletter.<\/p>\n<p>[\/et_pb_text][\/et_pb_column][et_pb_column type=&#8221;1_3&#8243; _builder_version=&#8221;4.16&#8243; custom_padding=&#8221;|||&#8221; global_colors_info=&#8221;{}&#8221; custom_padding__hover=&#8221;|||&#8221;][et_pb_code module_class=&#8221;newsletter-form&#8221; _builder_version=&#8221;4.21.0&#8243; global_colors_info=&#8221;{}&#8221;]<script>(function() {\n\twindow.mc4wp = window.mc4wp || {\n\t\tlisteners: [],\n\t\tforms: {\n\t\t\ton: function(evt, cb) {\n\t\t\t\twindow.mc4wp.listeners.push(\n\t\t\t\t\t{\n\t\t\t\t\t\tevent   : evt,\n\t\t\t\t\t\tcallback: cb\n\t\t\t\t\t}\n\t\t\t\t);\n\t\t\t}\n\t\t}\n\t}\n})();\n<\/script><!-- Mailchimp for WordPress v4.12.1 - https:\/\/wordpress.org\/plugins\/mailchimp-for-wp\/ --><form id=\"mc4wp-form-1\" class=\"mc4wp-form mc4wp-form-377 mc4wp-ajax\" method=\"post\" data-id=\"377\" data-name=\"Elkunoviz Newsletter DE\" ><div class=\"mc4wp-form-fields\"><div><input type=\"text\" name=\"FNAME\" placeholder=\"Name\"><\/div>\r\n<div><input type=\"email\" name=\"email\" placeholder=\"E-Mail Adresse\" required \/><\/div>\r\n\r\n<div class=\"mc4wp-dropdown-wrapper\">\r\n  <label for=\"language-select\">Sprache:<\/label>\r\n  <select name=\"INTERESTS[00ce8103c5]\" id=\"language-select\" required=\"\">\r\n    <option value=\"bb411d99f7\" selected=\"true\">Deutsch<\/option>\r\n    <option value=\"0b2ad157c6\">English<\/option>\r\n    <option value=\"5f9c1fe271\">\u0420\u0443\u0441\u0441\u043a\u0438\u0439<\/option>\r\n    <option value=\"7fdafb1d82\">Italiano<\/option>\r\n    <option value=\"87669c16a0\">Espa\u00f1ol<\/option>\r\n    <option value=\"aa3889186a\">Latvie\u0161u<\/option>\r\n    <option value=\"d0c9f01167\">Lietuvos<\/option>\r\n  <\/select>\r\n<\/div>\r\n\r\n<fieldset>\r\n    <legend class=\"mc4wp-legend\">Interessen:<\/legend>\r\n    <label>\r\n        <input type=\"checkbox\" name=\"INTERESTS[c247eb75b8][]\" value=\"cb344cfb20\"> <span>Impulse f\u00fcr den Tag<\/span>\r\n    <\/label>\r\n    <label>\r\n        <input type=\"checkbox\" name=\"INTERESTS[c247eb75b8][]\" value=\"1ee1f1c268\"> <span>News<\/span>\r\n    <\/label>\r\n    <label>\r\n        <input type=\"checkbox\" name=\"INTERESTS[c247eb75b8][]\" value=\"68c933c223\"> <span>Seminare<\/span>\r\n    <\/label>\r\n    <label>\r\n        <input type=\"checkbox\" name=\"INTERESTS[c247eb75b8][]\" value=\"d71259545e\"> <span>Behandlungen<\/span>\r\n    <\/label>\r\n    <label>\r\n        <input type=\"checkbox\" name=\"INTERESTS[c247eb75b8][]\" value=\"5110647ad5\"> <span>Tierbehandlung<\/span>\r\n    <\/label>\r\n<\/fieldset>\r\n\r\n<input type=\"submit\" class=\"newsletter__submit\" value=\"Newsletter abonnieren\" \/>\r\n<\/div><label style=\"display: none !important;\">Lascia questo campo vuoto se sei umano: <input type=\"text\" name=\"_mc4wp_honeypot\" value=\"\" tabindex=\"-1\" autocomplete=\"off\" \/><\/label><input type=\"hidden\" name=\"_mc4wp_timestamp\" value=\"1777021055\" \/><input type=\"hidden\" name=\"_mc4wp_form_id\" value=\"377\" \/><input type=\"hidden\" name=\"_mc4wp_form_element_id\" value=\"mc4wp-form-1\" \/><div class=\"mc4wp-response\"><\/div><\/form><!-- \/ Mailchimp for WordPress Plugin -->[\/et_pb_code][\/et_pb_column][\/et_pb_row][\/et_pb_section]<\/p>\n","protected":false},"excerpt":{"rendered":"<p>Riallineamento Spirituale e formazione di guaritore a Potsdam: come raggiungerciContattateci domande, desideri o suggerimenti, saremo lieti di aiutarvi! Novit\u00e0: d\u2019ora in poi puoi prenotare un trattamento online o un trattamento in loco nel nostro studio a Potsdam. Entrambi gli approcci terapeutici sono efficaci e di successo. Prenota online \u2013 rapidamente e facilmente. Ti aspettiamo. Saluti [&hellip;]<\/p>\n","protected":false},"author":8,"featured_media":0,"parent":0,"menu_order":0,"comment_status":"closed","ping_status":"closed","template":"","meta":{"_et_pb_use_builder":"on","_et_pb_old_content":"","_et_gb_content_width":"","inline_featured_image":false,"footnotes":""},"class_list":["post-1461","page","type-page","status-publish","hentry"],"yoast_head":"<!-- This site is optimized with the Yoast SEO plugin v27.4 - https:\/\/yoast.com\/product\/yoast-seo-wordpress\/ -->\n<title>Contatti \u2013 Come raggiungerci \u2022 Charlene &amp; Pjotr Elkunoviz<\/title>\n<meta name=\"description\" content=\"Grazie alla grande risonanza alle trasmissioni televisive abbiamo bisogno di tempo per rispondere a tutti. Vi preghiamo di portare pazienza se la...\" \/>\n<meta name=\"robots\" content=\"index, follow, max-snippet:-1, max-image-preview:large, max-video-preview:-1\" \/>\n<link rel=\"canonical\" href=\"https:\/\/elkunoviz.org\/it\/contatti-come-raggiungerci\/\" \/>\n<meta property=\"og:locale\" content=\"it_IT\" \/>\n<meta property=\"og:type\" content=\"article\" \/>\n<meta property=\"og:title\" content=\"Contatti \u2013 Come raggiungerci \u2022 Charlene &amp; Pjotr Elkunoviz\" \/>\n<meta property=\"og:description\" content=\"Grazie alla grande risonanza alle trasmissioni televisive abbiamo bisogno di tempo per rispondere a tutti. Vi preghiamo di portare pazienza se la...\" \/>\n<meta property=\"og:url\" content=\"https:\/\/elkunoviz.org\/it\/contatti-come-raggiungerci\/\" \/>\n<meta property=\"og:site_name\" content=\"Elkunoviz\" \/>\n<meta property=\"article:publisher\" content=\"https:\/\/www.facebook.com\/Elkunoviz\/\" \/>\n<meta property=\"article:modified_time\" content=\"2023-08-31T10:27:39+00:00\" \/>\n<meta name=\"twitter:card\" content=\"summary_large_image\" \/>\n<meta name=\"twitter:label1\" content=\"Tempo di lettura stimato\" \/>\n\t<meta name=\"twitter:data1\" content=\"5 minuti\" \/>\n<script type=\"application\/ld+json\" class=\"yoast-schema-graph\">{\"@context\":\"https:\\\/\\\/schema.org\",\"@graph\":[{\"@type\":\"WebPage\",\"@id\":\"https:\\\/\\\/elkunoviz.org\\\/it\\\/contatti-come-raggiungerci\\\/\",\"url\":\"https:\\\/\\\/elkunoviz.org\\\/it\\\/contatti-come-raggiungerci\\\/\",\"name\":\"Contatti \u2013 Come raggiungerci \u2022 Charlene & Pjotr Elkunoviz\",\"isPartOf\":{\"@id\":\"https:\\\/\\\/elkunoviz.org\\\/it\\\/#website\"},\"datePublished\":\"2017-05-04T10:29:56+00:00\",\"dateModified\":\"2023-08-31T10:27:39+00:00\",\"description\":\"Grazie alla grande risonanza alle trasmissioni televisive abbiamo bisogno di tempo per rispondere a tutti. Vi preghiamo di portare pazienza se la...\",\"breadcrumb\":{\"@id\":\"https:\\\/\\\/elkunoviz.org\\\/it\\\/contatti-come-raggiungerci\\\/#breadcrumb\"},\"inLanguage\":\"it-IT\",\"potentialAction\":[{\"@type\":\"ReadAction\",\"target\":[\"https:\\\/\\\/elkunoviz.org\\\/it\\\/contatti-come-raggiungerci\\\/\"]}]},{\"@type\":\"BreadcrumbList\",\"@id\":\"https:\\\/\\\/elkunoviz.org\\\/it\\\/contatti-come-raggiungerci\\\/#breadcrumb\",\"itemListElement\":[{\"@type\":\"ListItem\",\"position\":1,\"name\":\"Home\",\"item\":\"https:\\\/\\\/elkunoviz.org\\\/it\\\/\"},{\"@type\":\"ListItem\",\"position\":2,\"name\":\"Kontakt &#038; Anfahrt\"}]},{\"@type\":\"WebSite\",\"@id\":\"https:\\\/\\\/elkunoviz.org\\\/it\\\/#website\",\"url\":\"https:\\\/\\\/elkunoviz.org\\\/it\\\/\",\"name\":\"Elkunoviz\",\"description\":\"Allumfassende Heilung\",\"publisher\":{\"@id\":\"https:\\\/\\\/elkunoviz.org\\\/it\\\/#organization\"},\"potentialAction\":[{\"@type\":\"SearchAction\",\"target\":{\"@type\":\"EntryPoint\",\"urlTemplate\":\"https:\\\/\\\/elkunoviz.org\\\/it\\\/?s={search_term_string}\"},\"query-input\":{\"@type\":\"PropertyValueSpecification\",\"valueRequired\":true,\"valueName\":\"search_term_string\"}}],\"inLanguage\":\"it-IT\"},{\"@type\":\"Organization\",\"@id\":\"https:\\\/\\\/elkunoviz.org\\\/it\\\/#organization\",\"name\":\"Pjotr Elkunoviz \u2013 Allumfassende Heilung durch den Geist\",\"url\":\"https:\\\/\\\/elkunoviz.org\\\/it\\\/\",\"logo\":{\"@type\":\"ImageObject\",\"inLanguage\":\"it-IT\",\"@id\":\"https:\\\/\\\/elkunoviz.org\\\/it\\\/#\\\/schema\\\/logo\\\/image\\\/\",\"url\":\"https:\\\/\\\/elkunoviz.org\\\/wp-content\\\/uploads\\\/2023\\\/07\\\/logo.png\",\"contentUrl\":\"https:\\\/\\\/elkunoviz.org\\\/wp-content\\\/uploads\\\/2023\\\/07\\\/logo.png\",\"width\":192,\"height\":194,\"caption\":\"Pjotr Elkunoviz \u2013 Allumfassende Heilung durch den Geist\"},\"image\":{\"@id\":\"https:\\\/\\\/elkunoviz.org\\\/it\\\/#\\\/schema\\\/logo\\\/image\\\/\"},\"sameAs\":[\"https:\\\/\\\/www.facebook.com\\\/Elkunoviz\\\/\",\"https:\\\/\\\/www.youtube.com\\\/channel\\\/UCrSjEuxgm3q8hGCVX3CG5vg\"]}]}<\/script>\n<!-- \/ Yoast SEO plugin. -->","yoast_head_json":{"title":"Contatti \u2013 Come raggiungerci \u2022 Charlene & Pjotr Elkunoviz","description":"Grazie alla grande risonanza alle trasmissioni televisive abbiamo bisogno di tempo per rispondere a tutti. Vi preghiamo di portare pazienza se la...","robots":{"index":"index","follow":"follow","max-snippet":"max-snippet:-1","max-image-preview":"max-image-preview:large","max-video-preview":"max-video-preview:-1"},"canonical":"https:\/\/elkunoviz.org\/it\/contatti-come-raggiungerci\/","og_locale":"it_IT","og_type":"article","og_title":"Contatti \u2013 Come raggiungerci \u2022 Charlene & Pjotr Elkunoviz","og_description":"Grazie alla grande risonanza alle trasmissioni televisive abbiamo bisogno di tempo per rispondere a tutti. Vi preghiamo di portare pazienza se la...","og_url":"https:\/\/elkunoviz.org\/it\/contatti-come-raggiungerci\/","og_site_name":"Elkunoviz","article_publisher":"https:\/\/www.facebook.com\/Elkunoviz\/","article_modified_time":"2023-08-31T10:27:39+00:00","twitter_card":"summary_large_image","twitter_misc":{"Tempo di lettura stimato":"5 minuti"},"schema":{"@context":"https:\/\/schema.org","@graph":[{"@type":"WebPage","@id":"https:\/\/elkunoviz.org\/it\/contatti-come-raggiungerci\/","url":"https:\/\/elkunoviz.org\/it\/contatti-come-raggiungerci\/","name":"Contatti \u2013 Come raggiungerci \u2022 Charlene & Pjotr Elkunoviz","isPartOf":{"@id":"https:\/\/elkunoviz.org\/it\/#website"},"datePublished":"2017-05-04T10:29:56+00:00","dateModified":"2023-08-31T10:27:39+00:00","description":"Grazie alla grande risonanza alle trasmissioni televisive abbiamo bisogno di tempo per rispondere a tutti. Vi preghiamo di portare pazienza se la...","breadcrumb":{"@id":"https:\/\/elkunoviz.org\/it\/contatti-come-raggiungerci\/#breadcrumb"},"inLanguage":"it-IT","potentialAction":[{"@type":"ReadAction","target":["https:\/\/elkunoviz.org\/it\/contatti-come-raggiungerci\/"]}]},{"@type":"BreadcrumbList","@id":"https:\/\/elkunoviz.org\/it\/contatti-come-raggiungerci\/#breadcrumb","itemListElement":[{"@type":"ListItem","position":1,"name":"Home","item":"https:\/\/elkunoviz.org\/it\/"},{"@type":"ListItem","position":2,"name":"Kontakt &#038; Anfahrt"}]},{"@type":"WebSite","@id":"https:\/\/elkunoviz.org\/it\/#website","url":"https:\/\/elkunoviz.org\/it\/","name":"Elkunoviz","description":"Allumfassende Heilung","publisher":{"@id":"https:\/\/elkunoviz.org\/it\/#organization"},"potentialAction":[{"@type":"SearchAction","target":{"@type":"EntryPoint","urlTemplate":"https:\/\/elkunoviz.org\/it\/?s={search_term_string}"},"query-input":{"@type":"PropertyValueSpecification","valueRequired":true,"valueName":"search_term_string"}}],"inLanguage":"it-IT"},{"@type":"Organization","@id":"https:\/\/elkunoviz.org\/it\/#organization","name":"Pjotr Elkunoviz \u2013 Allumfassende Heilung durch den Geist","url":"https:\/\/elkunoviz.org\/it\/","logo":{"@type":"ImageObject","inLanguage":"it-IT","@id":"https:\/\/elkunoviz.org\/it\/#\/schema\/logo\/image\/","url":"https:\/\/elkunoviz.org\/wp-content\/uploads\/2023\/07\/logo.png","contentUrl":"https:\/\/elkunoviz.org\/wp-content\/uploads\/2023\/07\/logo.png","width":192,"height":194,"caption":"Pjotr Elkunoviz \u2013 Allumfassende Heilung durch den Geist"},"image":{"@id":"https:\/\/elkunoviz.org\/it\/#\/schema\/logo\/image\/"},"sameAs":["https:\/\/www.facebook.com\/Elkunoviz\/","https:\/\/www.youtube.com\/channel\/UCrSjEuxgm3q8hGCVX3CG5vg"]}]}},"_links":{"self":[{"href":"https:\/\/elkunoviz.org\/it\/wp-json\/wp\/v2\/pages\/1461","targetHints":{"allow":["GET"]}}],"collection":[{"href":"https:\/\/elkunoviz.org\/it\/wp-json\/wp\/v2\/pages"}],"about":[{"href":"https:\/\/elkunoviz.org\/it\/wp-json\/wp\/v2\/types\/page"}],"author":[{"embeddable":true,"href":"https:\/\/elkunoviz.org\/it\/wp-json\/wp\/v2\/users\/8"}],"replies":[{"embeddable":true,"href":"https:\/\/elkunoviz.org\/it\/wp-json\/wp\/v2\/comments?post=1461"}],"version-history":[{"count":23,"href":"https:\/\/elkunoviz.org\/it\/wp-json\/wp\/v2\/pages\/1461\/revisions"}],"predecessor-version":[{"id":13092,"href":"https:\/\/elkunoviz.org\/it\/wp-json\/wp\/v2\/pages\/1461\/revisions\/13092"}],"wp:attachment":[{"href":"https:\/\/elkunoviz.org\/it\/wp-json\/wp\/v2\/media?parent=1461"}],"curies":[{"name":"wp","href":"https:\/\/api.w.org\/{rel}","templated":true}]}}