{"id":2251,"date":"2017-12-14T05:05:36","date_gmt":"2017-12-14T04:05:36","guid":{"rendered":"http:\/\/elkunoviz.org\/?page_id=2251"},"modified":"2023-08-15T19:26:39","modified_gmt":"2023-08-15T17:26:39","slug":"nuotolinis-gydymas-old","status":"publish","type":"page","link":"https:\/\/elkunoviz.org\/lt\/nuotolinis-gydymas-old\/","title":{"rendered":"Nuotolinis gydymas OLD"},"content":{"rendered":"<p>[et_pb_section fb_built=&#8221;1&#8243; admin_label=&#8221;section&#8221; _builder_version=&#8221;3.22&#8243;][et_pb_row admin_label=&#8221;row&#8221; _builder_version=&#8221;3.25&#8243; background_size=&#8221;initial&#8221; background_position=&#8221;top_left&#8221; background_repeat=&#8221;repeat&#8221;][et_pb_column type=&#8221;4_4&#8243; _builder_version=&#8221;3.25&#8243; custom_padding=&#8221;|||&#8221; custom_padding__hover=&#8221;|||&#8221;][et_pb_text admin_label=&#8221;Title&#8221; _builder_version=&#8221;3.27.4&#8243; use_border_color=&#8221;off&#8221; border_color=&#8221;#ffffff&#8221; border_style=&#8221;solid&#8221;]<\/p>\n<h1>Nuotolinis gydymas<\/h1>\n<p>[\/et_pb_text][et_pb_image src=&#8221;https:\/\/elkunoviz.org\/wp-content\/uploads\/2017\/05\/elkunoviz-fernbehandlung-1.jpg&#8221; alt=&#8221;Fernbehandlung Pjotr Elkunoviz&#8221; title_text=&#8221;Fernbehandlung Pjotr Elkunoviz&#8221; align_tablet=&#8221;center&#8221; align_phone=&#8221;&#8221; align_last_edited=&#8221;on|desktop&#8221; _builder_version=&#8221;3.23&#8243; use_border_color=&#8221;off&#8221; border_color=&#8221;#ffffff&#8221; border_style=&#8221;solid&#8221; animation=&#8221;off&#8221; sticky=&#8221;off&#8221; always_center_on_mobile=&#8221;on&#8221;][\/et_pb_image][\/et_pb_column][\/et_pb_row][\/et_pb_section][et_pb_section fb_built=&#8221;1&#8243; _builder_version=&#8221;3.22&#8243; custom_padding=&#8221;0px|||&#8221; transparent_background=&#8221;off&#8221; make_fullwidth=&#8221;off&#8221; use_custom_width=&#8221;off&#8221; width_unit=&#8221;on&#8221;][et_pb_row _builder_version=&#8221;3.25&#8243; background_size=&#8221;initial&#8221; background_position=&#8221;top_left&#8221; background_repeat=&#8221;repeat&#8221; custom_padding=&#8221;0px|||&#8221; make_fullwidth=&#8221;off&#8221; use_custom_width=&#8221;off&#8221; width_unit=&#8221;on&#8221;][et_pb_column type=&#8221;4_4&#8243; _builder_version=&#8221;3.25&#8243; custom_padding=&#8221;|||&#8221; custom_padding__hover=&#8221;|||&#8221;][et_pb_text _builder_version=&#8221;4.5.1&#8243; custom_margin=&#8221;||50px|||&#8221; use_border_color=&#8221;off&#8221; border_color=&#8221;#ffffff&#8221; border_style=&#8221;solid&#8221;]<\/p>\n<p>Jei yra chroni\u0161k\u0173 negalavim\u0173, mentali\u0173 ir emocini\u0173 na\u0161t\u0173, yra \u012fmanomas (i\u0161 anksto sutarus) nuotolinis t\u0119stinis gydymas , pagalbos ie\u0161kan\u010dio sveikatos palaikymui bei jo savigydos j\u0117g\u0173 sustiprinimui.<\/p>\n<p>Pra\u0161ome atsi\u0173sti savo nuotrauk\u0105 (neb\u016btinai aktuali\u0105) bei trump\u0105 J\u016bs\u0173 nusiskundim\u0173 apra\u0161ym\u0105 elektroniniu. Pra\u0161ome nurodyti adres\u0105 ir telefono numer\u012f.<\/p>\n<p>Nuotolinis gydymas yra atliekamas, suderinus su mumis dat\u0105, vakarais, po 20.00 valandos.<\/p>\n<p>[\/et_pb_text][et_pb_button button_url=&#8221;&#x6d;&#x61;&#x69;&#x6c;&#x74;&#x6f;&#58;&#105;&#110;&#102;o&#64;el&#x6b;&#x75;&#x6e;&#x6f;&#x76;&#x69;&#122;&#46;&#111;&#114;&#103;&#8221; button_text=&#8221;Lecel\u0161ana&#8221; button_alignment=&#8221;left&#8221; _builder_version=&#8221;4.5.1&#8243; _module_preset=&#8221;default&#8221; custom_margin=&#8221;||50px|||&#8221; hover_enabled=&#8221;0&#8243;][\/et_pb_button][et_pb_image src=&#8221;https:\/\/elkunoviz.org\/wp-content\/uploads\/2017\/05\/elkunoviz-fernbehandlung-2.jpg&#8221; alt=&#8221;Fernbehandlung Ziel&#8221; title_text=&#8221;Fernbehandlung Ziel&#8221; align_tablet=&#8221;center&#8221; align_phone=&#8221;&#8221; align_last_edited=&#8221;on|desktop&#8221; _builder_version=&#8221;3.23&#8243; use_border_color=&#8221;off&#8221; border_color=&#8221;#ffffff&#8221; border_style=&#8221;solid&#8221; animation=&#8221;off&#8221; sticky=&#8221;off&#8221; always_center_on_mobile=&#8221;on&#8221;][\/et_pb_image][\/et_pb_column][\/et_pb_row][\/et_pb_section]<\/p>\n","protected":false},"excerpt":{"rendered":"<p>Nuotolinis gydymas Jei yra chroni\u0161k\u0173 negalavim\u0173, mentali\u0173 ir emocini\u0173 na\u0161t\u0173, yra \u012fmanomas (i\u0161 anksto sutarus) nuotolinis t\u0119stinis gydymas , pagalbos ie\u0161kan\u010dio sveikatos palaikymui bei jo savigydos j\u0117g\u0173 sustiprinimui. Pra\u0161ome atsi\u0173sti savo nuotrauk\u0105 (neb\u016btinai aktuali\u0105) bei trump\u0105 J\u016bs\u0173 nusiskundim\u0173 apra\u0161ym\u0105 elektroniniu. Pra\u0161ome nurodyti adres\u0105 ir telefono numer\u012f. Nuotolinis gydymas yra atliekamas, suderinus su mumis dat\u0105, vakarais, [&hellip;]<\/p>\n","protected":false},"author":8,"featured_media":0,"parent":0,"menu_order":0,"comment_status":"closed","ping_status":"closed","template":"","meta":{"_et_pb_use_builder":"on","_et_pb_old_content":"","_et_gb_content_width":"","inline_featured_image":false,"footnotes":""},"class_list":["post-2251","page","type-page","status-publish","hentry"],"yoast_head":"<!-- This site is optimized with the Yoast SEO plugin v27.4 - https:\/\/yoast.com\/product\/yoast-seo-wordpress\/ -->\n<title>Nuotolinis gydymas \u2022 Charlene &amp; Pjotr Elkunoviz<\/title>\n<meta name=\"description\" content=\"Jei yra chroni\u0161k\u0173 negalavim\u0173, mentali\u0173 ir emocini\u0173 na\u0161t\u0173, yra \u012fmanomas (i\u0161 anksto sutarus) nuotolinis t\u0119stinis gydymas.\" \/>\n<meta name=\"robots\" content=\"index, follow, max-snippet:-1, max-image-preview:large, max-video-preview:-1\" \/>\n<link rel=\"canonical\" href=\"https:\/\/elkunoviz.org\/lt\/nuotolinis-gydymas-old\/\" \/>\n<meta property=\"og:locale\" content=\"lt_LT\" \/>\n<meta property=\"og:type\" content=\"article\" \/>\n<meta property=\"og:title\" content=\"Nuotolinis gydymas \u2022 Charlene &amp; Pjotr Elkunoviz\" \/>\n<meta property=\"og:description\" content=\"Jei yra chroni\u0161k\u0173 negalavim\u0173, mentali\u0173 ir emocini\u0173 na\u0161t\u0173, yra \u012fmanomas (i\u0161 anksto sutarus) nuotolinis t\u0119stinis gydymas.\" \/>\n<meta property=\"og:url\" content=\"https:\/\/elkunoviz.org\/lt\/nuotolinis-gydymas-old\/\" \/>\n<meta property=\"og:site_name\" content=\"Elkunoviz\" \/>\n<meta property=\"article:publisher\" content=\"https:\/\/www.facebook.com\/Elkunoviz\/\" \/>\n<meta property=\"article:modified_time\" content=\"2023-08-15T17:26:39+00:00\" \/>\n<meta property=\"og:image\" content=\"https:\/\/elkunoviz.org\/wp-content\/uploads\/2017\/05\/elkunoviz-mission-1.jpg\" \/>\n<meta name=\"twitter:card\" content=\"summary_large_image\" \/>\n<meta name=\"twitter:label1\" content=\"Est. reading time\" \/>\n\t<meta name=\"twitter:data1\" content=\"2 minut\u0117s\" \/>\n<script type=\"application\/ld+json\" class=\"yoast-schema-graph\">{\"@context\":\"https:\\\/\\\/schema.org\",\"@graph\":[{\"@type\":\"WebPage\",\"@id\":\"https:\\\/\\\/elkunoviz.org\\\/lt\\\/nuotolinis-gydymas-old\\\/\",\"url\":\"https:\\\/\\\/elkunoviz.org\\\/lt\\\/nuotolinis-gydymas-old\\\/\",\"name\":\"Nuotolinis gydymas \u2022 Charlene & Pjotr Elkunoviz\",\"isPartOf\":{\"@id\":\"https:\\\/\\\/elkunoviz.org\\\/lt\\\/#website\"},\"datePublished\":\"2017-12-14T04:05:36+00:00\",\"dateModified\":\"2023-08-15T17:26:39+00:00\",\"description\":\"Jei yra chroni\u0161k\u0173 negalavim\u0173, mentali\u0173 ir emocini\u0173 na\u0161t\u0173, yra \u012fmanomas (i\u0161 anksto sutarus) nuotolinis t\u0119stinis gydymas.\",\"breadcrumb\":{\"@id\":\"https:\\\/\\\/elkunoviz.org\\\/lt\\\/nuotolinis-gydymas-old\\\/#breadcrumb\"},\"inLanguage\":\"lt-LT\",\"potentialAction\":[{\"@type\":\"ReadAction\",\"target\":[\"https:\\\/\\\/elkunoviz.org\\\/lt\\\/nuotolinis-gydymas-old\\\/\"]}]},{\"@type\":\"BreadcrumbList\",\"@id\":\"https:\\\/\\\/elkunoviz.org\\\/lt\\\/nuotolinis-gydymas-old\\\/#breadcrumb\",\"itemListElement\":[{\"@type\":\"ListItem\",\"position\":1,\"name\":\"Home\",\"item\":\"https:\\\/\\\/elkunoviz.org\\\/lt\\\/\"},{\"@type\":\"ListItem\",\"position\":2,\"name\":\"Nuotolinis gydymas OLD\"}]},{\"@type\":\"WebSite\",\"@id\":\"https:\\\/\\\/elkunoviz.org\\\/lt\\\/#website\",\"url\":\"https:\\\/\\\/elkunoviz.org\\\/lt\\\/\",\"name\":\"Elkunoviz\",\"description\":\"Allumfassende Heilung\",\"publisher\":{\"@id\":\"https:\\\/\\\/elkunoviz.org\\\/lt\\\/#organization\"},\"potentialAction\":[{\"@type\":\"SearchAction\",\"target\":{\"@type\":\"EntryPoint\",\"urlTemplate\":\"https:\\\/\\\/elkunoviz.org\\\/lt\\\/?s={search_term_string}\"},\"query-input\":{\"@type\":\"PropertyValueSpecification\",\"valueRequired\":true,\"valueName\":\"search_term_string\"}}],\"inLanguage\":\"lt-LT\"},{\"@type\":\"Organization\",\"@id\":\"https:\\\/\\\/elkunoviz.org\\\/lt\\\/#organization\",\"name\":\"Pjotr Elkunoviz \u2013 Allumfassende Heilung durch den Geist\",\"url\":\"https:\\\/\\\/elkunoviz.org\\\/lt\\\/\",\"logo\":{\"@type\":\"ImageObject\",\"inLanguage\":\"lt-LT\",\"@id\":\"https:\\\/\\\/elkunoviz.org\\\/lt\\\/#\\\/schema\\\/logo\\\/image\\\/\",\"url\":\"https:\\\/\\\/elkunoviz.org\\\/wp-content\\\/uploads\\\/2023\\\/07\\\/logo.png\",\"contentUrl\":\"https:\\\/\\\/elkunoviz.org\\\/wp-content\\\/uploads\\\/2023\\\/07\\\/logo.png\",\"width\":192,\"height\":194,\"caption\":\"Pjotr Elkunoviz \u2013 Allumfassende Heilung durch den Geist\"},\"image\":{\"@id\":\"https:\\\/\\\/elkunoviz.org\\\/lt\\\/#\\\/schema\\\/logo\\\/image\\\/\"},\"sameAs\":[\"https:\\\/\\\/www.facebook.com\\\/Elkunoviz\\\/\",\"https:\\\/\\\/www.youtube.com\\\/channel\\\/UCrSjEuxgm3q8hGCVX3CG5vg\"]}]}<\/script>\n<!-- \/ Yoast SEO plugin. -->","yoast_head_json":{"title":"Nuotolinis gydymas \u2022 Charlene & Pjotr Elkunoviz","description":"Jei yra chroni\u0161k\u0173 negalavim\u0173, mentali\u0173 ir emocini\u0173 na\u0161t\u0173, yra \u012fmanomas (i\u0161 anksto sutarus) nuotolinis t\u0119stinis gydymas.","robots":{"index":"index","follow":"follow","max-snippet":"max-snippet:-1","max-image-preview":"max-image-preview:large","max-video-preview":"max-video-preview:-1"},"canonical":"https:\/\/elkunoviz.org\/lt\/nuotolinis-gydymas-old\/","og_locale":"lt_LT","og_type":"article","og_title":"Nuotolinis gydymas \u2022 Charlene & Pjotr Elkunoviz","og_description":"Jei yra chroni\u0161k\u0173 negalavim\u0173, mentali\u0173 ir emocini\u0173 na\u0161t\u0173, yra \u012fmanomas (i\u0161 anksto sutarus) nuotolinis t\u0119stinis gydymas.","og_url":"https:\/\/elkunoviz.org\/lt\/nuotolinis-gydymas-old\/","og_site_name":"Elkunoviz","article_publisher":"https:\/\/www.facebook.com\/Elkunoviz\/","article_modified_time":"2023-08-15T17:26:39+00:00","og_image":[{"url":"https:\/\/elkunoviz.org\/wp-content\/uploads\/2017\/05\/elkunoviz-mission-1.jpg","type":"","width":"","height":""}],"twitter_card":"summary_large_image","twitter_misc":{"Est. reading time":"2 minut\u0117s"},"schema":{"@context":"https:\/\/schema.org","@graph":[{"@type":"WebPage","@id":"https:\/\/elkunoviz.org\/lt\/nuotolinis-gydymas-old\/","url":"https:\/\/elkunoviz.org\/lt\/nuotolinis-gydymas-old\/","name":"Nuotolinis gydymas \u2022 Charlene & Pjotr Elkunoviz","isPartOf":{"@id":"https:\/\/elkunoviz.org\/lt\/#website"},"datePublished":"2017-12-14T04:05:36+00:00","dateModified":"2023-08-15T17:26:39+00:00","description":"Jei yra chroni\u0161k\u0173 negalavim\u0173, mentali\u0173 ir emocini\u0173 na\u0161t\u0173, yra \u012fmanomas (i\u0161 anksto sutarus) nuotolinis t\u0119stinis gydymas.","breadcrumb":{"@id":"https:\/\/elkunoviz.org\/lt\/nuotolinis-gydymas-old\/#breadcrumb"},"inLanguage":"lt-LT","potentialAction":[{"@type":"ReadAction","target":["https:\/\/elkunoviz.org\/lt\/nuotolinis-gydymas-old\/"]}]},{"@type":"BreadcrumbList","@id":"https:\/\/elkunoviz.org\/lt\/nuotolinis-gydymas-old\/#breadcrumb","itemListElement":[{"@type":"ListItem","position":1,"name":"Home","item":"https:\/\/elkunoviz.org\/lt\/"},{"@type":"ListItem","position":2,"name":"Nuotolinis gydymas OLD"}]},{"@type":"WebSite","@id":"https:\/\/elkunoviz.org\/lt\/#website","url":"https:\/\/elkunoviz.org\/lt\/","name":"Elkunoviz","description":"Allumfassende Heilung","publisher":{"@id":"https:\/\/elkunoviz.org\/lt\/#organization"},"potentialAction":[{"@type":"SearchAction","target":{"@type":"EntryPoint","urlTemplate":"https:\/\/elkunoviz.org\/lt\/?s={search_term_string}"},"query-input":{"@type":"PropertyValueSpecification","valueRequired":true,"valueName":"search_term_string"}}],"inLanguage":"lt-LT"},{"@type":"Organization","@id":"https:\/\/elkunoviz.org\/lt\/#organization","name":"Pjotr Elkunoviz \u2013 Allumfassende Heilung durch den Geist","url":"https:\/\/elkunoviz.org\/lt\/","logo":{"@type":"ImageObject","inLanguage":"lt-LT","@id":"https:\/\/elkunoviz.org\/lt\/#\/schema\/logo\/image\/","url":"https:\/\/elkunoviz.org\/wp-content\/uploads\/2023\/07\/logo.png","contentUrl":"https:\/\/elkunoviz.org\/wp-content\/uploads\/2023\/07\/logo.png","width":192,"height":194,"caption":"Pjotr Elkunoviz \u2013 Allumfassende Heilung durch den Geist"},"image":{"@id":"https:\/\/elkunoviz.org\/lt\/#\/schema\/logo\/image\/"},"sameAs":["https:\/\/www.facebook.com\/Elkunoviz\/","https:\/\/www.youtube.com\/channel\/UCrSjEuxgm3q8hGCVX3CG5vg"]}]}},"_links":{"self":[{"href":"https:\/\/elkunoviz.org\/lt\/wp-json\/wp\/v2\/pages\/2251","targetHints":{"allow":["GET"]}}],"collection":[{"href":"https:\/\/elkunoviz.org\/lt\/wp-json\/wp\/v2\/pages"}],"about":[{"href":"https:\/\/elkunoviz.org\/lt\/wp-json\/wp\/v2\/types\/page"}],"author":[{"embeddable":true,"href":"https:\/\/elkunoviz.org\/lt\/wp-json\/wp\/v2\/users\/8"}],"replies":[{"embeddable":true,"href":"https:\/\/elkunoviz.org\/lt\/wp-json\/wp\/v2\/comments?post=2251"}],"version-history":[{"count":4,"href":"https:\/\/elkunoviz.org\/lt\/wp-json\/wp\/v2\/pages\/2251\/revisions"}],"predecessor-version":[{"id":12685,"href":"https:\/\/elkunoviz.org\/lt\/wp-json\/wp\/v2\/pages\/2251\/revisions\/12685"}],"wp:attachment":[{"href":"https:\/\/elkunoviz.org\/lt\/wp-json\/wp\/v2\/media?parent=2251"}],"curies":[{"name":"wp","href":"https:\/\/api.w.org\/{rel}","templated":true}]}}