{"id":2257,"date":"2017-12-14T05:14:27","date_gmt":"2017-12-14T04:14:27","guid":{"rendered":"http:\/\/elkunoviz.org\/?page_id=2257"},"modified":"2023-08-16T14:54:04","modified_gmt":"2023-08-16T12:54:04","slug":"gyvenamos-aplinkos-harmonizavimas-old","status":"publish","type":"page","link":"https:\/\/elkunoviz.org\/lt\/gyvenamos-aplinkos-harmonizavimas-old\/","title":{"rendered":"Gyvenamos aplinkos harmonizavimas OLD"},"content":{"rendered":"<p>[et_pb_section fb_built=&#8221;1&#8243; admin_label=&#8221;section&#8221; _builder_version=&#8221;3.22&#8243;][et_pb_row admin_label=&#8221;row&#8221; _builder_version=&#8221;3.25&#8243; background_size=&#8221;initial&#8221; background_position=&#8221;top_left&#8221; background_repeat=&#8221;repeat&#8221;][et_pb_column type=&#8221;4_4&#8243; _builder_version=&#8221;3.25&#8243; custom_padding=&#8221;|||&#8221; custom_padding__hover=&#8221;|||&#8221;][et_pb_text admin_label=&#8221;Gyvenamos aplinkos harmonizavimas&#8221; _builder_version=&#8221;3.27.4&#8243; border_color_all=&#8221;#ffffff&#8221; use_border_color=&#8221;off&#8221; border_color=&#8221;#ffffff&#8221; border_style=&#8221;solid&#8221;]<\/p>\n<h1>Gyvenamos aplinkos harmonizavimas<\/h1>\n<p>[\/et_pb_text][et_pb_image src=&#8221;https:\/\/elkunoviz.org\/wp-content\/uploads\/2017\/05\/elkunoviz-lebensraumharmonisierung.jpg&#8221; alt=&#8221;Schutz vor Elektrosmog durch Hausentst\u00f6rung&#8221; title_text=&#8221;Schutz vor Elektrosmog durch Hausentst\u00f6rung&#8221; align_tablet=&#8221;center&#8221; align_last_edited=&#8221;on|desktop&#8221; _builder_version=&#8221;3.23&#8243; use_border_color=&#8221;off&#8221; border_color=&#8221;#ffffff&#8221; border_style=&#8221;solid&#8221; animation=&#8221;off&#8221; sticky=&#8221;off&#8221; always_center_on_mobile=&#8221;on&#8221;][\/et_pb_image][\/et_pb_column][\/et_pb_row][\/et_pb_section][et_pb_section fb_built=&#8221;1&#8243; _builder_version=&#8221;3.22&#8243; custom_padding=&#8221;0px|||&#8221; transparent_background=&#8221;off&#8221; make_fullwidth=&#8221;off&#8221; use_custom_width=&#8221;off&#8221; width_unit=&#8221;on&#8221;][et_pb_row _builder_version=&#8221;3.25&#8243; background_size=&#8221;initial&#8221; background_position=&#8221;top_left&#8221; background_repeat=&#8221;repeat&#8221; custom_padding=&#8221;0px|||&#8221; make_fullwidth=&#8221;off&#8221; use_custom_width=&#8221;off&#8221; width_unit=&#8221;on&#8221;][et_pb_column type=&#8221;4_4&#8243; _builder_version=&#8221;3.25&#8243; custom_padding=&#8221;|||&#8221; custom_padding__hover=&#8221;|||&#8221;][et_pb_text _builder_version=&#8221;4.5.1&#8243; hover_enabled=&#8221;0&#8243; border_color_all=&#8221;#ffffff&#8221; border_style_all=&#8221;solid&#8221; use_border_color=&#8221;off&#8221; border_color=&#8221;#ffffff&#8221; border_style=&#8221;solid&#8221;]<\/p>\n<p>&nbsp;<\/p>\n<h2>Gyvenamos aplinkos bei darbo vietos valymas ir harmonizavimas patartinas po Dvasinio i\u0161tiesinimo.<\/h2>\n<p>Da\u017enai \u017emon\u0117s klausia m\u016bs\u0173, k\u0105 jie dar gal\u0117t\u0173 papildomai padaryti po Dvasinio i\u0161tiesinimo. Jie jau\u010diasi gerai ir tampa i\u0161rankesni visose gyvenimo srityse, t.y., tampa atidesni juos supan\u010diai aplinkai, geriau jau\u010dia, kas juos teigiamai veikia kasdienyb\u0117je. Jie ie\u0161ko galimybi\u0173, kaip patirti savo kasdienyb\u0117je daugiau gyvenimo d\u017eiaugsmo ir dvasingumo.<\/p>\n<p>Vienas svarbiausi\u0173 aspekt\u0173 geresnei savijautai yra gyvenamos aplinkos bei darbo vietos i\u0161valymas ir harmonizavimas. J\u016bs\u0173 patalp\u0173 nuotolinio valymo metu yra pakei\u010diama j\u0173 energija. Patalpose esan\u010dios vibracijos yra pakyl\u0117jamos \u012f auk\u0161tesn\u012f lyg\u012f, visi tose patalpose esantys \u012fsp\u016bd\u017eiai, min\u010di\u0173 energija yra i\u0161valomi ir harmonizuojami. Taip pat yra transformuojamos patalp\u0173 statybin\u0117s med\u017eiagos , aplinkos \u012ftaka, elektrosmogas, po\u017eemin\u0117s vandens gyslos ir vis\u0173 r\u016b\u0161i\u0173 spinduliuot\u0117.<\/p>\n<p><strong>\u0160is valymas atliekamas vien\u0105 kart\u0105 ir visam laikui.<\/strong><\/p>\n<p>Pra\u0161ome atsi\u0173sti elektroniniu arba pa\u0161tu buto, namo ar darbo vietos nuotrauk\u0105 i\u0161 pastato i\u0161or\u0117s(neb\u016btinai aktuali nuotrauka), adres\u0105 ir mobilaus bei fiksuoto ry\u0161io telefono numerius ir automobilio valstybin\u012f registracijos numer\u012f. \u0160iuo b\u016bdu i\u0161valomi ir nukenksminami ir automobiliai bei mobilaus ry\u0161io telefonai. Gav\u0119 J\u016bs\u0173 duomenis, susisieksime su Jumis ir suderinsime laik\u0105. Nuotoliniai valymai paprastai atliekami vakarais, po 20 val.<\/p>\n<p><strong>VPirmenybi\u0161kai el.pa\u0161tu: <\/strong> <a href=\"mail&#116;&#111;&#58;&#105;&#110;&#102;&#111;&#x40;&#x65;&#x6c;&#x6b;&#x75;&#x6e;&#x6f;&#x76;&#x69;z&#46;or&#103;\">i&#110;&#x66;&#x6f;&#x40;e&#108;&#x6b;&#x75;&#x6e;o&#118;&#x69;&#x7a;&#x2e;o&#114;&#x67;<\/a><\/p>\n<p><strong>Buto nukenksminimas:\u00a0<\/strong>1,- \u20ac \/ u\u017e 1 m2 gyvenamo ploto + 20,- \u20ac bazinis mokestis (\u012fskai\u010diuoti automobiliai ir mob.ry\u0161io telefonai)<\/p>\n<p><strong>Namo nukenksminimas:\u00a0<\/strong>1,- \u20ac \/ u\u017e 1m2 gyvenamo ploto + 40,- \u20ac bazinis mokestis (\u012fskai\u010diuotas sodas\/ sklypas, automobiliai ir mob.ry\u0161io telefonai)<\/p>\n<p>Darbo vietos\/\u012fmon\u0117s pastato\/ vie\u0161bu\u010dio \/ mokyklos \/ ligonin\u0117s \/ \u016bkio ir kt. nukenksminimui paruo\u0161iame individual\u0173 pasi\u016blym\u0105<\/p>\n<p>&nbsp;<\/p>\n<p>[\/et_pb_text][\/et_pb_column][\/et_pb_row][\/et_pb_section]<\/p>\n","protected":false},"excerpt":{"rendered":"<p>Gyvenamos aplinkos harmonizavimas &nbsp; Gyvenamos aplinkos bei darbo vietos valymas ir harmonizavimas patartinas po Dvasinio i\u0161tiesinimo. Da\u017enai \u017emon\u0117s klausia m\u016bs\u0173, k\u0105 jie dar gal\u0117t\u0173 papildomai padaryti po Dvasinio i\u0161tiesinimo. Jie jau\u010diasi gerai ir tampa i\u0161rankesni visose gyvenimo srityse, t.y., tampa atidesni juos supan\u010diai aplinkai, geriau jau\u010dia, kas juos teigiamai veikia kasdienyb\u0117je. Jie ie\u0161ko galimybi\u0173, kaip [&hellip;]<\/p>\n","protected":false},"author":8,"featured_media":0,"parent":0,"menu_order":0,"comment_status":"closed","ping_status":"closed","template":"","meta":{"_et_pb_use_builder":"on","_et_pb_old_content":"","_et_gb_content_width":"","inline_featured_image":false,"footnotes":""},"class_list":["post-2257","page","type-page","status-publish","hentry"],"yoast_head":"<!-- This site is optimized with the Yoast SEO plugin v27.4 - https:\/\/yoast.com\/product\/yoast-seo-wordpress\/ -->\n<title>Gyvenamos aplinkos harmonizavimas \u2022 Charlene &amp; Pjotr Elkunoviz<\/title>\n<meta name=\"description\" content=\"Gyvenamos aplinkos bei darbo vietos valymas ir harmonizavimas patartinas po Dvasinio i\u0161tiesinimo.\" \/>\n<meta name=\"robots\" content=\"index, follow, max-snippet:-1, max-image-preview:large, max-video-preview:-1\" \/>\n<link rel=\"canonical\" href=\"https:\/\/elkunoviz.org\/lt\/gyvenamos-aplinkos-harmonizavimas-old\/\" \/>\n<meta property=\"og:locale\" content=\"lt_LT\" \/>\n<meta property=\"og:type\" content=\"article\" \/>\n<meta property=\"og:title\" content=\"Gyvenamos aplinkos harmonizavimas \u2022 Charlene &amp; Pjotr Elkunoviz\" \/>\n<meta property=\"og:description\" content=\"Gyvenamos aplinkos bei darbo vietos valymas ir harmonizavimas patartinas po Dvasinio i\u0161tiesinimo.\" \/>\n<meta property=\"og:url\" content=\"https:\/\/elkunoviz.org\/lt\/gyvenamos-aplinkos-harmonizavimas-old\/\" \/>\n<meta property=\"og:site_name\" content=\"Elkunoviz\" \/>\n<meta property=\"article:publisher\" content=\"https:\/\/www.facebook.com\/Elkunoviz\/\" \/>\n<meta property=\"article:modified_time\" content=\"2023-08-16T12:54:04+00:00\" \/>\n<meta property=\"og:image\" content=\"https:\/\/elkunoviz.org\/wp-content\/uploads\/2017\/05\/elkunoviz-lebensraumharmonisierung.jpg\" \/>\n<meta name=\"twitter:card\" content=\"summary_large_image\" \/>\n<meta name=\"twitter:label1\" content=\"Est. reading time\" \/>\n\t<meta name=\"twitter:data1\" content=\"3 minut\u0117s\" \/>\n<script type=\"application\/ld+json\" class=\"yoast-schema-graph\">{\"@context\":\"https:\\\/\\\/schema.org\",\"@graph\":[{\"@type\":\"WebPage\",\"@id\":\"https:\\\/\\\/elkunoviz.org\\\/lt\\\/gyvenamos-aplinkos-harmonizavimas-old\\\/\",\"url\":\"https:\\\/\\\/elkunoviz.org\\\/lt\\\/gyvenamos-aplinkos-harmonizavimas-old\\\/\",\"name\":\"Gyvenamos aplinkos harmonizavimas \u2022 Charlene & Pjotr Elkunoviz\",\"isPartOf\":{\"@id\":\"https:\\\/\\\/elkunoviz.org\\\/lt\\\/#website\"},\"datePublished\":\"2017-12-14T04:14:27+00:00\",\"dateModified\":\"2023-08-16T12:54:04+00:00\",\"description\":\"Gyvenamos aplinkos bei darbo vietos valymas ir harmonizavimas patartinas po Dvasinio i\u0161tiesinimo.\",\"breadcrumb\":{\"@id\":\"https:\\\/\\\/elkunoviz.org\\\/lt\\\/gyvenamos-aplinkos-harmonizavimas-old\\\/#breadcrumb\"},\"inLanguage\":\"lt-LT\",\"potentialAction\":[{\"@type\":\"ReadAction\",\"target\":[\"https:\\\/\\\/elkunoviz.org\\\/lt\\\/gyvenamos-aplinkos-harmonizavimas-old\\\/\"]}]},{\"@type\":\"BreadcrumbList\",\"@id\":\"https:\\\/\\\/elkunoviz.org\\\/lt\\\/gyvenamos-aplinkos-harmonizavimas-old\\\/#breadcrumb\",\"itemListElement\":[{\"@type\":\"ListItem\",\"position\":1,\"name\":\"Home\",\"item\":\"https:\\\/\\\/elkunoviz.org\\\/lt\\\/\"},{\"@type\":\"ListItem\",\"position\":2,\"name\":\"Gyvenamos aplinkos harmonizavimas OLD\"}]},{\"@type\":\"WebSite\",\"@id\":\"https:\\\/\\\/elkunoviz.org\\\/lt\\\/#website\",\"url\":\"https:\\\/\\\/elkunoviz.org\\\/lt\\\/\",\"name\":\"Elkunoviz\",\"description\":\"Allumfassende Heilung\",\"publisher\":{\"@id\":\"https:\\\/\\\/elkunoviz.org\\\/lt\\\/#organization\"},\"potentialAction\":[{\"@type\":\"SearchAction\",\"target\":{\"@type\":\"EntryPoint\",\"urlTemplate\":\"https:\\\/\\\/elkunoviz.org\\\/lt\\\/?s={search_term_string}\"},\"query-input\":{\"@type\":\"PropertyValueSpecification\",\"valueRequired\":true,\"valueName\":\"search_term_string\"}}],\"inLanguage\":\"lt-LT\"},{\"@type\":\"Organization\",\"@id\":\"https:\\\/\\\/elkunoviz.org\\\/lt\\\/#organization\",\"name\":\"Pjotr Elkunoviz \u2013 Allumfassende Heilung durch den Geist\",\"url\":\"https:\\\/\\\/elkunoviz.org\\\/lt\\\/\",\"logo\":{\"@type\":\"ImageObject\",\"inLanguage\":\"lt-LT\",\"@id\":\"https:\\\/\\\/elkunoviz.org\\\/lt\\\/#\\\/schema\\\/logo\\\/image\\\/\",\"url\":\"https:\\\/\\\/elkunoviz.org\\\/wp-content\\\/uploads\\\/2023\\\/07\\\/logo.png\",\"contentUrl\":\"https:\\\/\\\/elkunoviz.org\\\/wp-content\\\/uploads\\\/2023\\\/07\\\/logo.png\",\"width\":192,\"height\":194,\"caption\":\"Pjotr Elkunoviz \u2013 Allumfassende Heilung durch den Geist\"},\"image\":{\"@id\":\"https:\\\/\\\/elkunoviz.org\\\/lt\\\/#\\\/schema\\\/logo\\\/image\\\/\"},\"sameAs\":[\"https:\\\/\\\/www.facebook.com\\\/Elkunoviz\\\/\",\"https:\\\/\\\/www.youtube.com\\\/channel\\\/UCrSjEuxgm3q8hGCVX3CG5vg\"]}]}<\/script>\n<!-- \/ Yoast SEO plugin. -->","yoast_head_json":{"title":"Gyvenamos aplinkos harmonizavimas \u2022 Charlene & Pjotr Elkunoviz","description":"Gyvenamos aplinkos bei darbo vietos valymas ir harmonizavimas patartinas po Dvasinio i\u0161tiesinimo.","robots":{"index":"index","follow":"follow","max-snippet":"max-snippet:-1","max-image-preview":"max-image-preview:large","max-video-preview":"max-video-preview:-1"},"canonical":"https:\/\/elkunoviz.org\/lt\/gyvenamos-aplinkos-harmonizavimas-old\/","og_locale":"lt_LT","og_type":"article","og_title":"Gyvenamos aplinkos harmonizavimas \u2022 Charlene & Pjotr Elkunoviz","og_description":"Gyvenamos aplinkos bei darbo vietos valymas ir harmonizavimas patartinas po Dvasinio i\u0161tiesinimo.","og_url":"https:\/\/elkunoviz.org\/lt\/gyvenamos-aplinkos-harmonizavimas-old\/","og_site_name":"Elkunoviz","article_publisher":"https:\/\/www.facebook.com\/Elkunoviz\/","article_modified_time":"2023-08-16T12:54:04+00:00","og_image":[{"url":"https:\/\/elkunoviz.org\/wp-content\/uploads\/2017\/05\/elkunoviz-lebensraumharmonisierung.jpg","type":"","width":"","height":""}],"twitter_card":"summary_large_image","twitter_misc":{"Est. reading time":"3 minut\u0117s"},"schema":{"@context":"https:\/\/schema.org","@graph":[{"@type":"WebPage","@id":"https:\/\/elkunoviz.org\/lt\/gyvenamos-aplinkos-harmonizavimas-old\/","url":"https:\/\/elkunoviz.org\/lt\/gyvenamos-aplinkos-harmonizavimas-old\/","name":"Gyvenamos aplinkos harmonizavimas \u2022 Charlene & Pjotr Elkunoviz","isPartOf":{"@id":"https:\/\/elkunoviz.org\/lt\/#website"},"datePublished":"2017-12-14T04:14:27+00:00","dateModified":"2023-08-16T12:54:04+00:00","description":"Gyvenamos aplinkos bei darbo vietos valymas ir harmonizavimas patartinas po Dvasinio i\u0161tiesinimo.","breadcrumb":{"@id":"https:\/\/elkunoviz.org\/lt\/gyvenamos-aplinkos-harmonizavimas-old\/#breadcrumb"},"inLanguage":"lt-LT","potentialAction":[{"@type":"ReadAction","target":["https:\/\/elkunoviz.org\/lt\/gyvenamos-aplinkos-harmonizavimas-old\/"]}]},{"@type":"BreadcrumbList","@id":"https:\/\/elkunoviz.org\/lt\/gyvenamos-aplinkos-harmonizavimas-old\/#breadcrumb","itemListElement":[{"@type":"ListItem","position":1,"name":"Home","item":"https:\/\/elkunoviz.org\/lt\/"},{"@type":"ListItem","position":2,"name":"Gyvenamos aplinkos harmonizavimas OLD"}]},{"@type":"WebSite","@id":"https:\/\/elkunoviz.org\/lt\/#website","url":"https:\/\/elkunoviz.org\/lt\/","name":"Elkunoviz","description":"Allumfassende Heilung","publisher":{"@id":"https:\/\/elkunoviz.org\/lt\/#organization"},"potentialAction":[{"@type":"SearchAction","target":{"@type":"EntryPoint","urlTemplate":"https:\/\/elkunoviz.org\/lt\/?s={search_term_string}"},"query-input":{"@type":"PropertyValueSpecification","valueRequired":true,"valueName":"search_term_string"}}],"inLanguage":"lt-LT"},{"@type":"Organization","@id":"https:\/\/elkunoviz.org\/lt\/#organization","name":"Pjotr Elkunoviz \u2013 Allumfassende Heilung durch den Geist","url":"https:\/\/elkunoviz.org\/lt\/","logo":{"@type":"ImageObject","inLanguage":"lt-LT","@id":"https:\/\/elkunoviz.org\/lt\/#\/schema\/logo\/image\/","url":"https:\/\/elkunoviz.org\/wp-content\/uploads\/2023\/07\/logo.png","contentUrl":"https:\/\/elkunoviz.org\/wp-content\/uploads\/2023\/07\/logo.png","width":192,"height":194,"caption":"Pjotr Elkunoviz \u2013 Allumfassende Heilung durch den Geist"},"image":{"@id":"https:\/\/elkunoviz.org\/lt\/#\/schema\/logo\/image\/"},"sameAs":["https:\/\/www.facebook.com\/Elkunoviz\/","https:\/\/www.youtube.com\/channel\/UCrSjEuxgm3q8hGCVX3CG5vg"]}]}},"_links":{"self":[{"href":"https:\/\/elkunoviz.org\/lt\/wp-json\/wp\/v2\/pages\/2257","targetHints":{"allow":["GET"]}}],"collection":[{"href":"https:\/\/elkunoviz.org\/lt\/wp-json\/wp\/v2\/pages"}],"about":[{"href":"https:\/\/elkunoviz.org\/lt\/wp-json\/wp\/v2\/types\/page"}],"author":[{"embeddable":true,"href":"https:\/\/elkunoviz.org\/lt\/wp-json\/wp\/v2\/users\/8"}],"replies":[{"embeddable":true,"href":"https:\/\/elkunoviz.org\/lt\/wp-json\/wp\/v2\/comments?post=2257"}],"version-history":[{"count":2,"href":"https:\/\/elkunoviz.org\/lt\/wp-json\/wp\/v2\/pages\/2257\/revisions"}],"predecessor-version":[{"id":13002,"href":"https:\/\/elkunoviz.org\/lt\/wp-json\/wp\/v2\/pages\/2257\/revisions\/13002"}],"wp:attachment":[{"href":"https:\/\/elkunoviz.org\/lt\/wp-json\/wp\/v2\/media?parent=2257"}],"curies":[{"name":"wp","href":"https:\/\/api.w.org\/{rel}","templated":true}]}}