{"id":2269,"date":"2017-05-04T13:56:51","date_gmt":"2017-05-04T13:56:51","guid":{"rendered":"http:\/\/elkunoviz.org\/?page_id=2269"},"modified":"2023-08-16T14:13:46","modified_gmt":"2023-08-16T12:13:46","slug":"zmoniu-atsiliepimai","status":"publish","type":"page","link":"https:\/\/elkunoviz.org\/lt\/zmoniu-atsiliepimai\/","title":{"rendered":"\u017dmoni\u0173 atsiliepimai"},"content":{"rendered":"<p>[et_pb_section fb_built=&#8221;1&#8243; admin_label=&#8221;section&#8221; _builder_version=&#8221;4.16&#8243; global_colors_info=&#8221;{}&#8221;][et_pb_row admin_label=&#8221;row&#8221; _builder_version=&#8221;4.21.0&#8243; background_size=&#8221;initial&#8221; background_position=&#8221;top_left&#8221; background_repeat=&#8221;repeat&#8221; max_width=&#8221;900px&#8221; module_alignment=&#8221;center&#8221; global_colors_info=&#8221;{}&#8221;][et_pb_column type=&#8221;4_4&#8243; _builder_version=&#8221;4.16&#8243; custom_padding=&#8221;|||&#8221; global_colors_info=&#8221;{}&#8221; custom_padding__hover=&#8221;|||&#8221;][et_pb_text admin_label=&#8221;Title&#8221; _builder_version=&#8221;4.16&#8243; background_size=&#8221;initial&#8221; background_position=&#8221;top_left&#8221; background_repeat=&#8221;repeat&#8221; use_border_color=&#8221;off&#8221; border_color=&#8221;#ffffff&#8221; border_style=&#8221;solid&#8221; global_colors_info=&#8221;{}&#8221;]<\/p>\n<h1>\u017dmoni\u0173 atsiliepimai<\/h1>\n<p>[\/et_pb_text][et_pb_image src=&#8221;https:\/\/elkunoviz.org\/wp-content\/uploads\/2023\/07\/elk_erfahrungsberichte1.jpg&#8221; alt=&#8221;Geistheiler Erfahrungsberichte Dankesch\u00f6n&#8221; title_text=&#8221;elk_erfahrungsberichte1&#8243; align_tablet=&#8221;center&#8221; align_phone=&#8221;center&#8221; align_last_edited=&#8221;on|desktop&#8221; admin_label=&#8221;Image&#8221; _builder_version=&#8221;4.21.0&#8243; module_alignment=&#8221;center&#8221; use_border_color=&#8221;off&#8221; border_color=&#8221;#ffffff&#8221; border_style=&#8221;solid&#8221; animation=&#8221;off&#8221; sticky=&#8221;off&#8221; always_center_on_mobile=&#8221;on&#8221; global_colors_info=&#8221;{}&#8221;][\/et_pb_image][\/et_pb_column][\/et_pb_row][\/et_pb_section][et_pb_section fb_built=&#8221;1&#8243; admin_label=&#8221;Section&#8221; _builder_version=&#8221;4.16&#8243; custom_padding=&#8221;0px|||&#8221; transparent_background=&#8221;off&#8221; make_fullwidth=&#8221;off&#8221; use_custom_width=&#8221;off&#8221; width_unit=&#8221;on&#8221; global_colors_info=&#8221;{}&#8221;][et_pb_row admin_label=&#8221;Row&#8221; _builder_version=&#8221;4.21.0&#8243; background_size=&#8221;initial&#8221; background_position=&#8221;top_left&#8221; background_repeat=&#8221;repeat&#8221; max_width=&#8221;780px&#8221; module_alignment=&#8221;center&#8221; custom_padding=&#8221;0px|||&#8221; make_fullwidth=&#8221;off&#8221; use_custom_width=&#8221;off&#8221; width_unit=&#8221;on&#8221; global_colors_info=&#8221;{}&#8221;][et_pb_column type=&#8221;4_4&#8243; _builder_version=&#8221;4.16&#8243; custom_padding=&#8221;|||&#8221; global_colors_info=&#8221;{}&#8221; custom_padding__hover=&#8221;|||&#8221;][et_pb_text admin_label=&#8221;Erfahrungen zur Geistigen Aufrichtung&#8221; _builder_version=&#8221;4.16&#8243; background_size=&#8221;initial&#8221; background_position=&#8221;top_left&#8221; background_repeat=&#8221;repeat&#8221; use_border_color=&#8221;off&#8221; border_color=&#8221;#ffffff&#8221; border_style=&#8221;solid&#8221; global_colors_info=&#8221;{}&#8221;]<\/p>\n<h2>Dvasinio i\u0161tiesinimo potyriai<\/h2>\n<p><strong>Gydym\u0173 dienomis, po seanso, \u017emon\u0117s dalinasi \u012fsp\u016bd\u017eiais:<\/strong><\/p>\n<p>[\/et_pb_text][et_pb_text admin_label=&#8221;Testimonials 1&#8243; _builder_version=&#8221;4.21.0&#8243; background_size=&#8221;initial&#8221; background_position=&#8221;top_left&#8221; background_repeat=&#8221;repeat&#8221; use_border_color=&#8221;off&#8221; border_color=&#8221;#ffffff&#8221; border_style=&#8221;solid&#8221; global_colors_info=&#8221;{}&#8221;]<\/p>\n<p><em>\u201cGerai, nemoku apib\u016bdinti \u0161io jausmo.\u201d<\/em>\u00a0 &#8211; <span style=\"color: #ab4db2;\">TATJANA<\/span><\/p>\n<p><em>\u201c Jau\u010diuosi lengvai, laisvai, be skausm\u0173.\u201d<\/em> &#8211; <span style=\"color: #ab4db2;\">SUSANN<\/span><\/p>\n<p><em>\u201cLabai gerai, energingai. A\u010di\u016b!\u201d<\/em> &#8211; <span style=\"color: #ab4db2;\">TUNDE<\/span><\/p>\n<p><em>\u201cSveiki, mielieji! Mes buvome pas Jus sekmadien\u012f ir vis\u0173 pirma nor\u0117tume i\u0161 visos \u0161irdies pad\u0117koti. T<\/em><em>ai buvo nuostabus potyris , praturtin\u0119s m\u016bs\u0173 b\u016bt\u012f ir gyvenim\u0105 atei\u010diai. Po Dvasinio i\u0161tiesinimo nei\u00a0<\/em><em>mano mamai , nei man nieko nebeskauda , ir m\u016bs\u0173 dvasia nurimo. Yra smagu b\u016bti savo vidaus\u00a0<\/em><em>centre :)\u201d<\/em>\u00a0 &#8211; <span style=\"color: #ab4db2;\">ELISABETH UND SEBASTIAN<\/span><\/p>\n<p><em>\u201cLengva, visaapimantis jausmas, lyg energija tek\u0117t\u0173 ir k\u016bno viduje , ir aplink j\u012f. \u201d<\/em> &#8211; <span style=\"color: #ab4db2;\">ANKE<\/span><\/p>\n<p><em>\u201cJau\u010diuosi ramus ir subalansuotas. \u012evadin\u0117 paskaita buvo labai \u012fdomi, gavau daug impuls\u0173\u00a0<\/em><em>pam\u0105stymams. Labai a\u010di\u016b u\u017e tai. \u201d<\/em> &#8211; <span style=\"color: #ab4db2;\">WOLFGANG<\/span><\/p>\n<p><em>\u201cA\u0161 dar negaliu teisingai paai\u0161kinti, kas su manimi atsitiko gydymo metu, ir a\u0161 dar negaliu to suvokti savo protu, nors ir labai nor\u0117\u010diau. Jau \u012f\u0117j\u0119s pas Jus , a\u0161 pajutau auk\u0161tas vibracijas ir energij\u0105. J\u016bs labai steng\u0117t\u0117s, rimtai ir atid\u017eiai dirbote, labai a\u010di\u016b!<br \/>Be nepaai\u0161kinamo mano skeleto i\u0161silyginimo , a\u0161 dar jau\u010diu ir stipr\u0173 mentalin\u012f poveik\u012f. Ramyb\u0117 ir atsipalaidavimas ap\u0117m\u0117 mano k\u016bn\u0105, a\u0161 iki \u0161iol ne\u017einojau tokio jausmo. Galiu su \u017emon\u0117mis bendrauti laisvai ir u\u017etikrintai, matau visk\u0105 kitomis akimis.<br \/>Labai a\u010di\u016b u\u017e visas \u012fdomias informacijas bei u\u017e man dosniai skirt\u0105 laik\u0105! D\u0117koju Jums i\u0161 visos \u0161irdies u\u017e J\u016bs\u0173 nenuilstam\u0105 darb\u0105 , telaimina Jus Dievas.\u201d<\/em>\u00a0&#8211; <span style=\"color: #ab4db2;\">ANDREA<\/span><\/p>\n<p><em>\u201cJau\u010diuosi puikiausiai !!! A\u010di\u016b\u2026\u201d<\/em> &#8211; <span style=\"color: #ab4db2;\">THORSTEN<\/span><\/p>\n<p><em>\u201cSuvokiu savo b\u016bt\u012f, \u0161vies\u0105, meil\u0119. A\u0161 esu!\u201d<\/em> &#8211; <span style=\"color: #ab4db2;\">LIANE<\/span><\/p>\n<p><em>\u201c\u012evyko did\u017eiulis apsivalymas \u2013 i\u0161sivadavau nuo praeities na\u0161t\u0173. Lengvumas , ai\u0161kumas, a\u010di\u016b!\u201d<\/em>\u00a0 &#8211; <span style=\"color: #ab4db2;\">MANUELA<\/span><\/p>\n<p><em>\u201cRamus, su \u0161ypsena viduje.\u201d<\/em> &#8211; <span style=\"color: #ab4db2;\">DETLEF<\/span><\/p>\n<p><em>\u201cLabai gerai. Jau\u010diuosi laisviau ir lengviau.\u201d<\/em> &#8211; <span style=\"color: #ab4db2;\">ALETTE<\/span><\/p>\n<p>\u201c<em>\u041e\u0447\u0435\u043d\u044c \u0441\u043f\u043e\u043a\u043e\u0439\u043d\u0430\u044f, \u043e\u0447\u0435\u043d\u044c \u0441\u0438\u043b\u044c\u043d\u0430\u044f \u0438 \u0434\u043e\u0432\u043e\u043b\u044c\u043d\u0430\u044f\u2026 \u0421\u043f\u0430\u0441\u0438\u0431\u043e \u0437\u0430 \u0431\u043b\u0430\u0433\u043e\u0433\u043e\u0432\u0435\u0439\u043d\u043e\u0435 \u043e\u0442\u043d\u043e\u0448\u0435\u043d\u0438\u0435, \u043b\u044e\u0431\u043e\u0432\u044c \u0438 \u044d\u043d\u0435\u0440\u0433\u0438\u044e!<\/em>\u201d &#8211; <span style=\"color: #ab4db2;\">MARLIES<\/span><\/p>\n<p><em>\u201cA\u010di\u016b u\u017e pagalb\u0105 mano mamai, dar niekada nebuvau i\u0161 jos i\u0161gird\u0119s : \u201dA\u0161 jau\u010diuosi lyg ant debesies,\u201d<\/em> &#8211; <span style=\"color: #ab4db2;\">ANDREAS<\/span><\/p>\n<p>[\/et_pb_text][et_pb_image src=&#8221;https:\/\/elkunoviz.org\/wp-content\/uploads\/2023\/07\/elk_erfahrungsberichte2.jpg&#8221; alt=&#8221;Geistheiler Erfahrungsberichte Baum&#8221; title_text=&#8221;elk_erfahrungsberichte2&#8243; align_tablet=&#8221;center&#8221; align_phone=&#8221;center&#8221; align_last_edited=&#8221;on|desktop&#8221; admin_label=&#8221;Image&#8221; _builder_version=&#8221;4.21.0&#8243; use_border_color=&#8221;off&#8221; border_color=&#8221;#ffffff&#8221; border_style=&#8221;solid&#8221; animation=&#8221;off&#8221; sticky=&#8221;off&#8221; always_center_on_mobile=&#8221;on&#8221; global_colors_info=&#8221;{}&#8221;][\/et_pb_image][et_pb_text admin_label=&#8221;Testimonials 2&#8243; _builder_version=&#8221;4.21.0&#8243; background_size=&#8221;initial&#8221; background_position=&#8221;top_left&#8221; background_repeat=&#8221;repeat&#8221; use_border_color=&#8221;off&#8221; border_color=&#8221;#ffffff&#8221; border_style=&#8221;solid&#8221; global_colors_info=&#8221;{}&#8221;]<\/p>\n<p><em>\u201cLyg b\u016btum naujai gim\u0119s. Naujas jausmas k\u016bne. \u012edomu, kaip bus ateityje. Buvo labai \u012fdomi diena\u00a0<\/em><em>su Jumis. \u0160irdingai a\u010di\u016b! Iki greito!\u201d<\/em>\u00a0 &#8211; <span style=\"color: #ab4db2;\">HANS<\/span><\/p>\n<p><em>\u201cGerai. Buvo puikus potyris.\u201d<\/em>\u00a0 &#8211; <span style=\"color: #ab4db2;\">J\u00d6RG<\/span><\/p>\n<p><em>\u201cVisi\u0161kas atsipalaidavimas, laim\u0117s jausmas, palengv\u0117jimas, laisvumas de\u0161in\u0117je rankoje. Labai\u00a0<\/em><em>a\u010di\u016b u\u017e visk\u0105 .\u201d<\/em> &#8211; <span style=\"color: #ab4db2;\">KERSTIN<\/span><\/p>\n<p><em>\u201cPasiimu su savimi daug teigiamo ir jau\u010diuosi labai gerai.\u201d<\/em> &#8211; <span style=\"color: #ab4db2;\">IRENE<\/span><\/p>\n<p><em>\u201cMan nieko neskauda, jau\u010diuosi laisvas ir paliestas emoci\u0161kai. Gautas dvasinis pa\u017einimas \u012ftakos\u00a0<\/em><em>mano ateit\u012f. Labai a\u010di\u016b!\u201d<\/em> &#8211; <span style=\"color: #ab4db2;\">THOMAS<\/span><\/p>\n<p><em>\u201cA\u0161 jau\u010diuosi labai gerai, nieko nebeskauda, esu \u017evali, patenkinta ir su\u017eav\u0117ta. Labai, labai a\u010di\u016b.\u00a0<\/em><em>Linkiu Jums viso ko geriausio \u0161ioje veikloje.\u201d<\/em> &#8211; <span style=\"color: #ab4db2;\">KATARINA<\/span><\/p>\n<p><em>\u201cKoks d\u017eiaugsmingas pabudimas \u0161\u012f ryt\u0105\u2026, seni m\u0105stymo \u0161ablonai u\u017eleido viet\u0105 naujai j\u0117gai . A\u0161\u00a0<\/em><em>\u012f\u0117jau \u012f tok\u012f lauk\u0105, kuriame yra tik \u0161viesos ir meil\u0117s suvokimas. Viskas yra, kaip yra.<\/em><br \/><em>Jausmas, lyg gr\u012f\u017etum \u012f namus. To, kas mes esame ir visada buvome, i\u0161taka. Ir tuo pa\u010diu metu esu\u00a0<\/em><em>pilnas nusi\u017eeminimo, begalinio d\u0117kingumo k\u016br\u0117jui ir k\u016brinijai ir pa\u010diam sau, kuris esu Did\u017eiosios\u00a0<\/em><em>Visumos dalimi.<\/em><br \/><em>Savo meil\u0119 ir d\u0117kingum\u0105 dabar skiriu vis\u0173 pirma Jums, \u0160arlena ir Piotrai. U\u017e j\u016bs\u0173 miel\u0105 pri\u0117mim\u0105,\u00a0<\/em><em>begalin\u0119 kantryb\u0119, maloning\u0105 Dvasin\u012f I\u0161tiesinim\u0105.<\/em><br \/><em>Su meile i\u0161 \u0161irdies \u012f \u0161ird\u012f.\u201d<\/em>\u201d &#8211; <span style=\"color: #ab4db2;\">KARIN<\/span><\/p>\n<p>[\/et_pb_text][et_pb_image src=&#8221;https:\/\/elkunoviz.org\/wp-content\/uploads\/2023\/07\/elk_erfahrungsberichte3.jpg&#8221; title_text=&#8221;elk_erfahrungsberichte3&#8243; _builder_version=&#8221;4.21.0&#8243; _module_preset=&#8221;default&#8221; global_colors_info=&#8221;{}&#8221;][\/et_pb_image][\/et_pb_column][\/et_pb_row][\/et_pb_section][et_pb_section fb_built=&#8221;1&#8243; _builder_version=&#8221;4.21.0&#8243; _module_preset=&#8221;73e3f740-8efa-4583-b8bd-c2faeea8dfca&#8221; transparent_background=&#8221;off&#8221; make_fullwidth=&#8221;off&#8221; use_custom_width=&#8221;off&#8221; width_unit=&#8221;on&#8221; global_module=&#8221;11582&#8243; saved_tabs=&#8221;all&#8221; global_colors_info=&#8221;{}&#8221;][et_pb_row column_structure=&#8221;2_3,1_3&#8243; _builder_version=&#8221;4.21.0&#8243; background_size=&#8221;initial&#8221; background_position=&#8221;top_left&#8221; background_repeat=&#8221;repeat&#8221; min_height=&#8221;64.2px&#8221; custom_padding=&#8221;0px|||||&#8221; global_colors_info=&#8221;{}&#8221;][et_pb_column type=&#8221;2_3&#8243; _builder_version=&#8221;4.21.0&#8243; custom_padding=&#8221;|||&#8221; global_colors_info=&#8221;{}&#8221; custom_padding__hover=&#8221;|||&#8221;][et_pb_text _builder_version=&#8221;4.21.0&#8243; _module_preset=&#8221;default&#8221; text_text_color=&#8221;#FFFFFF&#8221; header_4_text_color=&#8221;#f4e2f5&#8243; background_layout=&#8221;dark&#8221; global_colors_info=&#8221;{}&#8221;]<\/p>\n<h2>\u041d\u0430\u0448 \u0438\u043d\u0444\u043e\u0440\u043c\u0430\u0446\u0438\u043e\u043d\u043d\u044b\u0439 \u0431\u044e\u043b\u043b\u0435\u0442\u0435\u043d\u044c \u043e \u0440\u0430\u0437\u0443\u043c\u043d\u043e\u0439 \u043f\u043e\u0432\u0441\u0435\u0434\u043d\u0435\u0432\u043d\u043e\u0439 \u0436\u0438\u0437\u043d\u0438<\/h2>\n<p><span style=\"font-weight: 400;\">\u0420\u0430\u0441\u0441\u044b\u043b\u043a\u0430 \u0438\u0441\u0446\u0435\u043b\u044f\u044e\u0449\u0438\u0445 \u0438\u043c\u043f\u0443\u043b\u044c\u0441\u043e\u0432 \u0434\u043b\u044f \u043f\u043e\u0432\u0441\u0435\u0434\u043d\u0435\u0432\u043d\u043e\u0439 \u0436\u0438\u0437\u043d\u0438, \u0432\u0434\u043e\u0445\u043d\u043e\u0432\u0435\u043d\u0438\u044f \u043d\u0430 \u0434\u0443\u0445\u043e\u0432\u043d\u044b\u0435 \u0442\u0435\u043c\u044b \u0438 \u043d\u0430\u043f\u043e\u043c\u0438\u043d\u0430\u043d\u0438\u044f \u043e \u0434\u0430\u0442\u0430\u0445 \u043f\u0440\u043e\u0432\u0435\u0434\u0435\u043d\u0438\u044f \u0434\u043d\u0435\u0439 \u0438 \u043c\u0435\u0440\u043e\u043f\u0440\u0438\u044f\u0442\u0438\u0439 \u043f\u043e \u0438\u0441\u0446\u0435\u043b\u0435\u043d\u0438\u044e \u0431\u0443\u0434\u0435\u0442 \u0438\u043d\u0444\u043e\u0440\u043c\u0438\u0440\u043e\u0432\u0430\u0442\u044c \u0432\u0430\u0441 \u043e \u043d\u0430\u0448\u0438\u0445 \u043d\u043e\u0432\u043e\u0441\u0442\u044f\u0445 \u0447\u0435\u0440\u0435\u0437 \u043d\u0435\u0440\u0435\u0433\u0443\u043b\u044f\u0440\u043d\u044b\u0435 \u043f\u0440\u043e\u043c\u0435\u0436\u0443\u0442\u043a\u0438 \u0432\u0440\u0435\u043c\u0435\u043d\u0438. \u041f\u043e\u0436\u0430\u043b\u0443\u0439\u0441\u0442\u0430, \u043f\u043e\u0434\u043f\u0438\u0448\u0438\u0441\u044c \u043d\u0430 \u043d\u0430\u0448\u0443 \u0440\u0430\u0441\u0441\u044b\u043b\u043a\u0443, \u043e\u0442\u043f\u0438\u0441\u0430\u0442\u044c\u0441\u044f \u043c\u043e\u0436\u043d\u043e \u0432 \u043b\u044e\u0431\u043e\u0439 \u043c\u043e\u043c\u0435\u043d\u0442, \u043d\u0430\u043f\u0440\u0438\u043c\u0435\u0440, \u043f\u043e \u0441\u0441\u044b\u043b\u043a\u0435 \u0432 \u0440\u0430\u0441\u0441\u044b\u043b\u043a\u0435.<\/span><\/p>\n<p>[\/et_pb_text][\/et_pb_column][et_pb_column type=&#8221;1_3&#8243; _builder_version=&#8221;4.16&#8243; custom_padding=&#8221;|||&#8221; global_colors_info=&#8221;{}&#8221; custom_padding__hover=&#8221;|||&#8221;][et_pb_code module_class=&#8221;newsletter-form&#8221; _builder_version=&#8221;4.21.0&#8243; global_colors_info=&#8221;{}&#8221;]<script>(function() {\n\twindow.mc4wp = window.mc4wp || {\n\t\tlisteners: [],\n\t\tforms: {\n\t\t\ton: function(evt, cb) {\n\t\t\t\twindow.mc4wp.listeners.push(\n\t\t\t\t\t{\n\t\t\t\t\t\tevent   : evt,\n\t\t\t\t\t\tcallback: cb\n\t\t\t\t\t}\n\t\t\t\t);\n\t\t\t}\n\t\t}\n\t}\n})();\n<\/script><!-- Mailchimp for WordPress v4.12.1 - https:\/\/wordpress.org\/plugins\/mailchimp-for-wp\/ --><form id=\"mc4wp-form-1\" class=\"mc4wp-form mc4wp-form-377 mc4wp-ajax\" method=\"post\" data-id=\"377\" data-name=\"Elkunoviz Newsletter DE\" ><div class=\"mc4wp-form-fields\"><div><input type=\"text\" name=\"FNAME\" placeholder=\"Name\"><\/div>\r\n<div><input type=\"email\" name=\"email\" placeholder=\"E-Mail Adresse\" required \/><\/div>\r\n\r\n<div class=\"mc4wp-dropdown-wrapper\">\r\n  <label for=\"language-select\">Sprache:<\/label>\r\n  <select name=\"INTERESTS[00ce8103c5]\" id=\"language-select\" required=\"\">\r\n    <option value=\"bb411d99f7\" selected=\"true\">Deutsch<\/option>\r\n    <option value=\"0b2ad157c6\">English<\/option>\r\n    <option value=\"5f9c1fe271\">\u0420\u0443\u0441\u0441\u043a\u0438\u0439<\/option>\r\n    <option value=\"7fdafb1d82\">Italiano<\/option>\r\n    <option value=\"87669c16a0\">Espa\u00f1ol<\/option>\r\n    <option value=\"aa3889186a\">Latvie\u0161u<\/option>\r\n    <option value=\"d0c9f01167\">Lietuvos<\/option>\r\n  <\/select>\r\n<\/div>\r\n\r\n<fieldset>\r\n    <legend class=\"mc4wp-legend\">Interessen:<\/legend>\r\n    <label>\r\n        <input type=\"checkbox\" name=\"INTERESTS[c247eb75b8][]\" value=\"cb344cfb20\"> <span>Impulse f\u00fcr den Tag<\/span>\r\n    <\/label>\r\n    <label>\r\n        <input type=\"checkbox\" name=\"INTERESTS[c247eb75b8][]\" value=\"1ee1f1c268\"> <span>News<\/span>\r\n    <\/label>\r\n    <label>\r\n        <input type=\"checkbox\" name=\"INTERESTS[c247eb75b8][]\" value=\"68c933c223\"> <span>Seminare<\/span>\r\n    <\/label>\r\n    <label>\r\n        <input type=\"checkbox\" name=\"INTERESTS[c247eb75b8][]\" value=\"d71259545e\"> <span>Behandlungen<\/span>\r\n    <\/label>\r\n    <label>\r\n        <input type=\"checkbox\" name=\"INTERESTS[c247eb75b8][]\" value=\"5110647ad5\"> <span>Tierbehandlung<\/span>\r\n    <\/label>\r\n<\/fieldset>\r\n\r\n<input type=\"submit\" class=\"newsletter__submit\" value=\"Newsletter abonnieren\" \/>\r\n<\/div><label style=\"display: none !important;\">Leave this field empty if you're human: <input type=\"text\" name=\"_mc4wp_honeypot\" value=\"\" tabindex=\"-1\" autocomplete=\"off\" \/><\/label><input type=\"hidden\" name=\"_mc4wp_timestamp\" value=\"1776676218\" \/><input type=\"hidden\" name=\"_mc4wp_form_id\" value=\"377\" \/><input type=\"hidden\" name=\"_mc4wp_form_element_id\" value=\"mc4wp-form-1\" \/><div class=\"mc4wp-response\"><\/div><\/form><!-- \/ Mailchimp for WordPress Plugin -->[\/et_pb_code][\/et_pb_column][\/et_pb_row][\/et_pb_section]<\/p>\n","protected":false},"excerpt":{"rendered":"<p>\u017dmoni\u0173 atsiliepimai Dvasinio i\u0161tiesinimo potyriai Gydym\u0173 dienomis, po seanso, \u017emon\u0117s dalinasi \u012fsp\u016bd\u017eiais: \u201cGerai, nemoku apib\u016bdinti \u0161io jausmo.\u201d\u00a0 &#8211; TATJANA \u201c Jau\u010diuosi lengvai, laisvai, be skausm\u0173.\u201d &#8211; SUSANN \u201cLabai gerai, energingai. A\u010di\u016b!\u201d &#8211; TUNDE \u201cSveiki, mielieji! Mes buvome pas Jus sekmadien\u012f ir vis\u0173 pirma nor\u0117tume i\u0161 visos \u0161irdies pad\u0117koti. Tai buvo nuostabus potyris , praturtin\u0119s m\u016bs\u0173 [&hellip;]<\/p>\n","protected":false},"author":8,"featured_media":0,"parent":0,"menu_order":0,"comment_status":"closed","ping_status":"closed","template":"","meta":{"_et_pb_use_builder":"on","_et_pb_old_content":"","_et_gb_content_width":"","inline_featured_image":false,"footnotes":""},"class_list":["post-2269","page","type-page","status-publish","hentry"],"yoast_head":"<!-- This site is optimized with the Yoast SEO plugin v27.4 - https:\/\/yoast.com\/product\/yoast-seo-wordpress\/ -->\n<title>Geistheiler Erfahrungsberichte \u2022 Charlene &amp; Pjotr Elkunoviz<\/title>\n<meta name=\"description\" content=\"Geistheiler Erfahrungsberichte zu Charlene und Pjotr Elkunoviz finden Sie hier. Wir danken allen Menschen, die uns weiterempfehlen!\" \/>\n<meta name=\"robots\" content=\"index, follow, max-snippet:-1, max-image-preview:large, max-video-preview:-1\" \/>\n<link rel=\"canonical\" href=\"https:\/\/elkunoviz.org\/lt\/zmoniu-atsiliepimai\/\" \/>\n<meta property=\"og:locale\" content=\"lt_LT\" \/>\n<meta property=\"og:type\" content=\"article\" \/>\n<meta property=\"og:title\" content=\"Geistheiler Erfahrungsberichte \u2022 Charlene &amp; Pjotr Elkunoviz\" \/>\n<meta property=\"og:description\" content=\"Geistheiler Erfahrungsberichte zu Charlene und Pjotr Elkunoviz finden Sie hier. Wir danken allen Menschen, die uns weiterempfehlen!\" \/>\n<meta property=\"og:url\" content=\"https:\/\/elkunoviz.org\/lt\/zmoniu-atsiliepimai\/\" \/>\n<meta property=\"og:site_name\" content=\"Elkunoviz\" \/>\n<meta property=\"article:publisher\" content=\"https:\/\/www.facebook.com\/Elkunoviz\/\" \/>\n<meta property=\"article:modified_time\" content=\"2023-08-16T12:13:46+00:00\" \/>\n<meta name=\"twitter:card\" content=\"summary_large_image\" \/>\n<meta name=\"twitter:label1\" content=\"Est. reading time\" \/>\n\t<meta name=\"twitter:data1\" content=\"6 minut\u0117s\" \/>\n<script type=\"application\/ld+json\" class=\"yoast-schema-graph\">{\"@context\":\"https:\\\/\\\/schema.org\",\"@graph\":[{\"@type\":\"WebPage\",\"@id\":\"https:\\\/\\\/elkunoviz.org\\\/lt\\\/zmoniu-atsiliepimai\\\/\",\"url\":\"https:\\\/\\\/elkunoviz.org\\\/lt\\\/zmoniu-atsiliepimai\\\/\",\"name\":\"Geistheiler Erfahrungsberichte \u2022 Charlene & Pjotr Elkunoviz\",\"isPartOf\":{\"@id\":\"https:\\\/\\\/elkunoviz.org\\\/lt\\\/#website\"},\"datePublished\":\"2017-05-04T13:56:51+00:00\",\"dateModified\":\"2023-08-16T12:13:46+00:00\",\"description\":\"Geistheiler Erfahrungsberichte zu Charlene und Pjotr Elkunoviz finden Sie hier. Wir danken allen Menschen, die uns weiterempfehlen!\",\"breadcrumb\":{\"@id\":\"https:\\\/\\\/elkunoviz.org\\\/lt\\\/zmoniu-atsiliepimai\\\/#breadcrumb\"},\"inLanguage\":\"lt-LT\",\"potentialAction\":[{\"@type\":\"ReadAction\",\"target\":[\"https:\\\/\\\/elkunoviz.org\\\/lt\\\/zmoniu-atsiliepimai\\\/\"]}]},{\"@type\":\"BreadcrumbList\",\"@id\":\"https:\\\/\\\/elkunoviz.org\\\/lt\\\/zmoniu-atsiliepimai\\\/#breadcrumb\",\"itemListElement\":[{\"@type\":\"ListItem\",\"position\":1,\"name\":\"Home\",\"item\":\"https:\\\/\\\/elkunoviz.org\\\/lt\\\/\"},{\"@type\":\"ListItem\",\"position\":2,\"name\":\"\u017dmoni\u0173 atsiliepimai\"}]},{\"@type\":\"WebSite\",\"@id\":\"https:\\\/\\\/elkunoviz.org\\\/lt\\\/#website\",\"url\":\"https:\\\/\\\/elkunoviz.org\\\/lt\\\/\",\"name\":\"Elkunoviz\",\"description\":\"Allumfassende Heilung\",\"publisher\":{\"@id\":\"https:\\\/\\\/elkunoviz.org\\\/lt\\\/#organization\"},\"potentialAction\":[{\"@type\":\"SearchAction\",\"target\":{\"@type\":\"EntryPoint\",\"urlTemplate\":\"https:\\\/\\\/elkunoviz.org\\\/lt\\\/?s={search_term_string}\"},\"query-input\":{\"@type\":\"PropertyValueSpecification\",\"valueRequired\":true,\"valueName\":\"search_term_string\"}}],\"inLanguage\":\"lt-LT\"},{\"@type\":\"Organization\",\"@id\":\"https:\\\/\\\/elkunoviz.org\\\/lt\\\/#organization\",\"name\":\"Pjotr Elkunoviz \u2013 Allumfassende Heilung durch den Geist\",\"url\":\"https:\\\/\\\/elkunoviz.org\\\/lt\\\/\",\"logo\":{\"@type\":\"ImageObject\",\"inLanguage\":\"lt-LT\",\"@id\":\"https:\\\/\\\/elkunoviz.org\\\/lt\\\/#\\\/schema\\\/logo\\\/image\\\/\",\"url\":\"https:\\\/\\\/elkunoviz.org\\\/wp-content\\\/uploads\\\/2023\\\/07\\\/logo.png\",\"contentUrl\":\"https:\\\/\\\/elkunoviz.org\\\/wp-content\\\/uploads\\\/2023\\\/07\\\/logo.png\",\"width\":192,\"height\":194,\"caption\":\"Pjotr Elkunoviz \u2013 Allumfassende Heilung durch den Geist\"},\"image\":{\"@id\":\"https:\\\/\\\/elkunoviz.org\\\/lt\\\/#\\\/schema\\\/logo\\\/image\\\/\"},\"sameAs\":[\"https:\\\/\\\/www.facebook.com\\\/Elkunoviz\\\/\",\"https:\\\/\\\/www.youtube.com\\\/channel\\\/UCrSjEuxgm3q8hGCVX3CG5vg\"]}]}<\/script>\n<!-- \/ Yoast SEO plugin. -->","yoast_head_json":{"title":"Geistheiler Erfahrungsberichte \u2022 Charlene & Pjotr Elkunoviz","description":"Geistheiler Erfahrungsberichte zu Charlene und Pjotr Elkunoviz finden Sie hier. Wir danken allen Menschen, die uns weiterempfehlen!","robots":{"index":"index","follow":"follow","max-snippet":"max-snippet:-1","max-image-preview":"max-image-preview:large","max-video-preview":"max-video-preview:-1"},"canonical":"https:\/\/elkunoviz.org\/lt\/zmoniu-atsiliepimai\/","og_locale":"lt_LT","og_type":"article","og_title":"Geistheiler Erfahrungsberichte \u2022 Charlene & Pjotr Elkunoviz","og_description":"Geistheiler Erfahrungsberichte zu Charlene und Pjotr Elkunoviz finden Sie hier. Wir danken allen Menschen, die uns weiterempfehlen!","og_url":"https:\/\/elkunoviz.org\/lt\/zmoniu-atsiliepimai\/","og_site_name":"Elkunoviz","article_publisher":"https:\/\/www.facebook.com\/Elkunoviz\/","article_modified_time":"2023-08-16T12:13:46+00:00","twitter_card":"summary_large_image","twitter_misc":{"Est. reading time":"6 minut\u0117s"},"schema":{"@context":"https:\/\/schema.org","@graph":[{"@type":"WebPage","@id":"https:\/\/elkunoviz.org\/lt\/zmoniu-atsiliepimai\/","url":"https:\/\/elkunoviz.org\/lt\/zmoniu-atsiliepimai\/","name":"Geistheiler Erfahrungsberichte \u2022 Charlene & Pjotr Elkunoviz","isPartOf":{"@id":"https:\/\/elkunoviz.org\/lt\/#website"},"datePublished":"2017-05-04T13:56:51+00:00","dateModified":"2023-08-16T12:13:46+00:00","description":"Geistheiler Erfahrungsberichte zu Charlene und Pjotr Elkunoviz finden Sie hier. Wir danken allen Menschen, die uns weiterempfehlen!","breadcrumb":{"@id":"https:\/\/elkunoviz.org\/lt\/zmoniu-atsiliepimai\/#breadcrumb"},"inLanguage":"lt-LT","potentialAction":[{"@type":"ReadAction","target":["https:\/\/elkunoviz.org\/lt\/zmoniu-atsiliepimai\/"]}]},{"@type":"BreadcrumbList","@id":"https:\/\/elkunoviz.org\/lt\/zmoniu-atsiliepimai\/#breadcrumb","itemListElement":[{"@type":"ListItem","position":1,"name":"Home","item":"https:\/\/elkunoviz.org\/lt\/"},{"@type":"ListItem","position":2,"name":"\u017dmoni\u0173 atsiliepimai"}]},{"@type":"WebSite","@id":"https:\/\/elkunoviz.org\/lt\/#website","url":"https:\/\/elkunoviz.org\/lt\/","name":"Elkunoviz","description":"Allumfassende Heilung","publisher":{"@id":"https:\/\/elkunoviz.org\/lt\/#organization"},"potentialAction":[{"@type":"SearchAction","target":{"@type":"EntryPoint","urlTemplate":"https:\/\/elkunoviz.org\/lt\/?s={search_term_string}"},"query-input":{"@type":"PropertyValueSpecification","valueRequired":true,"valueName":"search_term_string"}}],"inLanguage":"lt-LT"},{"@type":"Organization","@id":"https:\/\/elkunoviz.org\/lt\/#organization","name":"Pjotr Elkunoviz \u2013 Allumfassende Heilung durch den Geist","url":"https:\/\/elkunoviz.org\/lt\/","logo":{"@type":"ImageObject","inLanguage":"lt-LT","@id":"https:\/\/elkunoviz.org\/lt\/#\/schema\/logo\/image\/","url":"https:\/\/elkunoviz.org\/wp-content\/uploads\/2023\/07\/logo.png","contentUrl":"https:\/\/elkunoviz.org\/wp-content\/uploads\/2023\/07\/logo.png","width":192,"height":194,"caption":"Pjotr Elkunoviz \u2013 Allumfassende Heilung durch den Geist"},"image":{"@id":"https:\/\/elkunoviz.org\/lt\/#\/schema\/logo\/image\/"},"sameAs":["https:\/\/www.facebook.com\/Elkunoviz\/","https:\/\/www.youtube.com\/channel\/UCrSjEuxgm3q8hGCVX3CG5vg"]}]}},"_links":{"self":[{"href":"https:\/\/elkunoviz.org\/lt\/wp-json\/wp\/v2\/pages\/2269","targetHints":{"allow":["GET"]}}],"collection":[{"href":"https:\/\/elkunoviz.org\/lt\/wp-json\/wp\/v2\/pages"}],"about":[{"href":"https:\/\/elkunoviz.org\/lt\/wp-json\/wp\/v2\/types\/page"}],"author":[{"embeddable":true,"href":"https:\/\/elkunoviz.org\/lt\/wp-json\/wp\/v2\/users\/8"}],"replies":[{"embeddable":true,"href":"https:\/\/elkunoviz.org\/lt\/wp-json\/wp\/v2\/comments?post=2269"}],"version-history":[{"count":8,"href":"https:\/\/elkunoviz.org\/lt\/wp-json\/wp\/v2\/pages\/2269\/revisions"}],"predecessor-version":[{"id":12991,"href":"https:\/\/elkunoviz.org\/lt\/wp-json\/wp\/v2\/pages\/2269\/revisions\/12991"}],"wp:attachment":[{"href":"https:\/\/elkunoviz.org\/lt\/wp-json\/wp\/v2\/media?parent=2269"}],"curies":[{"name":"wp","href":"https:\/\/api.w.org\/{rel}","templated":true}]}}