{"id":2285,"date":"2017-12-14T09:40:55","date_gmt":"2017-12-14T09:40:55","guid":{"rendered":"http:\/\/elkunoviz.org\/?page_id=2285"},"modified":"2025-12-05T16:56:07","modified_gmt":"2025-12-05T15:56:07","slug":"musu-misija","status":"publish","type":"page","link":"https:\/\/elkunoviz.org\/lt\/musu-misija\/","title":{"rendered":"M\u016bs\u0173 misija"},"content":{"rendered":"<p>[et_pb_section fb_built=&#8221;1&#8243; admin_label=&#8221;section&#8221; _builder_version=&#8221;4.16&#8243; global_colors_info=&#8221;{}&#8221;][et_pb_row admin_label=&#8221;row&#8221; _builder_version=&#8221;4.16&#8243; background_size=&#8221;initial&#8221; background_position=&#8221;top_left&#8221; background_repeat=&#8221;repeat&#8221; global_colors_info=&#8221;{}&#8221;][et_pb_column type=&#8221;4_4&#8243; _builder_version=&#8221;4.16&#8243; custom_padding=&#8221;|||&#8221; global_colors_info=&#8221;{}&#8221; custom_padding__hover=&#8221;|||&#8221;][et_pb_text admin_label=&#8221;Title&#8221; _builder_version=&#8221;4.16&#8243; background_size=&#8221;initial&#8221; background_position=&#8221;top_left&#8221; background_repeat=&#8221;repeat&#8221; use_border_color=&#8221;off&#8221; border_color=&#8221;#ffffff&#8221; border_style=&#8221;solid&#8221; global_colors_info=&#8221;{}&#8221;]<\/p>\n<h1>M\u016bs\u0173 misija<\/h1>\n<p>[\/et_pb_text][et_pb_image src=&#8221;https:\/\/elkunoviz.org\/wp-content\/uploads\/2023\/07\/elk_mission1.jpg&#8221; alt=&#8221;geistiges Heilen global&#8221; title_text=&#8221;elk_mission1&#8243; align_tablet=&#8221;center&#8221; align_phone=&#8221;center&#8221; align_last_edited=&#8221;on|desktop&#8221; admin_label=&#8221;Image&#8221; _builder_version=&#8221;4.21.0&#8243; use_border_color=&#8221;off&#8221; border_color=&#8221;#ffffff&#8221; border_style=&#8221;solid&#8221; animation=&#8221;off&#8221; sticky=&#8221;off&#8221; always_center_on_mobile=&#8221;on&#8221; global_colors_info=&#8221;{}&#8221;][\/et_pb_image][\/et_pb_column][\/et_pb_row][\/et_pb_section][et_pb_section fb_built=&#8221;1&#8243; admin_label=&#8221;Section&#8221; _builder_version=&#8221;4.16&#8243; custom_padding=&#8221;0px|||&#8221; transparent_background=&#8221;off&#8221; make_fullwidth=&#8221;off&#8221; use_custom_width=&#8221;off&#8221; width_unit=&#8221;on&#8221; global_colors_info=&#8221;{}&#8221;][et_pb_row admin_label=&#8221;Row&#8221; _builder_version=&#8221;4.21.0&#8243; background_size=&#8221;initial&#8221; background_position=&#8221;top_left&#8221; background_repeat=&#8221;repeat&#8221; width=&#8221;50%&#8221; custom_padding=&#8221;0px|||&#8221; make_fullwidth=&#8221;off&#8221; use_custom_width=&#8221;off&#8221; width_unit=&#8221;on&#8221; global_colors_info=&#8221;{}&#8221;][et_pb_column type=&#8221;4_4&#8243; _builder_version=&#8221;4.16&#8243; custom_padding=&#8221;|||&#8221; global_colors_info=&#8221;{}&#8221; custom_padding__hover=&#8221;|||&#8221;][et_pb_text admin_label=&#8221;Text&#8221; _builder_version=&#8221;4.16&#8243; background_size=&#8221;initial&#8221; background_position=&#8221;top_left&#8221; background_repeat=&#8221;repeat&#8221; use_border_color=&#8221;off&#8221; border_color=&#8221;#ffffff&#8221; border_style=&#8221;solid&#8221; global_colors_info=&#8221;{}&#8221;]<\/p>\n<div class=\"et_pb_module et_pb_text et_pb_text_1  et_pb_text_align_left et_pb_bg_layout_light\">\n<div class=\"et_pb_text_inner\">\n<p><strong>Dvasinis i\u0161tiesinimas\u200b\u00ae<\/strong>\u200b yra ypatingai svarbus. Jis yra ir Dievo perdavimas, gyvybi\u0161kai svarbi \u017einia visoms pasaulio tautoms. Ypa\u010d \u0161iandien\u0105, kai pasaulis kinta ir atrodo nesaugus ir neharmoningas, yra svarbu, i\u0161laikyti \u0161i\u0105 nuostabi\u0105 pakitusios galios, pripildysian\u010dios m\u016bs\u0173 planet\u0105 \u0161viesa ir harmonizuojan\u010dia meil\u0117s energija, vizij\u0105.<\/p>\n<p>Mes gyvename dideli\u0173 iniciacij\u0173 visiems, kurie yra kelyje \u012f Auk\u0161tesn\u0119 dimensij\u0105 , laikmetyje. Priimkite \u0161i\u0105 \u017eini\u0105 su d\u017eiaugsmu ir dr\u0105sa. Ji nurodo keli\u0105 \u012f\u00a0<strong>nauj\u0105 laikmet\u012f\u200b<\/strong>\u00a0ir parodo, kad mes visi turime prisid\u0117ti prie tikrosios \u017emogi\u0161kojo vystymosi istorijos. Kai viskas pakryps teisingu keliu, ateis ir ta diena, kai visi \u017emon\u0117s kartu gal\u0117s d\u017eiaugtis Dvasinio i\u0161tiesinimo stebuklais k\u016brinijoje.<\/p>\n<\/div>\n<\/div>\n<p>[\/et_pb_text][et_pb_text admin_label=&#8221;Text&#8221; _builder_version=&#8221;4.16&#8243; background_size=&#8221;initial&#8221; background_position=&#8221;top_left&#8221; background_repeat=&#8221;repeat&#8221; use_border_color=&#8221;off&#8221; border_color=&#8221;#ffffff&#8221; border_style=&#8221;solid&#8221; global_colors_info=&#8221;{}&#8221;]<\/p>\n<p><strong>Dvasinis i\u0161tiesinimas yra Dievo malon\u0117, priemon\u0117, galinti i\u0161vaduoti \u017emones nuo j\u0173 pa\u010di\u0173 u\u017esikraut\u0173 neigiam\u0173 kar\u0173, lig\u0173, skausm\u0173 bei kan\u010di\u0173 prie\u017eas\u010di\u0173.<\/strong>\u00a0\u200b\u017dmon\u0117s patys negali pa\u0161alinti \u0161i\u0173 trikd\u017ei\u0173. Tik Dievo malon\u0117 gali pagreitinti \u017emogaus evoliucijos proces\u0105. Dvasinis i\u0161tiesinimas suteikia mums galimyb\u0119 pamatyti, pa\u017einti ir pakei\u010dia kiekvieno s\u0105mon\u0119 , o tuo pa\u010diu ir vis\u0105 pasaul\u012f!<\/p>\n<p>M\u016bs\u0173 misija yra pad\u0117ti \u017emon\u0117ms pasiekti nauj\u0105 s\u0105mon\u0117s lygmen\u012f, nepriklausomai nuo j\u0173 skirtingumo, j\u0173 kilm\u0117s. Tod\u0117l mes, Piotras ir \u0160arlena, kalbiname kiekvien\u0105 visiems suprantama\u00a0kalba. U\u017ekalbintieji patys sum\u0105sto, kaip jie \u0161\u012f s\u0105mon\u0117jim\u0105 perteiks \u012f j\u0173 atitinkamos kult\u016bros kalb\u0105. Mes turime sukurti supratimo instrumentus,\u00a0<strong>i\u0161vaduosian\u010dius pasaul\u012f nuo praeities pan\u010di\u0173<\/strong>\u200b. Dar yra daug darbo. Dvasinio i\u0161tiesinimo d\u0117ka \u017emonija gaus nauj\u0105 energij\u0105, palaiminim\u0105 ir maist\u0105 i\u0161 Dievi\u0161kos b\u016bties tobulumo, i\u0161 erdv\u0117s ir belaik\u0117s b\u016bsenos, i\u0161 Absoliuto.<\/p>\n<p>[\/et_pb_text][et_pb_text admin_label=&#8221;Das Bewusste Sein des Menschen&#8221; _builder_version=&#8221;4.21.0&#8243; background_size=&#8221;initial&#8221; background_position=&#8221;top_left&#8221; background_repeat=&#8221;repeat&#8221; use_border_color=&#8221;off&#8221; border_color=&#8221;#ffffff&#8221; border_style=&#8221;solid&#8221; global_colors_info=&#8221;{}&#8221;]<\/p>\n<h2>S\u0105moninga \u017emogaus b\u016btis<\/h2>\n<p>M\u016bs\u0173 misija yra lyd\u0117ti \u017emog\u0173 jo sveikimo kelyje \u012f s\u0105moning\u0105 B\u016aT\u012e. Kiekvienas tur\u0117t\u0173 pa\u017einti savo k\u016brybin\u0119 gali\u0105 ir j\u0105 panaudoti geriausiam vis\u0173 labui. Tai atsitiks tada, kai mintys, jausmai ir veiksmai bus darn\u016bs ir bus laikomasi dvasini\u0173 d\u0117sni\u0173.<\/p>\n<p>Ir J\u016bs galite \u017eenkliai prie to prisid\u0117ti!<\/p>\n<p>[\/et_pb_text][et_pb_image src=&#8221;https:\/\/elkunoviz.org\/wp-content\/uploads\/2023\/07\/elk_mission3.jpg&#8221; alt=&#8221;Geistiges Heilen Landschaft&#8221; title_text=&#8221;elk_mission3&#8243; align_tablet=&#8221;center&#8221; align_phone=&#8221;center&#8221; align_last_edited=&#8221;on|desktop&#8221; admin_label=&#8221;Image&#8221; _builder_version=&#8221;4.21.0&#8243; use_border_color=&#8221;off&#8221; border_color=&#8221;#ffffff&#8221; border_style=&#8221;solid&#8221; animation=&#8221;off&#8221; sticky=&#8221;off&#8221; always_center_on_mobile=&#8221;on&#8221; global_colors_info=&#8221;{}&#8221;][\/et_pb_image][et_pb_text admin_label=&#8221;Text&#8221; _builder_version=&#8221;4.21.0&#8243; background_size=&#8221;initial&#8221; background_position=&#8221;top_left&#8221; background_repeat=&#8221;repeat&#8221; use_border_color=&#8221;off&#8221; border_color=&#8221;#ffffff&#8221; border_style=&#8221;solid&#8221; global_colors_info=&#8221;{}&#8221;]<\/p>\n<p>Tai rei\u0161kia,<\/p>\n<ul>\n<li><strong>J\u016bs turite sukurti darn\u0105 savo \u0161eimoje.<\/strong>\u00a0\u200b Tai ne visada yra paprasta, ta\u010diau \u012fmanoma \u2013 kur yra noras, yra ir b\u016bdas . \u0160eimos harmonija yra esminis \u017eingsnis \u012f harmonij\u0105 \u017dem\u0117je.<\/li>\n<li><strong>J\u016bs turite sveikai maitintis\u200b<\/strong>, nes \u017emogus yra tai, k\u0105 jis valgo. Ne viskas yra sveika! \u017dmogaus organizmas yra pritaikytas maitintis \u017dem\u0117s vaisiais ir augalais. Daugelis \u017emoni\u0173 tai jau suvok\u0117 ir manome, kad \u0161is procesas ir toliau nesustodamas eis toliau. Jau Leonardas da Vin\u010dis, vegetari\u0161kos mitybos \u0161alininkas, sak\u0117 : \u201dKol \u017dem\u0117je bus skerdyklos, tol bus ir skerdyni\u0173 laukai.\u201d<\/li>\n<li><strong>J\u016bs turite nieko ne\u0161vaistyti !<\/strong>\u200b Negalima i\u0161mesti maisto, reikia apdairiai naudoti vanden\u012f, net jei visko pakankamai turite, nereikt\u0173 be reikalo naudoti elektros ap\u0161vietimo namie, darbo vietoje ir t.t. Daug\u0117ja ir pramoninink\u0173 bei paslaugas teikian\u010di\u0173 \u012fmoni\u0173, daug daran\u010di\u0173 \u0161iomis temomis. Ir J\u016bs galite prie to prisid\u0117ti.<\/li>\n<li><strong>J\u016bs turite apdairiai elgtis su gamta<\/strong>, \u200b kadangi kiekviena ekosistema yra daugelio gyv\u016bn\u0173 ir augal\u0173 gyvenama aplinka. Kai \u017emogus triuk\u0161mu, u\u017eter\u0161tumu ar griovimu pa\u017eeid\u017eia nat\u016bralius gamtos procesus, tai anks\u010diau ar v\u0117liau atsiliepia \u017emogui. Apie tai reik\u0117t\u0173 m\u0105styti, prie\u0161 pradedant k\u0105 nors neapgalvotai daryti.<\/li>\n<li><strong>J\u016bs turite suvokti, kad mes visi bendrai esame k\u016br\u0117jai\u200b.<\/strong>\u00a0Kiekvieno \u017emogayus k\u016brybi\u0161kumas yra reikalingas, kad b\u016bt\u0173 galima paleisti, kas sena, bei sukurti NAUJ\u0104, ilgalaikiai saugant\u012f m\u016bs\u0173 Motin\u0105 \u017dem\u0119.<\/li>\n<\/ul>\n<h4>Tai yra m\u016bs\u0173 \u017einia ir m\u016bs\u0173 misijos bei gyvenimo b\u016bdo dalis.<\/h4>\n<p>Tiek pavieniai \u017emon\u0117s, tiek \u0161eimos, su savo \u012fvairiausiomis sveikatos ir gyvenimo temomis, firmos i\u0161 \u012fvairi\u0173 \u016bkio sri\u010di\u0173, politikai, sportininkai ir t.t. pasitiki m\u016bs\u0173 gydymo metodu, ir mes d\u017eiaugsim\u0117s, jei ir J\u016bs vien\u0105 dien\u0105 atvyksite pas mus.<\/p>\n<p>Su \u0161viesiausiais link\u0117jimais\u00a0<strong>Piotras ir \u0160arlena Elkunovi\u010diai<\/strong><\/p>\n<p>[\/et_pb_text][\/et_pb_column][\/et_pb_row][\/et_pb_section][et_pb_section fb_built=&#8221;1&#8243; _builder_version=&#8221;4.21.0&#8243; _module_preset=&#8221;73e3f740-8efa-4583-b8bd-c2faeea8dfca&#8221; transparent_background=&#8221;off&#8221; make_fullwidth=&#8221;off&#8221; use_custom_width=&#8221;off&#8221; width_unit=&#8221;on&#8221; global_module=&#8221;11582&#8243; saved_tabs=&#8221;all&#8221; global_colors_info=&#8221;{}&#8221;][et_pb_row column_structure=&#8221;2_3,1_3&#8243; _builder_version=&#8221;4.21.0&#8243; background_size=&#8221;initial&#8221; background_position=&#8221;top_left&#8221; background_repeat=&#8221;repeat&#8221; min_height=&#8221;64.2px&#8221; custom_padding=&#8221;0px|||||&#8221; global_colors_info=&#8221;{}&#8221;][et_pb_column type=&#8221;2_3&#8243; _builder_version=&#8221;4.21.0&#8243; custom_padding=&#8221;|||&#8221; global_colors_info=&#8221;{}&#8221; custom_padding__hover=&#8221;|||&#8221;][et_pb_text _builder_version=&#8221;4.21.0&#8243; _module_preset=&#8221;default&#8221; text_text_color=&#8221;#FFFFFF&#8221; header_4_text_color=&#8221;#f4e2f5&#8243; background_layout=&#8221;dark&#8221; global_colors_info=&#8221;{}&#8221;]<\/p>\n<h2 class=\"h2--newsletter\">\u041d\u0430\u0448 \u0438\u043d\u0444\u043e\u0440\u043c\u0430\u0446\u0438\u043e\u043d\u043d\u044b\u0439 \u0431\u044e\u043b\u043b\u0435\u0442\u0435\u043d\u044c \u043e \u0440\u0430\u0437\u0443\u043c\u043d\u043e\u0439 \u043f\u043e\u0432\u0441\u0435\u0434\u043d\u0435\u0432\u043d\u043e\u0439 \u0436\u0438\u0437\u043d\u0438<\/h2>\n<p>\u0420\u0430\u0441\u0441\u044b\u043b\u043a\u0430 \u0438\u0441\u0446\u0435\u043b\u044f\u044e\u0449\u0438\u0445 \u0438\u043c\u043f\u0443\u043b\u044c\u0441\u043e\u0432 \u0434\u043b\u044f \u043f\u043e\u0432\u0441\u0435\u0434\u043d\u0435\u0432\u043d\u043e\u0439 \u0436\u0438\u0437\u043d\u0438, \u0432\u0434\u043e\u0445\u043d\u043e\u0432\u0435\u043d\u0438\u044f \u043d\u0430 \u0434\u0443\u0445\u043e\u0432\u043d\u044b\u0435 \u0442\u0435\u043c\u044b \u0438 \u043d\u0430\u043f\u043e\u043c\u0438\u043d\u0430\u043d\u0438\u044f \u043e \u0434\u0430\u0442\u0430\u0445 \u043f\u0440\u043e\u0432\u0435\u0434\u0435\u043d\u0438\u044f \u0434\u043d\u0435\u0439 \u0438 \u043c\u0435\u0440\u043e\u043f\u0440\u0438\u044f\u0442\u0438\u0439 \u043f\u043e \u0438\u0441\u0446\u0435\u043b\u0435\u043d\u0438\u044e \u0431\u0443\u0434\u0435\u0442 \u0438\u043d\u0444\u043e\u0440\u043c\u0438\u0440\u043e\u0432\u0430\u0442\u044c \u0432\u0430\u0441 \u043e \u043d\u0430\u0448\u0438\u0445 \u043d\u043e\u0432\u043e\u0441\u0442\u044f\u0445 \u0447\u0435\u0440\u0435\u0437 \u043d\u0435\u0440\u0435\u0433\u0443\u043b\u044f\u0440\u043d\u044b\u0435 \u043f\u0440\u043e\u043c\u0435\u0436\u0443\u0442\u043a\u0438 \u0432\u0440\u0435\u043c\u0435\u043d\u0438. \u041f\u043e\u0436\u0430\u043b\u0443\u0439\u0441\u0442\u0430, \u043f\u043e\u0434\u043f\u0438\u0448\u0438\u0441\u044c \u043d\u0430 \u043d\u0430\u0448\u0443 \u0440\u0430\u0441\u0441\u044b\u043b\u043a\u0443, \u043e\u0442\u043f\u0438\u0441\u0430\u0442\u044c\u0441\u044f \u043c\u043e\u0436\u043d\u043e \u0432 \u043b\u044e\u0431\u043e\u0439 \u043c\u043e\u043c\u0435\u043d\u0442, \u043d\u0430\u043f\u0440\u0438\u043c\u0435\u0440, \u043f\u043e \u0441\u0441\u044b\u043b\u043a\u0435 \u0432 \u0440\u0430\u0441\u0441\u044b\u043b\u043a\u0435.<\/p>\n<p>[\/et_pb_text][\/et_pb_column][et_pb_column type=&#8221;1_3&#8243; _builder_version=&#8221;4.16&#8243; custom_padding=&#8221;|||&#8221; global_colors_info=&#8221;{}&#8221; custom_padding__hover=&#8221;|||&#8221;][et_pb_code module_class=&#8221;newsletter-form&#8221; _builder_version=&#8221;4.21.0&#8243; global_colors_info=&#8221;{}&#8221;]<script>(function() {\n\twindow.mc4wp = window.mc4wp || {\n\t\tlisteners: [],\n\t\tforms: {\n\t\t\ton: function(evt, cb) {\n\t\t\t\twindow.mc4wp.listeners.push(\n\t\t\t\t\t{\n\t\t\t\t\t\tevent   : evt,\n\t\t\t\t\t\tcallback: cb\n\t\t\t\t\t}\n\t\t\t\t);\n\t\t\t}\n\t\t}\n\t}\n})();\n<\/script><!-- Mailchimp for WordPress v4.12.1 - https:\/\/wordpress.org\/plugins\/mailchimp-for-wp\/ --><form id=\"mc4wp-form-1\" class=\"mc4wp-form mc4wp-form-13212 mc4wp-ajax\" method=\"post\" data-id=\"13212\" data-name=\"Mailchimp Newsletter LT\" ><div class=\"mc4wp-form-fields\"><div><input type=\"text\" name=\"FNAME\" placeholder=\"Vardas\"><\/div>\r\n<div><input type=\"email\" name=\"email\" placeholder=\"El. pa\u0161to adresas\" required=\"\"><\/div>\r\n<div class=\"mc4wp-dropdown-wrapper\">\r\n  <label for=\"language-select\">Kalba:<\/label>\r\n  <select name=\"INTERESTS[00ce8103c5]\" id=\"language-select\" required=\"\"> \r\n  \t\t<option value=\"d0c9f01167\" selected=\"true\">Lietuvos<\/option>\r\n    \t<option value=\"bb411d99f7\">Deutsch<\/option>\r\n        <option value=\"0b2ad157c6\">English<\/option>\r\n        <option value=\"5f9c1fe271\">\u0420\u0443\u0441\u0441\u043a\u0438\u0439<\/option>\r\n        <option value=\"7fdafb1d82\">Italiano<\/option>\r\n        <option value=\"87669c16a0\">Espa\u00f1ol<\/option>\r\n        <option value=\"aa3889186a\">Latvie\u0161u<\/option>\r\n  <\/select>\r\n<\/div>\r\n<fieldset>\r\n  <legend class=\"mc4wp-legend\">Pom\u0117giai:<\/legend>\r\n  <label>\r\n    <input type=\"checkbox\" name=\"INTERESTS[c247eb75b8][]\" value=\"cb344cfb20\">\r\n    <span> Impulsai dienai<\/span>\r\n  <\/label>\r\n  <label>\r\n    <input type=\"checkbox\" name=\"INTERESTS[c247eb75b8][]\" value=\"1ee1f1c268\">\r\n    <span> Naujienos<\/span>\r\n  <\/label>\r\n  <label>\r\n    <input type=\"checkbox\" name=\"INTERESTS[c247eb75b8][]\" value=\"68c933c223\">\r\n    <span> Seminarai<\/span>\r\n  <\/label>\r\n  <label>\r\n    <input type=\"checkbox\" name=\"INTERESTS[c247eb75b8][]\" value=\"d71259545e\">\r\n    <span> Gydymo pasi\u016blymai<\/span><\/label>\r\n  <label>\r\n    <input type=\"checkbox\" name=\"INTERESTS[c247eb75b8][]\" value=\"5110647ad5\">\r\n    <span> Gyv\u016bn\u0173 gydymas<\/span>\r\n  <\/label>\r\n<\/fieldset>\r\n<input class=\"newsletter__submit\" type=\"submit\" value=\"U\u017esiprenumeruoti\"><\/div><label style=\"display: none !important;\">Leave this field empty if you're human: <input type=\"text\" name=\"_mc4wp_honeypot\" value=\"\" tabindex=\"-1\" autocomplete=\"off\" \/><\/label><input type=\"hidden\" name=\"_mc4wp_timestamp\" value=\"1778500611\" \/><input type=\"hidden\" name=\"_mc4wp_form_id\" value=\"13212\" \/><input type=\"hidden\" name=\"_mc4wp_form_element_id\" value=\"mc4wp-form-1\" \/><div class=\"mc4wp-response\"><\/div><\/form><!-- \/ Mailchimp for WordPress Plugin -->[\/et_pb_code][\/et_pb_column][\/et_pb_row][\/et_pb_section]<\/p>\n","protected":false},"excerpt":{"rendered":"<p>M\u016bs\u0173 misija Dvasinis i\u0161tiesinimas\u200b\u00ae\u200b yra ypatingai svarbus. Jis yra ir Dievo perdavimas, gyvybi\u0161kai svarbi \u017einia visoms pasaulio tautoms. Ypa\u010d \u0161iandien\u0105, kai pasaulis kinta ir atrodo nesaugus ir neharmoningas, yra svarbu, i\u0161laikyti \u0161i\u0105 nuostabi\u0105 pakitusios galios, pripildysian\u010dios m\u016bs\u0173 planet\u0105 \u0161viesa ir harmonizuojan\u010dia meil\u0117s energija, vizij\u0105. Mes gyvename dideli\u0173 iniciacij\u0173 visiems, kurie yra kelyje \u012f Auk\u0161tesn\u0119 dimensij\u0105 [&hellip;]<\/p>\n","protected":false},"author":8,"featured_media":0,"parent":0,"menu_order":0,"comment_status":"closed","ping_status":"closed","template":"","meta":{"_et_pb_use_builder":"on","_et_pb_old_content":"","_et_gb_content_width":"","inline_featured_image":false,"footnotes":""},"class_list":["post-2285","page","type-page","status-publish","hentry"],"yoast_head":"<!-- This site is optimized with the Yoast SEO plugin v27.4 - https:\/\/yoast.com\/product\/yoast-seo-wordpress\/ -->\n<title>Geistiges Heilen \u2022 Die Mission von Charlene und Pjotr Elkunoviz<\/title>\n<meta name=\"description\" content=\"Geistiges Heilen durch die Geistige Aufrichtung\u00ae ist die Mission von Charlene und Pjotr Elkunoviz. Erfahren Sie hier mehr \u00fcber ihre Beweggr\u00fcnde!\" \/>\n<meta name=\"robots\" content=\"index, follow, max-snippet:-1, max-image-preview:large, max-video-preview:-1\" \/>\n<link rel=\"canonical\" href=\"https:\/\/elkunoviz.org\/lt\/musu-misija\/\" \/>\n<meta property=\"og:locale\" content=\"lt_LT\" \/>\n<meta property=\"og:type\" content=\"article\" \/>\n<meta property=\"og:title\" content=\"Geistiges Heilen \u2022 Die Mission von Charlene und Pjotr Elkunoviz\" \/>\n<meta property=\"og:description\" content=\"Geistiges Heilen durch die Geistige Aufrichtung\u00ae ist die Mission von Charlene und Pjotr Elkunoviz. Erfahren Sie hier mehr \u00fcber ihre Beweggr\u00fcnde!\" \/>\n<meta property=\"og:url\" content=\"https:\/\/elkunoviz.org\/lt\/musu-misija\/\" \/>\n<meta property=\"og:site_name\" content=\"Elkunoviz\" \/>\n<meta property=\"article:publisher\" content=\"https:\/\/www.facebook.com\/Elkunoviz\/\" \/>\n<meta property=\"article:modified_time\" content=\"2025-12-05T15:56:07+00:00\" \/>\n<meta property=\"og:image\" content=\"https:\/\/elkunoviz.org\/wp-content\/uploads\/2017\/05\/elkunoviz-mission-1.jpg\" \/>\n<meta name=\"twitter:card\" content=\"summary_large_image\" \/>\n<meta name=\"twitter:label1\" content=\"Est. reading time\" \/>\n\t<meta name=\"twitter:data1\" content=\"6 minut\u0117s\" \/>\n<script type=\"application\/ld+json\" class=\"yoast-schema-graph\">{\"@context\":\"https:\\\/\\\/schema.org\",\"@graph\":[{\"@type\":\"WebPage\",\"@id\":\"https:\\\/\\\/elkunoviz.org\\\/lt\\\/musu-misija\\\/\",\"url\":\"https:\\\/\\\/elkunoviz.org\\\/lt\\\/musu-misija\\\/\",\"name\":\"Geistiges Heilen \u2022 Die Mission von Charlene und Pjotr Elkunoviz\",\"isPartOf\":{\"@id\":\"https:\\\/\\\/elkunoviz.org\\\/lt\\\/#website\"},\"datePublished\":\"2017-12-14T09:40:55+00:00\",\"dateModified\":\"2025-12-05T15:56:07+00:00\",\"description\":\"Geistiges Heilen durch die Geistige Aufrichtung\u00ae ist die Mission von Charlene und Pjotr Elkunoviz. Erfahren Sie hier mehr \u00fcber ihre Beweggr\u00fcnde!\",\"breadcrumb\":{\"@id\":\"https:\\\/\\\/elkunoviz.org\\\/lt\\\/musu-misija\\\/#breadcrumb\"},\"inLanguage\":\"lt-LT\",\"potentialAction\":[{\"@type\":\"ReadAction\",\"target\":[\"https:\\\/\\\/elkunoviz.org\\\/lt\\\/musu-misija\\\/\"]}]},{\"@type\":\"BreadcrumbList\",\"@id\":\"https:\\\/\\\/elkunoviz.org\\\/lt\\\/musu-misija\\\/#breadcrumb\",\"itemListElement\":[{\"@type\":\"ListItem\",\"position\":1,\"name\":\"Home\",\"item\":\"https:\\\/\\\/elkunoviz.org\\\/lt\\\/\"},{\"@type\":\"ListItem\",\"position\":2,\"name\":\"M\u016bs\u0173 misija\"}]},{\"@type\":\"WebSite\",\"@id\":\"https:\\\/\\\/elkunoviz.org\\\/lt\\\/#website\",\"url\":\"https:\\\/\\\/elkunoviz.org\\\/lt\\\/\",\"name\":\"Elkunoviz\",\"description\":\"Allumfassende Heilung\",\"publisher\":{\"@id\":\"https:\\\/\\\/elkunoviz.org\\\/lt\\\/#organization\"},\"potentialAction\":[{\"@type\":\"SearchAction\",\"target\":{\"@type\":\"EntryPoint\",\"urlTemplate\":\"https:\\\/\\\/elkunoviz.org\\\/lt\\\/?s={search_term_string}\"},\"query-input\":{\"@type\":\"PropertyValueSpecification\",\"valueRequired\":true,\"valueName\":\"search_term_string\"}}],\"inLanguage\":\"lt-LT\"},{\"@type\":\"Organization\",\"@id\":\"https:\\\/\\\/elkunoviz.org\\\/lt\\\/#organization\",\"name\":\"Pjotr Elkunoviz \u2013 Allumfassende Heilung durch den Geist\",\"url\":\"https:\\\/\\\/elkunoviz.org\\\/lt\\\/\",\"logo\":{\"@type\":\"ImageObject\",\"inLanguage\":\"lt-LT\",\"@id\":\"https:\\\/\\\/elkunoviz.org\\\/lt\\\/#\\\/schema\\\/logo\\\/image\\\/\",\"url\":\"https:\\\/\\\/elkunoviz.org\\\/wp-content\\\/uploads\\\/2023\\\/07\\\/logo.png\",\"contentUrl\":\"https:\\\/\\\/elkunoviz.org\\\/wp-content\\\/uploads\\\/2023\\\/07\\\/logo.png\",\"width\":192,\"height\":194,\"caption\":\"Pjotr Elkunoviz \u2013 Allumfassende Heilung durch den Geist\"},\"image\":{\"@id\":\"https:\\\/\\\/elkunoviz.org\\\/lt\\\/#\\\/schema\\\/logo\\\/image\\\/\"},\"sameAs\":[\"https:\\\/\\\/www.facebook.com\\\/Elkunoviz\\\/\",\"https:\\\/\\\/www.youtube.com\\\/channel\\\/UCrSjEuxgm3q8hGCVX3CG5vg\"]}]}<\/script>\n<!-- \/ Yoast SEO plugin. -->","yoast_head_json":{"title":"Geistiges Heilen \u2022 Die Mission von Charlene und Pjotr Elkunoviz","description":"Geistiges Heilen durch die Geistige Aufrichtung\u00ae ist die Mission von Charlene und Pjotr Elkunoviz. Erfahren Sie hier mehr \u00fcber ihre Beweggr\u00fcnde!","robots":{"index":"index","follow":"follow","max-snippet":"max-snippet:-1","max-image-preview":"max-image-preview:large","max-video-preview":"max-video-preview:-1"},"canonical":"https:\/\/elkunoviz.org\/lt\/musu-misija\/","og_locale":"lt_LT","og_type":"article","og_title":"Geistiges Heilen \u2022 Die Mission von Charlene und Pjotr Elkunoviz","og_description":"Geistiges Heilen durch die Geistige Aufrichtung\u00ae ist die Mission von Charlene und Pjotr Elkunoviz. Erfahren Sie hier mehr \u00fcber ihre Beweggr\u00fcnde!","og_url":"https:\/\/elkunoviz.org\/lt\/musu-misija\/","og_site_name":"Elkunoviz","article_publisher":"https:\/\/www.facebook.com\/Elkunoviz\/","article_modified_time":"2025-12-05T15:56:07+00:00","og_image":[{"url":"https:\/\/elkunoviz.org\/wp-content\/uploads\/2017\/05\/elkunoviz-mission-1.jpg","type":"","width":"","height":""}],"twitter_card":"summary_large_image","twitter_misc":{"Est. reading time":"6 minut\u0117s"},"schema":{"@context":"https:\/\/schema.org","@graph":[{"@type":"WebPage","@id":"https:\/\/elkunoviz.org\/lt\/musu-misija\/","url":"https:\/\/elkunoviz.org\/lt\/musu-misija\/","name":"Geistiges Heilen \u2022 Die Mission von Charlene und Pjotr Elkunoviz","isPartOf":{"@id":"https:\/\/elkunoviz.org\/lt\/#website"},"datePublished":"2017-12-14T09:40:55+00:00","dateModified":"2025-12-05T15:56:07+00:00","description":"Geistiges Heilen durch die Geistige Aufrichtung\u00ae ist die Mission von Charlene und Pjotr Elkunoviz. Erfahren Sie hier mehr \u00fcber ihre Beweggr\u00fcnde!","breadcrumb":{"@id":"https:\/\/elkunoviz.org\/lt\/musu-misija\/#breadcrumb"},"inLanguage":"lt-LT","potentialAction":[{"@type":"ReadAction","target":["https:\/\/elkunoviz.org\/lt\/musu-misija\/"]}]},{"@type":"BreadcrumbList","@id":"https:\/\/elkunoviz.org\/lt\/musu-misija\/#breadcrumb","itemListElement":[{"@type":"ListItem","position":1,"name":"Home","item":"https:\/\/elkunoviz.org\/lt\/"},{"@type":"ListItem","position":2,"name":"M\u016bs\u0173 misija"}]},{"@type":"WebSite","@id":"https:\/\/elkunoviz.org\/lt\/#website","url":"https:\/\/elkunoviz.org\/lt\/","name":"Elkunoviz","description":"Allumfassende Heilung","publisher":{"@id":"https:\/\/elkunoviz.org\/lt\/#organization"},"potentialAction":[{"@type":"SearchAction","target":{"@type":"EntryPoint","urlTemplate":"https:\/\/elkunoviz.org\/lt\/?s={search_term_string}"},"query-input":{"@type":"PropertyValueSpecification","valueRequired":true,"valueName":"search_term_string"}}],"inLanguage":"lt-LT"},{"@type":"Organization","@id":"https:\/\/elkunoviz.org\/lt\/#organization","name":"Pjotr Elkunoviz \u2013 Allumfassende Heilung durch den Geist","url":"https:\/\/elkunoviz.org\/lt\/","logo":{"@type":"ImageObject","inLanguage":"lt-LT","@id":"https:\/\/elkunoviz.org\/lt\/#\/schema\/logo\/image\/","url":"https:\/\/elkunoviz.org\/wp-content\/uploads\/2023\/07\/logo.png","contentUrl":"https:\/\/elkunoviz.org\/wp-content\/uploads\/2023\/07\/logo.png","width":192,"height":194,"caption":"Pjotr Elkunoviz \u2013 Allumfassende Heilung durch den Geist"},"image":{"@id":"https:\/\/elkunoviz.org\/lt\/#\/schema\/logo\/image\/"},"sameAs":["https:\/\/www.facebook.com\/Elkunoviz\/","https:\/\/www.youtube.com\/channel\/UCrSjEuxgm3q8hGCVX3CG5vg"]}]}},"_links":{"self":[{"href":"https:\/\/elkunoviz.org\/lt\/wp-json\/wp\/v2\/pages\/2285","targetHints":{"allow":["GET"]}}],"collection":[{"href":"https:\/\/elkunoviz.org\/lt\/wp-json\/wp\/v2\/pages"}],"about":[{"href":"https:\/\/elkunoviz.org\/lt\/wp-json\/wp\/v2\/types\/page"}],"author":[{"embeddable":true,"href":"https:\/\/elkunoviz.org\/lt\/wp-json\/wp\/v2\/users\/8"}],"replies":[{"embeddable":true,"href":"https:\/\/elkunoviz.org\/lt\/wp-json\/wp\/v2\/comments?post=2285"}],"version-history":[{"count":4,"href":"https:\/\/elkunoviz.org\/lt\/wp-json\/wp\/v2\/pages\/2285\/revisions"}],"predecessor-version":[{"id":13633,"href":"https:\/\/elkunoviz.org\/lt\/wp-json\/wp\/v2\/pages\/2285\/revisions\/13633"}],"wp:attachment":[{"href":"https:\/\/elkunoviz.org\/lt\/wp-json\/wp\/v2\/media?parent=2285"}],"curies":[{"name":"wp","href":"https:\/\/api.w.org\/{rel}","templated":true}]}}