{"id":2287,"date":"2017-12-14T09:45:37","date_gmt":"2017-12-14T08:45:37","guid":{"rendered":"http:\/\/elkunoviz.org\/?page_id=2287"},"modified":"2023-08-15T22:15:37","modified_gmt":"2023-08-15T20:15:37","slug":"gyduoliu-sviesos-ratas","status":"publish","type":"page","link":"https:\/\/elkunoviz.org\/lt\/gyduoliu-sviesos-ratas\/","title":{"rendered":"Gyduoli\u0173 \u0161viesos ratas"},"content":{"rendered":"<p>[et_pb_section fb_built=&#8221;1&#8243; admin_label=&#8221;section&#8221; _builder_version=&#8221;4.16&#8243; global_colors_info=&#8221;{}&#8221;][et_pb_row admin_label=&#8221;row&#8221; _builder_version=&#8221;4.16&#8243; background_size=&#8221;initial&#8221; background_position=&#8221;top_left&#8221; background_repeat=&#8221;repeat&#8221; global_colors_info=&#8221;{}&#8221;][et_pb_column type=&#8221;4_4&#8243; _builder_version=&#8221;4.16&#8243; custom_padding=&#8221;|||&#8221; global_colors_info=&#8221;{}&#8221; custom_padding__hover=&#8221;|||&#8221;][et_pb_text admin_label=&#8221;Title&#8221; _builder_version=&#8221;4.16&#8243; background_size=&#8221;initial&#8221; background_position=&#8221;top_left&#8221; background_repeat=&#8221;repeat&#8221; use_border_color=&#8221;off&#8221; border_color=&#8221;#ffffff&#8221; border_style=&#8221;solid&#8221; global_colors_info=&#8221;{}&#8221;]<\/p>\n<h1>Gyduoli\u0173 \u0161viesos ratas<\/h1>\n<p>[\/et_pb_text][et_pb_image src=&#8221;https:\/\/elkunoviz.org\/wp-content\/uploads\/2023\/06\/elkunoviz-heiler-lichtnetzwerk.jpeg&#8221; alt=&#8221;Heilerausbildung Berlin Lichtnetzwerk&#8221; title_text=&#8221;elkunoviz-heiler-lichtnetzwerk&#8221; align_tablet=&#8221;center&#8221; align_phone=&#8221;center&#8221; align_last_edited=&#8221;on|desktop&#8221; _builder_version=&#8221;4.21.0&#8243; use_border_color=&#8221;off&#8221; border_color=&#8221;#ffffff&#8221; border_style=&#8221;solid&#8221; animation=&#8221;off&#8221; sticky=&#8221;off&#8221; always_center_on_mobile=&#8221;on&#8221; global_colors_info=&#8221;{}&#8221;][\/et_pb_image][\/et_pb_column][\/et_pb_row][\/et_pb_section][et_pb_section fb_built=&#8221;1&#8243; _builder_version=&#8221;4.16&#8243; custom_padding=&#8221;0px|||&#8221; transparent_background=&#8221;off&#8221; make_fullwidth=&#8221;off&#8221; use_custom_width=&#8221;off&#8221; width_unit=&#8221;on&#8221; global_colors_info=&#8221;{}&#8221;][et_pb_row _builder_version=&#8221;4.21.0&#8243; background_size=&#8221;initial&#8221; background_position=&#8221;top_left&#8221; background_repeat=&#8221;repeat&#8221; width=&#8221;50%&#8221; custom_padding=&#8221;0px|||&#8221; make_fullwidth=&#8221;off&#8221; use_custom_width=&#8221;off&#8221; width_unit=&#8221;on&#8221; global_colors_info=&#8221;{}&#8221;][et_pb_column type=&#8221;4_4&#8243; _builder_version=&#8221;4.16&#8243; custom_padding=&#8221;|||&#8221; global_colors_info=&#8221;{}&#8221; custom_padding__hover=&#8221;|||&#8221;][et_pb_text admin_label=&#8221;Die Geistige Aufrichtung\u00ae Heiler-Lichtnetzwerk&#8221; _builder_version=&#8221;4.21.0&#8243; background_size=&#8221;initial&#8221; background_position=&#8221;top_left&#8221; background_repeat=&#8221;repeat&#8221; border_color_all=&#8221;#ffffff&#8221; border_style_all=&#8221;solid&#8221; use_border_color=&#8221;off&#8221; border_color=&#8221;#ffffff&#8221; border_style=&#8221;solid&#8221; global_colors_info=&#8221;{}&#8221;]<\/p>\n<h2>Dvasinio i\u0161tiesinimo\u00ae gyduoli\u0173 ratas<\/h2>\n<p><strong>Piotras Elkunovi\u010dius<\/strong>\u00a0\u200b yra Dvasinio i\u0161tiesinimo iniciatorius.<br \/>\u0160arlena ir Piotras Elkunovi\u010diai yra Dvasinio i\u0161tiesinimo pasiuntiniai.<\/p>\n<p><strong>Karolina ir Aleksandras Toskarai<\/strong>\u00a0\u200b yra gyduoli\u0173 \u0161viesos rato \u012fk\u016br\u0117jai , jie \u012fregistravo Dvasin\u012f i\u0161tiesinim\u0105\u00ae\u200b kaip saugom\u0105 licencijuot\u0105 prekin\u012f \u017eenkl\u0105 Ginger Up agent\u016broje.<\/p>\n<p>\u010cia J\u016bs rasite visus gyduolius, praktikuojan\u010dius Dvasin\u012f i\u0161tiesinim\u0105:<\/p>\n<p><strong><a href=\"https:\/\/www.healers-united.net\/\" rel=\"noopener noreferrer\">www.healers-united.net<\/a><\/strong><\/p>\n<p>Jie visi yra pra\u0117j\u0119 Piotro ir \u0160arlenos Elkunovi\u010di\u0173 arba Piotro s\u016bnaus Aleksandro ir jo \u017emonos Karolinos Toskar mokymus ir turi iniciacij\u0105 dvasinei i\u0161tiesinimo energijai.<\/p>\n<p>[\/et_pb_text][\/et_pb_column][\/et_pb_row][\/et_pb_section][et_pb_section fb_built=&#8221;1&#8243; _builder_version=&#8221;4.21.0&#8243; _module_preset=&#8221;73e3f740-8efa-4583-b8bd-c2faeea8dfca&#8221; transparent_background=&#8221;off&#8221; make_fullwidth=&#8221;off&#8221; use_custom_width=&#8221;off&#8221; width_unit=&#8221;on&#8221; saved_tabs=&#8221;all&#8221; global_colors_info=&#8221;{}&#8221; global_module=&#8221;11582&#8243; theme_builder_area=&#8221;post_content&#8221;][et_pb_row column_structure=&#8221;2_3,1_3&#8243; _builder_version=&#8221;4.21.0&#8243; background_size=&#8221;initial&#8221; background_position=&#8221;top_left&#8221; background_repeat=&#8221;repeat&#8221; min_height=&#8221;64.2px&#8221; custom_padding=&#8221;0px|||||&#8221; global_colors_info=&#8221;{}&#8221; theme_builder_area=&#8221;post_content&#8221;][et_pb_column type=&#8221;2_3&#8243; _builder_version=&#8221;4.21.0&#8243; custom_padding=&#8221;|||&#8221; global_colors_info=&#8221;{}&#8221; custom_padding__hover=&#8221;|||&#8221; theme_builder_area=&#8221;post_content&#8221;][et_pb_text _builder_version=&#8221;4.21.0&#8243; _module_preset=&#8221;default&#8221; text_text_color=&#8221;#FFFFFF&#8221; header_4_text_color=&#8221;#f4e2f5&#8243; background_layout=&#8221;dark&#8221; global_colors_info=&#8221;{}&#8221; theme_builder_area=&#8221;post_content&#8221;]<\/p>\n<h2 class=\"h2--newsletter\">Unser Newsletter f\u00fcr den achtsamen Alltag<\/h2>\n<p>Der Newsletter f\u00fcr heilsame Impulse f\u00fcr den Alltag, Inspirationen zu spirituellen Themen und Erinnerungen f\u00fcr Termine f\u00fcr Heiltage &amp; Veranstaltungen wird Dich in unregelm\u00e4\u00dfigen Abst\u00e4nden \u00fcber Neuigkeiten zu unserem berichten. Bitte trag Dich in unseren Newsletter ein, Du kannst Dich jederzeit formlos, z.B. \u00fcber einen Link in dem Newsletter, wieder abmelden.<\/p>\n<p>[\/et_pb_text][\/et_pb_column][et_pb_column type=&#8221;1_3&#8243; _builder_version=&#8221;4.16&#8243; custom_padding=&#8221;|||&#8221; global_colors_info=&#8221;{}&#8221; custom_padding__hover=&#8221;|||&#8221; theme_builder_area=&#8221;post_content&#8221;][et_pb_code module_class=&#8221;newsletter-form&#8221; _builder_version=&#8221;4.21.0&#8243; global_colors_info=&#8221;{}&#8221; theme_builder_area=&#8221;post_content&#8221;]<pee><script>(function() {\n\twindow.mc4wp = window.mc4wp || {\n\t\tlisteners: [],\n\t\tforms: {\n\t\t\ton: function(evt, cb) {\n\t\t\t\twindow.mc4wp.listeners.push(\n\t\t\t\t\t{\n\t\t\t\t\t\tevent   : evt,\n\t\t\t\t\t\tcallback: cb\n\t\t\t\t\t}\n\t\t\t\t);\n\t\t\t}\n\t\t}\n\t}\n})();\n<\/script><!-- Mailchimp for WordPress v4.12.0 - https:\/\/wordpress.org\/plugins\/mailchimp-for-wp\/ --><form id=\"mc4wp-form-1\" class=\"mc4wp-form mc4wp-form-377 mc4wp-ajax\" method=\"post\" data-id=\"377\" data-name=\"Elkunoviz Newsletter DE\" ><div class=\"mc4wp-form-fields\"><div><input type=\"text\" name=\"FNAME\" placeholder=\"Name\"><\/div>\r\n<div><input type=\"email\" name=\"email\" placeholder=\"E-Mail Adresse\" required \/><\/div>\r\n\r\n<div class=\"mc4wp-dropdown-wrapper\">\r\n  <label for=\"language-select\">Sprache:<\/label>\r\n  <select name=\"INTERESTS[00ce8103c5]\" id=\"language-select\" required=\"\">\r\n    <option value=\"bb411d99f7\" selected=\"true\">Deutsch<\/option>\r\n    <option value=\"0b2ad157c6\">English<\/option>\r\n    <option value=\"5f9c1fe271\">\u0420\u0443\u0441\u0441\u043a\u0438\u0439<\/option>\r\n    <option value=\"7fdafb1d82\">Italiano<\/option>\r\n    <option value=\"87669c16a0\">Espa\u00f1ol<\/option>\r\n    <option value=\"aa3889186a\">Latvie\u0161u<\/option>\r\n    <option value=\"d0c9f01167\">Lietuvos<\/option>\r\n  <\/select>\r\n<\/div>\r\n\r\n<fieldset>\r\n    <legend class=\"mc4wp-legend\">Interessen:<\/legend>\r\n    <label>\r\n        <input type=\"checkbox\" name=\"INTERESTS[c247eb75b8][]\" value=\"cb344cfb20\"> <span>Impulse f\u00fcr den Tag<\/span>\r\n    <\/label>\r\n    <label>\r\n        <input type=\"checkbox\" name=\"INTERESTS[c247eb75b8][]\" value=\"1ee1f1c268\"> <span>News<\/span>\r\n    <\/label>\r\n    <label>\r\n        <input type=\"checkbox\" name=\"INTERESTS[c247eb75b8][]\" value=\"68c933c223\"> <span>Seminare<\/span>\r\n    <\/label>\r\n    <label>\r\n        <input type=\"checkbox\" name=\"INTERESTS[c247eb75b8][]\" value=\"d71259545e\"> <span>Behandlungen<\/span>\r\n    <\/label>\r\n    <label>\r\n        <input type=\"checkbox\" name=\"INTERESTS[c247eb75b8][]\" value=\"5110647ad5\"> <span>Tierbehandlung<\/span>\r\n    <\/label>\r\n<\/fieldset>\r\n\r\n<input type=\"submit\" class=\"newsletter__submit\" value=\"Newsletter abonnieren\" \/>\r\n<\/div><label style=\"display: none !important;\">Leave this field empty if you're human: <input type=\"text\" name=\"_mc4wp_honeypot\" value=\"\" tabindex=\"-1\" autocomplete=\"off\" \/><\/label><input type=\"hidden\" name=\"_mc4wp_timestamp\" value=\"1776403792\" \/><input type=\"hidden\" name=\"_mc4wp_form_id\" value=\"377\" \/><input type=\"hidden\" name=\"_mc4wp_form_element_id\" value=\"mc4wp-form-1\" \/><div class=\"mc4wp-response\"><\/div><\/form><!-- \/ Mailchimp for WordPress Plugin --><\/pee>[\/et_pb_code][\/et_pb_column][\/et_pb_row][\/et_pb_section]<\/p>\n","protected":false},"excerpt":{"rendered":"<p>Gyduoli\u0173 \u0161viesos ratas Dvasinio i\u0161tiesinimo\u00ae gyduoli\u0173 ratas Piotras Elkunovi\u010dius\u00a0\u200b yra Dvasinio i\u0161tiesinimo iniciatorius.\u0160arlena ir Piotras Elkunovi\u010diai yra Dvasinio i\u0161tiesinimo pasiuntiniai. Karolina ir Aleksandras Toskarai\u00a0\u200b yra gyduoli\u0173 \u0161viesos rato \u012fk\u016br\u0117jai , jie \u012fregistravo Dvasin\u012f i\u0161tiesinim\u0105\u00ae\u200b kaip saugom\u0105 licencijuot\u0105 prekin\u012f \u017eenkl\u0105 Ginger Up agent\u016broje. \u010cia J\u016bs rasite visus gyduolius, praktikuojan\u010dius Dvasin\u012f i\u0161tiesinim\u0105: www.healers-united.net Jie visi yra pra\u0117j\u0119 [&hellip;]<\/p>\n","protected":false},"author":8,"featured_media":0,"parent":0,"menu_order":0,"comment_status":"closed","ping_status":"closed","template":"","meta":{"_et_pb_use_builder":"on","_et_pb_old_content":"","_et_gb_content_width":"","inline_featured_image":false,"footnotes":""},"class_list":["post-2287","page","type-page","status-publish","hentry"],"yoast_head":"<!-- This site is optimized with the Yoast SEO plugin v27.1.1 - https:\/\/yoast.com\/product\/yoast-seo-wordpress\/ -->\n<title>Heiler-Lichtnetzwerk \u2022 Diese Heiler haben die Heilerausbildung durchlaufen<\/title>\n<meta name=\"description\" content=\"Das Heiler-Lichtnetzwerk besteht aus den Heilern, die die Heilerausbildung von Pjotr Elkunoviz und seiner Familie durchlaufen haben.\" \/>\n<meta name=\"robots\" content=\"index, follow, max-snippet:-1, max-image-preview:large, max-video-preview:-1\" \/>\n<link rel=\"canonical\" href=\"https:\/\/elkunoviz.org\/lt\/gyduoliu-sviesos-ratas\/\" \/>\n<meta property=\"og:locale\" content=\"lt_LT\" \/>\n<meta property=\"og:type\" content=\"article\" \/>\n<meta property=\"og:title\" content=\"Heiler-Lichtnetzwerk \u2022 Diese Heiler haben die Heilerausbildung durchlaufen\" \/>\n<meta property=\"og:description\" content=\"Das Heiler-Lichtnetzwerk besteht aus den Heilern, die die Heilerausbildung von Pjotr Elkunoviz und seiner Familie durchlaufen haben.\" \/>\n<meta property=\"og:url\" content=\"https:\/\/elkunoviz.org\/lt\/gyduoliu-sviesos-ratas\/\" \/>\n<meta property=\"og:site_name\" content=\"Elkunoviz\" \/>\n<meta property=\"article:publisher\" content=\"https:\/\/www.facebook.com\/Elkunoviz\/\" \/>\n<meta property=\"article:modified_time\" content=\"2023-08-15T20:15:37+00:00\" \/>\n<meta property=\"og:image\" content=\"https:\/\/elkunoviz.org\/wp-content\/uploads\/2017\/05\/elkunoviz-heiler-lichtnetzwerk.jpg\" \/>\n<meta name=\"twitter:card\" content=\"summary_large_image\" \/>\n<meta name=\"twitter:label1\" content=\"Est. reading time\" \/>\n\t<meta name=\"twitter:data1\" content=\"3 minut\u0117s\" \/>\n<script type=\"application\/ld+json\" class=\"yoast-schema-graph\">{\"@context\":\"https:\/\/schema.org\",\"@graph\":[{\"@type\":\"WebPage\",\"@id\":\"https:\/\/elkunoviz.org\/lt\/gyduoliu-sviesos-ratas\/\",\"url\":\"https:\/\/elkunoviz.org\/lt\/gyduoliu-sviesos-ratas\/\",\"name\":\"Heiler-Lichtnetzwerk \u2022 Diese Heiler haben die Heilerausbildung durchlaufen\",\"isPartOf\":{\"@id\":\"https:\/\/elkunoviz.org\/lt\/#website\"},\"datePublished\":\"2017-12-14T08:45:37+00:00\",\"dateModified\":\"2023-08-15T20:15:37+00:00\",\"description\":\"Das Heiler-Lichtnetzwerk besteht aus den Heilern, die die Heilerausbildung von Pjotr Elkunoviz und seiner Familie durchlaufen haben.\",\"breadcrumb\":{\"@id\":\"https:\/\/elkunoviz.org\/lt\/gyduoliu-sviesos-ratas\/#breadcrumb\"},\"inLanguage\":\"lt-LT\",\"potentialAction\":[{\"@type\":\"ReadAction\",\"target\":[\"https:\/\/elkunoviz.org\/lt\/gyduoliu-sviesos-ratas\/\"]}]},{\"@type\":\"BreadcrumbList\",\"@id\":\"https:\/\/elkunoviz.org\/lt\/gyduoliu-sviesos-ratas\/#breadcrumb\",\"itemListElement\":[{\"@type\":\"ListItem\",\"position\":1,\"name\":\"Home\",\"item\":\"https:\/\/elkunoviz.org\/lt\/\"},{\"@type\":\"ListItem\",\"position\":2,\"name\":\"Gyduoli\u0173 \u0161viesos ratas\"}]},{\"@type\":\"WebSite\",\"@id\":\"https:\/\/elkunoviz.org\/lt\/#website\",\"url\":\"https:\/\/elkunoviz.org\/lt\/\",\"name\":\"Elkunoviz\",\"description\":\"Allumfassende Heilung\",\"publisher\":{\"@id\":\"https:\/\/elkunoviz.org\/lt\/#organization\"},\"potentialAction\":[{\"@type\":\"SearchAction\",\"target\":{\"@type\":\"EntryPoint\",\"urlTemplate\":\"https:\/\/elkunoviz.org\/lt\/?s={search_term_string}\"},\"query-input\":{\"@type\":\"PropertyValueSpecification\",\"valueRequired\":true,\"valueName\":\"search_term_string\"}}],\"inLanguage\":\"lt-LT\"},{\"@type\":\"Organization\",\"@id\":\"https:\/\/elkunoviz.org\/lt\/#organization\",\"name\":\"Pjotr Elkunoviz \u2013 Allumfassende Heilung durch den Geist\",\"url\":\"https:\/\/elkunoviz.org\/lt\/\",\"logo\":{\"@type\":\"ImageObject\",\"inLanguage\":\"lt-LT\",\"@id\":\"https:\/\/elkunoviz.org\/lt\/#\/schema\/logo\/image\/\",\"url\":\"https:\/\/elkunoviz.org\/wp-content\/uploads\/2023\/07\/logo.png\",\"contentUrl\":\"https:\/\/elkunoviz.org\/wp-content\/uploads\/2023\/07\/logo.png\",\"width\":192,\"height\":194,\"caption\":\"Pjotr Elkunoviz \u2013 Allumfassende Heilung durch den Geist\"},\"image\":{\"@id\":\"https:\/\/elkunoviz.org\/lt\/#\/schema\/logo\/image\/\"},\"sameAs\":[\"https:\/\/www.facebook.com\/Elkunoviz\/\",\"https:\/\/www.youtube.com\/channel\/UCrSjEuxgm3q8hGCVX3CG5vg\"]}]}<\/script>\n<!-- \/ Yoast SEO plugin. -->","yoast_head_json":{"title":"Heiler-Lichtnetzwerk \u2022 Diese Heiler haben die Heilerausbildung durchlaufen","description":"Das Heiler-Lichtnetzwerk besteht aus den Heilern, die die Heilerausbildung von Pjotr Elkunoviz und seiner Familie durchlaufen haben.","robots":{"index":"index","follow":"follow","max-snippet":"max-snippet:-1","max-image-preview":"max-image-preview:large","max-video-preview":"max-video-preview:-1"},"canonical":"https:\/\/elkunoviz.org\/lt\/gyduoliu-sviesos-ratas\/","og_locale":"lt_LT","og_type":"article","og_title":"Heiler-Lichtnetzwerk \u2022 Diese Heiler haben die Heilerausbildung durchlaufen","og_description":"Das Heiler-Lichtnetzwerk besteht aus den Heilern, die die Heilerausbildung von Pjotr Elkunoviz und seiner Familie durchlaufen haben.","og_url":"https:\/\/elkunoviz.org\/lt\/gyduoliu-sviesos-ratas\/","og_site_name":"Elkunoviz","article_publisher":"https:\/\/www.facebook.com\/Elkunoviz\/","article_modified_time":"2023-08-15T20:15:37+00:00","og_image":[{"url":"https:\/\/elkunoviz.org\/wp-content\/uploads\/2017\/05\/elkunoviz-heiler-lichtnetzwerk.jpg","type":"","width":"","height":""}],"twitter_card":"summary_large_image","twitter_misc":{"Est. reading time":"3 minut\u0117s"},"schema":{"@context":"https:\/\/schema.org","@graph":[{"@type":"WebPage","@id":"https:\/\/elkunoviz.org\/lt\/gyduoliu-sviesos-ratas\/","url":"https:\/\/elkunoviz.org\/lt\/gyduoliu-sviesos-ratas\/","name":"Heiler-Lichtnetzwerk \u2022 Diese Heiler haben die Heilerausbildung durchlaufen","isPartOf":{"@id":"https:\/\/elkunoviz.org\/lt\/#website"},"datePublished":"2017-12-14T08:45:37+00:00","dateModified":"2023-08-15T20:15:37+00:00","description":"Das Heiler-Lichtnetzwerk besteht aus den Heilern, die die Heilerausbildung von Pjotr Elkunoviz und seiner Familie durchlaufen haben.","breadcrumb":{"@id":"https:\/\/elkunoviz.org\/lt\/gyduoliu-sviesos-ratas\/#breadcrumb"},"inLanguage":"lt-LT","potentialAction":[{"@type":"ReadAction","target":["https:\/\/elkunoviz.org\/lt\/gyduoliu-sviesos-ratas\/"]}]},{"@type":"BreadcrumbList","@id":"https:\/\/elkunoviz.org\/lt\/gyduoliu-sviesos-ratas\/#breadcrumb","itemListElement":[{"@type":"ListItem","position":1,"name":"Home","item":"https:\/\/elkunoviz.org\/lt\/"},{"@type":"ListItem","position":2,"name":"Gyduoli\u0173 \u0161viesos ratas"}]},{"@type":"WebSite","@id":"https:\/\/elkunoviz.org\/lt\/#website","url":"https:\/\/elkunoviz.org\/lt\/","name":"Elkunoviz","description":"Allumfassende Heilung","publisher":{"@id":"https:\/\/elkunoviz.org\/lt\/#organization"},"potentialAction":[{"@type":"SearchAction","target":{"@type":"EntryPoint","urlTemplate":"https:\/\/elkunoviz.org\/lt\/?s={search_term_string}"},"query-input":{"@type":"PropertyValueSpecification","valueRequired":true,"valueName":"search_term_string"}}],"inLanguage":"lt-LT"},{"@type":"Organization","@id":"https:\/\/elkunoviz.org\/lt\/#organization","name":"Pjotr Elkunoviz \u2013 Allumfassende Heilung durch den Geist","url":"https:\/\/elkunoviz.org\/lt\/","logo":{"@type":"ImageObject","inLanguage":"lt-LT","@id":"https:\/\/elkunoviz.org\/lt\/#\/schema\/logo\/image\/","url":"https:\/\/elkunoviz.org\/wp-content\/uploads\/2023\/07\/logo.png","contentUrl":"https:\/\/elkunoviz.org\/wp-content\/uploads\/2023\/07\/logo.png","width":192,"height":194,"caption":"Pjotr Elkunoviz \u2013 Allumfassende Heilung durch den Geist"},"image":{"@id":"https:\/\/elkunoviz.org\/lt\/#\/schema\/logo\/image\/"},"sameAs":["https:\/\/www.facebook.com\/Elkunoviz\/","https:\/\/www.youtube.com\/channel\/UCrSjEuxgm3q8hGCVX3CG5vg"]}]}},"_links":{"self":[{"href":"https:\/\/elkunoviz.org\/lt\/wp-json\/wp\/v2\/pages\/2287","targetHints":{"allow":["GET"]}}],"collection":[{"href":"https:\/\/elkunoviz.org\/lt\/wp-json\/wp\/v2\/pages"}],"about":[{"href":"https:\/\/elkunoviz.org\/lt\/wp-json\/wp\/v2\/types\/page"}],"author":[{"embeddable":true,"href":"https:\/\/elkunoviz.org\/lt\/wp-json\/wp\/v2\/users\/8"}],"replies":[{"embeddable":true,"href":"https:\/\/elkunoviz.org\/lt\/wp-json\/wp\/v2\/comments?post=2287"}],"version-history":[{"count":3,"href":"https:\/\/elkunoviz.org\/lt\/wp-json\/wp\/v2\/pages\/2287\/revisions"}],"predecessor-version":[{"id":12764,"href":"https:\/\/elkunoviz.org\/lt\/wp-json\/wp\/v2\/pages\/2287\/revisions\/12764"}],"wp:attachment":[{"href":"https:\/\/elkunoviz.org\/lt\/wp-json\/wp\/v2\/media?parent=2287"}],"curies":[{"name":"wp","href":"https:\/\/api.w.org\/{rel}","templated":true}]}}