{"id":2027,"date":"2017-12-08T11:05:19","date_gmt":"2017-12-08T10:05:19","guid":{"rendered":"http:\/\/elkunoviz.org\/dzives-telpas-harmonizesana\/"},"modified":"2023-08-16T09:59:19","modified_gmt":"2023-08-16T07:59:19","slug":"dzives-telpas-harmonizesana-old","status":"publish","type":"page","link":"https:\/\/elkunoviz.org\/lv\/dzives-telpas-harmonizesana-old\/","title":{"rendered":"Dz\u012bves telpas harmoniz\u0113\u0161ana OLD"},"content":{"rendered":"<p>[et_pb_section fb_built=&#8221;1&#8243; admin_label=&#8221;section&#8221; _builder_version=&#8221;3.22&#8243;][et_pb_row admin_label=&#8221;row&#8221; _builder_version=&#8221;3.25&#8243; background_size=&#8221;initial&#8221; background_position=&#8221;top_left&#8221; background_repeat=&#8221;repeat&#8221;][et_pb_column type=&#8221;4_4&#8243; _builder_version=&#8221;3.25&#8243; custom_padding=&#8221;|||&#8221; custom_padding__hover=&#8221;|||&#8221;][et_pb_text admin_label=&#8221;Lebensraumharmonisierung&#8221; _builder_version=&#8221;3.27.4&#8243; background_size=&#8221;initial&#8221; background_position=&#8221;top_left&#8221; background_repeat=&#8221;repeat&#8221; use_border_color=&#8221;off&#8221; border_color=&#8221;#ffffff&#8221; border_style=&#8221;solid&#8221;]<\/p>\n<h1>Dz\u012bves telpas harmoniz\u0113\u0161ana<\/h1>\n<p>[\/et_pb_text][et_pb_image src=&#8221;https:\/\/elkunoviz.org\/wp-content\/uploads\/2017\/05\/elkunoviz-lebensraumharmonisierung.jpg&#8221; alt=&#8221;Schutz vor Elektrosmog durch Hausentst\u00f6rung&#8221; title_text=&#8221;Schutz vor Elektrosmog durch Hausentst\u00f6rung&#8221; align_tablet=&#8221;center&#8221; align_last_edited=&#8221;on|desktop&#8221; _builder_version=&#8221;3.23&#8243; use_border_color=&#8221;off&#8221; border_color=&#8221;#ffffff&#8221; border_style=&#8221;solid&#8221; animation=&#8221;off&#8221; sticky=&#8221;off&#8221; always_center_on_mobile=&#8221;on&#8221;][\/et_pb_image][\/et_pb_column][\/et_pb_row][\/et_pb_section][et_pb_section fb_built=&#8221;1&#8243; _builder_version=&#8221;3.22&#8243; custom_padding=&#8221;0px|||&#8221; transparent_background=&#8221;off&#8221; make_fullwidth=&#8221;off&#8221; use_custom_width=&#8221;off&#8221; width_unit=&#8221;on&#8221;][et_pb_row _builder_version=&#8221;3.25&#8243; background_size=&#8221;initial&#8221; background_position=&#8221;top_left&#8221; background_repeat=&#8221;repeat&#8221; custom_padding=&#8221;0px|||&#8221; make_fullwidth=&#8221;off&#8221; use_custom_width=&#8221;off&#8221; width_unit=&#8221;on&#8221;][et_pb_column type=&#8221;4_4&#8243; _builder_version=&#8221;3.25&#8243; custom_padding=&#8221;|||&#8221; custom_padding__hover=&#8221;|||&#8221;][et_pb_text _builder_version=&#8221;4.5.1&#8243; background_size=&#8221;initial&#8221; background_position=&#8221;top_left&#8221; background_repeat=&#8221;repeat&#8221; hover_enabled=&#8221;0&#8243; use_border_color=&#8221;off&#8221; border_color=&#8221;#ffffff&#8221; border_style=&#8221;solid&#8221;]<\/p>\n<h2>Dz\u012bves un darba telpu harmoniz\u0113\u0161ana un att\u012br\u012b\u0161ana &#8211; ieteicamas p\u0113c Gar\u012bg\u0101s iztaisno\u0161anas.<\/h2>\n<p>Cilv\u0113ki mums bie\u017ei jaut\u0101, ko vi\u0146i v\u0113l papildus var\u0113tu dar\u012bt p\u0113c Gar\u012bg\u0101s iztaisno\u0161anas. Vi\u0146i j\u016btas labi un k\u013c\u016bst izv\u0113l\u012bg\u0101ki vis\u0101s savas dz\u012bves jom\u0101s, proti, vi\u0146i k\u013c\u016bst v\u0113r\u012bg\u0101ki attiec\u012bb\u0101 pret savu apk\u0101rtni jeb lab\u0101k saj\u016bt, kas tie\u0161i vi\u0146iem ikdien\u0101 n\u0101k par labu. Cilv\u0113ki mekl\u0113 iesp\u0113jas iek\u013caut sav\u0101 ikdien\u0101 vair\u0101k dz\u012bvesprieka un gar\u012bguma.<\/p>\n<p>Viens no labsaj\u016btas veicin\u0101\u0161anas aspektiem ir savas dz\u012bves un darba telpu harmoniz\u0113\u0161ana un att\u012br\u012b\u0161ana. Pateicoties J\u016bsu dz\u012bves un darba telpu att\u012br\u012b\u0161anai no att\u0101luma, tiek izmain\u012bta dz\u012bves telpas ener\u0123ija. Sv\u0101rst\u012bbas k\u013c\u016bst augst\u0101kas un telp\u0101s valdo\u0161\u0101 domu un p\u0101rdz\u012bvojumu ener\u0123ija tiek att\u012br\u012bta un harmoniz\u0113ta. Tiek transform\u0113ta ar\u012b pati \u0113ka, k\u0101 ar\u012b apk\u0101rt\u0113j\u0101s vides ietekme, elektrosmogs, \u016bdens \u0101deres un da\u017e\u0101di starojumi.<\/p>\n<p><strong>Att\u012br\u012b\u0161ana notiek vienreiz un t\u0101 nav j\u0101atk\u0101rto.<\/strong><\/p>\n<p>\u0160im nol\u016bkam ats\u016btiet, l\u016bdzu, pa e-pastu J\u016bsu dz\u012bvok\u013ca, m\u0101jas vai darba vietas fotogr\u0101fiju (t\u0101 var b\u016bt ar\u012b veca), adresi, telefona numuru un mobil\u0101 telefona numuru k\u0101 ar\u012b ma\u0161\u012bnas numura z\u012bmi. L\u012bdz ar dz\u012bves telpu att\u012br\u012b\u0161anu m\u0113s atbr\u012bvojam no starojuma ar\u012b mobilos telefonus un automa\u0161\u012bnas. L\u012bdzko m\u0113s sa\u0146emsim datus, m\u0113s sazin\u0101simies ar Jums un vienosimies par seansa laiku.<\/p>\n<p>Dziedin\u0101\u0161anu no att\u0101luma m\u0113s parasti veicam p\u0113c pulksten 20.00.<\/p>\n<p><strong>V\u0113lams sazin\u0101ties pa elektronisko pastu:<\/strong> <a href=\"m&#97;&#105;&#x6c;&#x74;&#x6f;&#x3a;i&#110;&#102;&#111;&#x40;&#x65;&#x6c;ku&#110;&#111;&#x76;&#x69;&#x7a;&#46;o&#114;&#103;\">&#105;n&#x66;o&#x40;&#101;&#x6c;&#107;&#x75;&#110;o&#x76;i&#x7a;&#46;&#x6f;&#114;&#x67;<\/a><\/p>\n<p><strong>Dz\u012bvok\u013ca att\u012br\u012b\u0161ana:\u200b<\/strong> 1,- \u20ac\/m\u00b2 dz\u012bvojamai plat\u012bbai + 20,- \u20ac b\u0101zes cena (ieskaitot automa\u0161\u012bnas un mobilos telefonus)<\/p>\n<p><strong>M\u0101jas att\u012br\u012b\u0161ana:<\/strong>\u200b 1,- \u20ac\/m\u00b2 dz\u012bvojamai plat\u012bbai + 40,- \u20ac b\u0101zes cena (ieskaitot d\u0101rzu \/ zemes gabalu, automa\u0161\u012bnas un mobilos telefonus)<\/p>\n<p>Darbavietas \/ biroju \u0113kas \/ viesn\u012bcu \u0113kas \/ skolas \/ slimn\u012bcas \/ zemnieku saimniec\u012bbas u.t.t. att\u012br\u012b\u0161anai m\u0113s sagatavosim individu\u0101lu pied\u0101v\u0101jumu.<\/p>\n<p>[\/et_pb_text][\/et_pb_column][\/et_pb_row][\/et_pb_section]<\/p>\n","protected":false},"excerpt":{"rendered":"<p>Dz\u012bves telpas harmoniz\u0113\u0161ana Dz\u012bves un darba telpu harmoniz\u0113\u0161ana un att\u012br\u012b\u0161ana &#8211; ieteicamas p\u0113c Gar\u012bg\u0101s iztaisno\u0161anas. Cilv\u0113ki mums bie\u017ei jaut\u0101, ko vi\u0146i v\u0113l papildus var\u0113tu dar\u012bt p\u0113c Gar\u012bg\u0101s iztaisno\u0161anas. Vi\u0146i j\u016btas labi un k\u013c\u016bst izv\u0113l\u012bg\u0101ki vis\u0101s savas dz\u012bves jom\u0101s, proti, vi\u0146i k\u013c\u016bst v\u0113r\u012bg\u0101ki attiec\u012bb\u0101 pret savu apk\u0101rtni jeb lab\u0101k saj\u016bt, kas tie\u0161i vi\u0146iem ikdien\u0101 n\u0101k par [&hellip;]<\/p>\n","protected":false},"author":8,"featured_media":0,"parent":0,"menu_order":0,"comment_status":"closed","ping_status":"closed","template":"","meta":{"_et_pb_use_builder":"on","_et_pb_old_content":"","_et_gb_content_width":"","inline_featured_image":false,"footnotes":""},"class_list":["post-2027","page","type-page","status-publish","hentry"],"yoast_head":"<!-- This site is optimized with the Yoast SEO plugin v27.4 - https:\/\/yoast.com\/product\/yoast-seo-wordpress\/ -->\n<title>Dz\u012bves telpas harmoniz\u0113\u0161ana \u2022 Charlene &amp; Pjotr Elkunoviz<\/title>\n<meta name=\"description\" content=\"Dz\u012bves un darba telpu harmoniz\u0113\u0161ana un att\u012br\u012b\u0161ana \u2013 ieteicamas p\u0113c Gar\u012bg\u0101s iztaisno\u0161anas.\" \/>\n<meta name=\"robots\" content=\"index, follow, max-snippet:-1, max-image-preview:large, max-video-preview:-1\" \/>\n<link rel=\"canonical\" href=\"https:\/\/elkunoviz.org\/lv\/dzives-telpas-harmonizesana-old\/\" \/>\n<meta property=\"og:locale\" content=\"lv_LV\" \/>\n<meta property=\"og:type\" content=\"article\" \/>\n<meta property=\"og:title\" content=\"Dz\u012bves telpas harmoniz\u0113\u0161ana \u2022 Charlene &amp; Pjotr Elkunoviz\" \/>\n<meta property=\"og:description\" content=\"Dz\u012bves un darba telpu harmoniz\u0113\u0161ana un att\u012br\u012b\u0161ana \u2013 ieteicamas p\u0113c Gar\u012bg\u0101s iztaisno\u0161anas.\" \/>\n<meta property=\"og:url\" content=\"https:\/\/elkunoviz.org\/lv\/dzives-telpas-harmonizesana-old\/\" \/>\n<meta property=\"og:site_name\" content=\"Elkunoviz\" \/>\n<meta property=\"article:publisher\" content=\"https:\/\/www.facebook.com\/Elkunoviz\/\" \/>\n<meta property=\"article:modified_time\" content=\"2023-08-16T07:59:19+00:00\" \/>\n<meta property=\"og:image\" content=\"https:\/\/elkunoviz.org\/wp-content\/uploads\/2017\/05\/elkunoviz-lebensraumharmonisierung.jpg\" \/>\n<meta name=\"twitter:card\" content=\"summary_large_image\" \/>\n<meta name=\"twitter:label1\" content=\"Est. reading time\" \/>\n\t<meta name=\"twitter:data1\" content=\"3 minutes\" \/>\n<script type=\"application\/ld+json\" class=\"yoast-schema-graph\">{\"@context\":\"https:\\\/\\\/schema.org\",\"@graph\":[{\"@type\":\"WebPage\",\"@id\":\"https:\\\/\\\/elkunoviz.org\\\/lv\\\/dzives-telpas-harmonizesana-old\\\/\",\"url\":\"https:\\\/\\\/elkunoviz.org\\\/lv\\\/dzives-telpas-harmonizesana-old\\\/\",\"name\":\"Dz\u012bves telpas harmoniz\u0113\u0161ana \u2022 Charlene & Pjotr Elkunoviz\",\"isPartOf\":{\"@id\":\"https:\\\/\\\/elkunoviz.org\\\/lv\\\/#website\"},\"datePublished\":\"2017-12-08T10:05:19+00:00\",\"dateModified\":\"2023-08-16T07:59:19+00:00\",\"description\":\"Dz\u012bves un darba telpu harmoniz\u0113\u0161ana un att\u012br\u012b\u0161ana \u2013 ieteicamas p\u0113c Gar\u012bg\u0101s iztaisno\u0161anas.\",\"breadcrumb\":{\"@id\":\"https:\\\/\\\/elkunoviz.org\\\/lv\\\/dzives-telpas-harmonizesana-old\\\/#breadcrumb\"},\"inLanguage\":\"lv-LV\",\"potentialAction\":[{\"@type\":\"ReadAction\",\"target\":[\"https:\\\/\\\/elkunoviz.org\\\/lv\\\/dzives-telpas-harmonizesana-old\\\/\"]}]},{\"@type\":\"BreadcrumbList\",\"@id\":\"https:\\\/\\\/elkunoviz.org\\\/lv\\\/dzives-telpas-harmonizesana-old\\\/#breadcrumb\",\"itemListElement\":[{\"@type\":\"ListItem\",\"position\":1,\"name\":\"Home\",\"item\":\"https:\\\/\\\/elkunoviz.org\\\/lv\\\/\"},{\"@type\":\"ListItem\",\"position\":2,\"name\":\"Dz\u012bves telpas harmoniz\u0113\u0161ana OLD\"}]},{\"@type\":\"WebSite\",\"@id\":\"https:\\\/\\\/elkunoviz.org\\\/lv\\\/#website\",\"url\":\"https:\\\/\\\/elkunoviz.org\\\/lv\\\/\",\"name\":\"Elkunoviz\",\"description\":\"Allumfassende Heilung\",\"publisher\":{\"@id\":\"https:\\\/\\\/elkunoviz.org\\\/lv\\\/#organization\"},\"potentialAction\":[{\"@type\":\"SearchAction\",\"target\":{\"@type\":\"EntryPoint\",\"urlTemplate\":\"https:\\\/\\\/elkunoviz.org\\\/lv\\\/?s={search_term_string}\"},\"query-input\":{\"@type\":\"PropertyValueSpecification\",\"valueRequired\":true,\"valueName\":\"search_term_string\"}}],\"inLanguage\":\"lv-LV\"},{\"@type\":\"Organization\",\"@id\":\"https:\\\/\\\/elkunoviz.org\\\/lv\\\/#organization\",\"name\":\"Pjotr Elkunoviz \u2013 Allumfassende Heilung durch den Geist\",\"url\":\"https:\\\/\\\/elkunoviz.org\\\/lv\\\/\",\"logo\":{\"@type\":\"ImageObject\",\"inLanguage\":\"lv-LV\",\"@id\":\"https:\\\/\\\/elkunoviz.org\\\/lv\\\/#\\\/schema\\\/logo\\\/image\\\/\",\"url\":\"https:\\\/\\\/elkunoviz.org\\\/wp-content\\\/uploads\\\/2023\\\/07\\\/logo.png\",\"contentUrl\":\"https:\\\/\\\/elkunoviz.org\\\/wp-content\\\/uploads\\\/2023\\\/07\\\/logo.png\",\"width\":192,\"height\":194,\"caption\":\"Pjotr Elkunoviz \u2013 Allumfassende Heilung durch den Geist\"},\"image\":{\"@id\":\"https:\\\/\\\/elkunoviz.org\\\/lv\\\/#\\\/schema\\\/logo\\\/image\\\/\"},\"sameAs\":[\"https:\\\/\\\/www.facebook.com\\\/Elkunoviz\\\/\",\"https:\\\/\\\/www.youtube.com\\\/channel\\\/UCrSjEuxgm3q8hGCVX3CG5vg\"]}]}<\/script>\n<!-- \/ Yoast SEO plugin. -->","yoast_head_json":{"title":"Dz\u012bves telpas harmoniz\u0113\u0161ana \u2022 Charlene & Pjotr Elkunoviz","description":"Dz\u012bves un darba telpu harmoniz\u0113\u0161ana un att\u012br\u012b\u0161ana \u2013 ieteicamas p\u0113c Gar\u012bg\u0101s iztaisno\u0161anas.","robots":{"index":"index","follow":"follow","max-snippet":"max-snippet:-1","max-image-preview":"max-image-preview:large","max-video-preview":"max-video-preview:-1"},"canonical":"https:\/\/elkunoviz.org\/lv\/dzives-telpas-harmonizesana-old\/","og_locale":"lv_LV","og_type":"article","og_title":"Dz\u012bves telpas harmoniz\u0113\u0161ana \u2022 Charlene & Pjotr Elkunoviz","og_description":"Dz\u012bves un darba telpu harmoniz\u0113\u0161ana un att\u012br\u012b\u0161ana \u2013 ieteicamas p\u0113c Gar\u012bg\u0101s iztaisno\u0161anas.","og_url":"https:\/\/elkunoviz.org\/lv\/dzives-telpas-harmonizesana-old\/","og_site_name":"Elkunoviz","article_publisher":"https:\/\/www.facebook.com\/Elkunoviz\/","article_modified_time":"2023-08-16T07:59:19+00:00","og_image":[{"url":"https:\/\/elkunoviz.org\/wp-content\/uploads\/2017\/05\/elkunoviz-lebensraumharmonisierung.jpg","type":"","width":"","height":""}],"twitter_card":"summary_large_image","twitter_misc":{"Est. reading time":"3 minutes"},"schema":{"@context":"https:\/\/schema.org","@graph":[{"@type":"WebPage","@id":"https:\/\/elkunoviz.org\/lv\/dzives-telpas-harmonizesana-old\/","url":"https:\/\/elkunoviz.org\/lv\/dzives-telpas-harmonizesana-old\/","name":"Dz\u012bves telpas harmoniz\u0113\u0161ana \u2022 Charlene & Pjotr Elkunoviz","isPartOf":{"@id":"https:\/\/elkunoviz.org\/lv\/#website"},"datePublished":"2017-12-08T10:05:19+00:00","dateModified":"2023-08-16T07:59:19+00:00","description":"Dz\u012bves un darba telpu harmoniz\u0113\u0161ana un att\u012br\u012b\u0161ana \u2013 ieteicamas p\u0113c Gar\u012bg\u0101s iztaisno\u0161anas.","breadcrumb":{"@id":"https:\/\/elkunoviz.org\/lv\/dzives-telpas-harmonizesana-old\/#breadcrumb"},"inLanguage":"lv-LV","potentialAction":[{"@type":"ReadAction","target":["https:\/\/elkunoviz.org\/lv\/dzives-telpas-harmonizesana-old\/"]}]},{"@type":"BreadcrumbList","@id":"https:\/\/elkunoviz.org\/lv\/dzives-telpas-harmonizesana-old\/#breadcrumb","itemListElement":[{"@type":"ListItem","position":1,"name":"Home","item":"https:\/\/elkunoviz.org\/lv\/"},{"@type":"ListItem","position":2,"name":"Dz\u012bves telpas harmoniz\u0113\u0161ana OLD"}]},{"@type":"WebSite","@id":"https:\/\/elkunoviz.org\/lv\/#website","url":"https:\/\/elkunoviz.org\/lv\/","name":"Elkunoviz","description":"Allumfassende Heilung","publisher":{"@id":"https:\/\/elkunoviz.org\/lv\/#organization"},"potentialAction":[{"@type":"SearchAction","target":{"@type":"EntryPoint","urlTemplate":"https:\/\/elkunoviz.org\/lv\/?s={search_term_string}"},"query-input":{"@type":"PropertyValueSpecification","valueRequired":true,"valueName":"search_term_string"}}],"inLanguage":"lv-LV"},{"@type":"Organization","@id":"https:\/\/elkunoviz.org\/lv\/#organization","name":"Pjotr Elkunoviz \u2013 Allumfassende Heilung durch den Geist","url":"https:\/\/elkunoviz.org\/lv\/","logo":{"@type":"ImageObject","inLanguage":"lv-LV","@id":"https:\/\/elkunoviz.org\/lv\/#\/schema\/logo\/image\/","url":"https:\/\/elkunoviz.org\/wp-content\/uploads\/2023\/07\/logo.png","contentUrl":"https:\/\/elkunoviz.org\/wp-content\/uploads\/2023\/07\/logo.png","width":192,"height":194,"caption":"Pjotr Elkunoviz \u2013 Allumfassende Heilung durch den Geist"},"image":{"@id":"https:\/\/elkunoviz.org\/lv\/#\/schema\/logo\/image\/"},"sameAs":["https:\/\/www.facebook.com\/Elkunoviz\/","https:\/\/www.youtube.com\/channel\/UCrSjEuxgm3q8hGCVX3CG5vg"]}]}},"_links":{"self":[{"href":"https:\/\/elkunoviz.org\/lv\/wp-json\/wp\/v2\/pages\/2027","targetHints":{"allow":["GET"]}}],"collection":[{"href":"https:\/\/elkunoviz.org\/lv\/wp-json\/wp\/v2\/pages"}],"about":[{"href":"https:\/\/elkunoviz.org\/lv\/wp-json\/wp\/v2\/types\/page"}],"author":[{"embeddable":true,"href":"https:\/\/elkunoviz.org\/lv\/wp-json\/wp\/v2\/users\/8"}],"replies":[{"embeddable":true,"href":"https:\/\/elkunoviz.org\/lv\/wp-json\/wp\/v2\/comments?post=2027"}],"version-history":[{"count":2,"href":"https:\/\/elkunoviz.org\/lv\/wp-json\/wp\/v2\/pages\/2027\/revisions"}],"predecessor-version":[{"id":12913,"href":"https:\/\/elkunoviz.org\/lv\/wp-json\/wp\/v2\/pages\/2027\/revisions\/12913"}],"wp:attachment":[{"href":"https:\/\/elkunoviz.org\/lv\/wp-json\/wp\/v2\/media?parent=2027"}],"curies":[{"name":"wp","href":"https:\/\/api.w.org\/{rel}","templated":true}]}}