{"id":2071,"date":"2017-05-04T13:58:21","date_gmt":"2017-05-04T13:58:21","guid":{"rendered":"http:\/\/elkunoviz.org\/pjotrs-elkunovics\/"},"modified":"2023-08-16T11:26:54","modified_gmt":"2023-08-16T09:26:54","slug":"pjotrs-elkunovics","status":"publish","type":"page","link":"https:\/\/elkunoviz.org\/lv\/pjotrs-elkunovics\/","title":{"rendered":"Pjotrs Elkunovi\u010ds"},"content":{"rendered":"<p>[et_pb_section fb_built=&#8221;1&#8243; admin_label=&#8221;section&#8221; _builder_version=&#8221;4.16&#8243; global_colors_info=&#8221;{}&#8221;][et_pb_row _builder_version=&#8221;4.21.0&#8243; _module_preset=&#8221;default&#8221; custom_padding=&#8221;||0px|||&#8221; global_colors_info=&#8221;{}&#8221;][et_pb_column type=&#8221;4_4&#8243; _builder_version=&#8221;4.21.0&#8243; _module_preset=&#8221;default&#8221; global_colors_info=&#8221;{}&#8221;][et_pb_text admin_label=&#8221;Title&#8221; _builder_version=&#8221;4.16&#8243; background_size=&#8221;initial&#8221; background_position=&#8221;top_left&#8221; background_repeat=&#8221;repeat&#8221; use_border_color=&#8221;off&#8221; border_color=&#8221;#ffffff&#8221; border_style=&#8221;solid&#8221; global_colors_info=&#8221;{}&#8221;]<\/p>\n<h1>Pjotrs Elkunovi\u010ds<\/h1>\n<p>[\/et_pb_text][\/et_pb_column][\/et_pb_row][et_pb_row column_structure=&#8221;1_2,1_2&#8243; admin_label=&#8221;row&#8221; _builder_version=&#8221;4.21.0&#8243; background_size=&#8221;initial&#8221; background_position=&#8221;top_left&#8221; background_repeat=&#8221;repeat&#8221; custom_padding=&#8221;1px||1px|||&#8221; global_colors_info=&#8221;{}&#8221;][et_pb_column type=&#8221;1_2&#8243; _builder_version=&#8221;4.16&#8243; custom_padding=&#8221;|||&#8221; global_colors_info=&#8221;{}&#8221; custom_padding__hover=&#8221;|||&#8221;][et_pb_image src=&#8221;https:\/\/elkunoviz.org\/wp-content\/uploads\/2023\/07\/elk_pjotr1.jpg&#8221; alt=&#8221;Pjotrs Elkunovi\u010ds&#8221; title_text=&#8221;elk_pjotr1&#8243; align_tablet=&#8221;center&#8221; align_phone=&#8221;center&#8221; align_last_edited=&#8221;on|desktop&#8221; _builder_version=&#8221;4.21.0&#8243; animation_direction=&#8221;off&#8221; border_color_all=&#8221;#ffffff&#8221; border_style_all=&#8221;solid&#8221; use_border_color=&#8221;off&#8221; border_color=&#8221;#ffffff&#8221; border_style=&#8221;solid&#8221; animation=&#8221;off&#8221; sticky=&#8221;off&#8221; always_center_on_mobile=&#8221;on&#8221; global_colors_info=&#8221;{}&#8221;][\/et_pb_image][\/et_pb_column][et_pb_column type=&#8221;1_2&#8243; _builder_version=&#8221;4.21.0&#8243; _module_preset=&#8221;default&#8221; global_colors_info=&#8221;{}&#8221;][et_pb_text _builder_version=&#8221;4.16&#8243; background_size=&#8221;initial&#8221; background_position=&#8221;top_left&#8221; background_repeat=&#8221;repeat&#8221; use_border_color=&#8221;off&#8221; border_color=&#8221;#ffffff&#8221; border_style=&#8221;solid&#8221; global_colors_info=&#8221;{}&#8221;]<\/p>\n<p>Pjotrs ir dzimis Mold\u0101vij\u0101 un kop\u0161 1980. gada dz\u012bvo V\u0101cij\u0101. 1989. gad\u0101 vi\u0146\u0161 bija ce\u013cojum\u0101 uz Jeruzalemi un piedz\u012bvoja tur lielas p\u0101rmai\u0146as apzi\u0146\u0101. T\u0101 bija sv\u0113t\u012bbas pilna pieredze, satiekot DIEVU. Pjotrs k\u013cuva par iepriek\u0161 uz \u0161\u012bs Zemes nebiju\u0161as dziedin\u0101\u0161anas metodes pirmatkl\u0101j\u0113ju. T\u0101 bija Gar\u012bg\u0101 iztaisno\u0161ana!<\/p>\n<p>Iepriek\u0161 vi\u0146\u0161 izgatavoja darbar\u012bkus, bet tagad vi\u0146\u0161 pats ir darbar\u012bks Dieva dziedino\u0161aj\u0101 rok\u0101. Kop\u0161 t\u0101s reizes vi\u0146\u0161 ar savu jauno dziedniec\u012bbas veidu dziedina cilv\u0113kus un dz\u012bvniekus.<\/p>\n<p>Pjotrs sajuta aicin\u0101jumu, padar\u012bt \u0161o br\u012bni\u0161\u0137\u012bgo dievi\u0161\u0137o sp\u0113ju dziedin\u0101t par savu dz\u012bves uzdevumu. Vair\u0101k nek\u0101 27 darb\u012bbas gados vi\u0146\u0161 ir pal\u012bdz\u0113jis izvese\u013coties simtiem t\u016bksto\u0161u cilv\u0113ku.<\/p>\n<p>[\/et_pb_text][\/et_pb_column][\/et_pb_row][et_pb_row _builder_version=&#8221;4.21.0&#8243; _module_preset=&#8221;default&#8221; custom_padding=&#8221;19px|||||&#8221; global_colors_info=&#8221;{}&#8221;][et_pb_column type=&#8221;4_4&#8243; _builder_version=&#8221;4.21.0&#8243; _module_preset=&#8221;default&#8221; global_colors_info=&#8221;{}&#8221;][et_pb_text _builder_version=&#8221;4.21.0&#8243; _module_preset=&#8221;default&#8221; global_colors_info=&#8221;{}&#8221;]<\/p>\n<p>Nenogursto\u0161\u0101 darb\u0101 kalpojot savam tuv\u0101kajam un to visaptvero\u0161i dziedinot, vi\u0146\u0161 pilda savu misiju ar lielu m\u012blest\u012bbu. T\u0101 rad\u0101s Gar\u012bg\u0101s iztaisno\u0161anas br\u012bnums, kas tagad notiek vis\u0101 pasaul\u0113.<\/p>\n<p>Pateic\u012bb\u0101 Gar\u012bgajai pasaulei vi\u0146\u0161 nodod savas zin\u0101\u0161anas t\u0101l\u0101k citiem dziedniekiem. Katrs, kur\u0161 gar\u0101 un dv\u0113sel\u0113 ir nobriedis un ir nopietni ieinteres\u0113ts k\u013c\u016bt par pal\u012bgu cilv\u0113kiem, var pie Pjotra un \u0160arl\u0113nes \u012bpa\u0161\u0101 apm\u0101c\u012bbas kurs\u0101 apg\u016bt Gar\u012bgo iztaisno\u0161anu.<\/p>\n<p>Vi\u0146a darb\u012bbas rezult\u0101tus var redz\u0113t glob\u0101l\u0101 m\u0113rog\u0101, jo runa ir ar\u012b par kolekt\u012bv\u0101s apzi\u0146as dziedin\u0101\u0161anu vis\u0101 pasaul\u0113! Dziedin\u0101\u0161ana ar Gar\u012bg\u0101s iztaisno\u0161anas pal\u012bdz\u012bbu pa\u0101rtina gar\u012bgo att\u012bst\u012bbu un plan\u0113tas uzplaukuma procesu, p\u0113c k\u0101 tiecas ikviena dz\u012bva b\u016btne! Apzin\u0101ti b\u016bt DIEVAM!<\/p>\n<p>[\/et_pb_text][\/et_pb_column][\/et_pb_row][et_pb_row _builder_version=&#8221;4.21.0&#8243; background_size=&#8221;initial&#8221; background_position=&#8221;top_left&#8221; background_repeat=&#8221;repeat&#8221; width=&#8221;50%&#8221; custom_padding=&#8221;23px|||||&#8221; make_fullwidth=&#8221;off&#8221; use_custom_width=&#8221;off&#8221; width_unit=&#8221;on&#8221; global_colors_info=&#8221;{}&#8221;][et_pb_column type=&#8221;4_4&#8243; _builder_version=&#8221;4.16&#8243; custom_padding=&#8221;|||&#8221; global_colors_info=&#8221;{}&#8221; custom_padding__hover=&#8221;|||&#8221;][et_pb_text admin_label=&#8221;Gebet&#8221; _builder_version=&#8221;4.21.0&#8243; background_size=&#8221;initial&#8221; background_position=&#8221;top_left&#8221; background_repeat=&#8221;repeat&#8221; use_border_color=&#8221;off&#8221; border_color=&#8221;#ffffff&#8221; border_style=&#8221;solid&#8221; global_colors_info=&#8221;{}&#8221;]<\/p>\n<p style=\"text-align: center;\"><em>\u201c\u200b Pie\u0161\u0137ir man Kungs, &#8211; kur\u0161 esi MAN\u012a &#8211; Tavu cie\u0146u un to cilv\u0113ku draudz\u012bbu, kuri Tevi ciena SEV\u012a un dod man dzi\u013cu, pla\u0161u, neierobe\u017eotu l\u012bdzj\u016bt\u012bbu vis\u0101m b\u016btn\u0113m vis\u0101 pasaul\u0113!t!\u201d <\/em><\/p>\n<p style=\"text-align: center;\">Tavs Pjotrs<\/p>\n<p>[\/et_pb_text][\/et_pb_column][\/et_pb_row][\/et_pb_section][et_pb_section fb_built=&#8221;1&#8243; _builder_version=&#8221;4.21.0&#8243; _module_preset=&#8221;73e3f740-8efa-4583-b8bd-c2faeea8dfca&#8221; transparent_background=&#8221;off&#8221; make_fullwidth=&#8221;off&#8221; use_custom_width=&#8221;off&#8221; width_unit=&#8221;on&#8221; global_module=&#8221;11582&#8243; saved_tabs=&#8221;all&#8221; global_colors_info=&#8221;{}&#8221;][et_pb_row column_structure=&#8221;2_3,1_3&#8243; _builder_version=&#8221;4.21.0&#8243; background_size=&#8221;initial&#8221; background_position=&#8221;top_left&#8221; background_repeat=&#8221;repeat&#8221; min_height=&#8221;64.2px&#8221; custom_padding=&#8221;0px|||||&#8221; global_colors_info=&#8221;{}&#8221;][et_pb_column type=&#8221;2_3&#8243; _builder_version=&#8221;4.21.0&#8243; custom_padding=&#8221;|||&#8221; global_colors_info=&#8221;{}&#8221; custom_padding__hover=&#8221;|||&#8221;][et_pb_text _builder_version=&#8221;4.21.0&#8243; _module_preset=&#8221;default&#8221; text_text_color=&#8221;#FFFFFF&#8221; header_4_text_color=&#8221;#f4e2f5&#8243; background_layout=&#8221;dark&#8221; global_colors_info=&#8221;{}&#8221;]<\/p>\n<h2>\u041d\u0430\u0448 \u0438\u043d\u0444\u043e\u0440\u043c\u0430\u0446\u0438\u043e\u043d\u043d\u044b\u0439 \u0431\u044e\u043b\u043b\u0435\u0442\u0435\u043d\u044c \u043e \u0440\u0430\u0437\u0443\u043c\u043d\u043e\u0439 \u043f\u043e\u0432\u0441\u0435\u0434\u043d\u0435\u0432\u043d\u043e\u0439 \u0436\u0438\u0437\u043d\u0438<\/h2>\n<p><span style=\"font-weight: 400;\">\u0420\u0430\u0441\u0441\u044b\u043b\u043a\u0430 \u0438\u0441\u0446\u0435\u043b\u044f\u044e\u0449\u0438\u0445 \u0438\u043c\u043f\u0443\u043b\u044c\u0441\u043e\u0432 \u0434\u043b\u044f \u043f\u043e\u0432\u0441\u0435\u0434\u043d\u0435\u0432\u043d\u043e\u0439 \u0436\u0438\u0437\u043d\u0438, \u0432\u0434\u043e\u0445\u043d\u043e\u0432\u0435\u043d\u0438\u044f \u043d\u0430 \u0434\u0443\u0445\u043e\u0432\u043d\u044b\u0435 \u0442\u0435\u043c\u044b \u0438 \u043d\u0430\u043f\u043e\u043c\u0438\u043d\u0430\u043d\u0438\u044f \u043e \u0434\u0430\u0442\u0430\u0445 \u043f\u0440\u043e\u0432\u0435\u0434\u0435\u043d\u0438\u044f \u0434\u043d\u0435\u0439 \u0438 \u043c\u0435\u0440\u043e\u043f\u0440\u0438\u044f\u0442\u0438\u0439 \u043f\u043e \u0438\u0441\u0446\u0435\u043b\u0435\u043d\u0438\u044e \u0431\u0443\u0434\u0435\u0442 \u0438\u043d\u0444\u043e\u0440\u043c\u0438\u0440\u043e\u0432\u0430\u0442\u044c \u0432\u0430\u0441 \u043e \u043d\u0430\u0448\u0438\u0445 \u043d\u043e\u0432\u043e\u0441\u0442\u044f\u0445 \u0447\u0435\u0440\u0435\u0437 \u043d\u0435\u0440\u0435\u0433\u0443\u043b\u044f\u0440\u043d\u044b\u0435 \u043f\u0440\u043e\u043c\u0435\u0436\u0443\u0442\u043a\u0438 \u0432\u0440\u0435\u043c\u0435\u043d\u0438. \u041f\u043e\u0436\u0430\u043b\u0443\u0439\u0441\u0442\u0430, \u043f\u043e\u0434\u043f\u0438\u0448\u0438\u0441\u044c \u043d\u0430 \u043d\u0430\u0448\u0443 \u0440\u0430\u0441\u0441\u044b\u043b\u043a\u0443, \u043e\u0442\u043f\u0438\u0441\u0430\u0442\u044c\u0441\u044f \u043c\u043e\u0436\u043d\u043e \u0432 \u043b\u044e\u0431\u043e\u0439 \u043c\u043e\u043c\u0435\u043d\u0442, \u043d\u0430\u043f\u0440\u0438\u043c\u0435\u0440, \u043f\u043e \u0441\u0441\u044b\u043b\u043a\u0435 \u0432 \u0440\u0430\u0441\u0441\u044b\u043b\u043a\u0435.<\/span><\/p>\n<p>[\/et_pb_text][\/et_pb_column][et_pb_column type=&#8221;1_3&#8243; _builder_version=&#8221;4.16&#8243; custom_padding=&#8221;|||&#8221; global_colors_info=&#8221;{}&#8221; custom_padding__hover=&#8221;|||&#8221;][et_pb_code module_class=&#8221;newsletter-form&#8221; _builder_version=&#8221;4.21.0&#8243; global_colors_info=&#8221;{}&#8221;]<script>(function() {\n\twindow.mc4wp = window.mc4wp || {\n\t\tlisteners: [],\n\t\tforms: {\n\t\t\ton: function(evt, cb) {\n\t\t\t\twindow.mc4wp.listeners.push(\n\t\t\t\t\t{\n\t\t\t\t\t\tevent   : evt,\n\t\t\t\t\t\tcallback: cb\n\t\t\t\t\t}\n\t\t\t\t);\n\t\t\t}\n\t\t}\n\t}\n})();\n<\/script><!-- Mailchimp for WordPress v4.12.1 - https:\/\/wordpress.org\/plugins\/mailchimp-for-wp\/ --><form id=\"mc4wp-form-1\" class=\"mc4wp-form mc4wp-form-377 mc4wp-ajax\" method=\"post\" data-id=\"377\" data-name=\"Elkunoviz Newsletter DE\" ><div class=\"mc4wp-form-fields\"><div><input type=\"text\" name=\"FNAME\" placeholder=\"Name\"><\/div>\r\n<div><input type=\"email\" name=\"email\" placeholder=\"E-Mail Adresse\" required \/><\/div>\r\n\r\n<div class=\"mc4wp-dropdown-wrapper\">\r\n  <label for=\"language-select\">Sprache:<\/label>\r\n  <select name=\"INTERESTS[00ce8103c5]\" id=\"language-select\" required=\"\">\r\n    <option value=\"bb411d99f7\" selected=\"true\">Deutsch<\/option>\r\n    <option value=\"0b2ad157c6\">English<\/option>\r\n    <option value=\"5f9c1fe271\">\u0420\u0443\u0441\u0441\u043a\u0438\u0439<\/option>\r\n    <option value=\"7fdafb1d82\">Italiano<\/option>\r\n    <option value=\"87669c16a0\">Espa\u00f1ol<\/option>\r\n    <option value=\"aa3889186a\">Latvie\u0161u<\/option>\r\n    <option value=\"d0c9f01167\">Lietuvos<\/option>\r\n  <\/select>\r\n<\/div>\r\n\r\n<fieldset>\r\n    <legend class=\"mc4wp-legend\">Interessen:<\/legend>\r\n    <label>\r\n        <input type=\"checkbox\" name=\"INTERESTS[c247eb75b8][]\" value=\"cb344cfb20\"> <span>Impulse f\u00fcr den Tag<\/span>\r\n    <\/label>\r\n    <label>\r\n        <input type=\"checkbox\" name=\"INTERESTS[c247eb75b8][]\" value=\"1ee1f1c268\"> <span>News<\/span>\r\n    <\/label>\r\n    <label>\r\n        <input type=\"checkbox\" name=\"INTERESTS[c247eb75b8][]\" value=\"68c933c223\"> <span>Seminare<\/span>\r\n    <\/label>\r\n    <label>\r\n        <input type=\"checkbox\" name=\"INTERESTS[c247eb75b8][]\" value=\"d71259545e\"> <span>Behandlungen<\/span>\r\n    <\/label>\r\n    <label>\r\n        <input type=\"checkbox\" name=\"INTERESTS[c247eb75b8][]\" value=\"5110647ad5\"> <span>Tierbehandlung<\/span>\r\n    <\/label>\r\n<\/fieldset>\r\n\r\n<input type=\"submit\" class=\"newsletter__submit\" value=\"Newsletter abonnieren\" \/>\r\n<\/div><label style=\"display: none !important;\">Leave this field empty if you're human: <input type=\"text\" name=\"_mc4wp_honeypot\" value=\"\" tabindex=\"-1\" autocomplete=\"off\" \/><\/label><input type=\"hidden\" name=\"_mc4wp_timestamp\" value=\"1777027207\" \/><input type=\"hidden\" name=\"_mc4wp_form_id\" value=\"377\" \/><input type=\"hidden\" name=\"_mc4wp_form_element_id\" value=\"mc4wp-form-1\" \/><div class=\"mc4wp-response\"><\/div><\/form><!-- \/ Mailchimp for WordPress Plugin -->[\/et_pb_code][\/et_pb_column][\/et_pb_row][\/et_pb_section]<\/p>\n","protected":false},"excerpt":{"rendered":"<p>Pjotrs Elkunovi\u010ds Pjotrs ir dzimis Mold\u0101vij\u0101 un kop\u0161 1980. gada dz\u012bvo V\u0101cij\u0101. 1989. gad\u0101 vi\u0146\u0161 bija ce\u013cojum\u0101 uz Jeruzalemi un piedz\u012bvoja tur lielas p\u0101rmai\u0146as apzi\u0146\u0101. T\u0101 bija sv\u0113t\u012bbas pilna pieredze, satiekot DIEVU. Pjotrs k\u013cuva par iepriek\u0161 uz \u0161\u012bs Zemes nebiju\u0161as dziedin\u0101\u0161anas metodes pirmatkl\u0101j\u0113ju. T\u0101 bija Gar\u012bg\u0101 iztaisno\u0161ana! Iepriek\u0161 vi\u0146\u0161 izgatavoja darbar\u012bkus, bet tagad vi\u0146\u0161 pats [&hellip;]<\/p>\n","protected":false},"author":8,"featured_media":0,"parent":0,"menu_order":0,"comment_status":"closed","ping_status":"closed","template":"","meta":{"_et_pb_use_builder":"on","_et_pb_old_content":"","_et_gb_content_width":"","inline_featured_image":false,"footnotes":""},"class_list":["post-2071","page","type-page","status-publish","hentry"],"yoast_head":"<!-- This site is optimized with the Yoast SEO plugin v27.4 - https:\/\/yoast.com\/product\/yoast-seo-wordpress\/ -->\n<title>Pjotr Elkunoviz \u2022 Urheber der geistigen Aufrichtung\u00ae<\/title>\n<meta name=\"description\" content=\"Pjotr Elkunoviz ist Urheber der geistigen Aufrichtung\u00ae und Geistheiler aus Berlin. Er ist seit \u00fcber 25 Jahren auf der ganzen Welt t\u00e4tig.\" \/>\n<meta name=\"robots\" content=\"index, follow, max-snippet:-1, max-image-preview:large, max-video-preview:-1\" \/>\n<link rel=\"canonical\" href=\"https:\/\/elkunoviz.org\/lv\/pjotrs-elkunovics\/\" \/>\n<meta property=\"og:locale\" content=\"lv_LV\" \/>\n<meta property=\"og:type\" content=\"article\" \/>\n<meta property=\"og:title\" content=\"Pjotr Elkunoviz \u2022 Urheber der geistigen Aufrichtung\u00ae\" \/>\n<meta property=\"og:description\" content=\"Pjotr Elkunoviz ist Urheber der geistigen Aufrichtung\u00ae und Geistheiler aus Berlin. Er ist seit \u00fcber 25 Jahren auf der ganzen Welt t\u00e4tig.\" \/>\n<meta property=\"og:url\" content=\"https:\/\/elkunoviz.org\/lv\/pjotrs-elkunovics\/\" \/>\n<meta property=\"og:site_name\" content=\"Elkunoviz\" \/>\n<meta property=\"article:publisher\" content=\"https:\/\/www.facebook.com\/Elkunoviz\/\" \/>\n<meta property=\"article:modified_time\" content=\"2023-08-16T09:26:54+00:00\" \/>\n<meta name=\"twitter:card\" content=\"summary_large_image\" \/>\n<meta name=\"twitter:label1\" content=\"Est. reading time\" \/>\n\t<meta name=\"twitter:data1\" content=\"4 minutes\" \/>\n<script type=\"application\/ld+json\" class=\"yoast-schema-graph\">{\"@context\":\"https:\\\/\\\/schema.org\",\"@graph\":[{\"@type\":\"WebPage\",\"@id\":\"https:\\\/\\\/elkunoviz.org\\\/lv\\\/pjotrs-elkunovics\\\/\",\"url\":\"https:\\\/\\\/elkunoviz.org\\\/lv\\\/pjotrs-elkunovics\\\/\",\"name\":\"Pjotr Elkunoviz \u2022 Urheber der geistigen Aufrichtung\u00ae\",\"isPartOf\":{\"@id\":\"https:\\\/\\\/elkunoviz.org\\\/lv\\\/#website\"},\"datePublished\":\"2017-05-04T13:58:21+00:00\",\"dateModified\":\"2023-08-16T09:26:54+00:00\",\"description\":\"Pjotr Elkunoviz ist Urheber der geistigen Aufrichtung\u00ae und Geistheiler aus Berlin. Er ist seit \u00fcber 25 Jahren auf der ganzen Welt t\u00e4tig.\",\"breadcrumb\":{\"@id\":\"https:\\\/\\\/elkunoviz.org\\\/lv\\\/pjotrs-elkunovics\\\/#breadcrumb\"},\"inLanguage\":\"lv-LV\",\"potentialAction\":[{\"@type\":\"ReadAction\",\"target\":[\"https:\\\/\\\/elkunoviz.org\\\/lv\\\/pjotrs-elkunovics\\\/\"]}]},{\"@type\":\"BreadcrumbList\",\"@id\":\"https:\\\/\\\/elkunoviz.org\\\/lv\\\/pjotrs-elkunovics\\\/#breadcrumb\",\"itemListElement\":[{\"@type\":\"ListItem\",\"position\":1,\"name\":\"Home\",\"item\":\"https:\\\/\\\/elkunoviz.org\\\/lv\\\/\"},{\"@type\":\"ListItem\",\"position\":2,\"name\":\"Pjotrs Elkunovi\u010ds\"}]},{\"@type\":\"WebSite\",\"@id\":\"https:\\\/\\\/elkunoviz.org\\\/lv\\\/#website\",\"url\":\"https:\\\/\\\/elkunoviz.org\\\/lv\\\/\",\"name\":\"Elkunoviz\",\"description\":\"Allumfassende Heilung\",\"publisher\":{\"@id\":\"https:\\\/\\\/elkunoviz.org\\\/lv\\\/#organization\"},\"potentialAction\":[{\"@type\":\"SearchAction\",\"target\":{\"@type\":\"EntryPoint\",\"urlTemplate\":\"https:\\\/\\\/elkunoviz.org\\\/lv\\\/?s={search_term_string}\"},\"query-input\":{\"@type\":\"PropertyValueSpecification\",\"valueRequired\":true,\"valueName\":\"search_term_string\"}}],\"inLanguage\":\"lv-LV\"},{\"@type\":\"Organization\",\"@id\":\"https:\\\/\\\/elkunoviz.org\\\/lv\\\/#organization\",\"name\":\"Pjotr Elkunoviz \u2013 Allumfassende Heilung durch den Geist\",\"url\":\"https:\\\/\\\/elkunoviz.org\\\/lv\\\/\",\"logo\":{\"@type\":\"ImageObject\",\"inLanguage\":\"lv-LV\",\"@id\":\"https:\\\/\\\/elkunoviz.org\\\/lv\\\/#\\\/schema\\\/logo\\\/image\\\/\",\"url\":\"https:\\\/\\\/elkunoviz.org\\\/wp-content\\\/uploads\\\/2023\\\/07\\\/logo.png\",\"contentUrl\":\"https:\\\/\\\/elkunoviz.org\\\/wp-content\\\/uploads\\\/2023\\\/07\\\/logo.png\",\"width\":192,\"height\":194,\"caption\":\"Pjotr Elkunoviz \u2013 Allumfassende Heilung durch den Geist\"},\"image\":{\"@id\":\"https:\\\/\\\/elkunoviz.org\\\/lv\\\/#\\\/schema\\\/logo\\\/image\\\/\"},\"sameAs\":[\"https:\\\/\\\/www.facebook.com\\\/Elkunoviz\\\/\",\"https:\\\/\\\/www.youtube.com\\\/channel\\\/UCrSjEuxgm3q8hGCVX3CG5vg\"]}]}<\/script>\n<!-- \/ Yoast SEO plugin. -->","yoast_head_json":{"title":"Pjotr Elkunoviz \u2022 Urheber der geistigen Aufrichtung\u00ae","description":"Pjotr Elkunoviz ist Urheber der geistigen Aufrichtung\u00ae und Geistheiler aus Berlin. Er ist seit \u00fcber 25 Jahren auf der ganzen Welt t\u00e4tig.","robots":{"index":"index","follow":"follow","max-snippet":"max-snippet:-1","max-image-preview":"max-image-preview:large","max-video-preview":"max-video-preview:-1"},"canonical":"https:\/\/elkunoviz.org\/lv\/pjotrs-elkunovics\/","og_locale":"lv_LV","og_type":"article","og_title":"Pjotr Elkunoviz \u2022 Urheber der geistigen Aufrichtung\u00ae","og_description":"Pjotr Elkunoviz ist Urheber der geistigen Aufrichtung\u00ae und Geistheiler aus Berlin. Er ist seit \u00fcber 25 Jahren auf der ganzen Welt t\u00e4tig.","og_url":"https:\/\/elkunoviz.org\/lv\/pjotrs-elkunovics\/","og_site_name":"Elkunoviz","article_publisher":"https:\/\/www.facebook.com\/Elkunoviz\/","article_modified_time":"2023-08-16T09:26:54+00:00","twitter_card":"summary_large_image","twitter_misc":{"Est. reading time":"4 minutes"},"schema":{"@context":"https:\/\/schema.org","@graph":[{"@type":"WebPage","@id":"https:\/\/elkunoviz.org\/lv\/pjotrs-elkunovics\/","url":"https:\/\/elkunoviz.org\/lv\/pjotrs-elkunovics\/","name":"Pjotr Elkunoviz \u2022 Urheber der geistigen Aufrichtung\u00ae","isPartOf":{"@id":"https:\/\/elkunoviz.org\/lv\/#website"},"datePublished":"2017-05-04T13:58:21+00:00","dateModified":"2023-08-16T09:26:54+00:00","description":"Pjotr Elkunoviz ist Urheber der geistigen Aufrichtung\u00ae und Geistheiler aus Berlin. Er ist seit \u00fcber 25 Jahren auf der ganzen Welt t\u00e4tig.","breadcrumb":{"@id":"https:\/\/elkunoviz.org\/lv\/pjotrs-elkunovics\/#breadcrumb"},"inLanguage":"lv-LV","potentialAction":[{"@type":"ReadAction","target":["https:\/\/elkunoviz.org\/lv\/pjotrs-elkunovics\/"]}]},{"@type":"BreadcrumbList","@id":"https:\/\/elkunoviz.org\/lv\/pjotrs-elkunovics\/#breadcrumb","itemListElement":[{"@type":"ListItem","position":1,"name":"Home","item":"https:\/\/elkunoviz.org\/lv\/"},{"@type":"ListItem","position":2,"name":"Pjotrs Elkunovi\u010ds"}]},{"@type":"WebSite","@id":"https:\/\/elkunoviz.org\/lv\/#website","url":"https:\/\/elkunoviz.org\/lv\/","name":"Elkunoviz","description":"Allumfassende Heilung","publisher":{"@id":"https:\/\/elkunoviz.org\/lv\/#organization"},"potentialAction":[{"@type":"SearchAction","target":{"@type":"EntryPoint","urlTemplate":"https:\/\/elkunoviz.org\/lv\/?s={search_term_string}"},"query-input":{"@type":"PropertyValueSpecification","valueRequired":true,"valueName":"search_term_string"}}],"inLanguage":"lv-LV"},{"@type":"Organization","@id":"https:\/\/elkunoviz.org\/lv\/#organization","name":"Pjotr Elkunoviz \u2013 Allumfassende Heilung durch den Geist","url":"https:\/\/elkunoviz.org\/lv\/","logo":{"@type":"ImageObject","inLanguage":"lv-LV","@id":"https:\/\/elkunoviz.org\/lv\/#\/schema\/logo\/image\/","url":"https:\/\/elkunoviz.org\/wp-content\/uploads\/2023\/07\/logo.png","contentUrl":"https:\/\/elkunoviz.org\/wp-content\/uploads\/2023\/07\/logo.png","width":192,"height":194,"caption":"Pjotr Elkunoviz \u2013 Allumfassende Heilung durch den Geist"},"image":{"@id":"https:\/\/elkunoviz.org\/lv\/#\/schema\/logo\/image\/"},"sameAs":["https:\/\/www.facebook.com\/Elkunoviz\/","https:\/\/www.youtube.com\/channel\/UCrSjEuxgm3q8hGCVX3CG5vg"]}]}},"_links":{"self":[{"href":"https:\/\/elkunoviz.org\/lv\/wp-json\/wp\/v2\/pages\/2071","targetHints":{"allow":["GET"]}}],"collection":[{"href":"https:\/\/elkunoviz.org\/lv\/wp-json\/wp\/v2\/pages"}],"about":[{"href":"https:\/\/elkunoviz.org\/lv\/wp-json\/wp\/v2\/types\/page"}],"author":[{"embeddable":true,"href":"https:\/\/elkunoviz.org\/lv\/wp-json\/wp\/v2\/users\/8"}],"replies":[{"embeddable":true,"href":"https:\/\/elkunoviz.org\/lv\/wp-json\/wp\/v2\/comments?post=2071"}],"version-history":[{"count":5,"href":"https:\/\/elkunoviz.org\/lv\/wp-json\/wp\/v2\/pages\/2071\/revisions"}],"predecessor-version":[{"id":12937,"href":"https:\/\/elkunoviz.org\/lv\/wp-json\/wp\/v2\/pages\/2071\/revisions\/12937"}],"wp:attachment":[{"href":"https:\/\/elkunoviz.org\/lv\/wp-json\/wp\/v2\/media?parent=2071"}],"curies":[{"name":"wp","href":"https:\/\/api.w.org\/{rel}","templated":true}]}}