{"id":2084,"date":"2017-12-08T13:14:45","date_gmt":"2017-12-08T13:14:45","guid":{"rendered":"http:\/\/elkunoviz.org\/musu-misija\/"},"modified":"2025-12-05T16:55:24","modified_gmt":"2025-12-05T15:55:24","slug":"musu-misija","status":"publish","type":"page","link":"https:\/\/elkunoviz.org\/lv\/musu-misija\/","title":{"rendered":"M\u016bsu misija"},"content":{"rendered":"<p>[et_pb_section fb_built=&#8221;1&#8243; admin_label=&#8221;section&#8221; _builder_version=&#8221;4.16&#8243; global_colors_info=&#8221;{}&#8221;][et_pb_row admin_label=&#8221;row&#8221; _builder_version=&#8221;4.16&#8243; background_size=&#8221;initial&#8221; background_position=&#8221;top_left&#8221; background_repeat=&#8221;repeat&#8221; global_colors_info=&#8221;{}&#8221;][et_pb_column type=&#8221;4_4&#8243; _builder_version=&#8221;4.16&#8243; custom_padding=&#8221;|||&#8221; global_colors_info=&#8221;{}&#8221; custom_padding__hover=&#8221;|||&#8221;][et_pb_text admin_label=&#8221;Title&#8221; _builder_version=&#8221;4.16&#8243; background_size=&#8221;initial&#8221; background_position=&#8221;top_left&#8221; background_repeat=&#8221;repeat&#8221; use_border_color=&#8221;off&#8221; border_color=&#8221;#ffffff&#8221; border_style=&#8221;solid&#8221; global_colors_info=&#8221;{}&#8221;]<\/p>\n<h1>M\u016bsu misija<\/h1>\n<p>[\/et_pb_text][et_pb_image src=&#8221;https:\/\/elkunoviz.org\/wp-content\/uploads\/2023\/07\/elk_mission1.jpg&#8221; alt=&#8221;geistiges Heilen global&#8221; title_text=&#8221;elk_mission1&#8243; align_tablet=&#8221;center&#8221; align_phone=&#8221;center&#8221; align_last_edited=&#8221;on|desktop&#8221; admin_label=&#8221;Image&#8221; _builder_version=&#8221;4.21.0&#8243; use_border_color=&#8221;off&#8221; border_color=&#8221;#ffffff&#8221; border_style=&#8221;solid&#8221; animation=&#8221;off&#8221; sticky=&#8221;off&#8221; always_center_on_mobile=&#8221;on&#8221; global_colors_info=&#8221;{}&#8221;][\/et_pb_image][\/et_pb_column][\/et_pb_row][\/et_pb_section][et_pb_section fb_built=&#8221;1&#8243; admin_label=&#8221;Section&#8221; _builder_version=&#8221;4.16&#8243; custom_padding=&#8221;0px|||&#8221; transparent_background=&#8221;off&#8221; make_fullwidth=&#8221;off&#8221; use_custom_width=&#8221;off&#8221; width_unit=&#8221;on&#8221; global_colors_info=&#8221;{}&#8221;][et_pb_row admin_label=&#8221;Row&#8221; _builder_version=&#8221;4.21.0&#8243; background_size=&#8221;initial&#8221; background_position=&#8221;top_left&#8221; background_repeat=&#8221;repeat&#8221; width=&#8221;50%&#8221; custom_padding=&#8221;0px|||&#8221; make_fullwidth=&#8221;off&#8221; use_custom_width=&#8221;off&#8221; width_unit=&#8221;on&#8221; global_colors_info=&#8221;{}&#8221;][et_pb_column type=&#8221;4_4&#8243; _builder_version=&#8221;4.16&#8243; custom_padding=&#8221;|||&#8221; global_colors_info=&#8221;{}&#8221; custom_padding__hover=&#8221;|||&#8221;][et_pb_text admin_label=&#8221;Text&#8221; _builder_version=&#8221;4.16&#8243; background_size=&#8221;initial&#8221; background_position=&#8221;top_left&#8221; background_repeat=&#8221;repeat&#8221; use_border_color=&#8221;off&#8221; border_color=&#8221;#ffffff&#8221; border_style=&#8221;solid&#8221; global_colors_info=&#8221;{}&#8221;]<\/p>\n<p><strong>Gar\u012bgajai iztaisno\u0161anai<\/strong>\u200b\u00ae\u200b ir liela noz\u012bme.T\u0101 ir ar\u012b Dievi\u0161\u0137a iztaisno\u0161ana un ietver sev\u012b dz\u012bv\u012bbai svar\u012bgu v\u0113sti vis\u0101m taut\u0101m uz zemes. Sevi\u0161\u0137i tagad, kad pasaule \u0161aj\u0101 p\u0101rmai\u0146u laik\u0101 ir nedro\u0161a un \u0161\u0137iet disharmoniska, ir svar\u012bgi, notur\u0113t \u0161o br\u012bni\u0161\u0137\u012bgo v\u012bziju par p\u0101rmaino\u0161o sp\u0113ku, kur\u0161 p\u0101rpludina m\u016bsu plan\u0113tu ar gaismu un harmoniz\u0113jo\u0161o m\u012blest\u012bbas ener\u0123iju. M\u0113s dz\u012bvojam noz\u012bm\u012bgu inici\u0101ciju laik\u0101 visiem, kuri ir ce\u013c\u0101 uz \u200baugst\u0101k\u0101m \u200bdimensij\u0101m. \u200b Uztveriet \u0161o v\u0113st\u012bjumu ar prieku un drosmi. Tas nor\u0101da ce\u013cu uz \u200b<strong>jaunu laikmetu\u200b<\/strong> un par\u0101da, ka mums visiem j\u0101piedal\u0101s cilv\u0113ces att\u012bst\u012bbas v\u0113stur\u0113. Kad viss atkal ieies pareizaj\u0101s slied\u0113s, pien\u0101ks diena, kad cilv\u0113ki visi kop\u0101 priec\u0101sies par Gar\u012bg\u0101s iztaisno\u0161anas br\u012bnumiem, ko t\u0101 veic visai rad\u012bbai.<\/p>\n<p>[\/et_pb_text][et_pb_text admin_label=&#8221;Text&#8221; _builder_version=&#8221;4.16&#8243; background_size=&#8221;initial&#8221; background_position=&#8221;top_left&#8221; background_repeat=&#8221;repeat&#8221; use_border_color=&#8221;off&#8221; border_color=&#8221;#ffffff&#8221; border_style=&#8221;solid&#8221; global_colors_info=&#8221;{}&#8221;]<\/p>\n<p><strong>Gar\u012bg\u0101 iztaisno\u0161ana ir Dievi\u0161\u0137a \u017e\u0113last\u012bba, t\u0101 ir l\u012bdzeklis, ar kuru atbr\u012bvot cilv\u0113kus no visiem pa\u0161u uzliktajiem negat\u012bvajiem karu, slim\u012bbu, s\u0101pju un cie\u0161anu c\u0113lo\u0146iem<\/strong> \u200bCilv\u0113ki pa\u0161i saviem sp\u0113kiem nesp\u0113j nov\u0113rst savus nepareizos veidojumus. Tikai Dieva \u017e\u0113last\u012bba var pa\u0101trin\u0101t cilv\u0113ces evol\u016bcijas procesu. \u200b<em>Gar\u012bg\u0101 \u200biztaisno\u0161ana<\/em>\u200b \u013cauj mums redz\u0113t, apzin\u0101ties un p\u0101rmaina katra atsevi\u0161\u0137a cilv\u0113ka apzi\u0146u un l\u012bdz ar to visu pasauli! M\u016bsu misija ir pal\u012bdz\u0113t visiem cilv\u0113kiem, neatkar\u012bgi no vi\u0146u da\u017e\u0101d\u012bbas un izcelsmes, ieg\u016bt jaunu apzi\u0146as l\u012bmeni. Lai to pan\u0101ktu, m\u0113s, Pjotrs un \u0160arl\u0113ne, katru uzrun\u0101jam t\u0101, lai vi\u0146\u0161 var saprast. Uzrun\u0101tie m\u0101c\u0101s, k\u0101 vi\u0146i \u0161o apzi\u0146u var iztulkot savas kult\u016bras valod\u0101. Mums ir j\u0101izka\u013c sapra\u0161anas darbar\u012bki, kuri \u200b<strong>atbr\u012bvos pasauli no pag\u0101tnes va\u017e\u0101m\u200b<\/strong>. V\u0113l ir daudz dar\u0101m\u0101. Ar Gar\u012bgo iztaisno\u0161anu cilv\u0113ce ieg\u016bs jaunu ener\u0123iju, sv\u0113t\u012bbu un bar\u012bbu no dievi\u0161\u0137\u0101s es\u012bbas piln\u012bguma, no st\u0101vok\u013ca \u0101rpus laika un telpas, no Absol\u016bta.<\/p>\n<p>[\/et_pb_text][et_pb_text admin_label=&#8221;Das Bewusste Sein des Menschen&#8221; _builder_version=&#8221;4.21.0&#8243; background_size=&#8221;initial&#8221; background_position=&#8221;top_left&#8221; background_repeat=&#8221;repeat&#8221; use_border_color=&#8221;off&#8221; border_color=&#8221;#ffffff&#8221; border_style=&#8221;solid&#8221; global_colors_info=&#8221;{}&#8221;]<\/p>\n<h2>Cilv\u0113ka apzin\u0101t\u0101 es\u012bba<\/h2>\n<p>M\u016bsu misija ir pavad\u012bt cilv\u0113kus vi\u0146u ce\u013c\u0101 uz izdziedin\u0101\u0161anu un uz apzin\u0101to es\u012bbu. Katram vajadz\u0113tu apjaust savu rado\u0161o sp\u0113ku un apzin\u0101ti lietot to visu cilv\u0113ku augst\u0101k\u0101s labkl\u0101j\u012bbas sasnieg\u0161anai. Tas notiks tikai tad, kad domas, j\u016btas un r\u012bc\u012bba ir saska\u0146\u0101 un kad tiek iev\u0113roti gar\u012bg\u0101s pasaules likumi. Ar\u012b J\u016bs variet \u0161aj\u0101 jom\u0101 daudz ko dot!<\/p>\n<p>[\/et_pb_text][et_pb_image src=&#8221;https:\/\/elkunoviz.org\/wp-content\/uploads\/2023\/07\/elk_mission3.jpg&#8221; alt=&#8221;Geistiges Heilen Landschaft&#8221; title_text=&#8221;elk_mission3&#8243; align_tablet=&#8221;center&#8221; align_phone=&#8221;center&#8221; align_last_edited=&#8221;on|desktop&#8221; admin_label=&#8221;Image&#8221; _builder_version=&#8221;4.21.0&#8243; use_border_color=&#8221;off&#8221; border_color=&#8221;#ffffff&#8221; border_style=&#8221;solid&#8221; animation=&#8221;off&#8221; sticky=&#8221;off&#8221; always_center_on_mobile=&#8221;on&#8221; global_colors_info=&#8221;{}&#8221;][\/et_pb_image][et_pb_text admin_label=&#8221;Text&#8221; _builder_version=&#8221;4.21.0&#8243; background_size=&#8221;initial&#8221; background_position=&#8221;top_left&#8221; background_repeat=&#8221;repeat&#8221; use_border_color=&#8221;off&#8221; border_color=&#8221;#ffffff&#8221; border_style=&#8221;solid&#8221; global_colors_info=&#8221;{}&#8221;]<\/p>\n<p>Tas noz\u012bm\u0113,<\/p>\n<ul>\n<li><strong>ka J\u016bs variet rad\u012bt mieru sav\u0101 \u0123imen\u0113.<\/strong> Tas ne vienm\u0113r ir viegli, bet ir iesp\u0113jams, jo tur, kur ir griba, tur atrodas ar\u012b ce\u013c\u0161. Harmonija \u0123imen\u0113 ir b\u016btisks solis pret\u012b harmonijai uz Zemes.<\/li>\n<li><strong>ka J\u016bs \u0113diet vesel\u012bgu p\u0101rtiku,<\/strong> jo cilv\u0113ks ir tas, ko vi\u0146\u0161 \u0113d. Ne viss ir vesel\u012bgs! Cilv\u0113ka organisms ir t\u0101 iek\u0101rtots, lai \u0113stu augus un aug\u013cus. Daudzi cilv\u0113ki to ir apzin\u0101ju\u0161ies un m\u0113s esam p\u0101rliecin\u0101ti, ka \u0161is process neapturami turpin\u0101sies. Jau Leonardo da Vin\u010di, kur\u0161 deva priek\u0161roku ve\u0123et\u0101ram \u0113dienam, ir teicis: \u201ecik ilgi uz pasaules past\u0101v\u0113s kautuves, tik ilgi b\u016bs ar\u012b kaujas lauki\u201c.<\/li>\n<li><strong>ka J\u016bs neesiet iz\u0161\u0137\u0113rd\u012bgi!<\/strong> T\u0101tad neizmetiet p\u0101rtikas produktus, neiz\u0161\u0137\u0113rd\u0113jiet \u016bdeni &#8211; pat tad, ja Jums t\u0101 ir pietiekami \u2013 neatst\u0101jiet nevajadz\u012bgi iedegtu gaismu sav\u0101 dz\u012bvokl\u012b, biroj\u0101 un t\u0101 joproj\u0101m. Aizvien vair\u0101k r\u016bpniecisko ra\u017eot\u0101ju un pakalpojumu sniedz\u0113ju piev\u0113r\u0161as \u0161\u012bm t\u0113m\u0101m. Ar\u012b J\u016bs variet dot savu ieguld\u012bjumu.<\/li>\n<li><strong>ka J\u016bs saudz\u0113jiet dabu<\/strong>,\u200b jo katra ekosist\u0113ma ir ar\u012b dz\u012bves telpa daudz\u0101m dz\u012bvnieku un augu sug\u0101m. Ja cilv\u0113ks ar pies\u0101r\u0146ojumu, troksni vai izn\u012bcin\u0101\u0161anu iejaucas dab\u0101, tad dabiskais cikls tiek p\u0101rtraukts un agr\u0101k vai v\u0113l\u0101k tas iespaido ar\u012b cilv\u0113ci. Par to Jums vajadz\u0113tu padom\u0101t, pirms neapdom\u012bgi r\u012bkoties.<\/li>\n<li><strong>ka J\u016bs apzinieties, ka m\u0113s visi esam rad\u012bt\u0101ji\u200b<\/strong>. Katra indiv\u012bda rado\u0161ums ir nepiecie\u0161ams, lai atlaistu vecas lietas un metodes, lai rad\u012btu JAUNO, kas ilgtsp\u0113j\u012bgi sarg\u0101s m\u016bsu m\u0101ti Zemi.<\/li>\n<\/ul>\n<h4>Tas ir m\u016bsu v\u0113st\u012bjums un tas pieder pie m\u016bsu misijas un dz\u012bvesveida.<\/h4>\n<p>Atsevi\u0161\u0137i cilv\u0113ki vai \u0123imenes ar sav\u0101m visda\u017e\u0101d\u0101kaj\u0101m vesel\u012bbas un dz\u012bves probl\u0113m\u0101m, firmas, kas darbojas gan ekonomik\u0101, gan zin\u0101tn\u0113, politi\u0137i, sportisti un daudzi citi uzticas m\u016bsu sv\u0113t\u012bgajai dziedniec\u012bbas metodei un m\u0113s b\u016bsim priec\u012bgi, ja ar\u012b J\u016bs k\u0101du dienu atrad\u012bsiet ce\u013cu pie mums. L\u012bdz tam ar gaismas pilniem sveicieniem <strong>Pjotrs un \u0160arl\u0113ne Elkunovi\u010di<\/strong><\/p>\n<p>[\/et_pb_text][\/et_pb_column][\/et_pb_row][\/et_pb_section][et_pb_section fb_built=&#8221;1&#8243; _builder_version=&#8221;4.21.0&#8243; _module_preset=&#8221;73e3f740-8efa-4583-b8bd-c2faeea8dfca&#8221; transparent_background=&#8221;off&#8221; make_fullwidth=&#8221;off&#8221; use_custom_width=&#8221;off&#8221; width_unit=&#8221;on&#8221; global_module=&#8221;11582&#8243; saved_tabs=&#8221;all&#8221; global_colors_info=&#8221;{}&#8221;][et_pb_row column_structure=&#8221;2_3,1_3&#8243; _builder_version=&#8221;4.21.0&#8243; background_size=&#8221;initial&#8221; background_position=&#8221;top_left&#8221; background_repeat=&#8221;repeat&#8221; min_height=&#8221;64.2px&#8221; custom_padding=&#8221;0px|||||&#8221; global_colors_info=&#8221;{}&#8221;][et_pb_column type=&#8221;2_3&#8243; _builder_version=&#8221;4.21.0&#8243; custom_padding=&#8221;|||&#8221; global_colors_info=&#8221;{}&#8221; custom_padding__hover=&#8221;|||&#8221;][et_pb_text _builder_version=&#8221;4.21.0&#8243; _module_preset=&#8221;default&#8221; text_text_color=&#8221;#FFFFFF&#8221; header_4_text_color=&#8221;#f4e2f5&#8243; background_layout=&#8221;dark&#8221; global_colors_info=&#8221;{}&#8221;]<\/p>\n<h2 class=\"h2--newsletter\">Pierakstieties pie M\u016bsu Zi\u0146u V\u0113stules par Apmekl\u0113jumu<\/h2>\n<p>M\u016bsu zi\u0146u v\u0113stule pied\u0101v\u0101 dziedino\u0161us ieskatus ikdienas dz\u012bv\u0113, iedvesmu gar\u012bgajos jaut\u0101jumos un atg\u0101din\u0101jumus par pas\u0101kumiem un aktivit\u0101t\u0113m saist\u012bb\u0101 ar dziedin\u0101\u0161anu. J\u016bs sa\u0146emsiet jaunumus no mums neitr\u0101los laika periodos. L\u016bdzu, abon\u0113jiet m\u016bsu zi\u0146u v\u0113stuli, un j\u016bs jebkur\u0101 br\u012bd\u012b varat atsaukties, piem\u0113ram, izmantojot saiti zi\u0146u v\u0113stul\u0113.<\/p>\n<p>[\/et_pb_text][\/et_pb_column][et_pb_column type=&#8221;1_3&#8243; _builder_version=&#8221;4.16&#8243; custom_padding=&#8221;|||&#8221; global_colors_info=&#8221;{}&#8221; custom_padding__hover=&#8221;|||&#8221;][et_pb_code module_class=&#8221;newsletter-form&#8221; _builder_version=&#8221;4.21.0&#8243; global_colors_info=&#8221;{}&#8221;]<script>(function() {\n\twindow.mc4wp = window.mc4wp || {\n\t\tlisteners: [],\n\t\tforms: {\n\t\t\ton: function(evt, cb) {\n\t\t\t\twindow.mc4wp.listeners.push(\n\t\t\t\t\t{\n\t\t\t\t\t\tevent   : evt,\n\t\t\t\t\t\tcallback: cb\n\t\t\t\t\t}\n\t\t\t\t);\n\t\t\t}\n\t\t}\n\t}\n})();\n<\/script><!-- Mailchimp for WordPress v4.12.1 - https:\/\/wordpress.org\/plugins\/mailchimp-for-wp\/ --><form id=\"mc4wp-form-1\" class=\"mc4wp-form mc4wp-form-13208 mc4wp-ajax\" method=\"post\" data-id=\"13208\" data-name=\"Mailchimp Newsletter LV\" ><div class=\"mc4wp-form-fields\"><div><input type=\"text\" name=\"FNAME\" placeholder=\"V\u0101rds\"><\/div>\r\n<div><input type=\"email\" name=\"email\" placeholder=\"E-pasta adrese\" required=\"\"><\/div>\r\n<div class=\"mc4wp-dropdown-wrapper\">\r\n  <label for=\"language-select\">Valoda:<\/label>\r\n  <select name=\"INTERESTS[00ce8103c5]\" id=\"language-select\" required=\"\">\r\n        <option value=\"aa3889186a\" selected=\"true\">Latvie\u0161u<\/option>\r\n    <option value=\"bb411d99f7\">Deutsch<\/option>\r\n        <option value=\"0b2ad157c6\">English<\/option>\r\n        <option value=\"5f9c1fe271\">\u0420\u0443\u0441\u0441\u043a\u0438\u0439<\/option>\r\n        <option value=\"7fdafb1d82\">Italiano<\/option>\r\n        <option value=\"87669c16a0\">Espa\u00f1ol<\/option>\r\n        <option value=\"d0c9f01167\">Lietuvos<\/option>\r\n    \r\n  <\/select>\r\n<\/div>\r\n<fieldset>\r\n  <legend class=\"mc4wp-legend\">Intereses:<\/legend>\r\n  <label>\r\n    <input type=\"checkbox\" name=\"INTERESTS[c247eb75b8][]\" value=\"cb344cfb20\">\r\n    <span> Iespaidi dienai<\/span>\r\n  <\/label>\r\n  <label>\r\n    <input type=\"checkbox\" name=\"INTERESTS[c247eb75b8][]\" value=\"1ee1f1c268\">\r\n    <span> Zi\u0146as<\/span>\r\n  <\/label>\r\n  <label>\r\n    <input type=\"checkbox\" name=\"INTERESTS[c247eb75b8][]\" value=\"68c933c223\">\r\n    <span> Semin\u0101ri<\/span>\r\n  <\/label>\r\n  <label>\r\n    <input type=\"checkbox\" name=\"INTERESTS[c247eb75b8][]\" value=\"d71259545e\">\r\n    <span> Dziedniec\u012bbas seansi<\/span><\/label>\r\n  <label>\r\n    <input type=\"checkbox\" name=\"INTERESTS[c247eb75b8][]\" value=\"5110647ad5\">\r\n    <span> Dz\u012bvnieku dziedniec\u012bbas seansi<\/span>\r\n  <\/label>\r\n<\/fieldset>\r\n<input class=\"newsletter__submit\" type=\"submit\" value=\"Pierakst\u012bties\"><\/div><label style=\"display: none !important;\">Leave this field empty if you're human: <input type=\"text\" name=\"_mc4wp_honeypot\" value=\"\" tabindex=\"-1\" autocomplete=\"off\" \/><\/label><input type=\"hidden\" name=\"_mc4wp_timestamp\" value=\"1777021099\" \/><input type=\"hidden\" name=\"_mc4wp_form_id\" value=\"13208\" \/><input type=\"hidden\" name=\"_mc4wp_form_element_id\" value=\"mc4wp-form-1\" \/><div class=\"mc4wp-response\"><\/div><\/form><!-- \/ Mailchimp for WordPress Plugin -->[\/et_pb_code][\/et_pb_column][\/et_pb_row][\/et_pb_section]<\/p>\n","protected":false},"excerpt":{"rendered":"<p>M\u016bsu misija Gar\u012bgajai iztaisno\u0161anai\u200b\u00ae\u200b ir liela noz\u012bme.T\u0101 ir ar\u012b Dievi\u0161\u0137a iztaisno\u0161ana un ietver sev\u012b dz\u012bv\u012bbai svar\u012bgu v\u0113sti vis\u0101m taut\u0101m uz zemes. Sevi\u0161\u0137i tagad, kad pasaule \u0161aj\u0101 p\u0101rmai\u0146u laik\u0101 ir nedro\u0161a un \u0161\u0137iet disharmoniska, ir svar\u012bgi, notur\u0113t \u0161o br\u012bni\u0161\u0137\u012bgo v\u012bziju par p\u0101rmaino\u0161o sp\u0113ku, kur\u0161 p\u0101rpludina m\u016bsu plan\u0113tu ar gaismu un harmoniz\u0113jo\u0161o m\u012blest\u012bbas ener\u0123iju. M\u0113s dz\u012bvojam noz\u012bm\u012bgu [&hellip;]<\/p>\n","protected":false},"author":8,"featured_media":0,"parent":0,"menu_order":0,"comment_status":"closed","ping_status":"closed","template":"","meta":{"_et_pb_use_builder":"on","_et_pb_old_content":"","_et_gb_content_width":"","inline_featured_image":false,"footnotes":""},"class_list":["post-2084","page","type-page","status-publish","hentry"],"yoast_head":"<!-- This site is optimized with the Yoast SEO plugin v27.4 - https:\/\/yoast.com\/product\/yoast-seo-wordpress\/ -->\n<title>Geistiges Heilen \u2022 Die Mission von Charlene und Pjotr Elkunoviz<\/title>\n<meta name=\"description\" content=\"Geistiges Heilen durch die Geistige Aufrichtung\u00ae ist die Mission von Charlene und Pjotr Elkunoviz. Erfahren Sie hier mehr \u00fcber ihre Beweggr\u00fcnde!\" \/>\n<meta name=\"robots\" content=\"index, follow, max-snippet:-1, max-image-preview:large, max-video-preview:-1\" \/>\n<link rel=\"canonical\" href=\"https:\/\/elkunoviz.org\/lv\/musu-misija\/\" \/>\n<meta property=\"og:locale\" content=\"lv_LV\" \/>\n<meta property=\"og:type\" content=\"article\" \/>\n<meta property=\"og:title\" content=\"Geistiges Heilen \u2022 Die Mission von Charlene und Pjotr Elkunoviz\" \/>\n<meta property=\"og:description\" content=\"Geistiges Heilen durch die Geistige Aufrichtung\u00ae ist die Mission von Charlene und Pjotr Elkunoviz. Erfahren Sie hier mehr \u00fcber ihre Beweggr\u00fcnde!\" \/>\n<meta property=\"og:url\" content=\"https:\/\/elkunoviz.org\/lv\/musu-misija\/\" \/>\n<meta property=\"og:site_name\" content=\"Elkunoviz\" \/>\n<meta property=\"article:publisher\" content=\"https:\/\/www.facebook.com\/Elkunoviz\/\" \/>\n<meta property=\"article:modified_time\" content=\"2025-12-05T15:55:24+00:00\" \/>\n<meta property=\"og:image\" content=\"https:\/\/elkunoviz.org\/wp-content\/uploads\/2017\/05\/elkunoviz-mission-1.jpg\" \/>\n<meta name=\"twitter:card\" content=\"summary_large_image\" \/>\n<meta name=\"twitter:label1\" content=\"Est. reading time\" \/>\n\t<meta name=\"twitter:data1\" content=\"8 minutes\" \/>\n<script type=\"application\/ld+json\" class=\"yoast-schema-graph\">{\"@context\":\"https:\\\/\\\/schema.org\",\"@graph\":[{\"@type\":\"WebPage\",\"@id\":\"https:\\\/\\\/elkunoviz.org\\\/lv\\\/musu-misija\\\/\",\"url\":\"https:\\\/\\\/elkunoviz.org\\\/lv\\\/musu-misija\\\/\",\"name\":\"Geistiges Heilen \u2022 Die Mission von Charlene und Pjotr Elkunoviz\",\"isPartOf\":{\"@id\":\"https:\\\/\\\/elkunoviz.org\\\/lv\\\/#website\"},\"datePublished\":\"2017-12-08T13:14:45+00:00\",\"dateModified\":\"2025-12-05T15:55:24+00:00\",\"description\":\"Geistiges Heilen durch die Geistige Aufrichtung\u00ae ist die Mission von Charlene und Pjotr Elkunoviz. Erfahren Sie hier mehr \u00fcber ihre Beweggr\u00fcnde!\",\"breadcrumb\":{\"@id\":\"https:\\\/\\\/elkunoviz.org\\\/lv\\\/musu-misija\\\/#breadcrumb\"},\"inLanguage\":\"lv-LV\",\"potentialAction\":[{\"@type\":\"ReadAction\",\"target\":[\"https:\\\/\\\/elkunoviz.org\\\/lv\\\/musu-misija\\\/\"]}]},{\"@type\":\"BreadcrumbList\",\"@id\":\"https:\\\/\\\/elkunoviz.org\\\/lv\\\/musu-misija\\\/#breadcrumb\",\"itemListElement\":[{\"@type\":\"ListItem\",\"position\":1,\"name\":\"Home\",\"item\":\"https:\\\/\\\/elkunoviz.org\\\/lv\\\/\"},{\"@type\":\"ListItem\",\"position\":2,\"name\":\"M\u016bsu misija\"}]},{\"@type\":\"WebSite\",\"@id\":\"https:\\\/\\\/elkunoviz.org\\\/lv\\\/#website\",\"url\":\"https:\\\/\\\/elkunoviz.org\\\/lv\\\/\",\"name\":\"Elkunoviz\",\"description\":\"Allumfassende Heilung\",\"publisher\":{\"@id\":\"https:\\\/\\\/elkunoviz.org\\\/lv\\\/#organization\"},\"potentialAction\":[{\"@type\":\"SearchAction\",\"target\":{\"@type\":\"EntryPoint\",\"urlTemplate\":\"https:\\\/\\\/elkunoviz.org\\\/lv\\\/?s={search_term_string}\"},\"query-input\":{\"@type\":\"PropertyValueSpecification\",\"valueRequired\":true,\"valueName\":\"search_term_string\"}}],\"inLanguage\":\"lv-LV\"},{\"@type\":\"Organization\",\"@id\":\"https:\\\/\\\/elkunoviz.org\\\/lv\\\/#organization\",\"name\":\"Pjotr Elkunoviz \u2013 Allumfassende Heilung durch den Geist\",\"url\":\"https:\\\/\\\/elkunoviz.org\\\/lv\\\/\",\"logo\":{\"@type\":\"ImageObject\",\"inLanguage\":\"lv-LV\",\"@id\":\"https:\\\/\\\/elkunoviz.org\\\/lv\\\/#\\\/schema\\\/logo\\\/image\\\/\",\"url\":\"https:\\\/\\\/elkunoviz.org\\\/wp-content\\\/uploads\\\/2023\\\/07\\\/logo.png\",\"contentUrl\":\"https:\\\/\\\/elkunoviz.org\\\/wp-content\\\/uploads\\\/2023\\\/07\\\/logo.png\",\"width\":192,\"height\":194,\"caption\":\"Pjotr Elkunoviz \u2013 Allumfassende Heilung durch den Geist\"},\"image\":{\"@id\":\"https:\\\/\\\/elkunoviz.org\\\/lv\\\/#\\\/schema\\\/logo\\\/image\\\/\"},\"sameAs\":[\"https:\\\/\\\/www.facebook.com\\\/Elkunoviz\\\/\",\"https:\\\/\\\/www.youtube.com\\\/channel\\\/UCrSjEuxgm3q8hGCVX3CG5vg\"]}]}<\/script>\n<!-- \/ Yoast SEO plugin. -->","yoast_head_json":{"title":"Geistiges Heilen \u2022 Die Mission von Charlene und Pjotr Elkunoviz","description":"Geistiges Heilen durch die Geistige Aufrichtung\u00ae ist die Mission von Charlene und Pjotr Elkunoviz. Erfahren Sie hier mehr \u00fcber ihre Beweggr\u00fcnde!","robots":{"index":"index","follow":"follow","max-snippet":"max-snippet:-1","max-image-preview":"max-image-preview:large","max-video-preview":"max-video-preview:-1"},"canonical":"https:\/\/elkunoviz.org\/lv\/musu-misija\/","og_locale":"lv_LV","og_type":"article","og_title":"Geistiges Heilen \u2022 Die Mission von Charlene und Pjotr Elkunoviz","og_description":"Geistiges Heilen durch die Geistige Aufrichtung\u00ae ist die Mission von Charlene und Pjotr Elkunoviz. Erfahren Sie hier mehr \u00fcber ihre Beweggr\u00fcnde!","og_url":"https:\/\/elkunoviz.org\/lv\/musu-misija\/","og_site_name":"Elkunoviz","article_publisher":"https:\/\/www.facebook.com\/Elkunoviz\/","article_modified_time":"2025-12-05T15:55:24+00:00","og_image":[{"url":"https:\/\/elkunoviz.org\/wp-content\/uploads\/2017\/05\/elkunoviz-mission-1.jpg","type":"","width":"","height":""}],"twitter_card":"summary_large_image","twitter_misc":{"Est. reading time":"8 minutes"},"schema":{"@context":"https:\/\/schema.org","@graph":[{"@type":"WebPage","@id":"https:\/\/elkunoviz.org\/lv\/musu-misija\/","url":"https:\/\/elkunoviz.org\/lv\/musu-misija\/","name":"Geistiges Heilen \u2022 Die Mission von Charlene und Pjotr Elkunoviz","isPartOf":{"@id":"https:\/\/elkunoviz.org\/lv\/#website"},"datePublished":"2017-12-08T13:14:45+00:00","dateModified":"2025-12-05T15:55:24+00:00","description":"Geistiges Heilen durch die Geistige Aufrichtung\u00ae ist die Mission von Charlene und Pjotr Elkunoviz. Erfahren Sie hier mehr \u00fcber ihre Beweggr\u00fcnde!","breadcrumb":{"@id":"https:\/\/elkunoviz.org\/lv\/musu-misija\/#breadcrumb"},"inLanguage":"lv-LV","potentialAction":[{"@type":"ReadAction","target":["https:\/\/elkunoviz.org\/lv\/musu-misija\/"]}]},{"@type":"BreadcrumbList","@id":"https:\/\/elkunoviz.org\/lv\/musu-misija\/#breadcrumb","itemListElement":[{"@type":"ListItem","position":1,"name":"Home","item":"https:\/\/elkunoviz.org\/lv\/"},{"@type":"ListItem","position":2,"name":"M\u016bsu misija"}]},{"@type":"WebSite","@id":"https:\/\/elkunoviz.org\/lv\/#website","url":"https:\/\/elkunoviz.org\/lv\/","name":"Elkunoviz","description":"Allumfassende Heilung","publisher":{"@id":"https:\/\/elkunoviz.org\/lv\/#organization"},"potentialAction":[{"@type":"SearchAction","target":{"@type":"EntryPoint","urlTemplate":"https:\/\/elkunoviz.org\/lv\/?s={search_term_string}"},"query-input":{"@type":"PropertyValueSpecification","valueRequired":true,"valueName":"search_term_string"}}],"inLanguage":"lv-LV"},{"@type":"Organization","@id":"https:\/\/elkunoviz.org\/lv\/#organization","name":"Pjotr Elkunoviz \u2013 Allumfassende Heilung durch den Geist","url":"https:\/\/elkunoviz.org\/lv\/","logo":{"@type":"ImageObject","inLanguage":"lv-LV","@id":"https:\/\/elkunoviz.org\/lv\/#\/schema\/logo\/image\/","url":"https:\/\/elkunoviz.org\/wp-content\/uploads\/2023\/07\/logo.png","contentUrl":"https:\/\/elkunoviz.org\/wp-content\/uploads\/2023\/07\/logo.png","width":192,"height":194,"caption":"Pjotr Elkunoviz \u2013 Allumfassende Heilung durch den Geist"},"image":{"@id":"https:\/\/elkunoviz.org\/lv\/#\/schema\/logo\/image\/"},"sameAs":["https:\/\/www.facebook.com\/Elkunoviz\/","https:\/\/www.youtube.com\/channel\/UCrSjEuxgm3q8hGCVX3CG5vg"]}]}},"_links":{"self":[{"href":"https:\/\/elkunoviz.org\/lv\/wp-json\/wp\/v2\/pages\/2084","targetHints":{"allow":["GET"]}}],"collection":[{"href":"https:\/\/elkunoviz.org\/lv\/wp-json\/wp\/v2\/pages"}],"about":[{"href":"https:\/\/elkunoviz.org\/lv\/wp-json\/wp\/v2\/types\/page"}],"author":[{"embeddable":true,"href":"https:\/\/elkunoviz.org\/lv\/wp-json\/wp\/v2\/users\/8"}],"replies":[{"embeddable":true,"href":"https:\/\/elkunoviz.org\/lv\/wp-json\/wp\/v2\/comments?post=2084"}],"version-history":[{"count":4,"href":"https:\/\/elkunoviz.org\/lv\/wp-json\/wp\/v2\/pages\/2084\/revisions"}],"predecessor-version":[{"id":13631,"href":"https:\/\/elkunoviz.org\/lv\/wp-json\/wp\/v2\/pages\/2084\/revisions\/13631"}],"wp:attachment":[{"href":"https:\/\/elkunoviz.org\/lv\/wp-json\/wp\/v2\/media?parent=2084"}],"curies":[{"name":"wp","href":"https:\/\/api.w.org\/{rel}","templated":true}]}}